{"id":10623,"date":"2020-12-17T17:32:44","date_gmt":"2020-12-17T16:32:44","guid":{"rendered":"https:\/\/serveiseducatius.xtec.cat\/segria\/?page_id=10623"},"modified":"2020-12-18T19:27:27","modified_gmt":"2020-12-18T18:27:27","slug":"revistes-electroniques-que-podeu-consultar-en-linia","status":"publish","type":"page","link":"https:\/\/serveiseducatius.xtec.cat\/segria\/recursos\/revistes-electroniques-que-podeu-consultar-en-linia\/","title":{"rendered":"Revistes electr\u00f2niques per a docents"},"content":{"rendered":"<p><b><a href=\"https:\/\/serveiseducatius.xtec.cat\/segria\/wp-content\/uploads\/usu679\/2020\/12\/\u00edndex.png\"><img loading=\"lazy\" decoding=\"async\" class=\"alignleft size-full wp-image-10625\" src=\"https:\/\/serveiseducatius.xtec.cat\/segria\/wp-content\/uploads\/usu679\/2020\/12\/\u00edndex.png\" alt=\"\" width=\"259\" height=\"194\" srcset=\"https:\/\/serveiseducatius.xtec.cat\/segria\/wp-content\/uploads\/usu679\/2020\/12\/\u00edndex.png 259w, https:\/\/serveiseducatius.xtec.cat\/segria\/wp-content\/uploads\/usu679\/2020\/12\/\u00edndex-200x150.png 200w\" sizes=\"auto, (max-width: 259px) 100vw, 259px\" \/><\/a>Revistes rebudes a la Biblioteca del Departament d\u2019Educaci\u00f3 que podeu consultar en l\u00ednia.<\/b><\/p>\n<p>&gt;<b>\u00a0<\/b><a title=\"https:\/\/espai.educacio.gencat.cat\/Recursos\/Biblioteca\/Biblioteca-virtual\/Revistes-electroniques\/Pagines\/default.aspx\" href=\"https:\/\/espai.educacio.gencat.cat\/Recursos\/Biblioteca\/Biblioteca-virtual\/Revistes-electroniques\/Pagines\/default.aspx\" target=\"_blank\" rel=\"noopener noreferrer\" data-saferedirecturl=\"https:\/\/www.google.com\/url?q=https:\/\/espai.educacio.gencat.cat\/Recursos\/Biblioteca\/Biblioteca-virtual\/Revistes-electroniques\/Pagines\/default.aspx&amp;source=gmail&amp;ust=1607065280776000&amp;usg=AFQjCNH_p_uy0k2Soq5prF5WnmV1vTJPGQ\"><b>Com accedir als continguts de les revistes<\/b><\/a><\/p>\n<p><b>\u00a0<\/b><b>Ja participeu al\u00a0<\/b><a title=\"https:\/\/repositori.educacio.gencat.cat\/\" href=\"https:\/\/repositori.educacio.gencat.cat\/\" target=\"_blank\" rel=\"noopener noreferrer\" data-saferedirecturl=\"https:\/\/www.google.com\/url?q=https:\/\/repositori.educacio.gencat.cat\/&amp;source=gmail&amp;ust=1607065280776000&amp;usg=AFQjCNFCmXQ3pRyVYPZFn8sDlrl0jwashQ\"><b>Repositori digital del Departament?<\/b><\/a><b><br \/>\n<\/b><\/p>\n<div>\n<blockquote><p><b><\/b><a title=\"https:\/\/espai.educacio.gencat.cat\/Recursos\/Biblioteca\/rde\/Pagines\/default.aspx\" href=\"https:\/\/espai.educacio.gencat.cat\/Recursos\/Biblioteca\/rde\/Pagines\/default.aspx\" target=\"_blank\" rel=\"noopener noreferrer\" data-saferedirecturl=\"https:\/\/www.google.com\/url?q=https:\/\/espai.educacio.gencat.cat\/Recursos\/Biblioteca\/rde\/Pagines\/default.aspx&amp;source=gmail&amp;ust=1607065280776000&amp;usg=AFQjCNHLs-wNZfGQOIZDpmkNznsxV1fzwg\"><b>Sol\u00b7licituds per emmagatzemar documents<\/b><\/a><b><\/b><\/p><\/blockquote>\n<p style=\"padding-left: 280px;\"><b>M\u00e9s info:\u00a0<\/b><a title=\"https:\/\/repositori.educacio.gencat.cat\/bitstream\/handle\/20.500.12694\/167\/rde_repositori_departament_educacio_descripcio_objectius_que_es_que_conte_07_10_2020.pdf?sequence=2&amp;isAllowed=y\" href=\"https:\/\/repositori.educacio.gencat.cat\/bitstream\/handle\/20.500.12694\/167\/rde_repositori_departament_educacio_descripcio_objectius_que_es_que_conte_07_10_2020.pdf?sequence=2&amp;isAllowed=y\" target=\"_blank\" rel=\"noopener noreferrer\" data-saferedirecturl=\"https:\/\/www.google.com\/url?q=https:\/\/repositori.educacio.gencat.cat\/bitstream\/handle\/20.500.12694\/167\/rde_repositori_departament_educacio_descripcio_objectius_que_es_que_conte_07_10_2020.pdf?sequence%3D2%26isAllowed%3Dy&amp;source=gmail&amp;ust=1607065280776000&amp;usg=AFQjCNEHIhTFvGEB6iDr7Snf1mTrubtvZw\"><b>RDE: descripci\u00f3, objectius, qu\u00e8 \u00e9s i qu\u00e8 cont\u00e9<\/b><\/a><\/p>\n<\/div>\n","protected":false},"excerpt":{"rendered":"<p>Revistes rebudes a la Biblioteca del Departament d\u2019Educaci\u00f3 que podeu consultar en l\u00ednia. &gt;\u00a0Com accedir als continguts de les revistes \u00a0Ja participeu al\u00a0Repositori digital del Departament? Sol\u00b7licituds per emmagatzemar documents M\u00e9s info:\u00a0RDE: descripci\u00f3, objectius, qu\u00e8 \u00e9s i qu\u00e8 cont\u00e9<\/p>\n","protected":false},"author":5,"featured_media":0,"parent":906,"menu_order":0,"comment_status":"closed","ping_status":"closed","template":"page-templates\/side-menu.php","meta":{"_bbp_topic_count":0,"_bbp_reply_count":0,"_bbp_total_topic_count":0,"_bbp_total_reply_count":0,"_bbp_voice_count":0,"_bbp_anonymous_reply_count":0,"_bbp_topic_count_hidden":0,"_bbp_reply_count_hidden":0,"_bbp_forum_subforum_count":0,"site-sidebar-layout":"default","site-content-layout":"","ast-site-content-layout":"","site-content-style":"default","site-sidebar-style":"default","ast-global-header-display":"","ast-banner-title-visibility":"","ast-main-header-display":"","ast-hfb-above-header-display":"","ast-hfb-below-header-display":"","ast-hfb-mobile-header-display":"","site-post-title":"","ast-breadcrumbs-content":"","ast-featured-img":"","footer-sml-layout":"","theme-transparent-header-meta":"","adv-header-id-meta":"","stick-header-meta":"","header-above-stick-meta":"","header-main-stick-meta":"","header-below-stick-meta":"","astra-migrate-meta-layouts":"default","ast-page-background-enabled":"default","ast-page-background-meta":{"desktop":{"background-color":"var(--ast-global-color-4)","background-image":"","background-repeat":"repeat","background-position":"center center","background-size":"auto","background-attachment":"scroll","background-type":"","background-media":"","overlay-type":"","overlay-color":"","overlay-opacity":"","overlay-gradient":""},"tablet":{"background-color":"","background-image":"","background-repeat":"repeat","background-position":"center center","background-size":"auto","background-attachment":"scroll","background-type":"","background-media":"","overlay-type":"","overlay-color":"","overlay-opacity":"","overlay-gradient":""},"mobile":{"background-color":"","background-image":"","background-repeat":"repeat","background-position":"center center","background-size":"auto","background-attachment":"scroll","background-type":"","background-media":"","overlay-type":"","overlay-color":"","overlay-opacity":"","overlay-gradient":""}},"ast-content-background-meta":{"desktop":{"background-color":"var(--ast-global-color-5)","background-image":"","background-repeat":"repeat","background-position":"center center","background-size":"auto","background-attachment":"scroll","background-type":"","background-media":"","overlay-type":"","overlay-color":"","overlay-opacity":"","overlay-gradient":""},"tablet":{"background-color":"var(--ast-global-color-5)","background-image":"","background-repeat":"repeat","background-position":"center center","background-size":"auto","background-attachment":"scroll","background-type":"","background-media":"","overlay-type":"","overlay-color":"","overlay-opacity":"","overlay-gradient":""},"mobile":{"background-color":"var(--ast-global-color-5)","background-image":"","background-repeat":"repeat","background-position":"center center","background-size":"auto","background-attachment":"scroll","background-type":"","background-media":"","overlay-type":"","overlay-color":"","overlay-opacity":"","overlay-gradient":""}},"footnotes":""},"class_list":["post-10623","page","type-page","status-publish","hentry"],"post_mailing_queue_ids":[],"_links":{"self":[{"href":"https:\/\/serveiseducatius.xtec.cat\/segria\/wp-json\/wp\/v2\/pages\/10623","targetHints":{"allow":["GET"]}}],"collection":[{"href":"https:\/\/serveiseducatius.xtec.cat\/segria\/wp-json\/wp\/v2\/pages"}],"about":[{"href":"https:\/\/serveiseducatius.xtec.cat\/segria\/wp-json\/wp\/v2\/types\/page"}],"author":[{"embeddable":true,"href":"https:\/\/serveiseducatius.xtec.cat\/segria\/wp-json\/wp\/v2\/users\/5"}],"replies":[{"embeddable":true,"href":"https:\/\/serveiseducatius.xtec.cat\/segria\/wp-json\/wp\/v2\/comments?post=10623"}],"version-history":[{"count":3,"href":"https:\/\/serveiseducatius.xtec.cat\/segria\/wp-json\/wp\/v2\/pages\/10623\/revisions"}],"predecessor-version":[{"id":10777,"href":"https:\/\/serveiseducatius.xtec.cat\/segria\/wp-json\/wp\/v2\/pages\/10623\/revisions\/10777"}],"up":[{"embeddable":true,"href":"https:\/\/serveiseducatius.xtec.cat\/segria\/wp-json\/wp\/v2\/pages\/906"}],"wp:attachment":[{"href":"https:\/\/serveiseducatius.xtec.cat\/segria\/wp-json\/wp\/v2\/media?parent=10623"}],"curies":[{"name":"wp","href":"https:\/\/api.w.org\/{rel}","templated":true}]}}