{"id":10269,"date":"2020-12-07T22:16:02","date_gmt":"2020-12-07T21:16:02","guid":{"rendered":"https:\/\/serveiseducatius.xtec.cat\/segria\/?page_id=10269"},"modified":"2020-12-07T22:16:02","modified_gmt":"2020-12-07T21:16:02","slug":"aparells-ciencia-segur","status":"publish","type":"page","link":"https:\/\/serveiseducatius.xtec.cat\/segria\/aparells-ciencia-segur\/","title":{"rendered":"aparells ciencia segur"},"content":{"rendered":"<table style=\"width: 1194px;\">\n<tbody>\n<tr>\n<td style=\"width: 214px;\"><a href=\"https:\/\/serveiseducatius.xtec.cat\/segria\/wp-content\/uploads\/usu679\/2020\/03\/telescopio-etx-lateral-bo.gif\"><img loading=\"lazy\" decoding=\"async\" class=\"aligncenter wp-image-8960\" src=\"https:\/\/serveiseducatius.xtec.cat\/segria\/wp-content\/uploads\/usu679\/2020\/03\/telescopio-etx-lateral-bo.gif\" alt=\"\" width=\"132\" height=\"132\" \/><\/a><\/td>\n<td style=\"width: 189px;\"><a href=\"https:\/\/serveiseducatius.xtec.cat\/segria\/wp-content\/uploads\/usu679\/2020\/03\/IMG_20200306_100120.jpg\"><img loading=\"lazy\" decoding=\"async\" class=\"alignnone wp-image-8987 \" src=\"https:\/\/serveiseducatius.xtec.cat\/segria\/wp-content\/uploads\/usu679\/2020\/03\/IMG_20200306_100120-300x225.jpg\" alt=\"\" width=\"161\" height=\"121\" srcset=\"https:\/\/serveiseducatius.xtec.cat\/segria\/wp-content\/uploads\/usu679\/2020\/03\/IMG_20200306_100120-300x225.jpg 300w, https:\/\/serveiseducatius.xtec.cat\/segria\/wp-content\/uploads\/usu679\/2020\/03\/IMG_20200306_100120-768x576.jpg 768w, https:\/\/serveiseducatius.xtec.cat\/segria\/wp-content\/uploads\/usu679\/2020\/03\/IMG_20200306_100120-1024x768.jpg 1024w, https:\/\/serveiseducatius.xtec.cat\/segria\/wp-content\/uploads\/usu679\/2020\/03\/IMG_20200306_100120-200x150.jpg 200w\" sizes=\"auto, (max-width: 161px) 100vw, 161px\" \/><\/a><\/td>\n<td style=\"width: 190px;\"><a href=\"https:\/\/serveiseducatius.xtec.cat\/segria\/wp-content\/uploads\/usu679\/2020\/03\/81122-e1554201999956-1.png\"><img loading=\"lazy\" decoding=\"async\" class=\"alignnone wp-image-8988\" src=\"https:\/\/serveiseducatius.xtec.cat\/segria\/wp-content\/uploads\/usu679\/2020\/03\/81122-e1554201999956-1.png\" alt=\"\" width=\"174\" height=\"130\" srcset=\"https:\/\/serveiseducatius.xtec.cat\/segria\/wp-content\/uploads\/usu679\/2020\/03\/81122-e1554201999956-1.png 300w, https:\/\/serveiseducatius.xtec.cat\/segria\/wp-content\/uploads\/usu679\/2020\/03\/81122-e1554201999956-1-200x150.png 200w\" sizes=\"auto, (max-width: 174px) 100vw, 174px\" \/><\/a><\/td>\n<td style=\"width: 207px;\"><a href=\"https:\/\/serveiseducatius.xtec.cat\/segria\/wp-content\/uploads\/usu679\/2020\/03\/Img_1649.jpg\"><img loading=\"lazy\" decoding=\"async\" class=\"alignnone wp-image-8993 \" src=\"https:\/\/serveiseducatius.xtec.cat\/segria\/wp-content\/uploads\/usu679\/2020\/03\/Img_1649-300x227.jpg\" alt=\"\" width=\"167\" height=\"126\" srcset=\"https:\/\/serveiseducatius.xtec.cat\/segria\/wp-content\/uploads\/usu679\/2020\/03\/Img_1649-300x227.jpg 300w, https:\/\/serveiseducatius.xtec.cat\/segria\/wp-content\/uploads\/usu679\/2020\/03\/Img_1649-768x582.jpg 768w, https:\/\/serveiseducatius.xtec.cat\/segria\/wp-content\/uploads\/usu679\/2020\/03\/Img_1649-200x150.jpg 200w, https:\/\/serveiseducatius.xtec.cat\/segria\/wp-content\/uploads\/usu679\/2020\/03\/Img_1649.jpg 1000w\" sizes=\"auto, (max-width: 167px) 100vw, 167px\" \/><\/a><\/td>\n<td style=\"text-align: center; width: 190px;\"><a href=\"https:\/\/serveiseducatius.xtec.cat\/segria\/wp-content\/uploads\/usu679\/2020\/03\/mb1.jpg\"><img loading=\"lazy\" decoding=\"async\" class=\"alignnone wp-image-8964\" src=\"https:\/\/serveiseducatius.xtec.cat\/segria\/wp-content\/uploads\/usu679\/2020\/03\/mb1.jpg\" alt=\"\" width=\"154\" height=\"153\" srcset=\"https:\/\/serveiseducatius.xtec.cat\/segria\/wp-content\/uploads\/usu679\/2020\/03\/mb1.jpg 225w, https:\/\/serveiseducatius.xtec.cat\/segria\/wp-content\/uploads\/usu679\/2020\/03\/mb1-150x150.jpg 150w\" sizes=\"auto, (max-width: 154px) 100vw, 154px\" \/><\/a><\/td>\n<td style=\"text-align: center; width: 188px;\"><\/td>\n<\/tr>\n<tr>\n<td style=\"text-align: center; width: 214px;\"><a href=\"https:\/\/serveiseducatius.xtec.cat\/segria\/recursos\/telescopi\/\"><strong>Telescopi<\/strong><\/a><\/td>\n<td style=\"text-align: center; width: 189px;\"><strong>Telescopi solar<\/strong><\/td>\n<td style=\"text-align: center; width: 190px;\"><a href=\"https:\/\/serveiseducatius.xtec.cat\/segria\/recursos\/kit-destudi-de-falles-i-deformacions\/\"><strong>Kit d&#8217;estudi de falles<\/strong><\/a><\/td>\n<td style=\"width: 207px;\"><a href=\"https:\/\/serveiseducatius.xtec.cat\/segria\/recursos\/motxilla-per-lestudi-de-laigua\/\"><strong>Motxilla de l&#8217;estudi de l&#8217;aigua<\/strong><\/a><\/td>\n<td style=\"text-align: center; width: 190px;\"><a href=\"https:\/\/serveiseducatius.xtec.cat\/segria\/recursos\/motxilla-bioclimatica-2\/\"><strong>Motxilla bioclim\u00e0tica<\/strong><\/a><\/td>\n<td style=\"text-align: center; width: 188px;\"><\/td>\n<\/tr>\n<tr>\n<td style=\"width: 214px;\"><a href=\"https:\/\/serveiseducatius.xtec.cat\/segria\/wp-content\/uploads\/usu679\/2020\/03\/INCUBADORES-1.jpg\"><img loading=\"lazy\" decoding=\"async\" class=\"alignnone wp-image-8990 \" src=\"https:\/\/serveiseducatius.xtec.cat\/segria\/wp-content\/uploads\/usu679\/2020\/03\/INCUBADORES-1-300x225.jpg\" alt=\"\" width=\"170\" height=\"128\" srcset=\"https:\/\/serveiseducatius.xtec.cat\/segria\/wp-content\/uploads\/usu679\/2020\/03\/INCUBADORES-1-300x225.jpg 300w, https:\/\/serveiseducatius.xtec.cat\/segria\/wp-content\/uploads\/usu679\/2020\/03\/INCUBADORES-1-768x576.jpg 768w, https:\/\/serveiseducatius.xtec.cat\/segria\/wp-content\/uploads\/usu679\/2020\/03\/INCUBADORES-1-1024x768.jpg 1024w, https:\/\/serveiseducatius.xtec.cat\/segria\/wp-content\/uploads\/usu679\/2020\/03\/INCUBADORES-1-200x150.jpg 200w\" sizes=\"auto, (max-width: 170px) 100vw, 170px\" \/><\/a><\/td>\n<td style=\"width: 189px;\"><a href=\"https:\/\/serveiseducatius.xtec.cat\/segria\/wp-content\/uploads\/usu679\/2020\/03\/tors-bisexe-amb-cap.jpg\"><img loading=\"lazy\" decoding=\"async\" class=\"alignnone wp-image-8840 \" src=\"https:\/\/serveiseducatius.xtec.cat\/segria\/wp-content\/uploads\/usu679\/2020\/03\/tors-bisexe-amb-cap-300x300.jpg\" alt=\"\" width=\"141\" height=\"141\" srcset=\"https:\/\/serveiseducatius.xtec.cat\/segria\/wp-content\/uploads\/usu679\/2020\/03\/tors-bisexe-amb-cap-300x300.jpg 300w, https:\/\/serveiseducatius.xtec.cat\/segria\/wp-content\/uploads\/usu679\/2020\/03\/tors-bisexe-amb-cap-150x150.jpg 150w, https:\/\/serveiseducatius.xtec.cat\/segria\/wp-content\/uploads\/usu679\/2020\/03\/tors-bisexe-amb-cap-768x768.jpg 768w, https:\/\/serveiseducatius.xtec.cat\/segria\/wp-content\/uploads\/usu679\/2020\/03\/tors-bisexe-amb-cap.jpg 800w\" sizes=\"auto, (max-width: 141px) 100vw, 141px\" \/><\/a><\/td>\n<td style=\"width: 190px;\"><a href=\"https:\/\/serveiseducatius.xtec.cat\/segria\/wp-content\/uploads\/usu679\/2020\/03\/esquelet2.png\"><img loading=\"lazy\" decoding=\"async\" class=\"alignnone wp-image-8850 \" src=\"https:\/\/serveiseducatius.xtec.cat\/segria\/wp-content\/uploads\/usu679\/2020\/03\/esquelet2-300x295.png\" alt=\"\" width=\"132\" height=\"130\" srcset=\"https:\/\/serveiseducatius.xtec.cat\/segria\/wp-content\/uploads\/usu679\/2020\/03\/esquelet2-300x295.png 300w, https:\/\/serveiseducatius.xtec.cat\/segria\/wp-content\/uploads\/usu679\/2020\/03\/esquelet2.png 460w\" sizes=\"auto, (max-width: 132px) 100vw, 132px\" \/><\/a><\/td>\n<td style=\"width: 207px;\"><a href=\"https:\/\/serveiseducatius.xtec.cat\/segria\/wp-content\/uploads\/usu679\/2020\/03\/IMG_20200309_130845.jpg\"><img loading=\"lazy\" decoding=\"async\" class=\"alignnone wp-image-9010\" src=\"https:\/\/serveiseducatius.xtec.cat\/segria\/wp-content\/uploads\/usu679\/2020\/03\/IMG_20200309_130845-300x225.jpg\" alt=\"\" width=\"187\" height=\"140\" srcset=\"https:\/\/serveiseducatius.xtec.cat\/segria\/wp-content\/uploads\/usu679\/2020\/03\/IMG_20200309_130845-300x225.jpg 300w, https:\/\/serveiseducatius.xtec.cat\/segria\/wp-content\/uploads\/usu679\/2020\/03\/IMG_20200309_130845-768x576.jpg 768w, https:\/\/serveiseducatius.xtec.cat\/segria\/wp-content\/uploads\/usu679\/2020\/03\/IMG_20200309_130845-1024x768.jpg 1024w, https:\/\/serveiseducatius.xtec.cat\/segria\/wp-content\/uploads\/usu679\/2020\/03\/IMG_20200309_130845-200x150.jpg 200w\" sizes=\"auto, (max-width: 187px) 100vw, 187px\" \/><\/a><\/td>\n<td style=\"width: 190px;\"><a href=\"https:\/\/serveiseducatius.xtec.cat\/segria\/wp-content\/uploads\/usu679\/2020\/03\/IMG_20200309_124703.jpg\"><img loading=\"lazy\" decoding=\"async\" class=\"wp-image-9000 aligncenter\" src=\"https:\/\/serveiseducatius.xtec.cat\/segria\/wp-content\/uploads\/usu679\/2020\/03\/IMG_20200309_124703-225x300.jpg\" alt=\"\" width=\"124\" height=\"165\" srcset=\"https:\/\/serveiseducatius.xtec.cat\/segria\/wp-content\/uploads\/usu679\/2020\/03\/IMG_20200309_124703-225x300.jpg 225w, https:\/\/serveiseducatius.xtec.cat\/segria\/wp-content\/uploads\/usu679\/2020\/03\/IMG_20200309_124703-768x1024.jpg 768w\" sizes=\"auto, (max-width: 124px) 100vw, 124px\" \/><\/a><\/td>\n<td style=\"width: 188px;\"><\/td>\n<\/tr>\n<tr>\n<td style=\"text-align: center; width: 214px;\"><a href=\"https:\/\/serveiseducatius.xtec.cat\/segria\/recursos\/incubadores-dous\/\"><strong>Incubadora (2 unitats)<\/strong><\/a><\/td>\n<td style=\"text-align: center; width: 189px;\"><a href=\"https:\/\/serveiseducatius.xtec.cat\/segria\/recursos\/tors-bisexe-amb-cap\/\"><strong>Torns amb \u00f2rgans<\/strong><\/a><\/td>\n<td style=\"text-align: center; width: 190px;\"><a href=\"https:\/\/serveiseducatius.xtec.cat\/segria\/recursos\/esquelet-huma-complet\/\"><strong>Esquelet mida real<\/strong><\/a><\/td>\n<td style=\"text-align: center; width: 207px;\"><strong>Columna vertebral i pelvis<\/strong><\/td>\n<td style=\"width: 190px;\"><strong>Model d&#8217;ull, funcionament<\/strong><\/td>\n<td style=\"width: 188px;\"><\/td>\n<\/tr>\n<tr>\n<td style=\"width: 214px;\"><a href=\"https:\/\/serveiseducatius.xtec.cat\/segria\/wp-content\/uploads\/usu679\/2020\/03\/nanoeduca_maletitancat_400.jpg\"><img loading=\"lazy\" decoding=\"async\" class=\"alignnone wp-image-9004\" src=\"https:\/\/serveiseducatius.xtec.cat\/segria\/wp-content\/uploads\/usu679\/2020\/03\/nanoeduca_maletitancat_400-300x209.jpg\" alt=\"\" width=\"202\" height=\"141\" srcset=\"https:\/\/serveiseducatius.xtec.cat\/segria\/wp-content\/uploads\/usu679\/2020\/03\/nanoeduca_maletitancat_400-300x209.jpg 300w, https:\/\/serveiseducatius.xtec.cat\/segria\/wp-content\/uploads\/usu679\/2020\/03\/nanoeduca_maletitancat_400.jpg 400w\" sizes=\"auto, (max-width: 202px) 100vw, 202px\" \/><\/a><\/td>\n<td style=\"width: 189px;\"><a href=\"https:\/\/serveiseducatius.xtec.cat\/segria\/wp-content\/uploads\/usu679\/2020\/03\/111111.jpg\"><img loading=\"lazy\" decoding=\"async\" class=\"alignnone wp-image-9012\" src=\"https:\/\/serveiseducatius.xtec.cat\/segria\/wp-content\/uploads\/usu679\/2020\/03\/111111-300x225.jpg\" alt=\"\" width=\"174\" height=\"131\" srcset=\"https:\/\/serveiseducatius.xtec.cat\/segria\/wp-content\/uploads\/usu679\/2020\/03\/111111-300x225.jpg 300w, https:\/\/serveiseducatius.xtec.cat\/segria\/wp-content\/uploads\/usu679\/2020\/03\/111111-768x576.jpg 768w, https:\/\/serveiseducatius.xtec.cat\/segria\/wp-content\/uploads\/usu679\/2020\/03\/111111-1024x768.jpg 1024w, https:\/\/serveiseducatius.xtec.cat\/segria\/wp-content\/uploads\/usu679\/2020\/03\/111111-200x150.jpg 200w\" sizes=\"auto, (max-width: 174px) 100vw, 174px\" \/><\/a><\/td>\n<td style=\"width: 190px;\"><a href=\"https:\/\/serveiseducatius.xtec.cat\/segria\/wp-content\/uploads\/usu679\/2020\/03\/2222222222.jpg\"><img loading=\"lazy\" decoding=\"async\" class=\"alignnone wp-image-9013\" src=\"https:\/\/serveiseducatius.xtec.cat\/segria\/wp-content\/uploads\/usu679\/2020\/03\/2222222222-300x225.jpg\" alt=\"\" width=\"176\" height=\"132\" srcset=\"https:\/\/serveiseducatius.xtec.cat\/segria\/wp-content\/uploads\/usu679\/2020\/03\/2222222222-300x225.jpg 300w, https:\/\/serveiseducatius.xtec.cat\/segria\/wp-content\/uploads\/usu679\/2020\/03\/2222222222-768x576.jpg 768w, https:\/\/serveiseducatius.xtec.cat\/segria\/wp-content\/uploads\/usu679\/2020\/03\/2222222222-1024x768.jpg 1024w, https:\/\/serveiseducatius.xtec.cat\/segria\/wp-content\/uploads\/usu679\/2020\/03\/2222222222-200x150.jpg 200w\" sizes=\"auto, (max-width: 176px) 100vw, 176px\" \/><\/a><\/td>\n<td style=\"width: 207px;\"><a href=\"https:\/\/serveiseducatius.xtec.cat\/segria\/wp-content\/uploads\/usu679\/2020\/03\/IMG_20200309_131128.jpg\"><img loading=\"lazy\" decoding=\"async\" class=\"alignnone wp-image-9022\" src=\"https:\/\/serveiseducatius.xtec.cat\/segria\/wp-content\/uploads\/usu679\/2020\/03\/IMG_20200309_131128-300x225.jpg\" alt=\"\" width=\"171\" height=\"128\" srcset=\"https:\/\/serveiseducatius.xtec.cat\/segria\/wp-content\/uploads\/usu679\/2020\/03\/IMG_20200309_131128-300x225.jpg 300w, https:\/\/serveiseducatius.xtec.cat\/segria\/wp-content\/uploads\/usu679\/2020\/03\/IMG_20200309_131128-768x576.jpg 768w, https:\/\/serveiseducatius.xtec.cat\/segria\/wp-content\/uploads\/usu679\/2020\/03\/IMG_20200309_131128-1024x768.jpg 1024w, https:\/\/serveiseducatius.xtec.cat\/segria\/wp-content\/uploads\/usu679\/2020\/03\/IMG_20200309_131128-200x150.jpg 200w\" sizes=\"auto, (max-width: 171px) 100vw, 171px\" \/><\/a><\/td>\n<td style=\"width: 190px;\"><a href=\"https:\/\/serveiseducatius.xtec.cat\/segria\/wp-content\/uploads\/usu679\/2020\/03\/IMG_20200309_131207.jpg\"><img loading=\"lazy\" decoding=\"async\" class=\"alignnone wp-image-9023\" src=\"https:\/\/serveiseducatius.xtec.cat\/segria\/wp-content\/uploads\/usu679\/2020\/03\/IMG_20200309_131207-300x225.jpg\" alt=\"\" width=\"163\" height=\"122\" srcset=\"https:\/\/serveiseducatius.xtec.cat\/segria\/wp-content\/uploads\/usu679\/2020\/03\/IMG_20200309_131207-300x225.jpg 300w, https:\/\/serveiseducatius.xtec.cat\/segria\/wp-content\/uploads\/usu679\/2020\/03\/IMG_20200309_131207-768x576.jpg 768w, https:\/\/serveiseducatius.xtec.cat\/segria\/wp-content\/uploads\/usu679\/2020\/03\/IMG_20200309_131207-1024x768.jpg 1024w, https:\/\/serveiseducatius.xtec.cat\/segria\/wp-content\/uploads\/usu679\/2020\/03\/IMG_20200309_131207-200x150.jpg 200w\" sizes=\"auto, (max-width: 163px) 100vw, 163px\" \/><\/a><\/td>\n<td style=\"width: 188px;\"><\/td>\n<\/tr>\n<tr>\n<td style=\"text-align: center; width: 214px;\"><a href=\"https:\/\/serveiseducatius.xtec.cat\/segria\/recursos\/nanokit\/\"><strong>Nanokit<\/strong><\/a><\/td>\n<td style=\"text-align: center; width: 189px;\"><a href=\"https:\/\/serveiseducatius.xtec.cat\/segria\/recursos\/caixa-minerals-i-roques-1\/\"><strong>Caixa minerals i roques 1<\/strong><\/a><\/td>\n<td style=\"text-align: center; width: 190px;\"><a href=\"https:\/\/serveiseducatius.xtec.cat\/segria\/recursos\/caixa-minerals-i-roques-2\/\"><strong>Caixa minerals i roques 2<\/strong><\/a><\/td>\n<td style=\"text-align: center; width: 207px;\"><a href=\"https:\/\/serveiseducatius.xtec.cat\/segria\/?p=9027&amp;preview=true\"><strong>Reglets num\u00e8rics 1<\/strong><\/a><\/td>\n<td style=\"text-align: center; width: 190px;\"><a href=\"https:\/\/serveiseducatius.xtec.cat\/segria\/recursos\/reglets-numerics-de-m-antonia-canals\/\"><strong>Reglets num\u00e8rics 2<\/strong><\/a><\/td>\n<td style=\"text-align: center; width: 188px;\"><\/td>\n<\/tr>\n<tr>\n<td style=\"width: 214px;\"><a href=\"https:\/\/serveiseducatius.xtec.cat\/segria\/wp-content\/uploads\/usu679\/2020\/03\/IMG_20200309_131241.jpg\"><img loading=\"lazy\" decoding=\"async\" class=\"alignnone wp-image-9025\" src=\"https:\/\/serveiseducatius.xtec.cat\/segria\/wp-content\/uploads\/usu679\/2020\/03\/IMG_20200309_131241-300x225.jpg\" alt=\"\" width=\"195\" height=\"146\" srcset=\"https:\/\/serveiseducatius.xtec.cat\/segria\/wp-content\/uploads\/usu679\/2020\/03\/IMG_20200309_131241-300x225.jpg 300w, https:\/\/serveiseducatius.xtec.cat\/segria\/wp-content\/uploads\/usu679\/2020\/03\/IMG_20200309_131241-768x576.jpg 768w, https:\/\/serveiseducatius.xtec.cat\/segria\/wp-content\/uploads\/usu679\/2020\/03\/IMG_20200309_131241-1024x768.jpg 1024w, https:\/\/serveiseducatius.xtec.cat\/segria\/wp-content\/uploads\/usu679\/2020\/03\/IMG_20200309_131241-200x150.jpg 200w\" sizes=\"auto, (max-width: 195px) 100vw, 195px\" \/><\/a><\/td>\n<td style=\"width: 189px;\"><\/td>\n<td style=\"width: 190px;\"><\/td>\n<td style=\"width: 207px;\"><\/td>\n<td style=\"width: 190px;\"><\/td>\n<td style=\"width: 188px;\"><\/td>\n<\/tr>\n<tr>\n<td style=\"text-align: center; width: 214px;\"><strong>Model at\u00f2mic mecanitzat<\/strong><\/td>\n<td style=\"text-align: center; width: 189px;\"><strong>Rampes i <\/strong><\/td>\n<td style=\"width: 190px;\"><\/td>\n<td style=\"width: 207px;\"><\/td>\n<td style=\"width: 190px;\"><\/td>\n<td style=\"width: 188px;\"><\/td>\n<\/tr>\n<tr>\n<td style=\"text-align: center; width: 214px;\">&nbsp;<\/p>\n<p>&nbsp;<\/p>\n<p>&nbsp;<\/td>\n<td style=\"text-align: center; width: 189px;\"><\/td>\n<td style=\"width: 190px;\"><\/td>\n<td style=\"width: 207px;\"><\/td>\n<td style=\"width: 190px;\"><\/td>\n<td style=\"width: 188px;\"><\/td>\n<\/tr>\n<tr>\n<td style=\"text-align: center; width: 214px;\"><\/td>\n<td style=\"text-align: center; width: 189px;\"><\/td>\n<td style=\"width: 190px;\"><\/td>\n<td style=\"width: 207px;\"><\/td>\n<td style=\"width: 190px;\"><\/td>\n<td style=\"width: 188px;\"><\/td>\n<\/tr>\n<tr>\n<td style=\"text-align: center; width: 214px;\">&nbsp;<\/p>\n<p>&nbsp;<\/p>\n<p>&nbsp;<\/td>\n<td style=\"text-align: center; width: 189px;\"><\/td>\n<td style=\"width: 190px;\"><\/td>\n<td style=\"width: 207px;\"><\/td>\n<td style=\"width: 190px;\"><\/td>\n<td style=\"width: 188px;\"><\/td>\n<\/tr>\n<tr>\n<td style=\"text-align: center; width: 214px;\"><\/td>\n<td style=\"text-align: center; width: 189px;\"><\/td>\n<td style=\"width: 190px;\"><\/td>\n<td style=\"width: 207px;\"><\/td>\n<td style=\"width: 190px;\"><\/td>\n<td style=\"width: 188px;\"><\/td>\n<\/tr>\n<\/tbody>\n<\/table>\n","protected":false},"excerpt":{"rendered":"<p>Telescopi Telescopi solar Kit d&#8217;estudi de falles Motxilla de l&#8217;estudi de l&#8217;aigua Motxilla bioclim\u00e0tica Incubadora (2 unitats) Torns amb \u00f2rgans Esquelet mida real Columna vertebral i pelvis Model d&#8217;ull, funcionament Nanokit Caixa minerals i roques 1 Caixa minerals i roques 2 Reglets num\u00e8rics 1 Reglets num\u00e8rics 2 Model at\u00f2mic mecanitzat Rampes i &nbsp; &nbsp; &nbsp; [&hellip;]<\/p>\n","protected":false},"author":5,"featured_media":0,"parent":0,"menu_order":0,"comment_status":"closed","ping_status":"closed","template":"","meta":{"_bbp_topic_count":0,"_bbp_reply_count":0,"_bbp_total_topic_count":0,"_bbp_total_reply_count":0,"_bbp_voice_count":0,"_bbp_anonymous_reply_count":0,"_bbp_topic_count_hidden":0,"_bbp_reply_count_hidden":0,"_bbp_forum_subforum_count":0,"site-sidebar-layout":"default","site-content-layout":"","ast-site-content-layout":"","site-content-style":"default","site-sidebar-style":"default","ast-global-header-display":"","ast-banner-title-visibility":"","ast-main-header-display":"","ast-hfb-above-header-display":"","ast-hfb-below-header-display":"","ast-hfb-mobile-header-display":"","site-post-title":"","ast-breadcrumbs-content":"","ast-featured-img":"","footer-sml-layout":"","theme-transparent-header-meta":"","adv-header-id-meta":"","stick-header-meta":"","header-above-stick-meta":"","header-main-stick-meta":"","header-below-stick-meta":"","astra-migrate-meta-layouts":"default","ast-page-background-enabled":"default","ast-page-background-meta":{"desktop":{"background-color":"var(--ast-global-color-4)","background-image":"","background-repeat":"repeat","background-position":"center center","background-size":"auto","background-attachment":"scroll","background-type":"","background-media":"","overlay-type":"","overlay-color":"","overlay-opacity":"","overlay-gradient":""},"tablet":{"background-color":"","background-image":"","background-repeat":"repeat","background-position":"center center","background-size":"auto","background-attachment":"scroll","background-type":"","background-media":"","overlay-type":"","overlay-color":"","overlay-opacity":"","overlay-gradient":""},"mobile":{"background-color":"","background-image":"","background-repeat":"repeat","background-position":"center center","background-size":"auto","background-attachment":"scroll","background-type":"","background-media":"","overlay-type":"","overlay-color":"","overlay-opacity":"","overlay-gradient":""}},"ast-content-background-meta":{"desktop":{"background-color":"var(--ast-global-color-5)","background-image":"","background-repeat":"repeat","background-position":"center center","background-size":"auto","background-attachment":"scroll","background-type":"","background-media":"","overlay-type":"","overlay-color":"","overlay-opacity":"","overlay-gradient":""},"tablet":{"background-color":"var(--ast-global-color-5)","background-image":"","background-repeat":"repeat","background-position":"center center","background-size":"auto","background-attachment":"scroll","background-type":"","background-media":"","overlay-type":"","overlay-color":"","overlay-opacity":"","overlay-gradient":""},"mobile":{"background-color":"var(--ast-global-color-5)","background-image":"","background-repeat":"repeat","background-position":"center center","background-size":"auto","background-attachment":"scroll","background-type":"","background-media":"","overlay-type":"","overlay-color":"","overlay-opacity":"","overlay-gradient":""}},"footnotes":""},"class_list":["post-10269","page","type-page","status-publish","hentry"],"post_mailing_queue_ids":[],"_links":{"self":[{"href":"https:\/\/serveiseducatius.xtec.cat\/segria\/wp-json\/wp\/v2\/pages\/10269","targetHints":{"allow":["GET"]}}],"collection":[{"href":"https:\/\/serveiseducatius.xtec.cat\/segria\/wp-json\/wp\/v2\/pages"}],"about":[{"href":"https:\/\/serveiseducatius.xtec.cat\/segria\/wp-json\/wp\/v2\/types\/page"}],"author":[{"embeddable":true,"href":"https:\/\/serveiseducatius.xtec.cat\/segria\/wp-json\/wp\/v2\/users\/5"}],"replies":[{"embeddable":true,"href":"https:\/\/serveiseducatius.xtec.cat\/segria\/wp-json\/wp\/v2\/comments?post=10269"}],"version-history":[{"count":1,"href":"https:\/\/serveiseducatius.xtec.cat\/segria\/wp-json\/wp\/v2\/pages\/10269\/revisions"}],"predecessor-version":[{"id":10270,"href":"https:\/\/serveiseducatius.xtec.cat\/segria\/wp-json\/wp\/v2\/pages\/10269\/revisions\/10270"}],"wp:attachment":[{"href":"https:\/\/serveiseducatius.xtec.cat\/segria\/wp-json\/wp\/v2\/media?parent=10269"}],"curies":[{"name":"wp","href":"https:\/\/api.w.org\/{rel}","templated":true}]}}