{"id":10023,"date":"2015-12-01T20:54:22","date_gmt":"2015-12-01T19:54:22","guid":{"rendered":"https:\/\/serveiseducatius.xtec.cat\/segria\/?page_id=10023"},"modified":"2020-12-01T20:55:18","modified_gmt":"2020-12-01T19:55:18","slug":"prestec-proves","status":"publish","type":"page","link":"https:\/\/serveiseducatius.xtec.cat\/segria\/prestec-proves\/","title":{"rendered":"prestec proves"},"content":{"rendered":"<div class=\"row\" style=\"margin-bottom: 1em !important;\">\n<div class=\"small-12 large-4 text-center columns\"><img decoding=\"async\" src=\"https:\/\/img.icons8.com\/color\/120\/000000\/expired.png\" \/><\/p>\n<h3>T\u00edtol 11<\/h3>\n<p style=\"margin-bottom: 0.2em; text-align: justify;\">Lorem ipsum dolor sit amet, consectetur adipiscing elit. Aliquam tincidunt quam eu risus hendrerit finibus. Nam accumsan semper euismod. Sed eu justo erat.<\/p>\n<p><a href=\"http:\/\/www.globalgoals.org\/1-no-poverty\">M\u00e9s informaci\u00f3<\/a><\/p>\n<\/div>\n<div class=\"small-12 large-4 text-center columns\"><img decoding=\"async\" src=\"https:\/\/img.icons8.com\/color\/120\/000000\/leave.png\" \/><\/p>\n<h3>T\u00edtol 12<\/h3>\n<p style=\"margin-bottom: 0.2em; text-align: justify;\">Lorem ipsum dolor sit amet, consectetur adipiscing elit. Aliquam tincidunt quam eu risus hendrerit finibus. Nam accumsan semper euismod. Sed eu justo erat.<\/p>\n<p><a href=\"http:\/\/www.globalgoals.org\/2-zero-hunger\">M\u00e9s informaci\u00f3<\/a><\/p>\n<\/div>\n<div class=\"small-12 large-4 text-center columns\"><img decoding=\"async\" src=\"https:\/\/img.icons8.com\/color\/120\/000000\/task.png\" \/><\/p>\n<h3>T\u00edtol 13<\/h3>\n<p style=\"margin-bottom: 0.2em; text-align: justify;\">Lorem ipsum dolor sit amet, consectetur adipiscing elit. Aliquam tincidunt quam eu risus hendrerit finibus. Nam accumsan semper euismod. Sed eu justo erat.<\/p>\n<p><a href=\"http:\/\/www.globalgoals.org\/3-good-health-and-well-being\">M\u00e9s informaci\u00f3<\/a><\/p>\n<\/div>\n<\/div>\n<div class=\"row\" style=\"margin-bottom: 1em !important;\">\n<div class=\"small-12 large-4 text-center columns\"><img decoding=\"async\" src=\"https:\/\/img.icons8.com\/color\/120\/000000\/request-service.png\" \/><\/p>\n<h3>T\u00edtol 21<\/h3>\n<p style=\"margin-bottom: 0.2em; text-align: justify;\">Lorem ipsum dolor sit amet, consectetur adipiscing elit. Aliquam tincidunt quam eu risus hendrerit finibus. Nam accumsan semper euismod. Sed eu justo erat.<\/p>\n<p><a href=\"http:\/\/www.globalgoals.org\/4-quality-education\">M\u00e9s informaci\u00f3<\/a><\/p>\n<\/div>\n<div class=\"small-12 large-4 text-center columns\"><img decoding=\"async\" src=\"https:\/\/img.icons8.com\/color\/120\/000000\/communication.png\" \/><\/p>\n<h3>T\u00edtol 22<\/h3>\n<p style=\"margin-bottom: 0.2em; text-align: justify;\">Lorem ipsum dolor sit amet, consectetur adipiscing elit. Aliquam tincidunt quam eu risus hendrerit finibus. Nam accumsan semper euismod. Sed eu justo erat.<\/p>\n<p><a href=\"http:\/\/www.globalgoals.org\/5-gender-equality\">M\u00e9s informaci\u00f3<\/a><\/p>\n<\/div>\n<div class=\"small-12 large-4 text-center columns\"><img decoding=\"async\" src=\"https:\/\/img.icons8.com\/color\/120\/000000\/documents.png\" \/><\/p>\n<h3>T\u00edtol 23<\/h3>\n<p style=\"margin-bottom: 0.2em; text-align: justify;\">Lorem ipsum dolor sit amet, consectetur adipiscing elit. Aliquam tincidunt quam eu risus hendrerit finibus. Nam accumsan semper euismod. Sed eu justo erat.<\/p>\n<p><a href=\"http:\/\/www.globalgoals.org\/6-clean-water-and-sanitation\">M\u00e9s informaci\u00f3<\/a><\/p>\n<\/div>\n<\/div>\n<div class=\"row\" style=\"margin-bottom: 1em !important;\">\n<div class=\"small-12 large-4 text-center columns\"><img decoding=\"async\" src=\"https:\/\/img.icons8.com\/color\/120\/000000\/planner.png\" \/><\/p>\n<h3>T\u00edtol 31<\/h3>\n<p style=\"margin-bottom: 0.2em; text-align: justify;\">Lorem ipsum dolor sit amet, consectetur adipiscing elit. Aliquam tincidunt quam eu risus hendrerit finibus. Nam accumsan semper euismod. Sed eu justo erat.<\/p>\n<p><a href=\"http:\/\/www.globalgoals.org\/7-affordable-and-clean-energy\">M\u00e9s informaci\u00f3<\/a><\/p>\n<\/div>\n<div class=\"small-12 large-4 text-center columns\"><img decoding=\"async\" src=\"https:\/\/img.icons8.com\/color\/120\/000000\/collaboration-female-male.png\" \/><\/p>\n<h3>T\u00edtol 32<\/h3>\n<p style=\"margin-bottom: 0.2em; text-align: justify;\">Lorem ipsum dolor sit amet, consectetur adipiscing elit. Aliquam tincidunt quam eu risus hendrerit finibus. Nam accumsan semper euismod. Sed eu justo erat.<\/p>\n<p><a href=\"http:\/\/www.globalgoals.org\/8-decent-work-and-economic-growth\">M\u00e9s informaci\u00f3<\/a><\/p>\n<\/div>\n<div class=\"small-12 large-4 text-center columns\"><img decoding=\"async\" src=\"https:\/\/img.icons8.com\/color\/120\/000000\/high-priority.png\" \/><\/p>\n<h3>T\u00edtol 33<\/h3>\n<p style=\"margin-bottom: 0.2em; text-align: justify;\">Lorem ipsum dolor sit amet, consectetur adipiscing elit. Aliquam tincidunt quam eu risus hendrerit finibus. Nam accumsan semper euismod. Sed eu justo erat.<\/p>\n<p><a href=\"http:\/\/www.globalgoals.org\/9-industry-innovation-and-infrastructure\">M\u00e9s informaci\u00f3<\/a><\/p>\n<\/div>\n<\/div>\n","protected":false},"excerpt":{"rendered":"<p>T\u00edtol 11 Lorem ipsum dolor sit amet, consectetur adipiscing elit. Aliquam tincidunt quam eu risus hendrerit finibus. Nam accumsan semper euismod. Sed eu justo erat. M\u00e9s informaci\u00f3 T\u00edtol 12 Lorem ipsum dolor sit amet, consectetur adipiscing elit. Aliquam tincidunt quam eu risus hendrerit finibus. Nam accumsan semper euismod. Sed eu justo erat. M\u00e9s informaci\u00f3 T\u00edtol [&hellip;]<\/p>\n","protected":false},"author":5,"featured_media":0,"parent":0,"menu_order":0,"comment_status":"closed","ping_status":"closed","template":"","meta":{"_bbp_topic_count":0,"_bbp_reply_count":0,"_bbp_total_topic_count":0,"_bbp_total_reply_count":0,"_bbp_voice_count":0,"_bbp_anonymous_reply_count":0,"_bbp_topic_count_hidden":0,"_bbp_reply_count_hidden":0,"_bbp_forum_subforum_count":0,"site-sidebar-layout":"default","site-content-layout":"","ast-site-content-layout":"","site-content-style":"default","site-sidebar-style":"default","ast-global-header-display":"","ast-banner-title-visibility":"","ast-main-header-display":"","ast-hfb-above-header-display":"","ast-hfb-below-header-display":"","ast-hfb-mobile-header-display":"","site-post-title":"","ast-breadcrumbs-content":"","ast-featured-img":"","footer-sml-layout":"","theme-transparent-header-meta":"","adv-header-id-meta":"","stick-header-meta":"","header-above-stick-meta":"","header-main-stick-meta":"","header-below-stick-meta":"","astra-migrate-meta-layouts":"default","ast-page-background-enabled":"default","ast-page-background-meta":{"desktop":{"background-color":"var(--ast-global-color-4)","background-image":"","background-repeat":"repeat","background-position":"center center","background-size":"auto","background-attachment":"scroll","background-type":"","background-media":"","overlay-type":"","overlay-color":"","overlay-opacity":"","overlay-gradient":""},"tablet":{"background-color":"","background-image":"","background-repeat":"repeat","background-position":"center center","background-size":"auto","background-attachment":"scroll","background-type":"","background-media":"","overlay-type":"","overlay-color":"","overlay-opacity":"","overlay-gradient":""},"mobile":{"background-color":"","background-image":"","background-repeat":"repeat","background-position":"center center","background-size":"auto","background-attachment":"scroll","background-type":"","background-media":"","overlay-type":"","overlay-color":"","overlay-opacity":"","overlay-gradient":""}},"ast-content-background-meta":{"desktop":{"background-color":"var(--ast-global-color-5)","background-image":"","background-repeat":"repeat","background-position":"center center","background-size":"auto","background-attachment":"scroll","background-type":"","background-media":"","overlay-type":"","overlay-color":"","overlay-opacity":"","overlay-gradient":""},"tablet":{"background-color":"var(--ast-global-color-5)","background-image":"","background-repeat":"repeat","background-position":"center center","background-size":"auto","background-attachment":"scroll","background-type":"","background-media":"","overlay-type":"","overlay-color":"","overlay-opacity":"","overlay-gradient":""},"mobile":{"background-color":"var(--ast-global-color-5)","background-image":"","background-repeat":"repeat","background-position":"center center","background-size":"auto","background-attachment":"scroll","background-type":"","background-media":"","overlay-type":"","overlay-color":"","overlay-opacity":"","overlay-gradient":""}},"footnotes":""},"class_list":["post-10023","page","type-page","status-publish","hentry"],"post_mailing_queue_ids":[],"_links":{"self":[{"href":"https:\/\/serveiseducatius.xtec.cat\/segria\/wp-json\/wp\/v2\/pages\/10023","targetHints":{"allow":["GET"]}}],"collection":[{"href":"https:\/\/serveiseducatius.xtec.cat\/segria\/wp-json\/wp\/v2\/pages"}],"about":[{"href":"https:\/\/serveiseducatius.xtec.cat\/segria\/wp-json\/wp\/v2\/types\/page"}],"author":[{"embeddable":true,"href":"https:\/\/serveiseducatius.xtec.cat\/segria\/wp-json\/wp\/v2\/users\/5"}],"replies":[{"embeddable":true,"href":"https:\/\/serveiseducatius.xtec.cat\/segria\/wp-json\/wp\/v2\/comments?post=10023"}],"version-history":[{"count":3,"href":"https:\/\/serveiseducatius.xtec.cat\/segria\/wp-json\/wp\/v2\/pages\/10023\/revisions"}],"predecessor-version":[{"id":10026,"href":"https:\/\/serveiseducatius.xtec.cat\/segria\/wp-json\/wp\/v2\/pages\/10023\/revisions\/10026"}],"wp:attachment":[{"href":"https:\/\/serveiseducatius.xtec.cat\/segria\/wp-json\/wp\/v2\/media?parent=10023"}],"curies":[{"name":"wp","href":"https:\/\/api.w.org\/{rel}","templated":true}]}}