{"id":9312,"date":"2019-07-24T19:05:44","date_gmt":"2019-07-24T17:05:44","guid":{"rendered":"http:\/\/serveiseducatius.xtec.cat\/segarra\/?page_id=9312"},"modified":"2022-08-05T12:26:00","modified_gmt":"2022-08-05T10:26:00","slug":"pla-formacio-zona","status":"publish","type":"page","link":"https:\/\/serveiseducatius.xtec.cat\/segarra\/formacio\/pla-formacio-zona\/","title":{"rendered":"Pla Formaci\u00f3 Zona"},"content":{"rendered":"<p style=\"text-align: justify;\"><a href=\"https:\/\/serveiseducatius.xtec.cat\/segarra\/wp-content\/uploads\/usu1148\/2019\/01\/pfz.png\"><img loading=\"lazy\" decoding=\"async\" class=\"size-full wp-image-8521 alignleft\" src=\"https:\/\/serveiseducatius.xtec.cat\/segarra\/wp-content\/uploads\/usu1148\/2019\/01\/pfz.png\" alt=\"\" width=\"200\" height=\"158\" \/><\/a>El Departament d\u2019Educaci\u00f3 ha establert un conjunt de l\u00ednies de formaci\u00f3 permanent per donar resposta a les necessitats de formaci\u00f3 permanent dels centres educatius i dels docents de Catalunya.<\/p>\n<p style=\"text-align: justify;\"><strong>El Pla de Formaci\u00f3 de Zona (PFZ) de La Segarra<\/strong> \u00e9s la planificaci\u00f3 a nivell comarcal de la formaci\u00f3 permanent del professorat, la qual incorpora les activitats de formaci\u00f3 en centre i altres activitats adre\u00e7ades a tot el professorat de la comarca. El professorat hi participa a trav\u00e9s del proc\u00e9s de detecci\u00f3 de necessitats, fent les corresponents demandes formatives i mitjan\u00e7ant la seva representaci\u00f3 en la <strong>comissi\u00f3 del PFZ<\/strong> de La Segarra i, el vist i plau de la inspecci\u00f3 educativa.<\/p>\n<p>Les demandes es fan a partir del full de sol\u00b7licitud. Cal omplir un full per a cada activitat que es sol\u00b7licita.<\/p>\n<table style=\"background-color: #ebc3c3;\">\n<tbody>\n<tr>\n<td><a href=\"https:\/\/serveiseducatius.xtec.cat\/segarra\/wp-content\/uploads\/usu1148\/2022\/08\/Formulari_solicitud_activitat-formativa-pfz.doc\" target=\"_blank\" rel=\"noopener\"><strong>Desc\u00e0rrega del full de sol\u00b7licitud<\/strong><\/a><\/td>\n<\/tr>\n<\/tbody>\n<\/table>\n<p>Per informaci\u00f3 sobre les modalitats de formaci\u00f3 i les seves caracter\u00edstiques es pot consultar la seg\u00fcent documentaci\u00f3:<\/p>\n<ul>\n<li><a href=\"https:\/\/serveiseducatius.xtec.cat\/segarra\/wp-content\/uploads\/usu1148\/2022\/08\/linies-estrategiques-PFZ-2022-2023.pdf\" target=\"_blank\" rel=\"noopener\"><strong>L\u00ednies estrat\u00e8giques del pla de formaci\u00f3<\/strong><\/a><\/li>\n<li><strong><a href=\"https:\/\/serveiseducatius.xtec.cat\/segarra\/wp-content\/uploads\/usu1148\/2022\/08\/modalitats-formats-de-formacio.pdf\" target=\"_blank\" rel=\"noopener\">Quadre resum de les modalitats i formats de formaci\u00f3 <\/a>\u00a0<\/strong><\/li>\n<li><a href=\"https:\/\/serveiseducatius.xtec.cat\/segarra\/wp-content\/uploads\/usu1148\/2022\/08\/modalitats-formacio-descrpcio-22-23.pdf\" target=\"_blank\" rel=\"noopener\"><strong>Modalitats de formaci\u00f3 2022 &#8211; 2023 <\/strong><\/a><em>(descripci\u00f3 completa de cada una)<\/em><\/li>\n<\/ul>\n","protected":false},"excerpt":{"rendered":"<p><a href=\"https:\/\/serveiseducatius.xtec.cat\/segarra\/wp-content\/uploads\/usu1148\/2019\/01\/pfz.png\"><\/a>El Departament d\u2019Educaci\u00f3 ha establert un conjunt de l\u00ednies de formaci\u00f3 permanent per donar resposta a les necessitats de formaci\u00f3 permanent dels centres educatius i dels docents de Catalunya.<br \/>\nEl Pla de Formaci\u00f3 de Zona (PFZ) de La Segarra \u00e9s la planificaci\u00f3 a nivell comarcal&hellip;  <a href=\"https:\/\/serveiseducatius.xtec.cat\/segarra\/formacio\/pla-formacio-zona\/\" title=\"Read Pla Formaci\u00f3 Zona\">Llegeix m\u00e9s\u00bb<\/a><\/p>\n","protected":false},"author":4,"featured_media":0,"parent":416,"menu_order":0,"comment_status":"closed","ping_status":"closed","template":"page-templates\/side-menu.php","meta":{"_bbp_topic_count":0,"_bbp_reply_count":0,"_bbp_total_topic_count":0,"_bbp_total_reply_count":0,"_bbp_voice_count":0,"_bbp_anonymous_reply_count":0,"_bbp_topic_count_hidden":0,"_bbp_reply_count_hidden":0,"_bbp_forum_subforum_count":0,"footnotes":""},"class_list":["post-9312","page","type-page","status-publish","hentry"],"post_mailing_queue_ids":[],"_links":{"self":[{"href":"https:\/\/serveiseducatius.xtec.cat\/segarra\/wp-json\/wp\/v2\/pages\/9312","targetHints":{"allow":["GET"]}}],"collection":[{"href":"https:\/\/serveiseducatius.xtec.cat\/segarra\/wp-json\/wp\/v2\/pages"}],"about":[{"href":"https:\/\/serveiseducatius.xtec.cat\/segarra\/wp-json\/wp\/v2\/types\/page"}],"author":[{"embeddable":true,"href":"https:\/\/serveiseducatius.xtec.cat\/segarra\/wp-json\/wp\/v2\/users\/4"}],"replies":[{"embeddable":true,"href":"https:\/\/serveiseducatius.xtec.cat\/segarra\/wp-json\/wp\/v2\/comments?post=9312"}],"version-history":[{"count":4,"href":"https:\/\/serveiseducatius.xtec.cat\/segarra\/wp-json\/wp\/v2\/pages\/9312\/revisions"}],"predecessor-version":[{"id":16827,"href":"https:\/\/serveiseducatius.xtec.cat\/segarra\/wp-json\/wp\/v2\/pages\/9312\/revisions\/16827"}],"up":[{"embeddable":true,"href":"https:\/\/serveiseducatius.xtec.cat\/segarra\/wp-json\/wp\/v2\/pages\/416"}],"wp:attachment":[{"href":"https:\/\/serveiseducatius.xtec.cat\/segarra\/wp-json\/wp\/v2\/media?parent=9312"}],"curies":[{"name":"wp","href":"https:\/\/api.w.org\/{rel}","templated":true}]}}