{"id":9199,"date":"2019-06-03T11:49:31","date_gmt":"2019-06-03T09:49:31","guid":{"rendered":"http:\/\/serveiseducatius.xtec.cat\/segarra\/?page_id=9199"},"modified":"2023-09-11T10:27:28","modified_gmt":"2023-09-11T08:27:28","slug":"filmoteca-crp-de-la-segarra","status":"publish","type":"page","link":"https:\/\/serveiseducatius.xtec.cat\/segarra\/filmoteca-crp-de-la-segarra\/","title":{"rendered":"Filmoteca CRP de la Segarra"},"content":{"rendered":"<p style=\"text-align: center;\"><a href=\"https:\/\/serveiseducatius.xtec.cat\/segarra\/wp-content\/uploads\/usu1148\/2019\/05\/film-e1559555165328.gif\"><img loading=\"lazy\" decoding=\"async\" class=\"alignnone size-full wp-image-9210\" src=\"https:\/\/serveiseducatius.xtec.cat\/segarra\/wp-content\/uploads\/usu1148\/2019\/05\/film-e1559555165328.gif\" alt=\"\" width=\"617\" height=\"130\" \/><\/a><\/p>\n<table style=\"height: 472px; width: 808px;\">\n<tbody>\n<tr style=\"height: 48px; background-color: #f2bdbd;\">\n<td style=\"width: 344px; height: 48px; text-align: center;\"><span style=\"text-decoration: underline; color: #993300;\"><strong>PEL\u00b7L\u00cdCULES ORDENADES ALFAB\u00c8TICAMENT<\/strong><\/span><\/td>\n<td style=\"width: 456px; height: 48px; background-color: #eddd66; vertical-align: middle; text-align: center;\"><strong><span style=\"text-decoration: underline;\"><span style=\"color: #993300; text-decoration: underline;\">PEL\u00b7L\u00cdCULES CLASSIFICADES PER TEMES<\/span><\/span><br \/>\n<\/strong><\/td>\n<\/tr>\n<tr style=\"height: 399px;\">\n<td style=\"width: 344px; height: 399px; background-color: #e8d1d1; vertical-align: top;\">\n<ul>\n<li style=\"list-style-type: none;\">\n<ul>\n<li style=\"list-style-type: none;\">\n<ul>\n<li style=\"list-style-type: none;\">\n<ul>\n<li style=\"list-style-type: none;\">\n<ul>\n<li style=\"list-style-type: none;\">\n<ul>\n<li style=\"text-align: left;\"><a href=\"https:\/\/drive.google.com\/open?id=1Iye8awxjBrjnNg-nmGNwjPLJyZsvyzOW\" target=\"_blank\" rel=\"noopener noreferrer\"><strong>DIBUIXOS ANIMATS<\/strong><\/a><\/li>\n<\/ul>\n<\/li>\n<\/ul>\n<\/li>\n<\/ul>\n<\/li>\n<\/ul>\n<\/li>\n<\/ul>\n<\/li>\n<\/ul>\n<ul>\n<li style=\"list-style-type: none;\">\n<ul>\n<li style=\"list-style-type: none;\">\n<ul>\n<li style=\"list-style-type: none;\">\n<ul>\n<li style=\"list-style-type: none;\">\n<ul>\n<li style=\"list-style-type: none;\">\n<ul>\n<li style=\"text-align: left;\"><a href=\"https:\/\/drive.google.com\/open?id=1RDvQHtlHM1-uyWN72QlFQrUg-mAw4Jkr\" target=\"_blank\" rel=\"noopener noreferrer\"><strong>A &#8211; B<\/strong><\/a><\/li>\n<\/ul>\n<\/li>\n<\/ul>\n<\/li>\n<\/ul>\n<\/li>\n<\/ul>\n<\/li>\n<\/ul>\n<\/li>\n<\/ul>\n<ul>\n<li style=\"list-style-type: none;\">\n<ul>\n<li style=\"list-style-type: none;\">\n<ul>\n<li style=\"list-style-type: none;\">\n<ul>\n<li style=\"list-style-type: none;\">\n<ul>\n<li style=\"list-style-type: none;\">\n<ul>\n<li style=\"text-align: left;\"><a href=\"https:\/\/drive.google.com\/open?id=1RAG-PL-GSS2QOEtqqWzPQpblFZhOA4va\" target=\"_blank\" rel=\"noopener noreferrer\"><strong>C &#8211; D<\/strong><\/a><\/li>\n<\/ul>\n<\/li>\n<\/ul>\n<\/li>\n<\/ul>\n<\/li>\n<\/ul>\n<\/li>\n<\/ul>\n<\/li>\n<\/ul>\n<ul>\n<li style=\"list-style-type: none;\">\n<ul>\n<li style=\"list-style-type: none;\">\n<ul>\n<li style=\"list-style-type: none;\">\n<ul>\n<li style=\"list-style-type: none;\">\n<ul>\n<li style=\"list-style-type: none;\">\n<ul>\n<li style=\"text-align: left;\"><a href=\"https:\/\/drive.google.com\/open?id=10ooEKC7scpKBj-OPSsXjTJBKGafEzYLv\" target=\"_blank\" rel=\"noopener noreferrer\"><strong>E<\/strong><\/a><\/li>\n<\/ul>\n<\/li>\n<\/ul>\n<\/li>\n<\/ul>\n<\/li>\n<\/ul>\n<\/li>\n<\/ul>\n<\/li>\n<\/ul>\n<ul>\n<li style=\"list-style-type: none;\">\n<ul>\n<li style=\"list-style-type: none;\">\n<ul>\n<li style=\"list-style-type: none;\">\n<ul>\n<li style=\"list-style-type: none;\">\n<ul>\n<li style=\"list-style-type: none;\">\n<ul>\n<li><a href=\"https:\/\/drive.google.com\/open?id=1XdqhawlU5NpxEZrH1V4D32jGmRgBG0_3\" target=\"_blank\" rel=\"noopener noreferrer\"><strong>F &#8211; K<\/strong><\/a><\/li>\n<\/ul>\n<\/li>\n<\/ul>\n<\/li>\n<\/ul>\n<\/li>\n<\/ul>\n<\/li>\n<\/ul>\n<\/li>\n<\/ul>\n<ul>\n<li style=\"list-style-type: none;\">\n<ul>\n<li style=\"list-style-type: none;\">\n<ul>\n<li style=\"list-style-type: none;\">\n<ul>\n<li style=\"list-style-type: none;\">\n<ul>\n<li style=\"list-style-type: none;\">\n<ul>\n<li style=\"text-align: left;\"><a href=\"https:\/\/drive.google.com\/file\/d\/1QoR7utq9uUpvgyGyEZyqs7EP_u0JPPV_\/view?usp=sharing\" target=\"_blank\" rel=\"noopener noreferrer\"><strong>L<\/strong><\/a><\/li>\n<\/ul>\n<\/li>\n<\/ul>\n<\/li>\n<\/ul>\n<\/li>\n<\/ul>\n<\/li>\n<\/ul>\n<\/li>\n<\/ul>\n<ul>\n<li style=\"list-style-type: none;\">\n<ul>\n<li style=\"list-style-type: none;\">\n<ul>\n<li style=\"list-style-type: none;\">\n<ul>\n<li style=\"list-style-type: none;\">\n<ul>\n<li style=\"list-style-type: none;\">\n<ul>\n<li style=\"text-align: left;\"><a href=\"https:\/\/drive.google.com\/file\/d\/1dzjPIQwSmcn09b4lnb4_K6sJbETKy3Tc\/view?usp=sharing\" target=\"_blank\" rel=\"noopener noreferrer\"><strong>M &#8211; O <\/strong><\/a><\/li>\n<\/ul>\n<\/li>\n<\/ul>\n<\/li>\n<\/ul>\n<\/li>\n<\/ul>\n<\/li>\n<\/ul>\n<\/li>\n<\/ul>\n<ul>\n<li style=\"list-style-type: none;\">\n<ul>\n<li style=\"list-style-type: none;\">\n<ul>\n<li style=\"list-style-type: none;\">\n<ul>\n<li style=\"list-style-type: none;\">\n<ul>\n<li style=\"list-style-type: none;\">\n<ul>\n<li style=\"text-align: left;\"><a href=\"https:\/\/drive.google.com\/open?id=1fVBK8WzLK1ne24l54dka4dMxljtUtflo\" target=\"_blank\" rel=\"noopener noreferrer\"><strong>P &#8211; S<\/strong><\/a><\/li>\n<\/ul>\n<\/li>\n<\/ul>\n<\/li>\n<\/ul>\n<\/li>\n<\/ul>\n<\/li>\n<\/ul>\n<\/li>\n<\/ul>\n<ul>\n<li style=\"list-style-type: none;\">\n<ul>\n<li style=\"list-style-type: none;\">\n<ul>\n<li style=\"list-style-type: none;\">\n<ul>\n<li style=\"list-style-type: none;\">\n<ul>\n<li style=\"list-style-type: none;\">\n<ul>\n<li style=\"text-align: left;\"><a href=\"https:\/\/drive.google.com\/file\/d\/1xMIe0_HjQ9DQ09pFkOfbvFE99fUNFlmH\/view?usp=sharing\" target=\"_blank\" rel=\"noopener noreferrer\"><strong>T &#8211; Z<\/strong><\/a><\/li>\n<\/ul>\n<\/li>\n<\/ul>\n<\/li>\n<\/ul>\n<\/li>\n<\/ul>\n<\/li>\n<\/ul>\n<\/li>\n<\/ul>\n<\/td>\n<td style=\"padding-left: 120px; width: 456px; height: 399px; background-color: #f5f3ce;\"><a href=\"https:\/\/drive.google.com\/open?id=1nvZoL9QwJmrQ_EfEgcP48o40SvxXVo_q\" target=\"_blank\" rel=\"noopener noreferrer\"><strong>1. <span style=\"color: #9f7ebf;\"><span style=\"color: #b329e6;\">COEDUCACI\u00d3.INCLUSI\u00d3.CONVIV\u00c8NCIA<\/span><\/span><\/strong><\/a><\/p>\n<p><a href=\"https:\/\/drive.google.com\/file\/d\/1VbJnCD0jt5CPhGuIYKcXCkHbfDijufw0\/view?usp=sharing\" target=\"_blank\" rel=\"noopener noreferrer\"><strong>2. RELIGI\u00d3<\/strong><\/a><\/p>\n<p><a href=\"https:\/\/drive.google.com\/open?id=1uc687RFVEGSFg_7gz0LSkeyRUd4a4bpg\" target=\"_blank\" rel=\"noopener noreferrer\"><strong>3. CI\u00c8NCIES SOCIALS<\/strong><\/a><\/p>\n<p><a href=\"https:\/\/drive.google.com\/open?id=148HkOnK_1VQSLK-zHvZ_iraiX007415E\" target=\"_blank\" rel=\"noopener noreferrer\"><strong>4. FILOLOGIA<\/strong><\/a><\/p>\n<p><a href=\"https:\/\/drive.google.com\/file\/d\/18IuZ_dbkjOzRZEKDZbve7HMhwdD_9Krg\/view?usp=sharing\" target=\"_blank\" rel=\"noopener noreferrer\"><strong>5. CI\u00c8NCIES NATURALS<\/strong><\/a><\/p>\n<p><a href=\"https:\/\/drive.google.com\/open?id=1ESGARiCe5xDbFhoSBLT8qRnSkFHqdE2y\" target=\"_blank\" rel=\"noopener noreferrer\"><strong>6. CI\u00c8NCIES APLICADES<\/strong><\/a><\/p>\n<p><a href=\"https:\/\/drive.google.com\/file\/d\/1AyQczmfBmuVDpCb2VZjKkpP9d0j0DZoX\/view?usp=sharing\" target=\"_blank\" rel=\"noopener noreferrer\"><strong>7. BELLES ARTS, DIVERTIMENT, JOCS I ESPORTS<\/strong><\/a><\/p>\n<p><a href=\"https:\/\/drive.google.com\/open?id=1kGQ8O0PHxzF6eyRFgcsJUg6aLwGr89cH\" target=\"_blank\" rel=\"noopener noreferrer\"><strong>8. LITERATURA<\/strong><\/a><\/p>\n<p><a href=\"https:\/\/drive.google.com\/open?id=1HQ2oChUrtMV9ZkyiLH9Mdu21EJ-39zPf\" target=\"_blank\" rel=\"noopener noreferrer\"><strong>9. HIST\u00d2RIA<\/strong><\/a><\/td>\n<\/tr>\n<\/tbody>\n<\/table>\n<div><\/div>\n<div><strong>MALETA SECUND\u00c0RIA CINEMA I LITERATURA<\/strong><\/div>\n<div>\n<p><strong>\u201cCine per tenir ganes de llegir\u201d <\/strong>d\u2019en Ramon Breu<\/p>\n<\/div>\n<p><a href=\"https:\/\/drive.google.com\/file\/d\/1Y5rj1stSa1JTWE7xuhhYPIIzqax4VEXA\/view?usp=sharing\" target=\"_blank\" rel=\"noopener noreferrer\"><img loading=\"lazy\" decoding=\"async\" class=\"alignleft wp-image-9259\" src=\"https:\/\/serveiseducatius.xtec.cat\/segarra\/wp-content\/uploads\/usu1148\/2019\/06\/Sin-t\u00edtulo-1-copia.jpg\" alt=\"\" width=\"207\" height=\"105\" srcset=\"https:\/\/serveiseducatius.xtec.cat\/segarra\/wp-content\/uploads\/usu1148\/2019\/06\/Sin-t\u00edtulo-1-copia.jpg 315w, https:\/\/serveiseducatius.xtec.cat\/segarra\/wp-content\/uploads\/usu1148\/2019\/06\/Sin-t\u00edtulo-1-copia-300x152.jpg 300w\" sizes=\"auto, (max-width: 207px) 100vw, 207px\" \/><\/a><\/p>\n<div><\/div>\n<div>Maleta que cont\u00e9 12 DVD amb propostes per treballar amb els alumnes. Cliqueu a la imatge.<\/div>\n<div><strong>\u00a0<\/strong><\/div>\n<p>&nbsp;<\/p>\n<p>&nbsp;<\/p>\n<p><strong>Altres p\u00e0gines d\u2019inter\u00e9s:<br \/>\n<\/strong><\/p>\n<ul>\n<li><b><a href=\"http:\/\/www.xtec.cat\/web\/recursos\/media\/cinema\" target=\"_blank\" rel=\"nofollow noopener noreferrer\">XTEC Cinema:<\/a><\/b>\u00a0P\u00e0gina del Servei de mitjans audiovisuals del Departament d\u2019Educaci\u00f3. Cont\u00e9 els seg\u00fcents apartats: Eines, Con\u00e8ixer el cinema, Cinema i curr\u00edculum, Experi\u00e8ncies, Videoteca en l\u00ednia.<\/li>\n<li><b><a href=\"http:\/\/www.filmoteca.cat\/web\/sites\/default\/files\/articles\/1111\/documents\/filmo_escoles_2019-2020_f_web.pdf\" target=\"_blank\" rel=\"nofollow noopener noreferrer\">Programa per a centres educatius de la Filmoteca de Catalunya Curs 2019-2020<\/a><\/b><\/li>\n<li><strong><a href=\"http:\/\/www.filmoteca.cat\/web\/serveis-educatius\">Filmoteca de Catalunya<\/a>.<\/strong> Servei educatiu<\/li>\n<li><a href=\"http:\/\/cinema-educacio.blogspot.com.es\/\" target=\"_blank\" rel=\"noopener noreferrer\"><b>Cinema i educaci\u00f3<\/b><\/a>. Bloc amb guies did\u00e0ctiques i pel\u00b7l\u00edcules en ordre alfab\u00e8tic.<\/li>\n<li><b><a href=\"http:\/\/www.cinescola.info\/\" target=\"_blank\" rel=\"nofollow noopener noreferrer\">CineEscola<\/a>:<\/b>\u00a0Espai per difondre propostes did\u00e0ctiques sobre cinema, d\u2019acc\u00e9s gratu\u00eft i en catal\u00e0.<\/li>\n<li><strong><a href=\"http:\/\/www.amnistiacatalunya.org\/edu\/pelis\/lista-salud.html\">Cine i drets humans<\/a><\/strong><\/li>\n<li><a href=\"http:\/\/blocs.xtec.cat\/educaambcurts\"><strong>Educa valors amb curts.<\/strong><\/a><\/li>\n<li><b><a href=\"http:\/\/www.uhu.es\/cine.educacion\/cineyeducacion\/index.htm\" target=\"_blank\" rel=\"nofollow noopener noreferrer\">Cine y educaci\u00f3n<\/a>:<\/b>\u00a0P\u00e0gina sobre did\u00e0ctica del cinema i ensenyament amb cinema. Cont\u00e9 guies i unitats did\u00e0ctiques i una selecci\u00f3 de pel\u00b7l\u00edcules per treballar el cinema a l\u2019educaci\u00f3.<\/li>\n<li><b><a href=\"http:\/\/www.cinemaencurs.org\/\" target=\"_blank\" rel=\"nofollow noopener noreferrer\">Cinema en curs<\/a><\/b>.\u00a0 Veure i fer cinema amb alumnes de 3 a 18 anys, treballant amb docents i cineastes.<b><\/b><\/li>\n<li><b><a href=\"http:\/\/www.dracmagic.cat\/\" target=\"_blank\" rel=\"nofollow noopener noreferrer\">Drac M\u00e0gic<\/a>:<\/b>\u00a0Estudis monogr\u00e0fics sobre diferents pel\u00b7l\u00edcules amb orientacions did\u00e0ctiques i fitxes de treball.<\/li>\n<li><b><a href=\"http:\/\/www.grupiref.org\/cat\/pensar-amb-el-cinema.htm\" target=\"_blank\" rel=\"nofollow noopener noreferrer\">Pensar amb el cinema<\/a>:<\/b> Guies did\u00e0ctiques per treballar: cinema i educaci\u00f3 infantil; drets dels infants i joves; cinema i \u00e8tica; cinema i ciutadania.<\/li>\n<li><a style=\"font-family: inherit; font-size: 1em;\" href=\"http:\/\/www.museudelcinema.cat\/cat\/educacio_programacio.php\" target=\"_blank\" rel=\"nofollow noopener noreferrer\"><b>Museu del Cinema<\/b><\/a><span style=\"font-family: inherit; font-size: 1em;\">. Activitats i recursos per a professorat i l\u2019alumnat.<\/span><\/li>\n<\/ul>\n","protected":false},"excerpt":{"rendered":"<p><a href=\"https:\/\/serveiseducatius.xtec.cat\/segarra\/wp-content\/uploads\/usu1148\/2019\/05\/film-e1559555165328.gif\"><\/a><\/p>\n<p>PEL\u00b7L\u00cdCULES ORDENADES ALFAB\u00c8TICAMENT<br \/>\nPEL\u00b7L\u00cdCULES CLASSIFICADES PER TEMES<\/p>\n<ul>\n<li style=\"list-style-type: none;\">\n<ul>\n<li style=\"list-style-type: none;\">\n<ul>\n<li style=\"list-style-type: none;\">\n<ul>\n<li style=\"list-style-type: none;\">\n<ul>\n<li style=\"list-style-type: none;\">\n<ul>\n<li style=\"text-align: left;\"><a href=\"https:\/\/drive.google.com\/open?id=1Iye8awxjBrjnNg-nmGNwjPLJyZsvyzOW\" target=\"_blank\" rel=\"noopener noreferrer\">DIBUIXOS ANIMATS<\/a><\/li>\n<\/ul>\n<\/li>\n<\/ul>\n<\/li>\n<\/ul>\n<\/li>\n<\/ul>\n<\/li>\n<\/ul>\n<\/li>\n<\/ul>\n<ul>\n<li style=\"list-style-type: none;\">\n<ul>\n<li style=\"list-style-type: none;\">\n<ul>\n<li style=\"list-style-type: none;\">\n<ul>\n<li style=\"list-style-type: none;\">\n<ul>\n<li style=\"list-style-type: none;\">\n<ul>\n<li style=\"text-align: left;\"><a href=\"https:\/\/drive.google.com\/open?id=1RDvQHtlHM1-uyWN72QlFQrUg-mAw4Jkr\" target=\"_blank\" rel=\"noopener noreferrer\">A &#8211; B<\/a><\/li>\n<\/ul>\n<\/li>\n<\/ul>\n<\/li>\n<\/ul>\n<\/li>\n<\/ul>\n<\/li>\n<\/ul>\n<\/li>\n<\/ul>\n<ul>\n<li style=\"list-style-type: none;\">\n<ul>\n<li style=\"list-style-type:&hellip;  <a href=\"https:\/\/serveiseducatius.xtec.cat\/segarra\/filmoteca-crp-de-la-segarra\/\" title=\"Read Filmoteca CRP de la Segarra\">Llegeix m\u00e9s\u00bb<\/a><br \/>\n","protected":false},"author":4,"featured_media":0,"parent":0,"menu_order":1,"comment_status":"closed","ping_status":"closed","template":"","meta":{"_bbp_topic_count":0,"_bbp_reply_count":0,"_bbp_total_topic_count":0,"_bbp_total_reply_count":0,"_bbp_voice_count":0,"_bbp_anonymous_reply_count":0,"_bbp_topic_count_hidden":0,"_bbp_reply_count_hidden":0,"_bbp_forum_subforum_count":0,"footnotes":""},"class_list":["post-9199","page","type-page","status-publish","hentry"],"post_mailing_queue_ids":[],"_links":{"self":[{"href":"https:\/\/serveiseducatius.xtec.cat\/segarra\/wp-json\/wp\/v2\/pages\/9199","targetHints":{"allow":["GET"]}}],"collection":[{"href":"https:\/\/serveiseducatius.xtec.cat\/segarra\/wp-json\/wp\/v2\/pages"}],"about":[{"href":"https:\/\/serveiseducatius.xtec.cat\/segarra\/wp-json\/wp\/v2\/types\/page"}],"author":[{"embeddable":true,"href":"https:\/\/serveiseducatius.xtec.cat\/segarra\/wp-json\/wp\/v2\/users\/4"}],"replies":[{"embeddable":true,"href":"https:\/\/serveiseducatius.xtec.cat\/segarra\/wp-json\/wp\/v2\/comments?post=9199"}],"version-history":[{"count":3,"href":"https:\/\/serveiseducatius.xtec.cat\/segarra\/wp-json\/wp\/v2\/pages\/9199\/revisions"}],"predecessor-version":[{"id":12788,"href":"https:\/\/serveiseducatius.xtec.cat\/segarra\/wp-json\/wp\/v2\/pages\/9199\/revisions\/12788"}],"wp:attachment":[{"href":"https:\/\/serveiseducatius.xtec.cat\/segarra\/wp-json\/wp\/v2\/media?parent=9199"}],"curies":[{"name":"wp","href":"https:\/\/api.w.org\/{rel}","templated":true}]}}