{"id":8895,"date":"2019-02-12T00:18:30","date_gmt":"2019-02-11T23:18:30","guid":{"rendered":"http:\/\/serveiseducatius.xtec.cat\/segarra\/?page_id=8895"},"modified":"2021-07-30T20:29:52","modified_gmt":"2021-07-30T18:29:52","slug":"robots-edison","status":"publish","type":"page","link":"https:\/\/serveiseducatius.xtec.cat\/segarra\/robots-edison\/","title":{"rendered":"Robots Edison V2.0"},"content":{"rendered":"<p><strong><a class=\"css-button-2\" href=\"https:\/\/forms.gle\/7k94KE3Wv4YYnVbE7\" target=\"_blank\" rel=\"noopener\"><span class=\"css-button-2-text\">Fitxa Pr\u00e9stec <\/span><\/a><\/strong><\/p>\n<p><strong><em>14 Robots programables multi-nivells Edison v2.0<\/em><\/strong><\/p>\n<table style=\"border-collapse: collapse; width: 82.5155%; height: 798px;\" border=\"1\">\n<tbody>\n<tr style=\"height: 352px;\">\n<td style=\"width: 36.6667%; height: 352px;\"><a href=\"https:\/\/serveiseducatius.xtec.cat\/segarra\/wp-content\/uploads\/usu1148\/2019\/03\/IMG_8302-e1552562301815.jpg\"><img loading=\"lazy\" decoding=\"async\" class=\"wp-image-8956 aligncenter\" src=\"https:\/\/serveiseducatius.xtec.cat\/segarra\/wp-content\/uploads\/usu1148\/2019\/03\/IMG_8302-e1552562301815.jpg\" alt=\"\" width=\"245\" height=\"326\" srcset=\"https:\/\/serveiseducatius.xtec.cat\/segarra\/wp-content\/uploads\/usu1148\/2019\/03\/IMG_8302-e1552562301815.jpg 480w, https:\/\/serveiseducatius.xtec.cat\/segarra\/wp-content\/uploads\/usu1148\/2019\/03\/IMG_8302-e1552562301815-225x300.jpg 225w\" sizes=\"auto, (max-width: 245px) 100vw, 245px\" \/><\/a><\/p>\n<p>&nbsp;<\/td>\n<td style=\"width: 45.3631%; height: 352px;\"><a href=\"https:\/\/serveiseducatius.xtec.cat\/segarra\/wp-content\/uploads\/usu1148\/2019\/03\/edison-v20-robot-educativo-programable-multi-nivel-600x600.jpg\"><img loading=\"lazy\" decoding=\"async\" class=\"aligncenter size-full wp-image-13603\" src=\"https:\/\/serveiseducatius.xtec.cat\/segarra\/wp-content\/uploads\/usu1148\/2021\/07\/edison.jpg\" alt=\"\" width=\"450\" height=\"336\" srcset=\"https:\/\/serveiseducatius.xtec.cat\/segarra\/wp-content\/uploads\/usu1148\/2021\/07\/edison.jpg 450w, https:\/\/serveiseducatius.xtec.cat\/segarra\/wp-content\/uploads\/usu1148\/2021\/07\/edison-300x224.jpg 300w, https:\/\/serveiseducatius.xtec.cat\/segarra\/wp-content\/uploads\/usu1148\/2021\/07\/edison-200x150.jpg 200w\" sizes=\"auto, (max-width: 450px) 100vw, 450px\" \/><\/a><\/td>\n<\/tr>\n<tr style=\"height: 446px;\">\n<td style=\"width: 36.6667%; height: 446px;\"><img loading=\"lazy\" decoding=\"async\" class=\"aligncenter size-full wp-image-13604\" src=\"https:\/\/serveiseducatius.xtec.cat\/segarra\/wp-content\/uploads\/usu1148\/2021\/07\/edison2.jpg\" alt=\"\" width=\"437\" height=\"406\" srcset=\"https:\/\/serveiseducatius.xtec.cat\/segarra\/wp-content\/uploads\/usu1148\/2021\/07\/edison2.jpg 437w, https:\/\/serveiseducatius.xtec.cat\/segarra\/wp-content\/uploads\/usu1148\/2021\/07\/edison2-300x279.jpg 300w\" sizes=\"auto, (max-width: 437px) 100vw, 437px\" \/><\/td>\n<td style=\"width: 45.3631%; height: 446px;\"><strong>Especificacions T\u00e8cniques:<\/strong><br \/>\n<strong>Mem\u00f2ria<\/strong>: + 5kb de mem\u00f2ria per descarregar programes m\u00e9s grans.<br \/>\n<strong>Programaci\u00f3<\/strong>: Control remot (lectura de codis de barres), gr\u00e0fica (EdBlocks), h\u00edbrida (Edware) i basada en Phyton (EdPy) amb 3 botons de control per aplicar la programaci\u00f3.<br \/>\n<strong>Compatibilitat<\/strong>: Windows, Mac, Linux, iOS, Android i Chrome.<br \/>\n<strong>Bateria<\/strong>: Requereix 4 piles AAA (no incloses). Entra en mode de rep\u00f2s autom\u00e0tic despr\u00e9s de 5 minuts d&#8217;inactivitat.<br \/>\n<strong>Detecci\u00f3 d&#8217;obstacles<\/strong>: Infrarojos utilitzant 2 LEDs (en els frontals dret i esquerre) i un m\u00f2dul receptor d&#8217;infrarojos.<br \/>\n<strong>Control remot:<\/strong> M\u00f2dul receptor IR (38kHz) que pot aprendre codis infrarojos des de la majoria de comandaments de TV \/ DVD.<br \/>\n<strong>Seguiment de l\u00ednia<\/strong>: Fototransistor i led vermell.<br \/>\n<strong>Sensors de llum<\/strong>: 2 fototransistors (frontal dret i esquerre).<br \/>\n<strong>Sensor de so<\/strong>: Transductor piezoel\u00e8ctric.<br \/>\n<strong>Llums<\/strong>: 2 LEDs vermells (Frontal esquerre i dret)<br \/>\n<strong>Processador<\/strong>: Freescale 8-bit MC9S08PA8VLC<br \/>\n<strong>Dimensions<\/strong>: Llarg 7,9 cm. Alt 3,6 cm. Ample 6,4 cm.<br \/>\n<strong>Pes<\/strong>: 249 grams<br \/>\n<strong>Contingut de la Caixa:<\/strong><br \/>\n1 Robot Edison V2.0<br \/>\n1 Cable de programaci\u00f3 EdComm<\/td>\n<\/tr>\n<\/tbody>\n<\/table>\n<p><strong>Edison V2.0<\/strong> \u00e9s un robot programable amb capacitats de moviment aut\u00f2nom i s\u00faper assequible. Dissenyat per a ser un recurs complet d&#8217;ensenyament per a l&#8217;educaci\u00f3 STEM per a estudiants de 4 a 16 anys d&#8217;edat.<br \/>\n\u00c9s compacte, vers\u00e0til i resistent, suporta caigudes i pressions, compta amb un embragatge en cada caixa d&#8217;engranatges evitant aix\u00ed danys als engranatges si les rodes s\u00f3n for\u00e7ades.<\/p>\n<p>Programable. Admet m\u00faltiples maneres de programaci\u00f3 des del m\u00e9s senzill al m\u00e9s avan\u00e7at que poden descarregar-se des de qualsevol dispositiu a trav\u00e9s del cable incl\u00f2s EdComm:<\/p>\n<p style=\"padding-left: 30px;\">1.Programaci\u00f3 per control remot amb EdMat; programes precarregats que s&#8217;activen passant per sobre d&#8217;un codi de barres. Ideal per als m\u00e9s petits, des dels quatre anys, sempre amb l&#8217;ajuda d&#8217;un adult.<\/p>\n<p style=\"text-align: center;\"><a href=\"https:\/\/serveiseducatius.xtec.cat\/segarra\/wp-content\/uploads\/usu1148\/2019\/03\/barres-edison-e1552562834382.jpg\"><img loading=\"lazy\" decoding=\"async\" class=\"alignnone size-full wp-image-8962\" src=\"https:\/\/serveiseducatius.xtec.cat\/segarra\/wp-content\/uploads\/usu1148\/2019\/03\/barres-edison-e1552562834382.jpg\" alt=\"\" width=\"600\" height=\"422\" \/><\/a><\/p>\n<p style=\"padding-left: 30px;\">2. Programaci\u00f3 gr\u00e0fica per blocs amb EDBlocks, perfecte per a la iniciaci\u00f3 i edats compreses entre els 7 i els 12 anys d&#8217;edat.<\/p>\n<p style=\"text-align: center;\"><a href=\"https:\/\/serveiseducatius.xtec.cat\/segarra\/wp-content\/uploads\/usu1148\/2019\/03\/edblocks-e1552563011191.png\"><img loading=\"lazy\" decoding=\"async\" class=\"alignnone size-full wp-image-8963\" src=\"https:\/\/serveiseducatius.xtec.cat\/segarra\/wp-content\/uploads\/usu1148\/2019\/03\/edblocks-e1552563011191.png\" alt=\"\" width=\"600\" height=\"338\" \/><\/a><\/p>\n<p style=\"padding-left: 30px;\">3. Programaci\u00f3 amb llenguatge h\u00edbrid Edware per nivells intermedis i edats compreses entre els 11 i els 12 anys d&#8217;edat.<\/p>\n<p style=\"text-align: center;\"><a href=\"https:\/\/serveiseducatius.xtec.cat\/segarra\/wp-content\/uploads\/usu1148\/2019\/03\/EdWare-1.jpg\"><img loading=\"lazy\" decoding=\"async\" class=\"alignnone size-full wp-image-8966\" src=\"https:\/\/serveiseducatius.xtec.cat\/segarra\/wp-content\/uploads\/usu1148\/2019\/03\/EdWare-1.jpg\" alt=\"\" width=\"1200\" height=\"675\" srcset=\"https:\/\/serveiseducatius.xtec.cat\/segarra\/wp-content\/uploads\/usu1148\/2019\/03\/EdWare-1.jpg 1200w, https:\/\/serveiseducatius.xtec.cat\/segarra\/wp-content\/uploads\/usu1148\/2019\/03\/EdWare-1-300x169.jpg 300w, https:\/\/serveiseducatius.xtec.cat\/segarra\/wp-content\/uploads\/usu1148\/2019\/03\/EdWare-1-768x432.jpg 768w, https:\/\/serveiseducatius.xtec.cat\/segarra\/wp-content\/uploads\/usu1148\/2019\/03\/EdWare-1-1024x576.jpg 1024w\" sizes=\"auto, (max-width: 1200px) 100vw, 1200px\" \/><\/a><\/p>\n<p style=\"padding-left: 30px;\">4. Programaci\u00f3 amb llenguatge Python a trav\u00e9s d&#8217;EdPy per nivells avan\u00e7ats i usuaris majors de 13 anys.<\/p>\n<p><a href=\"https:\/\/serveiseducatius.xtec.cat\/segarra\/wp-content\/uploads\/usu1148\/2019\/03\/EdPy.jpg\"><img loading=\"lazy\" decoding=\"async\" class=\"alignnone size-full wp-image-8967\" src=\"https:\/\/serveiseducatius.xtec.cat\/segarra\/wp-content\/uploads\/usu1148\/2019\/03\/EdPy.jpg\" alt=\"\" width=\"1200\" height=\"675\" srcset=\"https:\/\/serveiseducatius.xtec.cat\/segarra\/wp-content\/uploads\/usu1148\/2019\/03\/EdPy.jpg 1200w, https:\/\/serveiseducatius.xtec.cat\/segarra\/wp-content\/uploads\/usu1148\/2019\/03\/EdPy-300x169.jpg 300w, https:\/\/serveiseducatius.xtec.cat\/segarra\/wp-content\/uploads\/usu1148\/2019\/03\/EdPy-768x432.jpg 768w, https:\/\/serveiseducatius.xtec.cat\/segarra\/wp-content\/uploads\/usu1148\/2019\/03\/EdPy-1024x576.jpg 1024w\" sizes=\"auto, (max-width: 1200px) 100vw, 1200px\" \/><\/a><\/p>\n<p><strong>Compatible amb LEGO\u00ae:<\/strong><\/p>\n<p>El robot Edison V2.0 cont\u00e9 plaques compatibles amb LEGO\u00ae que permeten expandir i dur a terme des de creacions sofisticades fins a sistemes m\u00e9s complicats.<\/p>\n<p>Combinat amb el kit d&#8217;expansi\u00f3 EdCreate que incorpora 115 blocs de construcci\u00f3 addicionals, podrem convertir el nostre robot a una grua, un tanc, una excavadora, 1 portallapis o una m\u00e0quina de fer forats.<\/p>\n<p><strong>Funciona amb infrarojos:<\/strong><\/p>\n<p>El robot Edison V2.0 interactua amb el m\u00f3n a trav\u00e9s d&#8217;emissors i receptors d&#8217;infra vermells (IR). Un Edison V2.0 es pot comunicar amb un altre a trav\u00e9s d&#8217;IR. A m\u00e9s es pot programar i controlar amb comandaments a dist\u00e0ncia de TV i DVD convencionals.<\/p>\n<p><strong>Control de creuer:<\/strong><\/p>\n<p>Edison V2.0 t\u00e9 codificadors de roda. Els codificadors de roda permeten al robot rec\u00f3rrer dist\u00e0ncies espec\u00edfiques a velocitats exactes. Seria una cosa semblant a un control de creuer. Tamb\u00e9 pot rec\u00f3rrer a angles espec\u00edfics (usant EdPyApp.com) i conduir recte, molt recte.<\/p>\n<p><strong>El m\u00e9s complet del mercat:<\/strong><\/p>\n<p>Compta amb m\u00e9s sensors incorporats que qualsevol altre de la seva classe; sensors de so com el detector d&#8217;aplaudiments i brunzits, sensors de llum a esquerra i dreta que combinats amb els LEDs vermells esquerre i dret es converteixen en el perfecte sensor de seguiment de l\u00ednia i LEDs d&#8217;infraroig esquerre i dret que s\u00f3n ideals per evitar obstacles . Tamb\u00e9 est\u00e0 prove\u00eft de llums i sons.<\/p>\n<p><strong>Posada en funcionament:<\/strong><\/p>\n<p>A difer\u00e8ncia d&#8217;altres robots del mercat, l&#8217;Edison V2.0 funciona amb quatre piles AAA que es poden adquirir en gaireb\u00e9 qualsevol establiment, amb l&#8217;opci\u00f3 d&#8217;utilitzar piles recarregables la vida \u00fatil \u00e9s molt superior a una pila convencional.<\/p>\n","protected":false},"excerpt":{"rendered":"<p><a class=\"css-button-2\" href=\"https:\/\/forms.gle\/7k94KE3Wv4YYnVbE7\" target=\"_blank\" rel=\"noopener\">Fitxa Pr\u00e9stec <\/a><br \/>\n14 Robots programables multi-nivells Edison v2.0<\/p>\n<p><a href=\"https:\/\/serveiseducatius.xtec.cat\/segarra\/wp-content\/uploads\/usu1148\/2019\/03\/IMG_8302-e1552562301815.jpg\"><\/a><br \/>\n&nbsp;<br \/>\n<a href=\"https:\/\/serveiseducatius.xtec.cat\/segarra\/wp-content\/uploads\/usu1148\/2019\/03\/edison-v20-robot-educativo-programable-multi-nivel-600x600.jpg\"><\/a><\/p>\n<p>Especificacions T\u00e8cniques:<br \/>\nMem\u00f2ria: + 5kb de mem\u00f2ria per descarregar programes m\u00e9s grans.<br \/>\nProgramaci\u00f3: Control remot (lectura de codis de barres), gr\u00e0fica (EdBlocks), h\u00edbrida (Edware) i basada en Phyton (EdPy) amb 3 botons de control&hellip;  <a href=\"https:\/\/serveiseducatius.xtec.cat\/segarra\/robots-edison\/\" title=\"Read Robots Edison V2.0\">Llegeix m\u00e9s\u00bb<\/a><\/p>\n","protected":false},"author":4,"featured_media":0,"parent":0,"menu_order":3,"comment_status":"closed","ping_status":"closed","template":"","meta":{"_bbp_topic_count":0,"_bbp_reply_count":0,"_bbp_total_topic_count":0,"_bbp_total_reply_count":0,"_bbp_voice_count":0,"_bbp_anonymous_reply_count":0,"_bbp_topic_count_hidden":0,"_bbp_reply_count_hidden":0,"_bbp_forum_subforum_count":0,"footnotes":""},"class_list":["post-8895","page","type-page","status-publish","hentry"],"post_mailing_queue_ids":[],"_links":{"self":[{"href":"https:\/\/serveiseducatius.xtec.cat\/segarra\/wp-json\/wp\/v2\/pages\/8895","targetHints":{"allow":["GET"]}}],"collection":[{"href":"https:\/\/serveiseducatius.xtec.cat\/segarra\/wp-json\/wp\/v2\/pages"}],"about":[{"href":"https:\/\/serveiseducatius.xtec.cat\/segarra\/wp-json\/wp\/v2\/types\/page"}],"author":[{"embeddable":true,"href":"https:\/\/serveiseducatius.xtec.cat\/segarra\/wp-json\/wp\/v2\/users\/4"}],"replies":[{"embeddable":true,"href":"https:\/\/serveiseducatius.xtec.cat\/segarra\/wp-json\/wp\/v2\/comments?post=8895"}],"version-history":[{"count":4,"href":"https:\/\/serveiseducatius.xtec.cat\/segarra\/wp-json\/wp\/v2\/pages\/8895\/revisions"}],"predecessor-version":[{"id":13607,"href":"https:\/\/serveiseducatius.xtec.cat\/segarra\/wp-json\/wp\/v2\/pages\/8895\/revisions\/13607"}],"wp:attachment":[{"href":"https:\/\/serveiseducatius.xtec.cat\/segarra\/wp-json\/wp\/v2\/media?parent=8895"}],"curies":[{"name":"wp","href":"https:\/\/api.w.org\/{rel}","templated":true}]}}