{"id":8732,"date":"2019-01-29T20:23:05","date_gmt":"2019-01-29T19:23:05","guid":{"rendered":"http:\/\/serveiseducatius.xtec.cat\/segarra\/?page_id=8732"},"modified":"2022-04-25T09:31:57","modified_gmt":"2022-04-25T07:31:57","slug":"jocs-florals","status":"publish","type":"page","link":"https:\/\/serveiseducatius.xtec.cat\/segarra\/jocs-florals\/","title":{"rendered":"Jocs Florals Escolars"},"content":{"rendered":"<p><img loading=\"lazy\" decoding=\"async\" class=\"aligncenter size-full wp-image-12029\" src=\"https:\/\/serveiseducatius.xtec.cat\/segarra\/wp-content\/uploads\/usu1148\/2021\/02\/JocsFlorals.png\" alt=\"\" width=\"279\" height=\"130\" \/><\/p>\n<table style=\"border-collapse: collapse; width: 99.4587%; height: 86px;\" border=\"1\">\n<tbody>\n<tr>\n<td style=\"width: 100%; border-color: #f26107; background-color: #ffe4e1;\">Els\u00a0<strong>centres educatius<\/strong>\u00a0han d\u2019escollir els treballs guanyadors i <strong>enviar-los al CRP de la Segarra <\/strong>juntament amb la<strong> fitxa de comunicaci\u00f3 de finalistes <\/strong>degudament omplerta.<\/p>\n<p><strong>Data l\u00edmit: <span style=\"color: #ff0000;\">Fins al 26 abril<\/span><\/strong><\/td>\n<\/tr>\n<\/tbody>\n<\/table>\n<p>La convocat\u00f2ria dels\u00a0<a href=\"http:\/\/xtec.gencat.cat\/ca\/centres\/alscentres\/premis\/jocsflorals\/2122\/\" target=\"_blank\" rel=\"noopener noreferrer\"><strong>Jocs Florals Escolars de Catalunya<\/strong><\/a>\u00a0s\u2019adre\u00e7a als centres d\u2019educaci\u00f3 prim\u00e0ria i educaci\u00f3 secund\u00e0ria obligat\u00f2ria amb la finalitat d\u2019estimular l\u2019expressi\u00f3 escrita dels alumnes, aprofitant una tradici\u00f3 cultural ben arrelada a Catalunya que molts centres escolars de fet ja celebren als seus municipis o comarques.<\/p>\n<p>L\u2019objectiu dels Jocs Florals \u00e9s potenciar i estimular l\u2019expressi\u00f3 i producci\u00f3 escrita dels nois i les noies i fomentar una tradici\u00f3 cultural pr\u00f2pia i arrelada al pa\u00eds.<\/p>\n<p class=\"m_-3142464949492231487gmail-MsoBodyText\"><span style=\"color: #ff0000;\"><strong>Novetats<\/strong><\/span><\/p>\n<p><span style=\"font-weight: 400;\">*Hi haur\u00e0 categories espec\u00edfiques per <strong>prosa<\/strong> i <strong>poesia<\/strong>.<\/span><\/p>\n<p><span style=\"font-weight: 400;\">*Les categories d\u2019educaci\u00f3 prim\u00e0ria i totes les d\u2019educaci\u00f3 especial (prim\u00e0ria i secund\u00e0ria)\u00a0 ser\u00e0n de <strong>participaci\u00f3 grupal<\/strong> i les de secund\u00e0ria F1, F2, G1 i G2 seran <strong>individuals<\/strong>.<\/span><\/p>\n<blockquote>\n<table style=\"height: 449px; border-style: double; border-color: #6e2121; width: 59.7801%;\">\n<tbody>\n<tr style=\"height: 95px;\">\n<td style=\"height: 95px; width: 446px; border-color: #470c0c; border-style: solid;\" colspan=\"2\" bgcolor=\"#FFE4E1\">\n<p style=\"text-align: center;\"><span style=\"font-weight: 400;\">EDUCACI\u00d3 PRIM\u00c0RIA<\/span><\/p>\n<p style=\"text-align: center;\"><span style=\"font-weight: 400; color: #800000;\">(PARTICIPACI\u00d3 COL\u00b7LECTIVA)<\/span><\/p>\n<\/td>\n<td style=\"height: 95px; width: 407px; border-color: #470c0c; border-style: solid;\" colspan=\"2\" bgcolor=\"#FFE4E1\">\n<p style=\"text-align: center;\"><span style=\"font-weight: 400;\">EDUCACI\u00d3 SECUND\u00c0RIA OBLIGAT\u00d2RIA\u00a0<\/span><\/p>\n<\/td>\n<\/tr>\n<tr style=\"height: 95px;\">\n<td style=\"text-align: center; height: 95px; width: 220px; border-color: #470c0c; border-style: solid;\"><span style=\"font-weight: 400;\">EDUCACI\u00d3 PRIM\u00c0RIA<\/span><\/p>\n<p><span style=\"font-weight: 400;\">(<strong>modalitat prosa<\/strong>)<\/span><\/td>\n<td style=\"text-align: center; height: 95px; width: 224px; border-color: #470c0c; border-style: solid;\"><span style=\"font-weight: 400;\">EDUCACI\u00d3 PRIM\u00c0RIA<\/span><\/p>\n<p><span style=\"font-weight: 400;\">(<strong>modalitat poesia<\/strong>)<\/span><\/td>\n<td style=\"text-align: center; height: 95px; width: 201px; border-color: #470c0c; border-style: solid;\"><span style=\"font-weight: 400;\">ESO <\/span><\/p>\n<p><span style=\"font-weight: 400;\">(<strong>modalitat prosa<\/strong>)<\/span><\/td>\n<td style=\"text-align: center; height: 95px; width: 204px; border-color: #470c0c; border-style: solid;\"><span style=\"font-weight: 400;\">ESO<\/span><\/p>\n<p><span style=\"font-weight: 400;\">(<strong>modalitat poesia<\/strong>)<\/span><\/td>\n<\/tr>\n<tr style=\"height: 76px;\">\n<td style=\"height: 76px; width: 220px; border-color: #470c0c; border-style: solid;\"><span style=\"font-weight: 400;\">A1\u2013 Alumnat del cicle inicial d\u2019educaci\u00f3 prim\u00e0ria prosa.<\/span><\/td>\n<td style=\"height: 76px; width: 224px; border-color: #470c0c; border-style: solid;\"><span style=\"font-weight: 400;\">A2\u2013Alumnat del cicle inicial d\u2019educaci\u00f3 prim\u00e0ria poesia.<\/span><\/td>\n<td style=\"height: 76px; width: 201px; border-color: #470c0c; border-style: solid;\"><span style=\"font-weight: 400;\">E1 \u2013 Alumnat d\u2019educaci\u00f3 especial d\u2019educaci\u00f3 secund\u00e0ria obligat\u00f2ria prosa.<\/span><\/p>\n<p><span style=\"color: #800000;\">(participaci\u00f3 col\u00b7lectiva)<\/span><\/td>\n<td style=\"height: 76px; width: 204px; border-color: #470c0c; border-style: solid;\"><span style=\"font-weight: 400;\">E2\u2013 Alumnat d\u2019educaci\u00f3 especial d\u2019educaci\u00f3 secund\u00e0ria obligat\u00f2ria poesia.<\/span><\/p>\n<p><span style=\"color: #800000;\">(participaci\u00f3 col\u00b7lectiva)<\/span><\/td>\n<\/tr>\n<tr style=\"height: 61px;\">\n<td style=\"height: 61px; width: 220px; border-color: #470c0c; border-style: solid;\">\n<ul>\n<li><span style=\"font-weight: 400;\">B1\u2013 Alumnat del cicle mitj\u00e0 d\u2019educaci\u00f3 prim\u00e0ria prosa. .<\/span><\/li>\n<\/ul>\n<\/td>\n<td style=\"height: 61px; width: 224px; border-color: #470c0c; border-style: solid;\"><span style=\"font-weight: 400;\">B2\u2013 Alumnat del cicle mitj\u00e0 d\u2019educaci\u00f3 prim\u00e0ria poesia.<\/span><\/td>\n<td style=\"height: 61px; width: 201px; border-color: #470c0c; border-style: solid;\"><span style=\"font-weight: 400;\">F1 \u2013 Alumnat de 1r i 2n d\u2019educaci\u00f3 secund\u00e0ria obligat\u00f2ria prosa.<\/span><\/p>\n<p><span style=\"color: #800000;\">(participaci\u00f3 individual)<\/span><\/td>\n<td style=\"height: 61px; width: 204px; border-color: #470c0c; border-style: solid;\"><span style=\"font-weight: 400;\">F2 \u2013 Alumnat de 1r i 2n d\u2019educaci\u00f3 secund\u00e0ria obligat\u00f2ria poesia.<\/span><\/p>\n<p><span style=\"color: #800000;\">(participaci\u00f3 individual)<\/span><\/td>\n<\/tr>\n<tr style=\"height: 61px;\">\n<td style=\"height: 61px; width: 220px; border-color: #470c0c; border-style: solid;\">\n<ul>\n<li><span style=\"font-weight: 400;\">C1\u2013 Alumnat del cicle superior d\u2019educaci\u00f3 prim\u00e0ria prosa. .<\/span><\/li>\n<\/ul>\n<\/td>\n<td style=\"height: 61px; width: 224px; border-color: #470c0c; border-style: solid;\"><span style=\"font-weight: 400;\">C2\u2013 Alumnat del cicle superior d\u2019educaci\u00f3 prim\u00e0ria poesia.<\/span><\/td>\n<td style=\"height: 61px; width: 201px; border-color: #470c0c; border-style: solid;\"><span style=\"font-weight: 400;\">G1 \u2013 Alumnat de 3r i 4t d\u2019educaci\u00f3 secund\u00e0ria obligat\u00f2ria prosa.<\/span><\/p>\n<p><span style=\"color: #800000;\">(participaci\u00f3 individual)<\/span><\/td>\n<td style=\"height: 61px; width: 204px; border-color: #470c0c; border-style: solid;\"><span style=\"font-weight: 400;\">G2 \u2013 Alumnat de 3r i 4t d\u2019educaci\u00f3 secund\u00e0ria obligat\u00f2ria poesia<\/span><\/p>\n<p><span style=\"color: #800000;\">(participaci\u00f3 individual)<\/span><\/td>\n<\/tr>\n<tr style=\"height: 61px;\">\n<td style=\"height: 61px; width: 220px; border-color: #470c0c; border-style: solid;\"><span style=\"font-weight: 400;\">D1 \u2013 Alumnat d\u2019educaci\u00f3 especial d\u2019educaci\u00f3 prim\u00e0ria prosa.<\/span><\/td>\n<td style=\"height: 61px; width: 224px; border-color: #470c0c; border-style: solid;\"><span style=\"font-weight: 400;\">D2 \u2013 Alumnat d\u2019educaci\u00f3 especial d\u2019educaci\u00f3 prim\u00e0ria poesia.<\/span><\/td>\n<td style=\"height: 61px; border-color: #470c0c; border-style: solid;\">&nbsp;<\/td>\n<td style=\"border-color: #470c0c; border-style: solid; height: 61px;\">&nbsp;<\/td>\n<\/tr>\n<tr style=\"height: 61px;\">\n<td style=\"height: 61px; width: 446px; border-color: #470c0c; border-style: solid;\" colspan=\"2\"><span style=\"font-weight: 400;\">H \u2013 <strong>Conte audiovisual i il\u00b7lustrat<\/strong> per a tot l&#8217;alumnat de <strong>prim\u00e0ria<\/strong>. El treball guanyador d\u2019aquesta categoria ser\u00e0 produ\u00eft pel Canal Super3, pel programa \u201cUna m\u00e0 de contes\u201d.<\/span><\/td>\n<td style=\"height: 61px; width: 407px; border-color: #470c0c; border-style: solid;\" colspan=\"2\"><\/td>\n<\/tr>\n<\/tbody>\n<\/table>\n<ul>\n<li><a href=\"http:\/\/xtec.gencat.cat\/ca\/centres\/alscentres\/premis\/jocsflorals\/1920\/\" target=\"_blank\" rel=\"noopener noreferrer\"><strong>Acc\u00e9s a materials i recursos<\/strong><\/a><strong>\u00a0(<\/strong>XTEC)<\/li>\n<\/ul>\n<p>En el bloc\u00a0<a href=\"https:\/\/blocs.xtec.cat\/jocsflorals-conteaudiovisual\/projecte\/#_ga=2.154236280.1139274258.1581010985-1043086999.1563464710\" target=\"_blank\" rel=\"noopener noreferrer\"><strong>Conte audiovisual il\u00b7lustrat\u00a0<\/strong><\/a>podeu trobar una proposta \u00a0per a treballar el conte audiovisual com a projecte de treball interdisciplinari, aix\u00ed com un llistat <a href=\"https:\/\/serveiseducatius.xtec.cat\/segarra\/wp-content\/uploads\/usu1148\/2019\/01\/baixa.jpg\"><img loading=\"lazy\" decoding=\"async\" class=\"alignright wp-image-8739\" src=\"https:\/\/serveiseducatius.xtec.cat\/segarra\/wp-content\/uploads\/usu1148\/2019\/01\/baixa-300x115.jpg\" alt=\"\" width=\"250\" height=\"96\" srcset=\"https:\/\/serveiseducatius.xtec.cat\/segarra\/wp-content\/uploads\/usu1148\/2019\/01\/baixa-300x115.jpg 300w, https:\/\/serveiseducatius.xtec.cat\/segarra\/wp-content\/uploads\/usu1148\/2019\/01\/baixa.jpg 362w\" sizes=\"auto, (max-width: 250px) 100vw, 250px\" \/><\/a>de recursos d\u2019\u00e0udio i v\u00eddeo que es pot utilitzar per a l\u2019elaboraci\u00f3 del conte audiovisual<\/p>\n<ul>\n<li style=\"list-style-type: none;\">\n<ul style=\"list-style-type: disc;\">\n<li>Acc\u00e9s a les <strong><a href=\"http:\/\/xtec.gencat.cat\/web\/.content\/centres\/alscentres\/premis\/jocsflorals\/2122\/Bases-IX-Jocs-Florals.pdf\" target=\"_blank\" rel=\"noopener noreferrer\">Bases dels VIII Jocs Florals Escolars de Catalunya 2022<\/a>.\u00a0<\/strong><\/li>\n<li>Acc\u00e9s a les<strong>\u00a0<a href=\"http:\/\/xtec.gencat.cat\/web\/.content\/centres\/alscentres\/premis\/jocsflorals\/2122\/Bases-categoria-H-conte-audiovisual-2122.pdf\" target=\"_blank\" rel=\"noopener noreferrer\">Bases del Conte Audiovisual Il\u00b7lustrat 2022.<\/a><\/strong><\/li>\n<\/ul>\n<\/li>\n<\/ul>\n<p><a href=\"https:\/\/serveiseducatius.xtec.cat\/segarra\/?s=Jocs+florals\">M\u00e9s informaci\u00f3<\/a><\/p><\/blockquote>\n","protected":false},"excerpt":{"rendered":"<p>Els\u00a0centres educatius\u00a0han d\u2019escollir els treballs guanyadors i enviar-los al CRP de la Segarra juntament amb la fitxa de comunicaci\u00f3 de finalistes degudament omplerta.<br \/>\nData l\u00edmit: Fins al 26 abril<\/p>\n<p>La convocat\u00f2ria dels\u00a0<a href=\"http:\/\/xtec.gencat.cat\/ca\/centres\/alscentres\/premis\/jocsflorals\/2122\/\" target=\"_blank\" rel=\"noopener noreferrer\">Jocs Florals Escolars de Catalunya<\/a>\u00a0s\u2019adre\u00e7a als centres d\u2019educaci\u00f3 prim\u00e0ria i educaci\u00f3 secund\u00e0ria&hellip;  <a href=\"https:\/\/serveiseducatius.xtec.cat\/segarra\/jocs-florals\/\" title=\"Read Jocs Florals Escolars\">Llegeix m\u00e9s\u00bb<\/a><\/p>\n","protected":false},"author":1,"featured_media":0,"parent":0,"menu_order":0,"comment_status":"closed","ping_status":"closed","template":"","meta":{"_bbp_topic_count":0,"_bbp_reply_count":0,"_bbp_total_topic_count":0,"_bbp_total_reply_count":0,"_bbp_voice_count":0,"_bbp_anonymous_reply_count":0,"_bbp_topic_count_hidden":0,"_bbp_reply_count_hidden":0,"_bbp_forum_subforum_count":0,"footnotes":""},"class_list":["post-8732","page","type-page","status-publish","hentry"],"post_mailing_queue_ids":[],"_links":{"self":[{"href":"https:\/\/serveiseducatius.xtec.cat\/segarra\/wp-json\/wp\/v2\/pages\/8732","targetHints":{"allow":["GET"]}}],"collection":[{"href":"https:\/\/serveiseducatius.xtec.cat\/segarra\/wp-json\/wp\/v2\/pages"}],"about":[{"href":"https:\/\/serveiseducatius.xtec.cat\/segarra\/wp-json\/wp\/v2\/types\/page"}],"author":[{"embeddable":true,"href":"https:\/\/serveiseducatius.xtec.cat\/segarra\/wp-json\/wp\/v2\/users\/1"}],"replies":[{"embeddable":true,"href":"https:\/\/serveiseducatius.xtec.cat\/segarra\/wp-json\/wp\/v2\/comments?post=8732"}],"version-history":[{"count":3,"href":"https:\/\/serveiseducatius.xtec.cat\/segarra\/wp-json\/wp\/v2\/pages\/8732\/revisions"}],"predecessor-version":[{"id":16169,"href":"https:\/\/serveiseducatius.xtec.cat\/segarra\/wp-json\/wp\/v2\/pages\/8732\/revisions\/16169"}],"wp:attachment":[{"href":"https:\/\/serveiseducatius.xtec.cat\/segarra\/wp-json\/wp\/v2\/media?parent=8732"}],"curies":[{"name":"wp","href":"https:\/\/api.w.org\/{rel}","templated":true}]}}