{"id":8404,"date":"2018-12-10T16:12:59","date_gmt":"2018-12-10T15:12:59","guid":{"rendered":"http:\/\/serveiseducatius.xtec.cat\/segarra\/?page_id=8404"},"modified":"2022-03-09T13:57:34","modified_gmt":"2022-03-09T12:57:34","slug":"segarra-didactics","status":"publish","type":"page","link":"https:\/\/serveiseducatius.xtec.cat\/segarra\/recursos\/dossiers-didactics-de-la-comarca-de-la-segarra\/segarra-didactics\/","title":{"rendered":"COL\u00b7LECCI\u00d3 &#8220;SEGARRA DID\u00c0CTICS&#8221;"},"content":{"rendered":"<p>Itineraris publicats en versi\u00f3 digital. Els n\u00fameros 01, 02, 03 i 04 a m\u00e9s a m\u00e9s de format digital, estan publicats en versi\u00f3 impresa. Aquesta versi\u00f3 estar\u00e0<strong>\u00a0<\/strong>disponible fins a exhaurir exist\u00e8ncies.<br \/>\nEn cada itinerari podreu trobar la versi\u00f3 de l&#8217;alumne i la versi\u00f3 per imprimir. En alguns dossiers s&#8217;inclou un banc d&#8217;imatges.<\/p>\n<p>Per accedir al material del professor, siusplau, contacteu al <a href=\"mailto:crp-segarra@xtec.cat\" target=\"_blank\" rel=\"noopener noreferrer\">crp-segarra<span class=\"\">@xtec.cat<\/span><\/a><\/p>\n<p>La maquetaci\u00f3 i publicaci\u00f3 ha estat possible gr\u00e0cies a la col\u00b7laboraci\u00f3 de l&#8217;Institut d&#8217;Estudis Ilerdencs i el Servei Educatiu de la Segarra, Centre de Recursos Pedag\u00f2gics (Serveis Territorials d&#8217;Educaci\u00f3 a Lleida, Alt Pirineu i Aran)<\/p>\n<p>ISSN 2696-9181 (versi\u00f3 impresa)<br \/>\nISSN 2696-919X (versi\u00f3 digital)<\/p>\n<table class=\"sensevora\">\n<tbody>\n<tr>\n<td><img loading=\"lazy\" decoding=\"async\" class=\"size-full wp-image-8517 aligncenter\" src=\"https:\/\/serveiseducatius.xtec.cat\/segarra\/wp-content\/uploads\/usu1148\/2018\/12\/diputacio-petit-e1548849580272.gif\" alt=\"\" width=\"150\" height=\"75\" \/><\/td>\n<td><img loading=\"lazy\" decoding=\"async\" class=\"size-full wp-image-8657 aligncenter\" src=\"https:\/\/serveiseducatius.xtec.cat\/segarra\/wp-content\/uploads\/usu1148\/2019\/01\/IEI-e1548849527806.jpg\" alt=\"\" width=\"100\" height=\"55\" \/><\/td>\n<td><img loading=\"lazy\" decoding=\"async\" class=\"wp-image-11257 aligncenter\" src=\"https:\/\/serveiseducatius.xtec.cat\/segarra\/wp-content\/uploads\/usu1148\/2020\/10\/servei-educatiu.gif\" alt=\"\" width=\"118\" height=\"55\" \/><\/td>\n<td><img loading=\"lazy\" decoding=\"async\" class=\"size-full wp-image-11258 aligncenter\" src=\"https:\/\/serveiseducatius.xtec.cat\/segarra\/wp-content\/uploads\/usu1148\/2020\/10\/departament-educacio.gif\" alt=\"\" width=\"200\" height=\"47\" \/><\/td>\n<td><img loading=\"lazy\" decoding=\"async\" class=\"wp-image-9007 alignnone\" src=\"https:\/\/serveiseducatius.xtec.cat\/segarra\/wp-content\/uploads\/usu1148\/2019\/03\/LOGO-ILS-AMB-BONA-RESOLUCIO\u0301.jpg\" alt=\"\" width=\"167\" height=\"60\" srcset=\"https:\/\/serveiseducatius.xtec.cat\/segarra\/wp-content\/uploads\/usu1148\/2019\/03\/LOGO-ILS-AMB-BONA-RESOLUCIO\u0301.jpg 1800w, https:\/\/serveiseducatius.xtec.cat\/segarra\/wp-content\/uploads\/usu1148\/2019\/03\/LOGO-ILS-AMB-BONA-RESOLUCIO\u0301-300x108.jpg 300w, https:\/\/serveiseducatius.xtec.cat\/segarra\/wp-content\/uploads\/usu1148\/2019\/03\/LOGO-ILS-AMB-BONA-RESOLUCIO\u0301-768x277.jpg 768w, https:\/\/serveiseducatius.xtec.cat\/segarra\/wp-content\/uploads\/usu1148\/2019\/03\/LOGO-ILS-AMB-BONA-RESOLUCIO\u0301-1024x369.jpg 1024w\" sizes=\"auto, (max-width: 167px) 100vw, 167px\" \/><\/td>\n<\/tr>\n<\/tbody>\n<\/table>\n<table style=\"border-collapse: collapse; width: 72.2813%;\" border=\"1\">\n<tbody>\n<tr>\n<td style=\"width: 25.3308%; text-align: center;\"><strong>01.<\/strong> <a href=\"https:\/\/drive.google.com\/drive\/folders\/10aZwCYR6IC-rdSpl-OXF6GK69YlYMRrg?usp=sharing\" target=\"_blank\" rel=\"noopener\"><strong>ITINERARI DEL TORRENT SALAT<\/strong><\/a><\/td>\n<td style=\"width: 24.8837%; text-align: center;\"><strong>02.<\/strong><a href=\"https:\/\/drive.google.com\/drive\/folders\/1ese1xWxJMAIJKaeiY-5ye8j6t_OptJcm?usp=sharing\" target=\"_blank\" rel=\"noopener\"> <strong>ITINERARI GEOL\u00d2GIC PER LA SEGARRA<\/strong><\/a><\/td>\n<td style=\"width: 22.0043%; text-align: center;\"><strong>03.<\/strong> <a href=\"https:\/\/drive.google.com\/drive\/folders\/17hVBj_inQRrzmNHVv_hGN3Mu7DdJaiCG?usp=sharing\" target=\"_blank\" rel=\"noopener noreferrer\"><strong>ITINERARI BOT\u00c0NIC<\/strong><\/a><\/td>\n<\/tr>\n<tr>\n<td style=\"width: 25.3308%;\"><a href=\"https:\/\/drive.google.com\/drive\/folders\/10aZwCYR6IC-rdSpl-OXF6GK69YlYMRrg?usp=sharing\" target=\"_blank\" rel=\"noopener noreferrer\"><img loading=\"lazy\" decoding=\"async\" class=\"aligncenter wp-image-8651 size-medium\" src=\"https:\/\/serveiseducatius.xtec.cat\/segarra\/wp-content\/uploads\/usu1148\/2019\/01\/torrent-salat-219x300.jpg\" alt=\"\" width=\"219\" height=\"300\" srcset=\"https:\/\/serveiseducatius.xtec.cat\/segarra\/wp-content\/uploads\/usu1148\/2019\/01\/torrent-salat-219x300.jpg 219w, https:\/\/serveiseducatius.xtec.cat\/segarra\/wp-content\/uploads\/usu1148\/2019\/01\/torrent-salat.jpg 307w\" sizes=\"auto, (max-width: 219px) 100vw, 219px\" \/><\/a><\/td>\n<td style=\"width: 24.8837%;\"><a href=\"https:\/\/drive.google.com\/drive\/folders\/1ese1xWxJMAIJKaeiY-5ye8j6t_OptJcm?usp=sharing\" target=\"_blank\" rel=\"noopener noreferrer\"><img loading=\"lazy\" decoding=\"async\" class=\"aligncenter wp-image-8422 size-medium\" src=\"https:\/\/serveiseducatius.xtec.cat\/segarra\/wp-content\/uploads\/usu1148\/2018\/12\/geologic-207x300.jpg\" alt=\"\" width=\"207\" height=\"300\" \/><\/a><\/td>\n<td style=\"width: 22.0043%;\"><a href=\"https:\/\/drive.google.com\/drive\/folders\/17hVBj_inQRrzmNHVv_hGN3Mu7DdJaiCG?usp=sharing\" target=\"_blank\" rel=\"noopener noreferrer\"><img loading=\"lazy\" decoding=\"async\" class=\"aligncenter wp-image-8421 size-medium\" src=\"https:\/\/serveiseducatius.xtec.cat\/segarra\/wp-content\/uploads\/usu1148\/2018\/12\/botanic-208x300.jpg\" alt=\"\" width=\"208\" height=\"300\" \/><\/a><\/td>\n<\/tr>\n<tr>\n<td style=\"width: 25.3308%; text-align: center;\"><strong>04<\/strong>. <a href=\"https:\/\/drive.google.com\/open?id=1dg7SdHDIDOaM-aN-bjCdZB5uOK9Aj0P-\" target=\"_blank\" rel=\"noopener noreferrer\"><strong>ITINERARI NATURALISTA BASSA PALOUET<\/strong><\/a><\/td>\n<td style=\"width: 24.8837%;\"><strong>05<\/strong>. <a href=\"https:\/\/drive.google.com\/drive\/folders\/1Cg-swG7GxTyLsc_xHqHiAJuKauwNbOCg?usp=sharing\" target=\"_blank\" rel=\"noopener\"><strong>ESTUDI D&#8217;UN ECOSISTEMA FORESTAL: EL CARRASCAR<\/strong><\/a><\/td>\n<td style=\"width: 22.0043%;\"><\/td>\n<\/tr>\n<tr>\n<td style=\"width: 25.3308%;\"><a href=\"https:\/\/drive.google.com\/open?id=1dg7SdHDIDOaM-aN-bjCdZB5uOK9Aj0P-\" target=\"_blank\" rel=\"noopener noreferrer\"><img loading=\"lazy\" decoding=\"async\" class=\"aligncenter wp-image-9225 size-full\" src=\"https:\/\/serveiseducatius.xtec.cat\/segarra\/wp-content\/uploads\/usu1148\/2019\/05\/bassa-palouet.gif\" alt=\"\" width=\"224\" height=\"315\" \/><\/a><\/td>\n<td style=\"width: 24.8837%; text-align: center;\"><a href=\"https:\/\/drive.google.com\/drive\/folders\/1Cg-swG7GxTyLsc_xHqHiAJuKauwNbOCg?usp=sharing\" target=\"_blank\" rel=\"noopener\"><img loading=\"lazy\" decoding=\"async\" class=\"aligncenter wp-image-15822 size-full\" src=\"https:\/\/serveiseducatius.xtec.cat\/segarra\/wp-content\/uploads\/usu1148\/2022\/03\/CARRASCAR.jpg\" alt=\"\" width=\"225\" height=\"321\" srcset=\"https:\/\/serveiseducatius.xtec.cat\/segarra\/wp-content\/uploads\/usu1148\/2022\/03\/CARRASCAR.jpg 225w, https:\/\/serveiseducatius.xtec.cat\/segarra\/wp-content\/uploads\/usu1148\/2022\/03\/CARRASCAR-210x300.jpg 210w\" sizes=\"auto, (max-width: 225px) 100vw, 225px\" \/><\/a><\/td>\n<td style=\"width: 22.0043%; text-align: center;\"><\/td>\n<\/tr>\n<\/tbody>\n<\/table>\n<p>&nbsp;<\/p>\n","protected":false},"excerpt":{"rendered":"<p>Itineraris publicats en versi\u00f3 digital. Els n\u00fameros 01, 02, 03 i 04 a m\u00e9s a m\u00e9s de format digital, estan publicats en versi\u00f3 impresa. Aquesta versi\u00f3 estar\u00e0\u00a0disponible fins a exhaurir exist\u00e8ncies.<br \/>\nEn cada itinerari podreu trobar la versi\u00f3 de l&#8217;alumne i la versi\u00f3 per imprimir. En&hellip;  <a href=\"https:\/\/serveiseducatius.xtec.cat\/segarra\/recursos\/dossiers-didactics-de-la-comarca-de-la-segarra\/segarra-didactics\/\" title=\"Read COL\u00b7LECCI\u00d3 &#8220;SEGARRA DID\u00c0CTICS&#8221;\">Llegeix m\u00e9s\u00bb<\/a><\/p>\n","protected":false},"author":4,"featured_media":0,"parent":11279,"menu_order":1,"comment_status":"closed","ping_status":"closed","template":"","meta":{"_bbp_topic_count":0,"_bbp_reply_count":0,"_bbp_total_topic_count":0,"_bbp_total_reply_count":0,"_bbp_voice_count":0,"_bbp_anonymous_reply_count":0,"_bbp_topic_count_hidden":0,"_bbp_reply_count_hidden":0,"_bbp_forum_subforum_count":0,"footnotes":""},"class_list":["post-8404","page","type-page","status-publish","hentry"],"post_mailing_queue_ids":[],"_links":{"self":[{"href":"https:\/\/serveiseducatius.xtec.cat\/segarra\/wp-json\/wp\/v2\/pages\/8404","targetHints":{"allow":["GET"]}}],"collection":[{"href":"https:\/\/serveiseducatius.xtec.cat\/segarra\/wp-json\/wp\/v2\/pages"}],"about":[{"href":"https:\/\/serveiseducatius.xtec.cat\/segarra\/wp-json\/wp\/v2\/types\/page"}],"author":[{"embeddable":true,"href":"https:\/\/serveiseducatius.xtec.cat\/segarra\/wp-json\/wp\/v2\/users\/4"}],"replies":[{"embeddable":true,"href":"https:\/\/serveiseducatius.xtec.cat\/segarra\/wp-json\/wp\/v2\/comments?post=8404"}],"version-history":[{"count":4,"href":"https:\/\/serveiseducatius.xtec.cat\/segarra\/wp-json\/wp\/v2\/pages\/8404\/revisions"}],"predecessor-version":[{"id":15861,"href":"https:\/\/serveiseducatius.xtec.cat\/segarra\/wp-json\/wp\/v2\/pages\/8404\/revisions\/15861"}],"up":[{"embeddable":true,"href":"https:\/\/serveiseducatius.xtec.cat\/segarra\/wp-json\/wp\/v2\/pages\/11279"}],"wp:attachment":[{"href":"https:\/\/serveiseducatius.xtec.cat\/segarra\/wp-json\/wp\/v2\/media?parent=8404"}],"curies":[{"name":"wp","href":"https:\/\/api.w.org\/{rel}","templated":true}]}}