{"id":8095,"date":"2016-03-16T17:24:21","date_gmt":"2016-03-16T16:24:21","guid":{"rendered":"http:\/\/serveiseducatius.xtec.cat\/segarra\/?page_id=8095"},"modified":"2024-12-16T12:57:56","modified_gmt":"2024-12-16T11:57:56","slug":"servei-comunitari","status":"publish","type":"page","link":"https:\/\/serveiseducatius.xtec.cat\/segarra\/comunitat\/servei-comunitari\/","title":{"rendered":"Servei Comunitari"},"content":{"rendered":"<table class=\"sensevora\">\n<tbody>\n<tr>\n<td style=\"width: 25%;\"><a href=\"https:\/\/drive.google.com\/file\/d\/1IiMA6Ocpd5nM1WuUELPVHbIsWjTo9eCO\/view?usp=drive_link\" target=\"_blank\" rel=\"noopener\"><img loading=\"lazy\" decoding=\"async\" class=\"aligncenter wp-image-20526 size-medium\" src=\"https:\/\/serveiseducatius.xtec.cat\/segarra\/wp-content\/uploads\/usu1148\/2024\/03\/INS-GUISSONA-300x141.jpg\" alt=\"\" width=\"300\" height=\"141\" srcset=\"https:\/\/serveiseducatius.xtec.cat\/segarra\/wp-content\/uploads\/usu1148\/2024\/03\/INS-GUISSONA-300x141.jpg 300w, https:\/\/serveiseducatius.xtec.cat\/segarra\/wp-content\/uploads\/usu1148\/2024\/03\/INS-GUISSONA-1024x482.jpg 1024w, https:\/\/serveiseducatius.xtec.cat\/segarra\/wp-content\/uploads\/usu1148\/2024\/03\/INS-GUISSONA-768x362.jpg 768w, https:\/\/serveiseducatius.xtec.cat\/segarra\/wp-content\/uploads\/usu1148\/2024\/03\/INS-GUISSONA.jpg 1111w\" sizes=\"auto, (max-width: 300px) 100vw, 300px\" \/><\/a><\/td>\n<td style=\"width: 25%;\"><a href=\"https:\/\/drive.google.com\/file\/d\/1xT-NY9NlEZsAV8LY3a2Pw81sLqB2KhM7\/view?usp=drive_link\" target=\"_blank\" rel=\"noopener\"><img loading=\"lazy\" decoding=\"async\" class=\"aligncenter wp-image-9514 size-medium\" src=\"https:\/\/serveiseducatius.xtec.cat\/segarra\/wp-content\/uploads\/usu1148\/2019\/11\/FEDAC-GUISSONA01-300x169.jpg\" alt=\"\" width=\"300\" height=\"169\" srcset=\"https:\/\/serveiseducatius.xtec.cat\/segarra\/wp-content\/uploads\/usu1148\/2019\/11\/FEDAC-GUISSONA01-300x169.jpg 300w, https:\/\/serveiseducatius.xtec.cat\/segarra\/wp-content\/uploads\/usu1148\/2019\/11\/FEDAC-GUISSONA01.jpg 400w\" sizes=\"auto, (max-width: 300px) 100vw, 300px\" \/><\/a><\/td>\n<td style=\"width: 25%;\"><a href=\"https:\/\/drive.google.com\/file\/d\/1PBraYlgaWoq7PifDoTct71atJNjojZzi\/view?usp=drive_link\" target=\"_blank\" rel=\"noopener\"><img loading=\"lazy\" decoding=\"async\" class=\"aligncenter wp-image-20527 size-medium\" src=\"https:\/\/serveiseducatius.xtec.cat\/segarra\/wp-content\/uploads\/usu1148\/2024\/03\/ins-segarra-300x158.jpg\" alt=\"\" width=\"300\" height=\"158\" srcset=\"https:\/\/serveiseducatius.xtec.cat\/segarra\/wp-content\/uploads\/usu1148\/2024\/03\/ins-segarra-300x158.jpg 300w, https:\/\/serveiseducatius.xtec.cat\/segarra\/wp-content\/uploads\/usu1148\/2024\/03\/ins-segarra-1024x538.jpg 1024w, https:\/\/serveiseducatius.xtec.cat\/segarra\/wp-content\/uploads\/usu1148\/2024\/03\/ins-segarra-768x403.jpg 768w, https:\/\/serveiseducatius.xtec.cat\/segarra\/wp-content\/uploads\/usu1148\/2024\/03\/ins-segarra.jpg 1150w\" sizes=\"auto, (max-width: 300px) 100vw, 300px\" \/><\/a><\/td>\n<td style=\"width: 25%;\"><a href=\"https:\/\/drive.google.com\/file\/d\/1gmciBbd4wbdaZLsbFsX7ivCJWdKbF3pr\/view?usp=drive_link\" target=\"_blank\" rel=\"noopener\"><img loading=\"lazy\" decoding=\"async\" class=\"aligncenter wp-image-20528 size-medium\" src=\"https:\/\/serveiseducatius.xtec.cat\/segarra\/wp-content\/uploads\/usu1148\/2024\/03\/ins-torroja-300x189.jpg\" alt=\"\" width=\"300\" height=\"189\" srcset=\"https:\/\/serveiseducatius.xtec.cat\/segarra\/wp-content\/uploads\/usu1148\/2024\/03\/ins-torroja-300x189.jpg 300w, https:\/\/serveiseducatius.xtec.cat\/segarra\/wp-content\/uploads\/usu1148\/2024\/03\/ins-torroja-768x485.jpg 768w, https:\/\/serveiseducatius.xtec.cat\/segarra\/wp-content\/uploads\/usu1148\/2024\/03\/ins-torroja.jpg 923w\" sizes=\"auto, (max-width: 300px) 100vw, 300px\" \/><\/a><\/td>\n<\/tr>\n<tr>\n<td style=\"width: 25%;\">INSTITUT GUISSONA<\/td>\n<td style=\"width: 25%;\">FEDAC GUISSONA<\/td>\n<td style=\"width: 25%;\">INSTITUT LA SEGARRA<\/td>\n<td style=\"width: 25%;\">INSTITUT A. TORROJA<\/td>\n<\/tr>\n<\/tbody>\n<\/table>\n<div>\n<table style=\"border-collapse: collapse; width: 100%;\">\n<tbody>\n<tr>\n<td style=\"width: 33.3333%;\"><a href=\"https:\/\/serveiseducatius.xtec.cat\/segarra\/categoria\/comunitat\/servei-comunitari\/\" target=\"_blank\" rel=\"noopener\"><img loading=\"lazy\" decoding=\"async\" class=\"aligncenter wp-image-18161\" src=\"https:\/\/serveiseducatius.xtec.cat\/segarra\/wp-content\/uploads\/usu1148\/2023\/03\/IMATGE-MIDA-WEB-ARTICLES.jpg\" alt=\"\" width=\"282\" height=\"321\" \/><\/a><\/td>\n<td style=\"width: 33.3333%;\"><a href=\"https:\/\/xtec.gencat.cat\/ca\/comunitat\/serveicomunitari\/documentacio\/\" target=\"_blank\" rel=\"noopener\"><img loading=\"lazy\" decoding=\"async\" class=\"aligncenter wp-image-18188\" src=\"https:\/\/serveiseducatius.xtec.cat\/segarra\/wp-content\/uploads\/usu1148\/2023\/03\/doc-sc-1.jpg\" alt=\"\" width=\"292\" height=\"332\" \/><\/a><\/td>\n<td style=\"width: 33.3333%;\"><a href=\"https:\/\/serveiseducatius.xtec.cat\/segarra\/wp-content\/uploads\/usu1148\/2021\/12\/CNV16-11.docx\" target=\"_blank\" rel=\"noopener\"><img loading=\"lazy\" decoding=\"async\" class=\"aligncenter wp-image-18189\" src=\"https:\/\/serveiseducatius.xtec.cat\/segarra\/wp-content\/uploads\/usu1148\/2023\/03\/doc-sc-2.jpg\" alt=\"\" width=\"289\" height=\"328\" \/><\/a><\/td>\n<\/tr>\n<\/tbody>\n<\/table>\n<\/div>\n<table class=\"sensevora\" style=\"border-collapse: collapse; width: 100%; height: 97px;\">\n<tbody>\n<tr style=\"height: 65px;\">\n<td style=\"width: 100%; height: 65px;\"><a href=\"https:\/\/projectes.xtec.cat\/pee\/\" target=\"_blank\" rel=\"noopener\"><img loading=\"lazy\" decoding=\"async\" class=\"aligncenter wp-image-18145\" src=\"https:\/\/serveiseducatius.xtec.cat\/segarra\/wp-content\/uploads\/usu1148\/2023\/03\/servei-suport-comunitat.jpg\" alt=\"\" width=\"946\" height=\"114\" srcset=\"https:\/\/serveiseducatius.xtec.cat\/segarra\/wp-content\/uploads\/usu1148\/2023\/03\/servei-suport-comunitat.jpg 1475w, https:\/\/serveiseducatius.xtec.cat\/segarra\/wp-content\/uploads\/usu1148\/2023\/03\/servei-suport-comunitat-300x36.jpg 300w, https:\/\/serveiseducatius.xtec.cat\/segarra\/wp-content\/uploads\/usu1148\/2023\/03\/servei-suport-comunitat-1024x124.jpg 1024w, https:\/\/serveiseducatius.xtec.cat\/segarra\/wp-content\/uploads\/usu1148\/2023\/03\/servei-suport-comunitat-768x93.jpg 768w\" sizes=\"auto, (max-width: 946px) 100vw, 946px\" \/><\/a><\/td>\n<\/tr>\n<tr>\n<td style=\"width: 100%;\">\n<h6>El <strong style=\"font-size: 1.125em;\">servei de suport a la comunitat educativa<\/strong><span style=\"font-size: 1.125em; font-weight: bold;\"> ofereix assessorament, orientacions, eines i recursos<\/span><span class=\"Apple-converted-space\" style=\"font-size: 1.125em; font-weight: bold;\">\u00a0\u00a0<\/span><span style=\"font-size: 1.125em; font-weight: bold;\">per impulsar i refor\u00e7ar projectes i accions que tenen per finalitat contribuir a l\u2019\u00e8xit educatiu i escolar de tot l\u2019alumnat des de la dimensi\u00f3 comunit\u00e0ria de l\u2019acci\u00f3 educativa, la perspectiva d\u2019educaci\u00f3 a temps complet i el principi d\u2019equitat i igualtat d\u2019oportunitats.<\/span><\/h6>\n<\/td>\n<\/tr>\n<\/tbody>\n<\/table>\n<p>&nbsp;<\/p>\n<h4 style=\"text-align: center;\"><span style=\"color: #985e40;\"><strong>QU\u00c8 \u00c9S EL SERVEI COMUNITARI?<\/strong><\/span><\/h4>\n<p style=\"text-align: justify;\">El <strong>Servei Comunitari<\/strong> \u00e9s una acci\u00f3 educativa per <strong>desenvolupar la compet\u00e8ncia social i ciutadana<\/strong> i t\u00e9 com a finalitat, garantir que els estudiants, al llarg de la seva traject\u00f2ria escolar, experimentin i protagonitzin accions de comprom\u00eds c\u00edvic, aprenguin en l\u2019exercici actiu de la ciutadania, i posin en joc els seus coneixements i capacitats al servei de la comunitat.\u00a0Ha de formar part de la programaci\u00f3 d\u2019una o v\u00e0ries mat\u00e8ries, ja que <strong>poden estar ubicats en qualsevol mat\u00e8ria que desenvolupi aquesta compet\u00e8ncia<\/strong>.<\/p>\n<p style=\"text-align: justify;\">Els destinataris s\u00f3n els <strong>alumnes de 3r i 4t d\u2019ESO<\/strong> dels centres p\u00fablics i concertats de Catalunya.<\/p>\n<p style=\"text-align: justify;\">El<strong> temps dedicat<\/strong> pot ser flexible, atenent el tipus d\u2019activitat d\u2019aprenentatge i servei que es porti a terme. Per l\u2019experi\u00e8ncia en Aprenentatge Servei que es t\u00e9 tant a Catalunya com a altres pa\u00efsos, s\u2019aconsella una <strong>dedicaci\u00f3 aproximada de 20 hores<\/strong> al desenvolupament del Servei Comunitari, que inclogui\u00a0<strong>u<\/strong><strong>n m\u00ednim\u00a0 de 10 hores de servei actiu a la comunitat.<\/strong><\/p>\n<p style=\"text-align: justify;\"><img loading=\"lazy\" decoding=\"async\" class=\"aligncenter wp-image-11611\" src=\"https:\/\/serveiseducatius.xtec.cat\/segarra\/wp-content\/uploads\/usu1148\/2020\/11\/servei-comunitari.gif\" alt=\"\" width=\"410\" height=\"292\" \/><\/p>\n<table class=\"sensevora\" style=\"border-collapse: collapse; width: 100%;\">\n<tbody>\n<tr>\n<td style=\"width: 50%; text-align: justify;\"><a style=\"font-size: 16px;\" href=\"https:\/\/aprenentatgeservei.cat\/\" target=\"_blank\" rel=\"noopener noreferrer\"><strong>L\u2019Aprenentatge Servei<\/strong><\/a><span style=\"font-size: 16px;\">\u00a0\u00e9s la\u00a0<\/span><strong style=\"font-size: 16px;\">metodologia<\/strong><span style=\"font-size: 16px;\">\u00a0m\u00e9s adient per desenvolupar el Servei comunitari. L\u2019Aprenentatge Servei \u00e9s una\u00a0<\/span><strong style=\"font-size: 16px;\">proposta educativa<\/strong><span style=\"font-size: 16px;\">\u00a0que combina processos d\u2019aprenentatge i de servei a la comunitat en un sol projecte. Permet a l\u2019alumnat analitzar l\u2019entorn, elaborar propostes de millora i desenvolupar-les des de la pr\u00e0ctica, la implicaci\u00f3 i el comprom\u00eds.<\/span><\/td>\n<td style=\"width: 50%;\">La <a href=\"https:\/\/serveiseducatius.xtec.cat\/segarra\/wp-content\/uploads\/usu1148\/2021\/12\/aps_autoevaluacio_cat_mini_IMPA4.pdf\" target=\"_blank\" rel=\"noopener\"><strong>r\u00fabrica<\/strong> <\/a>\u00e9s una eina pensada per facilitar l\u2019autoavaluaci\u00f3 i la millora de les experi\u00e8ncies d\u2019aprenentatge servei. Es presenten dotze dinamismes, ordenats en tres apartats \u2014b\u00e0sics, pedag\u00f2gics i organitzatius\u2014 i quatre nivells per a cadascun dels dinamismes. Tamb\u00e9 es proposen maneres d\u2019an\u00e0lisi i de debat de les experi\u00e8ncies, i tamb\u00e9 formes de representaci\u00f3 gr\u00e0fica.<\/td>\n<\/tr>\n<tr>\n<td style=\"width: 50%; text-align: center;\"><iframe loading=\"lazy\" title=\"YouTube video player\" src=\"https:\/\/www.youtube.com\/embed\/5xYU9UtO9Os\" width=\"460\" height=\"275\" frameborder=\"0\" allowfullscreen=\"allowfullscreen\"><span data-mce-type=\"bookmark\" style=\"display: inline-block; width: 0px; overflow: hidden; line-height: 0;\" class=\"mce_SELRES_start\">\ufeff<\/span><\/iframe><\/td>\n<td style=\"width: 50%;\"><a href=\"https:\/\/serveiseducatius.xtec.cat\/segarra\/wp-content\/uploads\/usu1148\/2021\/12\/aps_autoevaluacio_cat_mini_IMPA4.pdf\" target=\"_blank\" rel=\"noopener\"><img loading=\"lazy\" decoding=\"async\" class=\"aligncenter wp-image-15267 size-medium\" src=\"https:\/\/serveiseducatius.xtec.cat\/segarra\/wp-content\/uploads\/usu1148\/2021\/12\/rubrica_apps-300x185.jpg\" alt=\"\" width=\"300\" height=\"185\" srcset=\"https:\/\/serveiseducatius.xtec.cat\/segarra\/wp-content\/uploads\/usu1148\/2021\/12\/rubrica_apps-300x185.jpg 300w, https:\/\/serveiseducatius.xtec.cat\/segarra\/wp-content\/uploads\/usu1148\/2021\/12\/rubrica_apps.jpg 460w\" sizes=\"auto, (max-width: 300px) 100vw, 300px\" \/><\/a><\/td>\n<\/tr>\n<\/tbody>\n<\/table>\n<hr \/>\n<h4 style=\"text-align: center;\"><span style=\"color: #985e40;\"><strong>OBJECTIUS DEL SERVEI COMUNITARI<\/strong><\/span><\/h4>\n<table style=\"width: 765px;\" align=\"center\">\n<tbody>\n<tr>\n<td style=\"width: 759px;\"><img loading=\"lazy\" decoding=\"async\" class=\" wp-image-12208 alignleft\" src=\"https:\/\/serveiseducatius.xtec.cat\/segarra\/wp-content\/uploads\/usu1148\/2021\/02\/icons8-objetivo-64.png\" alt=\"\" width=\"26\" height=\"26\" \/>Desenvolupar la compet\u00e8ncia social i ciutadana, afavorint una actitud cr\u00edtica i compromesa davant la societat, per tal d\u2019esdevenir membres actius en una societat catalana democr\u00e0tica i participativa.<\/td>\n<\/tr>\n<tr>\n<td style=\"width: 759px;\"><img loading=\"lazy\" decoding=\"async\" class=\" wp-image-12208 alignleft\" src=\"https:\/\/serveiseducatius.xtec.cat\/segarra\/wp-content\/uploads\/usu1148\/2021\/02\/icons8-objetivo-64.png\" alt=\"\" width=\"27\" height=\"27\" \/>Donar a con\u00e8ixer a l\u2019alumnat i les seves fam\u00edlies la xarxa associativa i les entitats de l\u2019entorn, per tal de promoure la participaci\u00f3 dels joves.<\/td>\n<\/tr>\n<tr>\n<td style=\"width: 759px;\"><img loading=\"lazy\" decoding=\"async\" class=\" wp-image-12208 alignleft\" src=\"https:\/\/serveiseducatius.xtec.cat\/segarra\/wp-content\/uploads\/usu1148\/2021\/02\/icons8-objetivo-64.png\" alt=\"\" width=\"27\" height=\"27\" \/>Promoure el treball en xarxa entre els diferents agents educatius de l\u2019entorn.<\/td>\n<\/tr>\n<tr>\n<td style=\"width: 759px;\"><img loading=\"lazy\" decoding=\"async\" class=\" wp-image-12208 alignleft\" src=\"https:\/\/serveiseducatius.xtec.cat\/segarra\/wp-content\/uploads\/usu1148\/2021\/02\/icons8-objetivo-64.png\" alt=\"\" width=\"27\" height=\"27\" \/>Donar una resposta educativa a les necessitats emergents de l\u2019entorn escolar.<\/td>\n<\/tr>\n<tr>\n<td style=\"width: 759px;\"><img loading=\"lazy\" decoding=\"async\" class=\" wp-image-12208 alignleft\" src=\"https:\/\/serveiseducatius.xtec.cat\/segarra\/wp-content\/uploads\/usu1148\/2021\/02\/icons8-objetivo-64.png\" alt=\"\" width=\"27\" height=\"27\" \/>Augmentar la participaci\u00f3 en el teixit associatiu i les entitats de caire social per fomentar el comprom\u00eds amb la construcci\u00f3 d\u2019una societat m\u00e9s justa, cohesionada i arrelada al territori.<\/td>\n<\/tr>\n<tr>\n<td style=\"width: 759px;\"><img loading=\"lazy\" decoding=\"async\" class=\" wp-image-12208 alignleft\" src=\"https:\/\/serveiseducatius.xtec.cat\/segarra\/wp-content\/uploads\/usu1148\/2021\/02\/icons8-objetivo-64.png\" alt=\"\" width=\"27\" height=\"27\" \/>Desenvolupar habilitats relacionades amb el disseny i realitzaci\u00f3 de projectes i amb el treball d\u2019equip.<\/td>\n<\/tr>\n<\/tbody>\n<\/table>\n<hr \/>\n<h4 style=\"text-align: center;\"><span style=\"color: #985e40;\"><strong>\u00c0MBITS PER DESENVOLUPAR PROJECTES DE SERVEI COMUNITARI<\/strong><\/span><\/h4>\n<p><img loading=\"lazy\" decoding=\"async\" class=\"aligncenter wp-image-12210 size-full\" src=\"https:\/\/serveiseducatius.xtec.cat\/segarra\/wp-content\/uploads\/usu1148\/2021\/02\/AMBITS1.jpg\" alt=\"\" width=\"921\" height=\"666\" srcset=\"https:\/\/serveiseducatius.xtec.cat\/segarra\/wp-content\/uploads\/usu1148\/2021\/02\/AMBITS1.jpg 921w, https:\/\/serveiseducatius.xtec.cat\/segarra\/wp-content\/uploads\/usu1148\/2021\/02\/AMBITS1-300x217.jpg 300w, https:\/\/serveiseducatius.xtec.cat\/segarra\/wp-content\/uploads\/usu1148\/2021\/02\/AMBITS1-768x555.jpg 768w\" sizes=\"auto, (max-width: 921px) 100vw, 921px\" \/><\/p>\n<p><img loading=\"lazy\" decoding=\"async\" class=\"aligncenter wp-image-12211 size-full\" src=\"https:\/\/serveiseducatius.xtec.cat\/segarra\/wp-content\/uploads\/usu1148\/2021\/02\/AMBITS2.jpg\" alt=\"\" width=\"918\" height=\"523\" srcset=\"https:\/\/serveiseducatius.xtec.cat\/segarra\/wp-content\/uploads\/usu1148\/2021\/02\/AMBITS2.jpg 918w, https:\/\/serveiseducatius.xtec.cat\/segarra\/wp-content\/uploads\/usu1148\/2021\/02\/AMBITS2-300x171.jpg 300w, https:\/\/serveiseducatius.xtec.cat\/segarra\/wp-content\/uploads\/usu1148\/2021\/02\/AMBITS2-768x438.jpg 768w\" sizes=\"auto, (max-width: 918px) 100vw, 918px\" \/><\/p>\n<hr \/>\n<h4 style=\"text-align: center;\"><span style=\"color: #985e40;\"><strong>FUNCIONS DELS CENTRES<\/strong><\/span><\/h4>\n<ul>\n<li style=\"list-style-type: none;\">\n<ul>\n<li style=\"list-style-type: none;\">\n<ul>\n<li><strong>Vincular<\/strong> el Servei Comunitari al <strong>projecte educatiu del centre<\/strong> i al curr\u00edculum<\/li>\n<li><strong>Vincular<\/strong> el Servei Comunitari a les <strong>necessitats de l\u2019entorn<\/strong><\/li>\n<li>Incloure el projecte a la <strong>programaci\u00f3 anual de centre<\/strong>, avaluat pel consell escolar i aprovat pel director o directora<\/li>\n<li>Fer la <strong>planificaci\u00f3 pedag\u00f2gica i curricular del projecte<\/strong>: activitats d\u2019aprenentatge, activitats de servei i criteris d\u2019avaluaci\u00f3<\/li>\n<li>Concretar aspectes funcionals:\n<ul>\n<li style=\"list-style-type: none;\">\n<ul style=\"list-style-type: disc;\">\n<li><strong>Autoritzaci\u00f3<\/strong> de les fam\u00edlies<\/li>\n<li>Elaboraci\u00f3 d\u2019un document de <strong>comprom\u00eds<\/strong> <strong>amb les entitats<\/strong><\/li>\n<\/ul>\n<\/li>\n<\/ul>\n<\/li>\n<li>Planificar el reconeixement del projecte: actes institucionals, lliurement de diplomes, etc.<\/li>\n<\/ul>\n<\/li>\n<\/ul>\n<\/li>\n<\/ul>\n<hr \/>\n<h4 style=\"text-align: center;\"><span style=\"color: #985e40;\"><strong>ENLLA\u00c7OS D&#8217;INTER\u00c8S<\/strong><\/span><\/h4>\n<table align=\"center\">\n<tbody>\n<tr>\n<td><a class=\"button normal\" style=\"width: 200px; padding: 1em; font-weight: 400; margin: 0.1em; color: white !important; background-color: #9e9e9e;\" href=\"https:\/\/aprenentatgeservei.cat\/\" target=\"_blank\" rel=\"noopener noreferrer\">APRENENTATGE SERVEI CENTRE PROMOTOR<\/a><\/td>\n<td><a class=\"button normal\" style=\"width: 200px; padding: 1em; font-weight: 400; margin: 0.1em; color: white !important; background-color: #9e9e9e;\" href=\"http:\/\/xtec.gencat.cat\/ca\/comunitat\/serveicomunitari\/\" target=\"_blank\" rel=\"noopener noreferrer\">SERVEI COMUNITARI XTEC<\/a><\/td>\n<td><a class=\"button normal\" style=\"width: 200px; padding: 1em; font-weight: 400; margin: 0.1em; color: white !important; background-color: #9e9e9e;\" href=\"https:\/\/sites.google.com\/xtec.cat\/serveicomunitari\/p%C3%A0gina-principal?authuser=0&amp;pli=1\" target=\"_blank\" rel=\"noopener noreferrer\">SERVEI COMUNITARI ST LLEIDA<\/a><\/td>\n<\/tr>\n<\/tbody>\n<\/table>\n<hr \/>\n<h4 style=\"text-align: center;\"><span style=\"color: #985e40;\"><strong><img loading=\"lazy\" decoding=\"async\" class=\"wp-image-12220 alignleft\" src=\"https:\/\/serveiseducatius.xtec.cat\/segarra\/wp-content\/uploads\/usu1148\/2021\/02\/icons8-abrir-documento-64.png\" alt=\"\" width=\"101\" height=\"101\" \/>DOCUMENTACI\u00d3<\/strong><\/span><\/h4>\n<ul>\n<li style=\"list-style-type: none;\">\n<ul>\n<li style=\"list-style-type: none;\">\n<ul>\n<li style=\"list-style-type: none;\">\n<ul>\n<li style=\"list-style-type: none;\">\n<ul>\n<li style=\"list-style-type: none;\">\n<ul>\n<li style=\"list-style-type: none;\">\n<ul>\n<li><a href=\"https:\/\/serveiseducatius.xtec.cat\/segarra\/wp-content\/uploads\/usu1148\/2021\/11\/projecte-Servei-comunitari.doc\" target=\"_blank\" rel=\"noopener\"><strong>Plantilla per a definir un projecte<\/strong><\/a><\/li>\n<li><a href=\"https:\/\/drive.google.com\/open?id=0B_L6SK-h_IeBM3p3QWdtTXpOYlU\" target=\"_blank\" rel=\"noopener noreferrer\"><strong>Indicacions per al desenvolupament del projecte<\/strong><\/a><\/li>\n<li><a href=\"https:\/\/serveiseducatius.xtec.cat\/segarra\/wp-content\/uploads\/usu1148\/2021\/11\/Guio_Revisio_Projectes.docx\" target=\"_blank\" rel=\"noopener\"><strong>Gui\u00f3 per a la revisi\u00f3 del projecte<\/strong><\/a><\/li>\n<li><a href=\"https:\/\/drive.google.com\/open?id=18_qYTQZ40_Oz0Ox32Prmohh1xidr0KY4\" target=\"_blank\" rel=\"noopener noreferrer\"><strong>Orientacions per a l&#8217;avaluaci\u00f3 de l&#8217;alumnat de SC<\/strong><\/a><\/li>\n<li><a href=\"https:\/\/serveiseducatius.xtec.cat\/segarra\/wp-content\/uploads\/usu1148\/2021\/11\/Indicacions-SC-18102021.pdf\" target=\"_blank\" rel=\"noopener\"><strong>Instruccions per a la complimentaci\u00f3 dels convenis<\/strong><\/a><\/li>\n<li><a href=\"https:\/\/serveiseducatius.xtec.cat\/segarra\/wp-content\/uploads\/usu1148\/2021\/11\/Informacio-SC_documentacio-2021.pdf\" target=\"_blank\" rel=\"noopener\"><strong>Gesti\u00f3 convenis, compromisos, autoritzacions<\/strong><\/a><\/li>\n<\/ul>\n<\/li>\n<\/ul>\n<\/li>\n<\/ul>\n<\/li>\n<\/ul>\n<\/li>\n<\/ul>\n<\/li>\n<\/ul>\n<\/li>\n<\/ul>\n<p><img loading=\"lazy\" decoding=\"async\" class=\"aligncenter wp-image-12195 size-full\" src=\"https:\/\/serveiseducatius.xtec.cat\/segarra\/wp-content\/uploads\/usu1148\/2021\/02\/SC-cap.jpg\" alt=\"\" width=\"946\" height=\"219\" srcset=\"https:\/\/serveiseducatius.xtec.cat\/segarra\/wp-content\/uploads\/usu1148\/2021\/02\/SC-cap.jpg 946w, https:\/\/serveiseducatius.xtec.cat\/segarra\/wp-content\/uploads\/usu1148\/2021\/02\/SC-cap-300x69.jpg 300w, https:\/\/serveiseducatius.xtec.cat\/segarra\/wp-content\/uploads\/usu1148\/2021\/02\/SC-cap-768x178.jpg 768w\" sizes=\"auto, (max-width: 946px) 100vw, 946px\" \/><\/p>\n","protected":false},"excerpt":{"rendered":"<p><a href=\"https:\/\/drive.google.com\/file\/d\/1IiMA6Ocpd5nM1WuUELPVHbIsWjTo9eCO\/view?usp=drive_link\" target=\"_blank\" rel=\"noopener\"><\/a><br \/>\n<a href=\"https:\/\/drive.google.com\/file\/d\/1xT-NY9NlEZsAV8LY3a2Pw81sLqB2KhM7\/view?usp=drive_link\" target=\"_blank\" rel=\"noopener\"><\/a><br \/>\n<a href=\"https:\/\/drive.google.com\/file\/d\/1PBraYlgaWoq7PifDoTct71atJNjojZzi\/view?usp=drive_link\" target=\"_blank\" rel=\"noopener\"><\/a><br \/>\n<a href=\"https:\/\/drive.google.com\/file\/d\/1gmciBbd4wbdaZLsbFsX7ivCJWdKbF3pr\/view?usp=drive_link\" target=\"_blank\" rel=\"noopener\"><\/a><\/p>\n<p>INSTITUT GUISSONA<br \/>\nFEDAC GUISSONA<br \/>\nINSTITUT LA SEGARRA<br \/>\nINSTITUT A. TORROJA<\/p>\n<p><a href=\"https:\/\/serveiseducatius.xtec.cat\/segarra\/categoria\/comunitat\/servei-comunitari\/\" target=\"_blank\" rel=\"noopener\"><\/a><br \/>\n<a href=\"https:\/\/xtec.gencat.cat\/ca\/comunitat\/serveicomunitari\/documentacio\/\" target=\"_blank\" rel=\"noopener\"><\/a><br \/>\n<a href=\"https:\/\/serveiseducatius.xtec.cat\/segarra\/wp-content\/uploads\/usu1148\/2021\/12\/CNV16-11.docx\" target=\"_blank\" rel=\"noopener\"><\/a><\/p>\n<p><a href=\"https:\/\/projectes.xtec.cat\/pee\/\" target=\"_blank\" rel=\"noopener\"><\/a><\/p>\n<p>El servei de suport a la comunitat educativa ofereix assessorament, orientacions, eines i recursos\u00a0\u00a0per impulsar&hellip;  <a href=\"https:\/\/serveiseducatius.xtec.cat\/segarra\/comunitat\/servei-comunitari\/\" title=\"Read Servei Comunitari\">Llegeix m\u00e9s\u00bb<\/a><\/p>\n","protected":false},"author":1,"featured_media":0,"parent":341,"menu_order":6,"comment_status":"closed","ping_status":"closed","template":"page-templates\/side-menu.php","meta":{"_bbp_topic_count":0,"_bbp_reply_count":0,"_bbp_total_topic_count":0,"_bbp_total_reply_count":0,"_bbp_voice_count":0,"_bbp_anonymous_reply_count":0,"_bbp_topic_count_hidden":0,"_bbp_reply_count_hidden":0,"_bbp_forum_subforum_count":0,"footnotes":""},"class_list":["post-8095","page","type-page","status-publish","hentry"],"post_mailing_queue_ids":[],"_links":{"self":[{"href":"https:\/\/serveiseducatius.xtec.cat\/segarra\/wp-json\/wp\/v2\/pages\/8095","targetHints":{"allow":["GET"]}}],"collection":[{"href":"https:\/\/serveiseducatius.xtec.cat\/segarra\/wp-json\/wp\/v2\/pages"}],"about":[{"href":"https:\/\/serveiseducatius.xtec.cat\/segarra\/wp-json\/wp\/v2\/types\/page"}],"author":[{"embeddable":true,"href":"https:\/\/serveiseducatius.xtec.cat\/segarra\/wp-json\/wp\/v2\/users\/1"}],"replies":[{"embeddable":true,"href":"https:\/\/serveiseducatius.xtec.cat\/segarra\/wp-json\/wp\/v2\/comments?post=8095"}],"version-history":[{"count":8,"href":"https:\/\/serveiseducatius.xtec.cat\/segarra\/wp-json\/wp\/v2\/pages\/8095\/revisions"}],"predecessor-version":[{"id":21561,"href":"https:\/\/serveiseducatius.xtec.cat\/segarra\/wp-json\/wp\/v2\/pages\/8095\/revisions\/21561"}],"up":[{"embeddable":true,"href":"https:\/\/serveiseducatius.xtec.cat\/segarra\/wp-json\/wp\/v2\/pages\/341"}],"wp:attachment":[{"href":"https:\/\/serveiseducatius.xtec.cat\/segarra\/wp-json\/wp\/v2\/media?parent=8095"}],"curies":[{"name":"wp","href":"https:\/\/api.w.org\/{rel}","templated":true}]}}