{"id":608,"date":"2015-11-27T10:04:51","date_gmt":"2015-11-27T09:04:51","guid":{"rendered":"http:\/\/serveiseducatius.xtec.cat\/segarra\/?page_id=608"},"modified":"2025-09-25T13:48:17","modified_gmt":"2025-09-25T11:48:17","slug":"horari-i-calendari","status":"publish","type":"page","link":"https:\/\/serveiseducatius.xtec.cat\/segarra\/formacio\/horari-i-calendari\/","title":{"rendered":"Horari SE i calendari"},"content":{"rendered":"<p>L&#8217;horari <strong>d&#8217;atenci\u00f3 al p\u00fablic<\/strong> del <strong>Servei Educatiu <\/strong>\u00e9s:<\/p>\n<table style=\"border-collapse: collapse; width: 75%;\" border=\"0\">\n<tbody>\n<tr>\n<td style=\"width: 25%; background-color: #dbb4b4; text-align: center;\"><strong>CENTRE DE RECURSOS PEDAG\u00d2GICS (CRP)<\/strong><\/td>\n<td style=\"width: 25%; background-color: #dbb4b4; text-align: center;\"><strong>EQUIP D&#8217;ASSESSORAMENT PSICOPEDAG\u00d2GIC (EAP)<\/strong><\/td>\n<td style=\"width: 25%; background-color: #dbb4b4; text-align: center;\"><strong>ASSESSORA LLENGUA I COHESI\u00d3 SOCIAL (ALIC)<\/strong><\/td>\n<\/tr>\n<tr>\n<td style=\"width: 25%; vertical-align: top; text-align: left; padding-left: 40px;\"><span style=\"color: #800000;\"><strong>De dilluns a dijous:<\/strong><\/span><\/p>\n<p><span style=\"text-decoration: underline;\">Mat\u00ed<\/span> de <strong>10h a 13.30h<\/strong><\/p>\n<p><span style=\"text-decoration: underline;\">Tarda<\/span> de <strong>16h a 18h<\/strong><\/p>\n<p><span style=\"color: #800000;\"><strong>Divendres:<\/strong><\/span><\/p>\n<p>De <strong>10h a 13.30h<\/strong><\/p>\n<p>Altres hores concretar amb les professionals.<\/td>\n<td style=\"width: 25%;\">\n<p style=\"padding-left: 40px;\"><span style=\"color: #800000;\"><strong>Dilluns, dimarts, dijous i divendres<\/strong> <\/span>de<strong> 08h a 14h<\/strong><\/p>\n<p style=\"padding-left: 40px;\"><span style=\"color: #800000;\"><strong>Dimarts <\/strong><span style=\"color: #000000;\">de <strong>15h a 18h <\/strong><\/span><\/span><\/p>\n<p style=\"padding-left: 40px;\">Altres hores concretar amb les professionals.<\/p>\n<\/td>\n<td style=\"width: 25%;\">\n<p style=\"text-align: left; padding-left: 40px;\"><span style=\"color: #800000;\"><strong>Dilluns<\/strong> <\/span>de <strong>09h a 13h<\/strong><\/p>\n<p style=\"text-align: left; padding-left: 40px;\">Altres hores a concretar amb l\u2019assessora.<\/p>\n<\/td>\n<\/tr>\n<\/tbody>\n<\/table>\n<p><span style=\"color: #800000;\"><strong><span style=\"text-decoration: underline;\">Horari intensiu Servei Educatiu<\/span><\/strong><\/span><br \/>\nDe 09.00 h a 13.30 h\u00a0de dilluns a divendres.<\/p>\n<ul>\n<li>Del dilluns 1 de setembre al divendres 5 de setembre 2025 (incl\u00f2s).<\/li>\n<li>Divendres 19 de desembre 2025.<\/li>\n<li>Del dilluns 8 de juny al dimecres 15 de juliol 2026, ambd\u00f3s inclosos.<\/li>\n<\/ul>\n<p>El nostre servei educatiu romandr\u00e0 tancat al p\u00fablic, a part dels per\u00edodes de vacances escolars i dels dies de festes laborals oficials a Catalunya, els seg\u00fcents dies de festa local i de lliure disposici\u00f3, acordats pel Consell Escolar Municipal:<\/p>\n<ul>\n<li>Dilluns 29 de setembre de 2025 (festa local de Cervera)<\/li>\n<li>Divendres 31 d&#8217;octubre de 2025 (festa de lliure disposici\u00f3)<\/li>\n<li>Dijous 5 de febrer de 2026 (festa de lliure disposici\u00f3)<\/li>\n<li>Divendres 6 de febrer de 2026 (festa local de Cervera)<\/li>\n<li>Dilluns 9 de mar\u00e7 de 2026 (festa de lliure disposici\u00f3)<\/li>\n<li>Dilluns 4 de maig de 2026 (festa de lliure disposici\u00f3)<\/li>\n<\/ul>\n<p><strong>VACANCES I DIES DE FESTA<\/strong>:<\/p>\n<p><span style=\"text-decoration: underline;\">Diada de Catalunya<\/span> &#8211; dijous, 11 de setembre 2025<\/p>\n<p><span style=\"text-decoration: underline;\">El Pilar<\/span> &#8211; diumenge, 12 d&#8217;octubre 2025<\/p>\n<p><span style=\"text-decoration: underline;\">Tots Sants<\/span> &#8211; dissabte, 1 novembre 2025<\/p>\n<p><span style=\"text-decoration: underline;\">Dia de la Constituci\u00f3<\/span> &#8211; dissabte, 6 de desembre de 2025<\/p>\n<p><span style=\"text-decoration: underline;\">La Pur\u00edssima<\/span> &#8211;\u00a0 dilluns, 8 de desembre 2025<\/p>\n<p><span style=\"text-decoration: underline;\">Vacances de Nadal<\/span>: del dilluns, 22 de desembre de 2025 al dimecres, 7 de gener de 2026, ambd\u00f3s inclosos.<\/p>\n<p><span style=\"text-decoration: underline;\">Vacances de Setmana Santa<\/span>: del dilluns, 30 de mar\u00e7 de 2026 al dilluns, 6 d&#8217;abril de 2026, ambd\u00f3s inclosos.<\/p>\n<p><span style=\"text-decoration: underline;\">St. Joan<\/span> &#8211; dimecres, 24 de juny de 2026<\/p>\n<table class=\"sensevora\">\n<tbody>\n<tr>\n<td style=\"width: 100%;\"><a href=\"https:\/\/serveiseducatius.xtec.cat\/segarra\/wp-content\/uploads\/usu1148\/2025\/09\/calendari-escolar-2025-26.jpg\"><img loading=\"lazy\" decoding=\"async\" class=\"aligncenter wp-image-22245 size-large\" src=\"https:\/\/serveiseducatius.xtec.cat\/segarra\/wp-content\/uploads\/usu1148\/2025\/09\/calendari-escolar-2025-26-785x1024.jpg\" alt=\"\" width=\"785\" height=\"1024\" srcset=\"https:\/\/serveiseducatius.xtec.cat\/segarra\/wp-content\/uploads\/usu1148\/2025\/09\/calendari-escolar-2025-26-785x1024.jpg 785w, https:\/\/serveiseducatius.xtec.cat\/segarra\/wp-content\/uploads\/usu1148\/2025\/09\/calendari-escolar-2025-26-230x300.jpg 230w, https:\/\/serveiseducatius.xtec.cat\/segarra\/wp-content\/uploads\/usu1148\/2025\/09\/calendari-escolar-2025-26-768x1002.jpg 768w, https:\/\/serveiseducatius.xtec.cat\/segarra\/wp-content\/uploads\/usu1148\/2025\/09\/calendari-escolar-2025-26.jpg 1055w\" sizes=\"auto, (max-width: 785px) 100vw, 785px\" \/><\/a><\/td>\n<\/tr>\n<tr>\n<td style=\"width: 100%; background-color: #ffffff; text-align: center;\"><a href=\"https:\/\/drive.google.com\/file\/d\/1lT9KLAerac2xJdh43xrPaDtbYlGKhlso\/view?usp=sharing\" target=\"_blank\" rel=\"noopener\"><strong><span style=\"color: #000000;\">Descarregueu-vos el calendari anual amb les festes<\/span><\/strong><\/a><\/td>\n<\/tr>\n<\/tbody>\n<\/table>\n","protected":false},"excerpt":{"rendered":"<p>L&#8217;horari d&#8217;atenci\u00f3 al p\u00fablic del Servei Educatiu \u00e9s:<\/p>\n<p>CENTRE DE RECURSOS PEDAG\u00d2GICS (CRP)<br \/>\nEQUIP D&#8217;ASSESSORAMENT PSICOPEDAG\u00d2GIC (EAP)<br \/>\nASSESSORA LLENGUA I COHESI\u00d3 SOCIAL (ALIC)<\/p>\n<p>De dilluns a dijous:<br \/>\nMat\u00ed de 10h a 13.30h<br \/>\nTarda de 16h a 18h<br \/>\nDivendres:<br \/>\nDe 10h a 13.30h<br \/>\nAltres hores concretar amb les professionals.<\/p>\n<p>Dilluns, dimarts, dijous i divendres de 08h&hellip;  <a href=\"https:\/\/serveiseducatius.xtec.cat\/segarra\/formacio\/horari-i-calendari\/\" title=\"Read Horari SE i calendari\">Llegeix m\u00e9s\u00bb<\/a><\/p>\n","protected":false},"author":1,"featured_media":0,"parent":416,"menu_order":30,"comment_status":"closed","ping_status":"closed","template":"","meta":{"_bbp_topic_count":0,"_bbp_reply_count":0,"_bbp_total_topic_count":0,"_bbp_total_reply_count":0,"_bbp_voice_count":0,"_bbp_anonymous_reply_count":0,"_bbp_topic_count_hidden":0,"_bbp_reply_count_hidden":0,"_bbp_forum_subforum_count":0,"footnotes":""},"class_list":["post-608","page","type-page","status-publish","hentry"],"post_mailing_queue_ids":[],"_links":{"self":[{"href":"https:\/\/serveiseducatius.xtec.cat\/segarra\/wp-json\/wp\/v2\/pages\/608","targetHints":{"allow":["GET"]}}],"collection":[{"href":"https:\/\/serveiseducatius.xtec.cat\/segarra\/wp-json\/wp\/v2\/pages"}],"about":[{"href":"https:\/\/serveiseducatius.xtec.cat\/segarra\/wp-json\/wp\/v2\/types\/page"}],"author":[{"embeddable":true,"href":"https:\/\/serveiseducatius.xtec.cat\/segarra\/wp-json\/wp\/v2\/users\/1"}],"replies":[{"embeddable":true,"href":"https:\/\/serveiseducatius.xtec.cat\/segarra\/wp-json\/wp\/v2\/comments?post=608"}],"version-history":[{"count":7,"href":"https:\/\/serveiseducatius.xtec.cat\/segarra\/wp-json\/wp\/v2\/pages\/608\/revisions"}],"predecessor-version":[{"id":22246,"href":"https:\/\/serveiseducatius.xtec.cat\/segarra\/wp-json\/wp\/v2\/pages\/608\/revisions\/22246"}],"up":[{"embeddable":true,"href":"https:\/\/serveiseducatius.xtec.cat\/segarra\/wp-json\/wp\/v2\/pages\/416"}],"wp:attachment":[{"href":"https:\/\/serveiseducatius.xtec.cat\/segarra\/wp-json\/wp\/v2\/media?parent=608"}],"curies":[{"name":"wp","href":"https:\/\/api.w.org\/{rel}","templated":true}]}}