{"id":548,"date":"2015-11-26T18:10:47","date_gmt":"2015-11-26T17:10:47","guid":{"rendered":"http:\/\/serveiseducatius.xtec.cat\/segarra\/?page_id=548"},"modified":"2025-03-22T18:07:51","modified_gmt":"2025-03-22T17:07:51","slug":"zona-formadors","status":"publish","type":"page","link":"https:\/\/serveiseducatius.xtec.cat\/segarra\/formacio\/zona-formadors\/","title":{"rendered":"Zona formadors: Gesti\u00f3 de la formaci\u00f3 \u2013 GTAF per formadors\/es"},"content":{"rendered":"<figure class=\"figure wp-caption alignleft\"><img loading=\"lazy\" decoding=\"async\" src=\"http:\/\/serveiseducatius.xtec.cat\/segarra\/wp-content\/uploads\/usu1148\/2015\/11\/formador.png\" alt=\"\" width=\"313\" height=\"204\" \/><figcaption class=\"wp-caption-text\"><a href=\"https:\/\/aplicacions.gestioeducativa.gencat.cat\/pls\/gtaf\/inici\" target=\"_blank\" rel=\"noopener\">Acc\u00e9s al GTAF<\/a><\/figcaption><\/figure>\n<p>Primer de tot, us agra\u00efm la vostra col\u00b7laboraci\u00f3 i us desitgem que gaudiu de l&#8217;experi\u00e8ncia com a formadors.<\/p>\n<p><strong><a href=\"https:\/\/aplicacions.gestioeducativa.gencat.cat\/pls\/gtaf\/inici\" target=\"_blank\" rel=\"noopener noreferrer\">ACC\u00c9S APLICATIU GTAF FORMADORS&gt;&gt;<\/a><\/strong><\/p>\n<p>Podeu consultar el <a href=\"https:\/\/serveiseducatius.xtec.cat\/segarra\/wp-content\/uploads\/usu1148\/2020\/05\/ManualGTAF_formadors.pdf\" target=\"_blank\" rel=\"noopener noreferrer\">&#8220;Manual de gesti\u00f3 de la formaci\u00f3<\/a>&#8221; que<strong>\u00a0<\/strong>us ser\u00e0 \u00fatil a l&#8217;hora de fer els diferents tr\u00e0mits associats al desenvolupament i el tancament de les activitats de formaci\u00f3.<\/p>\n<p>Si ho preferiu, podeu contactar amb el Servei Educatiu CRP de la Segarra\u00a0 mitjan\u00e7ant el correu electr\u00f2nic <a href=\"mailto:crp-segarra@xtec.cat\">crp-segarra@xtec.cat<\/a> o trucant al tel\u00e8fon <strong>973 53 29 64<\/p>\n<p><\/strong><\/p>\n","protected":false},"excerpt":{"rendered":"<p><a href=\"https:\/\/aplicacions.gestioeducativa.gencat.cat\/pls\/gtaf\/inici\" target=\"_blank\" rel=\"noopener\">Acc\u00e9s al GTAF<\/a><br \/>\nPrimer de tot, us agra\u00efm la vostra col\u00b7laboraci\u00f3 i us desitgem que gaudiu de l&#8217;experi\u00e8ncia com a formadors.<br \/>\n<a href=\"https:\/\/aplicacions.gestioeducativa.gencat.cat\/pls\/gtaf\/inici\" target=\"_blank\" rel=\"noopener noreferrer\">ACC\u00c9S APLICATIU GTAF FORMADORS&gt;&gt;<\/a><br \/>\nPodeu consultar el <a href=\"https:\/\/serveiseducatius.xtec.cat\/segarra\/wp-content\/uploads\/usu1148\/2020\/05\/ManualGTAF_formadors.pdf\" target=\"_blank\" rel=\"noopener noreferrer\">&#8220;Manual de gesti\u00f3 de la formaci\u00f3<\/a>&#8221; que\u00a0us ser\u00e0 \u00fatil&hellip;  <a href=\"https:\/\/serveiseducatius.xtec.cat\/segarra\/formacio\/zona-formadors\/\" title=\"Read Zona formadors: Gesti\u00f3 de la formaci\u00f3 \u2013 GTAF per formadors\/es\">Llegeix m\u00e9s\u00bb<\/a><\/p>\n","protected":false},"author":1,"featured_media":0,"parent":416,"menu_order":30,"comment_status":"closed","ping_status":"closed","template":"","meta":{"_bbp_topic_count":0,"_bbp_reply_count":0,"_bbp_total_topic_count":0,"_bbp_total_reply_count":0,"_bbp_voice_count":0,"_bbp_anonymous_reply_count":0,"_bbp_topic_count_hidden":0,"_bbp_reply_count_hidden":0,"_bbp_forum_subforum_count":0,"footnotes":""},"class_list":["post-548","page","type-page","status-publish","hentry"],"post_mailing_queue_ids":[],"_links":{"self":[{"href":"https:\/\/serveiseducatius.xtec.cat\/segarra\/wp-json\/wp\/v2\/pages\/548","targetHints":{"allow":["GET"]}}],"collection":[{"href":"https:\/\/serveiseducatius.xtec.cat\/segarra\/wp-json\/wp\/v2\/pages"}],"about":[{"href":"https:\/\/serveiseducatius.xtec.cat\/segarra\/wp-json\/wp\/v2\/types\/page"}],"author":[{"embeddable":true,"href":"https:\/\/serveiseducatius.xtec.cat\/segarra\/wp-json\/wp\/v2\/users\/1"}],"replies":[{"embeddable":true,"href":"https:\/\/serveiseducatius.xtec.cat\/segarra\/wp-json\/wp\/v2\/comments?post=548"}],"version-history":[{"count":5,"href":"https:\/\/serveiseducatius.xtec.cat\/segarra\/wp-json\/wp\/v2\/pages\/548\/revisions"}],"predecessor-version":[{"id":21926,"href":"https:\/\/serveiseducatius.xtec.cat\/segarra\/wp-json\/wp\/v2\/pages\/548\/revisions\/21926"}],"up":[{"embeddable":true,"href":"https:\/\/serveiseducatius.xtec.cat\/segarra\/wp-json\/wp\/v2\/pages\/416"}],"wp:attachment":[{"href":"https:\/\/serveiseducatius.xtec.cat\/segarra\/wp-json\/wp\/v2\/media?parent=548"}],"curies":[{"name":"wp","href":"https:\/\/api.w.org\/{rel}","templated":true}]}}