{"id":338,"date":"2015-11-24T18:40:49","date_gmt":"2015-11-24T17:40:49","guid":{"rendered":"http:\/\/serveiseducatius.xtec.cat\/segarra\/?page_id=338"},"modified":"2026-03-13T13:55:42","modified_gmt":"2026-03-13T12:55:42","slug":"centres-educatius","status":"publish","type":"page","link":"https:\/\/serveiseducatius.xtec.cat\/segarra\/comunitat\/centres-educatius\/","title":{"rendered":"Centres educatius"},"content":{"rendered":"<p>Podeu consultar els detalls de cada centre de forma m\u00e9s completa al directori seg\u00fcent:<\/p>\n<ul>\n<li><a href=\"http:\/\/mapaescolar.gencat.cat\/\" target=\"_blank\" rel=\"noopener noreferrer\">Cercador de centres de Catalunya<\/a><\/li>\n<\/ul>\n<p style=\"text-align: justify;\">A la comarca de La Segarra hi ha 10 centres p\u00fablics d\u2019educaci\u00f3 infantil i prim\u00e0ria:<\/p>\n<table class=\" aligncenter\" style=\"border-collapse: collapse; width: 599px; height: 318px;\" border=\"0\">\n<tbody>\n<tr>\n<td style=\"width: 188px;\"><a href=\"https:\/\/serveiseducatius.xtec.cat\/segarra\/wp-content\/uploads\/usu1148\/2019\/11\/ESCOLA-JAUME-BALMES01-e1575027384939.jpg\"><img loading=\"lazy\" decoding=\"async\" class=\"aligncenter wp-image-9500 size-full\" src=\"https:\/\/serveiseducatius.xtec.cat\/segarra\/wp-content\/uploads\/usu1148\/2019\/11\/ESCOLA-JAUME-BALMES01-e1575027384939.jpg\" alt=\"\" width=\"300\" height=\"128\" \/><\/a><\/td>\n<td style=\"width: 212px;\"><a href=\"https:\/\/serveiseducatius.xtec.cat\/segarra\/wp-content\/uploads\/usu1148\/2019\/11\/ESCOLA-LES-SAVINES01-e1575027353476.jpg\"><img loading=\"lazy\" decoding=\"async\" class=\"aligncenter wp-image-9506 \" src=\"https:\/\/serveiseducatius.xtec.cat\/segarra\/wp-content\/uploads\/usu1148\/2019\/11\/ESCOLA-LES-SAVINES01-e1575027353476.jpg\" alt=\"\" width=\"187\" height=\"140\" \/><\/a><\/td>\n<td style=\"width: 196px;\"><img loading=\"lazy\" decoding=\"async\" class=\"aligncenter wp-image-9507 size-full\" src=\"https:\/\/serveiseducatius.xtec.cat\/segarra\/wp-content\/uploads\/usu1148\/2019\/11\/ESCOLA-MN.-J.-ARQUES01-e1575027460594.jpg\" alt=\"\" width=\"300\" height=\"217\" \/><\/td>\n<\/tr>\n<tr style=\"height: 31px;\">\n<td style=\"width: 188px; height: 31px;\"><a style=\"color: #2795b6; font-size: 16px; text-align: justify;\" href=\"https:\/\/agora.xtec.cat\/ceip-jbalmes-cervera\/\" target=\"_blank\" rel=\"noopener noreferrer\">Escola Jaume Balmes\u00a0<\/a><br \/>\n(Cervera)<\/td>\n<td style=\"width: 212px; height: 31px;\"><a href=\"https:\/\/agora.xtec.cat\/ceiplessavines\/\" target=\"_blank\" rel=\"noopener noreferrer\">Escola Les Savines<\/a><br \/>\n(Cervera)<\/td>\n<td style=\"width: 196px; height: 31px;\"><a style=\"color: #2795b6; font-size: 16px; text-align: justify; background-color: #ffffff;\" href=\"https:\/\/agora.xtec.cat\/escolajoseparques\/\" target=\"_blank\" rel=\"noopener noreferrer\">Escola Mn Josep Arques\u00a0\u00a0\u00a0<\/a><br \/>\n(Cervera)<\/td>\n<\/tr>\n<tr style=\"height: 30px;\">\n<td style=\"width: 188px; height: 30px;\"><img loading=\"lazy\" decoding=\"async\" class=\"aligncenter size-full wp-image-19280\" src=\"https:\/\/serveiseducatius.xtec.cat\/segarra\/wp-content\/uploads\/usu1148\/2023\/09\/esc-estadells.jpg\" alt=\"\" width=\"219\" height=\"164\" srcset=\"https:\/\/serveiseducatius.xtec.cat\/segarra\/wp-content\/uploads\/usu1148\/2023\/09\/esc-estadells.jpg 219w, https:\/\/serveiseducatius.xtec.cat\/segarra\/wp-content\/uploads\/usu1148\/2023\/09\/esc-estadells-200x150.jpg 200w\" sizes=\"auto, (max-width: 219px) 100vw, 219px\" \/><\/td>\n<td style=\"width: 212px; height: 30px;\"><a href=\"https:\/\/serveiseducatius.xtec.cat\/segarra\/wp-content\/uploads\/usu1148\/2019\/11\/FAUS-ESTEVE01-e1575027476672.jpg\"><img loading=\"lazy\" decoding=\"async\" class=\"aligncenter wp-image-9513 size-full\" src=\"https:\/\/serveiseducatius.xtec.cat\/segarra\/wp-content\/uploads\/usu1148\/2019\/11\/FAUS-ESTEVE01-e1575027476672.jpg\" alt=\"\" width=\"300\" height=\"225\" \/><\/a><\/td>\n<td style=\"width: 196px; height: 30px;\"><a href=\"https:\/\/serveiseducatius.xtec.cat\/segarra\/wp-content\/uploads\/usu1148\/2019\/11\/ESCOLA-LESTEL01-e1575027500163.jpg\"><img loading=\"lazy\" decoding=\"async\" class=\"aligncenter wp-image-9504 size-full\" src=\"https:\/\/serveiseducatius.xtec.cat\/segarra\/wp-content\/uploads\/usu1148\/2019\/11\/ESCOLA-LESTEL01-e1575027500163.jpg\" alt=\"\" width=\"300\" height=\"225\" \/><\/a><\/td>\n<\/tr>\n<tr style=\"height: 31px;\">\n<td style=\"width: 188px; height: 31px;\"><a style=\"color: #2795b6; font-size: 16px; text-align: justify;\" href=\"https:\/\/agora.xtec.cat\/ceipramonestadella\/\" target=\"_blank\" rel=\"noopener noreferrer\">Escola Ramon Estadella Torredeflot<\/a><span style=\"font-size: 16px; text-align: justify;\">\u00a0 <\/span><br \/>\n(Guissona)<\/td>\n<td style=\"width: 212px; height: 31px;\"><a href=\"https:\/\/agora.xtec.cat\/ceipramonfausiesteve\/\" target=\"_blank\" rel=\"noopener noreferrer\">Escola Ramon Faus i Esteve<\/a><br \/>\n(Guissona)<\/td>\n<td style=\"width: 196px; height: 31px;\"><a style=\"color: #2795b6; font-size: 16px; text-align: justify;\" href=\"https:\/\/agora.xtec.cat\/ceip-estel-stguim\/\" target=\"_blank\" rel=\"noopener noreferrer\">Escola L&#8217;Estel\u00a0\u00a0\u00a0\u00a0\u00a0<\/a><br \/>\n(Sant Guim de Freixenet)<\/td>\n<\/tr>\n<tr style=\"height: 30px;\">\n<td style=\"width: 188px; height: 108px;\"><a href=\"https:\/\/agora.xtec.cat\/escolamaredelamerce-santramon\/\"><img loading=\"lazy\" decoding=\"async\" class=\"aligncenter wp-image-19278 size-full\" src=\"https:\/\/serveiseducatius.xtec.cat\/segarra\/wp-content\/uploads\/usu1148\/2023\/09\/escola-sant-ramon.jpg\" alt=\"\" width=\"238\" height=\"167\" \/><\/a><\/td>\n<td style=\"width: 212px; height: 108px;\"><a href=\"https:\/\/serveiseducatius.xtec.cat\/segarra\/wp-content\/uploads\/usu1148\/2019\/11\/ESCOLA-PALLARGUES01.jpg\"><img loading=\"lazy\" decoding=\"async\" class=\"wp-image-9508 aligncenter\" src=\"https:\/\/serveiseducatius.xtec.cat\/segarra\/wp-content\/uploads\/usu1148\/2019\/11\/ESCOLA-PALLARGUES01-e1575027549628.jpg\" alt=\"\" width=\"223\" height=\"167\" \/><\/a><\/td>\n<td style=\"width: 196px; height: 108px;\"><a href=\"https:\/\/serveiseducatius.xtec.cat\/segarra\/wp-content\/uploads\/usu1148\/2019\/11\/ESCOLA-VALL-ONDARA01.jpg\"><img loading=\"lazy\" decoding=\"async\" class=\"alignnone size-full wp-image-9512\" src=\"https:\/\/serveiseducatius.xtec.cat\/segarra\/wp-content\/uploads\/usu1148\/2019\/11\/ESCOLA-VALL-ONDARA01.jpg\" alt=\"\" width=\"400\" height=\"107\" srcset=\"https:\/\/serveiseducatius.xtec.cat\/segarra\/wp-content\/uploads\/usu1148\/2019\/11\/ESCOLA-VALL-ONDARA01.jpg 400w, https:\/\/serveiseducatius.xtec.cat\/segarra\/wp-content\/uploads\/usu1148\/2019\/11\/ESCOLA-VALL-ONDARA01-300x80.jpg 300w\" sizes=\"auto, (max-width: 400px) 100vw, 400px\" \/><\/a><\/td>\n<\/tr>\n<tr style=\"height: 31px;\">\n<td style=\"width: 188px; height: 31px;\"><a style=\"color: #2795b6; font-size: 16px; text-align: justify;\" href=\"https:\/\/agora.xtec.cat\/escolamaredelamerce-santramon\/\" target=\"_blank\" rel=\"noopener noreferrer\">Escola Mare de D\u00e9u de la Merc\u00e8\u00a0 \u00a0 \u00a0<\/a><br \/>\n(Sant Ramon)<\/td>\n<td style=\"width: 212px; height: 31px;\"><a style=\"color: #2795b6; font-size: 16px; text-align: justify;\" href=\"https:\/\/agora.xtec.cat\/zerlasegarra\/escola-les-pallargues\/\" target=\"_blank\" rel=\"noopener noreferrer\">Escola Les Pallargues<\/a><br \/>\n<span style=\"font-size: 16px; text-align: justify; background-color: #ffffff;\">\u00a0<\/span>(ZER La Segarra)<\/td>\n<td style=\"width: 196px; height: 31px;\"><a style=\"color: #2795b6; font-size: 16px; text-align: justify;\" href=\"https:\/\/agora.xtec.cat\/zerlasegarra\/escola-epsilon\/\" target=\"_blank\" rel=\"noopener noreferrer\">Escola Vall Ondara\u00a0\u00a0\u00a0<\/a><br \/>\n(ZER La Segarra)<\/td>\n<\/tr>\n<tr style=\"height: 30px;\">\n<td style=\"width: 188px; height: 30px;\"><\/td>\n<td style=\"width: 212px; height: 30px;\"><a href=\"https:\/\/serveiseducatius.xtec.cat\/segarra\/wp-content\/uploads\/usu1148\/2019\/11\/ESCOLA-SANA\u00dcJA01.jpg\"><img loading=\"lazy\" decoding=\"async\" class=\"aligncenter wp-image-9509\" src=\"https:\/\/serveiseducatius.xtec.cat\/segarra\/wp-content\/uploads\/usu1148\/2019\/11\/ESCOLA-SANA\u00dcJA01-e1575027658380.jpg\" alt=\"\" width=\"160\" height=\"120\" \/><\/a><\/td>\n<td style=\"width: 196px; height: 30px;\"><\/td>\n<\/tr>\n<tr style=\"height: 47px;\">\n<td style=\"width: 188px; height: 47px;\"><\/td>\n<td style=\"width: 212px; height: 47px;\"><a style=\"color: #2795b6; font-size: 16px; text-align: justify;\" href=\"https:\/\/agora.xtec.cat\/zerlasegarra\/escola-gamma\/\" target=\"_blank\" rel=\"noopener noreferrer\">Escola Sana\u00fcja\u00a0\u00a0\u00a0<\/a><br \/>\n(ZER La Segarra)<\/td>\n<td style=\"width: 196px; height: 47px;\"><\/td>\n<\/tr>\n<\/tbody>\n<\/table>\n<p>&nbsp;<\/p>\n<p>&nbsp;<\/p>\n<p>&nbsp;<\/p>\n<p>&nbsp;<\/p>\n<p>&nbsp;<\/p>\n<p>&nbsp;<\/p>\n<p>&nbsp;<\/p>\n<p>&nbsp;<\/p>\n<p>&nbsp;<\/p>\n<p>&nbsp;<\/p>\n<p>&nbsp;<\/p>\n<p>&nbsp;<\/p>\n<p>&nbsp;<\/p>\n<p style=\"text-align: justify;\">Compta amb 3 centres p\u00fablics d\u2019educaci\u00f3 secund\u00e0ria, batxillerat i formaci\u00f3 professional:<\/p>\n<table class=\" aligncenter\" style=\"height: 235px; width: 600px;\" width=\"595\">\n<tbody>\n<tr style=\"height: 108px;\">\n<td style=\"width: 183px; height: 175px;\"><a href=\"https:\/\/serveiseducatius.xtec.cat\/segarra\/wp-content\/uploads\/usu1148\/2019\/11\/INSTITUT-TORROJA01.jpg\"><img loading=\"lazy\" decoding=\"async\" class=\"alignleft wp-image-9517\" src=\"https:\/\/serveiseducatius.xtec.cat\/segarra\/wp-content\/uploads\/usu1148\/2019\/11\/INSTITUT-TORROJA01.jpg\" alt=\"\" width=\"400\" height=\"226\" \/><\/a><\/td>\n<td style=\"width: 196px; height: 175px;\"><a href=\"https:\/\/serveiseducatius.xtec.cat\/segarra\/wp-content\/uploads\/usu1148\/2019\/11\/INSTITUT-LA-SEGARRA01.jpg\"><img loading=\"lazy\" decoding=\"async\" class=\"alignnone wp-image-9516\" src=\"https:\/\/serveiseducatius.xtec.cat\/segarra\/wp-content\/uploads\/usu1148\/2019\/11\/INSTITUT-LA-SEGARRA01.jpg\" alt=\"\" width=\"533\" height=\"300\" \/><\/a><\/td>\n<td style=\"width: 211px; height: 175px;\"><a href=\"https:\/\/serveiseducatius.xtec.cat\/segarra\/wp-content\/uploads\/usu1148\/2019\/11\/INSTITUT-GUISSONA01.jpg\"><img loading=\"lazy\" decoding=\"async\" class=\"alignnone wp-image-9515\" src=\"https:\/\/serveiseducatius.xtec.cat\/segarra\/wp-content\/uploads\/usu1148\/2019\/11\/INSTITUT-GUISSONA01.jpg\" alt=\"\" width=\"408\" height=\"207\" srcset=\"https:\/\/serveiseducatius.xtec.cat\/segarra\/wp-content\/uploads\/usu1148\/2019\/11\/INSTITUT-GUISSONA01.jpg 400w, https:\/\/serveiseducatius.xtec.cat\/segarra\/wp-content\/uploads\/usu1148\/2019\/11\/INSTITUT-GUISSONA01-300x152.jpg 300w\" sizes=\"auto, (max-width: 408px) 100vw, 408px\" \/><\/a><\/td>\n<\/tr>\n<tr style=\"height: 46px;\">\n<td style=\"width: 183px; height: 60px;\"><a href=\"https:\/\/agora.xtec.cat\/iesantonitorroja\/\" target=\"_blank\" rel=\"noopener noreferrer\">INS Antoni Torroja<\/a><br \/>\n(Cervera)<\/td>\n<td style=\"width: 196px; height: 60px;\"><a href=\"https:\/\/www.inslasegarra.cat\/\" target=\"_blank\" rel=\"noopener noreferrer\">INS La Segarra<\/a><br \/>\n(Cervera)<\/td>\n<td style=\"width: 211px; height: 60px;\"><a href=\"https:\/\/www.iesguissona.cat\/\" target=\"_blank\" rel=\"noopener noreferrer\">INS de Guissona<\/a><br \/>\n(Guissona)<\/td>\n<\/tr>\n<\/tbody>\n<\/table>\n<p>&nbsp;<\/p>\n<p style=\"text-align: justify;\">Hi ha 1 centre concertat d\u2019educaci\u00f3 prim\u00e0ria i secund\u00e0ria:<\/p>\n<table class=\" aligncenter\" style=\"height: 145px;\" width=\"372\">\n<tbody>\n<tr>\n<td style=\"width: 234px;\"><a href=\"https:\/\/serveiseducatius.xtec.cat\/segarra\/wp-content\/uploads\/usu1148\/2019\/11\/FEDAC-GUISSONA01.jpg\"><img loading=\"lazy\" decoding=\"async\" class=\"wp-image-9514 aligncenter\" src=\"https:\/\/serveiseducatius.xtec.cat\/segarra\/wp-content\/uploads\/usu1148\/2019\/11\/FEDAC-GUISSONA01.jpg\" alt=\"\" width=\"215\" height=\"121\" srcset=\"https:\/\/serveiseducatius.xtec.cat\/segarra\/wp-content\/uploads\/usu1148\/2019\/11\/FEDAC-GUISSONA01.jpg 400w, https:\/\/serveiseducatius.xtec.cat\/segarra\/wp-content\/uploads\/usu1148\/2019\/11\/FEDAC-GUISSONA01-300x169.jpg 300w\" sizes=\"auto, (max-width: 215px) 100vw, 215px\" \/><\/a><\/td>\n<td style=\"width: 130px;\"><a href=\"http:\/\/www.fedac.cat\/guissona.php\" target=\"_blank\" rel=\"noopener noreferrer\">FEDAC Guissona<\/a><br \/>\n(Guissona)<\/td>\n<\/tr>\n<\/tbody>\n<\/table>\n<p>&nbsp;<\/p>\n<p style=\"text-align: left;\">Hi ha un centre de formaci\u00f3 d&#8217;adults\u200b<\/p>\n<table class=\" aligncenter\" style=\"height: 170px; width: 51.3977%;\" width=\"343\">\n<tbody>\n<tr style=\"height: 159px;\">\n<td style=\"width: 37.0143%; height: 159px;\">\u00a0<img loading=\"lazy\" decoding=\"async\" class=\"alignnone wp-image-22722\" style=\"font-size: 16px;\" src=\"https:\/\/serveiseducatius.xtec.cat\/segarra\/wp-content\/uploads\/usu1148\/2026\/03\/Facana-cervera2-e1773405652559-300x172.jpg\" alt=\"\" width=\"235\" height=\"134\" srcset=\"https:\/\/serveiseducatius.xtec.cat\/segarra\/wp-content\/uploads\/usu1148\/2026\/03\/Facana-cervera2-e1773405652559-300x172.jpg 300w, https:\/\/serveiseducatius.xtec.cat\/segarra\/wp-content\/uploads\/usu1148\/2026\/03\/Facana-cervera2-e1773405652559-1024x588.jpg 1024w, https:\/\/serveiseducatius.xtec.cat\/segarra\/wp-content\/uploads\/usu1148\/2026\/03\/Facana-cervera2-e1773405652559-768x441.jpg 768w, https:\/\/serveiseducatius.xtec.cat\/segarra\/wp-content\/uploads\/usu1148\/2026\/03\/Facana-cervera2-e1773405652559-1536x883.jpg 1536w, https:\/\/serveiseducatius.xtec.cat\/segarra\/wp-content\/uploads\/usu1148\/2026\/03\/Facana-cervera2-e1773405652559-2048x1177.jpg 2048w\" sizes=\"auto, (max-width: 235px) 100vw, 235px\" \/><\/td>\n<td style=\"width: 26.9464%; height: 159px;\"><a href=\"https:\/\/agora.xtec.cat\/cfacervera\/\" target=\"_blank\" rel=\"noopener noreferrer\">CFA. Joan Comorera<\/a><br \/>\n(Cervera)<\/p>\n<p style=\"text-align: right;\"><a href=\"https:\/\/agora.xtec.cat\/cfacervera\/\" target=\"_blank\" rel=\"noopener\">Seu de Guissona<\/a><\/p>\n<\/td>\n<td style=\"width: 94.8943%; height: 159px;\"><a href=\"https:\/\/serveiseducatius.xtec.cat\/segarra\/wp-content\/uploads\/usu1148\/2026\/03\/Guissona-facana.jpg\"><img loading=\"lazy\" decoding=\"async\" class=\"alignnone wp-image-22723\" src=\"https:\/\/serveiseducatius.xtec.cat\/segarra\/wp-content\/uploads\/usu1148\/2026\/03\/Guissona-facana-300x146.jpg\" alt=\"\" width=\"269\" height=\"131\" srcset=\"https:\/\/serveiseducatius.xtec.cat\/segarra\/wp-content\/uploads\/usu1148\/2026\/03\/Guissona-facana-300x146.jpg 300w, https:\/\/serveiseducatius.xtec.cat\/segarra\/wp-content\/uploads\/usu1148\/2026\/03\/Guissona-facana-1024x499.jpg 1024w, https:\/\/serveiseducatius.xtec.cat\/segarra\/wp-content\/uploads\/usu1148\/2026\/03\/Guissona-facana-768x374.jpg 768w, https:\/\/serveiseducatius.xtec.cat\/segarra\/wp-content\/uploads\/usu1148\/2026\/03\/Guissona-facana-1536x749.jpg 1536w, https:\/\/serveiseducatius.xtec.cat\/segarra\/wp-content\/uploads\/usu1148\/2026\/03\/Guissona-facana-2048x999.jpg 2048w\" sizes=\"auto, (max-width: 269px) 100vw, 269px\" \/><\/a><\/td>\n<\/tr>\n<\/tbody>\n<\/table>\n<p>&nbsp;<\/p>\n<p style=\"text-align: left;\">Tamb\u00e9 10 llars d&#8217;infants: 6 p\u00fabliques de corporaci\u00f3 local, 1 p\u00fablica del Departament d&#8217;Educaci\u00f3 i 1 concertada:<\/p>\n<p><strong>P\u00daBLIQUES CORPORACI\u00d3 LOCAL<\/strong><\/p>\n<table class=\" aligncenter\" style=\"height: 412px; width: 50.0728%;\" width=\"689\">\n<tbody>\n<tr>\n<td style=\"width: 204px;\"><a href=\"https:\/\/serveiseducatius.xtec.cat\/segarra\/wp-content\/uploads\/usu1148\/2019\/11\/LLAR-INFANTS-LESQUIROL01.jpg\"><img loading=\"lazy\" decoding=\"async\" class=\"alignnone wp-image-9521 aligncenter\" src=\"https:\/\/serveiseducatius.xtec.cat\/segarra\/wp-content\/uploads\/usu1148\/2019\/11\/LLAR-INFANTS-LESQUIROL01.jpg\" alt=\"\" width=\"157\" height=\"118\" srcset=\"https:\/\/serveiseducatius.xtec.cat\/segarra\/wp-content\/uploads\/usu1148\/2019\/11\/LLAR-INFANTS-LESQUIROL01.jpg 400w, https:\/\/serveiseducatius.xtec.cat\/segarra\/wp-content\/uploads\/usu1148\/2019\/11\/LLAR-INFANTS-LESQUIROL01-300x225.jpg 300w, https:\/\/serveiseducatius.xtec.cat\/segarra\/wp-content\/uploads\/usu1148\/2019\/11\/LLAR-INFANTS-LESQUIROL01-200x150.jpg 200w\" sizes=\"auto, (max-width: 157px) 100vw, 157px\" \/><\/a><\/td>\n<td style=\"width: 263px;\"><a href=\"https:\/\/serveiseducatius.xtec.cat\/segarra\/wp-content\/uploads\/usu1148\/2019\/11\/LLAR-DINFANTS-SANT-RAMON01.png\"><img loading=\"lazy\" decoding=\"async\" class=\"alignnone wp-image-9533\" src=\"https:\/\/serveiseducatius.xtec.cat\/segarra\/wp-content\/uploads\/usu1148\/2019\/11\/LLAR-DINFANTS-SANT-RAMON01.png\" alt=\"\" width=\"243\" height=\"77\" srcset=\"https:\/\/serveiseducatius.xtec.cat\/segarra\/wp-content\/uploads\/usu1148\/2019\/11\/LLAR-DINFANTS-SANT-RAMON01.png 400w, https:\/\/serveiseducatius.xtec.cat\/segarra\/wp-content\/uploads\/usu1148\/2019\/11\/LLAR-DINFANTS-SANT-RAMON01-300x95.png 300w\" sizes=\"auto, (max-width: 243px) 100vw, 243px\" \/><\/a><\/td>\n<td style=\"width: 211px;\"><a href=\"https:\/\/serveiseducatius.xtec.cat\/segarra\/wp-content\/uploads\/usu1148\/2019\/11\/LLAR-DINFANTS-EL-REI-PETIT01.png\"><img loading=\"lazy\" decoding=\"async\" class=\"alignnone wp-image-9529\" src=\"https:\/\/serveiseducatius.xtec.cat\/segarra\/wp-content\/uploads\/usu1148\/2019\/11\/LLAR-DINFANTS-EL-REI-PETIT01.png\" alt=\"\" width=\"189\" height=\"64\" srcset=\"https:\/\/serveiseducatius.xtec.cat\/segarra\/wp-content\/uploads\/usu1148\/2019\/11\/LLAR-DINFANTS-EL-REI-PETIT01.png 400w, https:\/\/serveiseducatius.xtec.cat\/segarra\/wp-content\/uploads\/usu1148\/2019\/11\/LLAR-DINFANTS-EL-REI-PETIT01-300x101.png 300w\" sizes=\"auto, (max-width: 189px) 100vw, 189px\" \/><\/a><\/td>\n<\/tr>\n<tr>\n<td style=\"text-align: center; width: 204px;\"><a href=\"http:\/\/santguim.cat\/ca\/administracio\/santguim\/equipaments\/llar-dinfants-lesquirol\/139607.html\" target=\"_blank\" rel=\"noopener noreferrer\">Llar d&#8217;Infants L&#8217;esquirol<\/a><br \/>\n(Sant Guim de Freixenet)<\/td>\n<td style=\"text-align: center; width: 263px;\">Llar d&#8217;Infants Sant Ramon<br \/>\n(Sant Ramon)<\/td>\n<td style=\"text-align: center; width: 211px;\">Llar d&#8217;Infants Vall Ondara<br \/>\n(St. Antol\u00ed i Vilanova)<\/td>\n<\/tr>\n<tr>\n<td style=\"text-align: center; width: 204px;\"><a href=\"https:\/\/serveiseducatius.xtec.cat\/segarra\/wp-content\/uploads\/usu1148\/2019\/11\/LLAR-INFANTS-PATUFET01.jpg\"><img loading=\"lazy\" decoding=\"async\" class=\"alignnone wp-image-9522\" src=\"https:\/\/serveiseducatius.xtec.cat\/segarra\/wp-content\/uploads\/usu1148\/2019\/11\/LLAR-INFANTS-PATUFET01.jpg\" alt=\"\" width=\"184\" height=\"138\" srcset=\"https:\/\/serveiseducatius.xtec.cat\/segarra\/wp-content\/uploads\/usu1148\/2019\/11\/LLAR-INFANTS-PATUFET01.jpg 400w, https:\/\/serveiseducatius.xtec.cat\/segarra\/wp-content\/uploads\/usu1148\/2019\/11\/LLAR-INFANTS-PATUFET01-300x225.jpg 300w, https:\/\/serveiseducatius.xtec.cat\/segarra\/wp-content\/uploads\/usu1148\/2019\/11\/LLAR-INFANTS-PATUFET01-200x150.jpg 200w\" sizes=\"auto, (max-width: 184px) 100vw, 184px\" \/><\/a><\/td>\n<td style=\"text-align: center; width: 263px;\"><a href=\"https:\/\/serveiseducatius.xtec.cat\/segarra\/wp-content\/uploads\/usu1148\/2019\/11\/LLAR-DINFANTS-SANA\u00dcJA01.png\"><img loading=\"lazy\" decoding=\"async\" class=\"alignnone wp-image-9532\" src=\"https:\/\/serveiseducatius.xtec.cat\/segarra\/wp-content\/uploads\/usu1148\/2019\/11\/LLAR-DINFANTS-SANA\u00dcJA01.png\" alt=\"\" width=\"218\" height=\"95\" srcset=\"https:\/\/serveiseducatius.xtec.cat\/segarra\/wp-content\/uploads\/usu1148\/2019\/11\/LLAR-DINFANTS-SANA\u00dcJA01.png 400w, https:\/\/serveiseducatius.xtec.cat\/segarra\/wp-content\/uploads\/usu1148\/2019\/11\/LLAR-DINFANTS-SANA\u00dcJA01-300x131.png 300w\" sizes=\"auto, (max-width: 218px) 100vw, 218px\" \/><\/a><\/td>\n<td style=\"text-align: center; width: 211px;\"><a href=\"https:\/\/serveiseducatius.xtec.cat\/segarra\/wp-content\/uploads\/usu1148\/2019\/11\/LLAR-DINFANTS-LES-PALLARGUES01.jpg\"><img loading=\"lazy\" decoding=\"async\" class=\"alignnone wp-image-9535\" src=\"https:\/\/serveiseducatius.xtec.cat\/segarra\/wp-content\/uploads\/usu1148\/2019\/11\/LLAR-DINFANTS-LES-PALLARGUES01.jpg\" alt=\"\" width=\"187\" height=\"105\" srcset=\"https:\/\/serveiseducatius.xtec.cat\/segarra\/wp-content\/uploads\/usu1148\/2019\/11\/LLAR-DINFANTS-LES-PALLARGUES01.jpg 400w, https:\/\/serveiseducatius.xtec.cat\/segarra\/wp-content\/uploads\/usu1148\/2019\/11\/LLAR-DINFANTS-LES-PALLARGUES01-300x169.jpg 300w\" sizes=\"auto, (max-width: 187px) 100vw, 187px\" \/><\/a><\/td>\n<\/tr>\n<tr>\n<td style=\"text-align: center; width: 204px;\"><a href=\"http:\/\/llarpatufetguissona.blogspot.com\/\" target=\"_blank\" rel=\"noopener noreferrer\">Llar d&#8217;Infants Patufet<\/a><br \/>\n(Guissona)<\/td>\n<td style=\"text-align: center; width: 263px;\">Llar d&#8217;Infants de Sana\u00fcja<br \/>\n(Sana\u00fcja)<\/td>\n<td style=\"text-align: center; width: 211px;\">Llar d&#8217;Infants de les Pallargues<br \/>\n(Pallargues)<\/td>\n<\/tr>\n<\/tbody>\n<\/table>\n<p style=\"text-align: left;\"><strong>P\u00daBLICA DEP. EDUCACI\u00d3<\/strong><\/p>\n<table class=\" aligncenter\" style=\"height: 215px; width: 374px;\" width=\"714\">\n<tbody>\n<tr style=\"height: 217px;\">\n<td style=\"width: 217px; height: 217px;\"><a href=\"https:\/\/serveiseducatius.xtec.cat\/segarra\/wp-content\/uploads\/usu1148\/2019\/11\/LLAR-INFANTS-LARREL01.jpg\"><img loading=\"lazy\" decoding=\"async\" class=\"alignnone wp-image-9520\" src=\"https:\/\/serveiseducatius.xtec.cat\/segarra\/wp-content\/uploads\/usu1148\/2019\/11\/LLAR-INFANTS-LARREL01.jpg\" alt=\"\" width=\"211\" height=\"149\" srcset=\"https:\/\/serveiseducatius.xtec.cat\/segarra\/wp-content\/uploads\/usu1148\/2019\/11\/LLAR-INFANTS-LARREL01.jpg 400w, https:\/\/serveiseducatius.xtec.cat\/segarra\/wp-content\/uploads\/usu1148\/2019\/11\/LLAR-INFANTS-LARREL01-300x212.jpg 300w\" sizes=\"auto, (max-width: 211px) 100vw, 211px\" \/><\/a><\/td>\n<td style=\"width: 149px; height: 217px;\"><a href=\"http:\/\/ccsegarra.cat\/mapa_recursos_inclusio\/fitxa.php?id=233\" target=\"_blank\" rel=\"noopener noreferrer\">Llar d&#8217;Infants l&#8217;Arrel<\/a><br \/>\n(Cervera)<\/td>\n<\/tr>\n<\/tbody>\n<\/table>\n<p><strong>CONCERTADA FUNDACI\u00d3<\/strong><\/p>\n<table class=\" aligncenter\" style=\"height: 138px;\" width=\"366\">\n<tbody>\n<tr style=\"height: 136px;\">\n<td style=\"height: 136px; width: 228px;\"><a href=\"https:\/\/serveiseducatius.xtec.cat\/segarra\/wp-content\/uploads\/usu1148\/2019\/11\/FEDAC-GUISSONA01.jpg\"><img loading=\"lazy\" decoding=\"async\" class=\"alignnone wp-image-9514\" src=\"https:\/\/serveiseducatius.xtec.cat\/segarra\/wp-content\/uploads\/usu1148\/2019\/11\/FEDAC-GUISSONA01.jpg\" alt=\"\" width=\"209\" height=\"118\" srcset=\"https:\/\/serveiseducatius.xtec.cat\/segarra\/wp-content\/uploads\/usu1148\/2019\/11\/FEDAC-GUISSONA01.jpg 400w, https:\/\/serveiseducatius.xtec.cat\/segarra\/wp-content\/uploads\/usu1148\/2019\/11\/FEDAC-GUISSONA01-300x169.jpg 300w\" sizes=\"auto, (max-width: 209px) 100vw, 209px\" \/><\/a><\/td>\n<td style=\"height: 136px; width: 130px;\"><a href=\"http:\/\/www.fedac.cat\/guissona.php\" target=\"_blank\" rel=\"noopener noreferrer\">FEDAC Guissona<\/a><br \/>\n(Guissona)<\/td>\n<\/tr>\n<\/tbody>\n<\/table>\n<p style=\"text-align: left;\"><strong>UBICACI\u00d3 DELS CENTRES<\/strong><\/p>\n<p style=\"text-align: center;\"><iframe loading=\"lazy\" src=\"https:\/\/www.google.com\/maps\/d\/u\/1\/embed?mid=1_Q7YWQsqplJY4eUpvU-cARZISxXiX3Uk\" width=\"640\" height=\"480\"><\/iframe><\/p>\n<p>&nbsp;<\/p>\n","protected":false},"excerpt":{"rendered":"<p>Podeu consultar els detalls de cada centre de forma m\u00e9s completa al directori seg\u00fcent:<\/p>\n<ul>\n<li><a href=\"http:\/\/mapaescolar.gencat.cat\/\" target=\"_blank\" rel=\"noopener noreferrer\">Cercador de centres de Catalunya<\/a><\/li>\n<\/ul>\n<p>A la comarca de La Segarra hi ha 10 centres p\u00fablics d\u2019educaci\u00f3 infantil i prim\u00e0ria:<\/p>\n<p><a href=\"https:\/\/serveiseducatius.xtec.cat\/segarra\/wp-content\/uploads\/usu1148\/2019\/11\/ESCOLA-JAUME-BALMES01-e1575027384939.jpg\"><\/a><br \/>\n<a href=\"https:\/\/serveiseducatius.xtec.cat\/segarra\/wp-content\/uploads\/usu1148\/2019\/11\/ESCOLA-LES-SAVINES01-e1575027353476.jpg\"><\/a><\/p>\n<p><a style=\"color: #2795b6; font-size: 16px; text-align: justify;\" href=\"https:\/\/agora.xtec.cat\/ceip-jbalmes-cervera\/\"&hellip;  <a href=\"https:\/\/serveiseducatius.xtec.cat\/segarra\/comunitat\/centres-educatius\/\" title=\"Read Centres educatius\">Llegeix m\u00e9s\u00bb<\/a><\/p>\n","protected":false},"author":1,"featured_media":0,"parent":341,"menu_order":10,"comment_status":"closed","ping_status":"closed","template":"page-templates\/side-menu.php","meta":{"_bbp_topic_count":0,"_bbp_reply_count":0,"_bbp_total_topic_count":0,"_bbp_total_reply_count":0,"_bbp_voice_count":0,"_bbp_anonymous_reply_count":0,"_bbp_topic_count_hidden":0,"_bbp_reply_count_hidden":0,"_bbp_forum_subforum_count":0,"footnotes":""},"class_list":["post-338","page","type-page","status-publish","hentry"],"post_mailing_queue_ids":[],"_links":{"self":[{"href":"https:\/\/serveiseducatius.xtec.cat\/segarra\/wp-json\/wp\/v2\/pages\/338","targetHints":{"allow":["GET"]}}],"collection":[{"href":"https:\/\/serveiseducatius.xtec.cat\/segarra\/wp-json\/wp\/v2\/pages"}],"about":[{"href":"https:\/\/serveiseducatius.xtec.cat\/segarra\/wp-json\/wp\/v2\/types\/page"}],"author":[{"embeddable":true,"href":"https:\/\/serveiseducatius.xtec.cat\/segarra\/wp-json\/wp\/v2\/users\/1"}],"replies":[{"embeddable":true,"href":"https:\/\/serveiseducatius.xtec.cat\/segarra\/wp-json\/wp\/v2\/comments?post=338"}],"version-history":[{"count":8,"href":"https:\/\/serveiseducatius.xtec.cat\/segarra\/wp-json\/wp\/v2\/pages\/338\/revisions"}],"predecessor-version":[{"id":8322,"href":"https:\/\/serveiseducatius.xtec.cat\/segarra\/wp-json\/wp\/v2\/pages\/338\/revisions\/8322"}],"up":[{"embeddable":true,"href":"https:\/\/serveiseducatius.xtec.cat\/segarra\/wp-json\/wp\/v2\/pages\/341"}],"wp:attachment":[{"href":"https:\/\/serveiseducatius.xtec.cat\/segarra\/wp-json\/wp\/v2\/media?parent=338"}],"curies":[{"name":"wp","href":"https:\/\/api.w.org\/{rel}","templated":true}]}}