{"id":19338,"date":"2023-09-12T10:13:54","date_gmt":"2023-09-12T08:13:54","guid":{"rendered":"https:\/\/serveiseducatius.xtec.cat\/segarra\/?page_id=19338"},"modified":"2023-09-12T10:54:22","modified_gmt":"2023-09-12T08:54:22","slug":"inscripcio-direccions","status":"publish","type":"page","link":"https:\/\/serveiseducatius.xtec.cat\/segarra\/formacio\/inscripcio-direccions\/","title":{"rendered":"Inscripci\u00f3 direccions"},"content":{"rendered":"<p>La \u201c<b>inscripci\u00f3 de direcci\u00f3<\/b>\u201d permet a les direccions dels centres fer les inscripcions a activitats de formaci\u00f3. El director\/a pot delegar aquesta tasca en una tercera persona del centre, a trav\u00e9s del mateix aplicatiu.<\/p>\n<p><a href=\"https:\/\/xtec.gencat.cat\/ca\/formacio\/la-meva-formacio\/inscripcio-direccions\" target=\"_blank\" rel=\"noopener\"><img loading=\"lazy\" decoding=\"async\" class=\"alignleft wp-image-19340 size-full\" src=\"https:\/\/serveiseducatius.xtec.cat\/segarra\/wp-content\/uploads\/usu1148\/2023\/09\/banners-articles-botons.png\" alt=\"\" width=\"400\" height=\"150\" srcset=\"https:\/\/serveiseducatius.xtec.cat\/segarra\/wp-content\/uploads\/usu1148\/2023\/09\/banners-articles-botons.png 400w, https:\/\/serveiseducatius.xtec.cat\/segarra\/wp-content\/uploads\/usu1148\/2023\/09\/banners-articles-botons-300x113.png 300w\" sizes=\"auto, (max-width: 400px) 100vw, 400px\" \/><\/a>En accedir la persona directora s\u2019identificar\u00e0 mitjan\u00e7ant el seu\u00a0<b>identificador personal<\/b>\u00a0d\u2019usuari XTEC i podr\u00e0:<\/p>\n<ol>\n<li>Delegar funcions a persones del centre que disposin d\u2019identificador XTEC donant permisos diferenciats: formaci\u00f3, gesti\u00f3 equipaments\u2026<\/li>\n<li>Realitzar directament Inscripcions<\/li>\n<li>Consultar activitats amb restricci\u00f3 del seu centre.<\/li>\n<li>Consultar els certificats del professorat del centre.<\/li>\n<li>Gestionar la prioritzaci\u00f3 dels docents del centre en una activitat formativa amb prioritzaci\u00f3 de direcci\u00f3.<\/li>\n<\/ol>\n<h6>Accediu al manual d&#8217;<a href=\"https:\/\/xtec.gencat.cat\/web\/.content\/alfresco\/d\/d\/workspace\/SpacesStore\/0045\/43e193d7-dacb-4858-b048-368a37da57d6\/inscripcio_direccio.pdf\" target=\"_blank\" rel=\"noopener\"><strong>INSTRUCCIONS<\/strong><\/a><\/h6>\n<h6><\/h6>\n<h5>Com delegar funcions, donant permisos de formaci\u00f3.<\/h5>\n<p>Despr\u00e9s de validar-vos com a usuari XTEC s\u2019accedeix a la p\u00e0gina de gesti\u00f3 de: permisos, inscripcions del vostre centre i consulta formaci\u00f3 professorat.<\/p>\n<p><img loading=\"lazy\" decoding=\"async\" class=\"aligncenter size-full wp-image-19348\" src=\"https:\/\/serveiseducatius.xtec.cat\/segarra\/wp-content\/uploads\/usu1148\/2023\/09\/permisos-4a.jpg\" alt=\"\" width=\"758\" height=\"553\" srcset=\"https:\/\/serveiseducatius.xtec.cat\/segarra\/wp-content\/uploads\/usu1148\/2023\/09\/permisos-4a.jpg 758w, https:\/\/serveiseducatius.xtec.cat\/segarra\/wp-content\/uploads\/usu1148\/2023\/09\/permisos-4a-300x219.jpg 300w\" sizes=\"auto, (max-width: 758px) 100vw, 758px\" \/><\/p>\n<p>&nbsp;<\/p>\n<h5><b>Com fer les inscripcions<\/b><\/h5>\n<p>En el cas de la <strong>direcci\u00f3<\/strong>:<\/p>\n<p><img loading=\"lazy\" decoding=\"async\" class=\"aligncenter size-full wp-image-19356\" src=\"https:\/\/serveiseducatius.xtec.cat\/segarra\/wp-content\/uploads\/usu1148\/2023\/09\/permisos-5.jpg\" alt=\"\" width=\"765\" height=\"492\" srcset=\"https:\/\/serveiseducatius.xtec.cat\/segarra\/wp-content\/uploads\/usu1148\/2023\/09\/permisos-5.jpg 765w, https:\/\/serveiseducatius.xtec.cat\/segarra\/wp-content\/uploads\/usu1148\/2023\/09\/permisos-5-300x193.jpg 300w\" sizes=\"auto, (max-width: 765px) 100vw, 765px\" \/><\/p>\n<p>En el cas de <strong>persona autoritzada<\/strong>:<\/p>\n<p><img loading=\"lazy\" decoding=\"async\" class=\"aligncenter size-full wp-image-19358\" src=\"https:\/\/serveiseducatius.xtec.cat\/segarra\/wp-content\/uploads\/usu1148\/2023\/09\/permisos-6b.jpg\" alt=\"\" width=\"759\" height=\"485\" srcset=\"https:\/\/serveiseducatius.xtec.cat\/segarra\/wp-content\/uploads\/usu1148\/2023\/09\/permisos-6b.jpg 759w, https:\/\/serveiseducatius.xtec.cat\/segarra\/wp-content\/uploads\/usu1148\/2023\/09\/permisos-6b-300x192.jpg 300w\" sizes=\"auto, (max-width: 759px) 100vw, 759px\" \/><\/p>\n<p>&nbsp;<\/p>\n","protected":false},"excerpt":{"rendered":"<p>La \u201cinscripci\u00f3 de direcci\u00f3\u201d permet a les direccions dels centres fer les inscripcions a activitats de formaci\u00f3. El director\/a pot delegar aquesta tasca en una tercera persona del centre, a trav\u00e9s del mateix aplicatiu.<br \/>\n<a href=\"https:\/\/xtec.gencat.cat\/ca\/formacio\/la-meva-formacio\/inscripcio-direccions\" target=\"_blank\" rel=\"noopener\"><\/a>En accedir la persona directora s\u2019identificar\u00e0 mitjan\u00e7ant el seu\u00a0identificador&hellip;  <a href=\"https:\/\/serveiseducatius.xtec.cat\/segarra\/formacio\/inscripcio-direccions\/\" title=\"Read Inscripci\u00f3 direccions\">Llegeix m\u00e9s\u00bb<\/a><\/p>\n","protected":false},"author":4,"featured_media":0,"parent":416,"menu_order":6,"comment_status":"closed","ping_status":"closed","template":"","meta":{"_bbp_topic_count":0,"_bbp_reply_count":0,"_bbp_total_topic_count":0,"_bbp_total_reply_count":0,"_bbp_voice_count":0,"_bbp_anonymous_reply_count":0,"_bbp_topic_count_hidden":0,"_bbp_reply_count_hidden":0,"_bbp_forum_subforum_count":0,"footnotes":""},"class_list":["post-19338","page","type-page","status-publish","hentry"],"post_mailing_queue_ids":[],"_links":{"self":[{"href":"https:\/\/serveiseducatius.xtec.cat\/segarra\/wp-json\/wp\/v2\/pages\/19338","targetHints":{"allow":["GET"]}}],"collection":[{"href":"https:\/\/serveiseducatius.xtec.cat\/segarra\/wp-json\/wp\/v2\/pages"}],"about":[{"href":"https:\/\/serveiseducatius.xtec.cat\/segarra\/wp-json\/wp\/v2\/types\/page"}],"author":[{"embeddable":true,"href":"https:\/\/serveiseducatius.xtec.cat\/segarra\/wp-json\/wp\/v2\/users\/4"}],"replies":[{"embeddable":true,"href":"https:\/\/serveiseducatius.xtec.cat\/segarra\/wp-json\/wp\/v2\/comments?post=19338"}],"version-history":[{"count":3,"href":"https:\/\/serveiseducatius.xtec.cat\/segarra\/wp-json\/wp\/v2\/pages\/19338\/revisions"}],"predecessor-version":[{"id":19359,"href":"https:\/\/serveiseducatius.xtec.cat\/segarra\/wp-json\/wp\/v2\/pages\/19338\/revisions\/19359"}],"up":[{"embeddable":true,"href":"https:\/\/serveiseducatius.xtec.cat\/segarra\/wp-json\/wp\/v2\/pages\/416"}],"wp:attachment":[{"href":"https:\/\/serveiseducatius.xtec.cat\/segarra\/wp-json\/wp\/v2\/media?parent=19338"}],"curies":[{"name":"wp","href":"https:\/\/api.w.org\/{rel}","templated":true}]}}