{"id":14461,"date":"2021-10-02T16:50:10","date_gmt":"2021-10-02T14:50:10","guid":{"rendered":"https:\/\/serveiseducatius.xtec.cat\/segarra\/?page_id=14461"},"modified":"2026-01-13T19:14:02","modified_gmt":"2026-01-13T18:14:02","slug":"fem-xarxa","status":"publish","type":"page","link":"https:\/\/serveiseducatius.xtec.cat\/segarra\/biblioteca-escolar\/fem-xarxa\/","title":{"rendered":"Fem Xarxa"},"content":{"rendered":"<p>&nbsp;<\/p>\n<table style=\"border-collapse: collapse; width: 100%; height: 388px;\">\n<tbody>\n<tr style=\"height: 388px;\">\n<td style=\"width: 100%; height: 388px;\">\n<p style=\"text-align: center;\"><strong>Referents BE-BP-Seminari Dinamitzaci\u00f3<\/strong><a href=\"https:\/\/sites.google.com\/xtec.cat\/espaiseminaribesegarra\/2526-espai-bibilioteca-escolar-25-26\" target=\"_blank\" rel=\"noopener\"><img loading=\"lazy\" decoding=\"async\" class=\"alignright wp-image-14462 size-full\" src=\"https:\/\/serveiseducatius.xtec.cat\/segarra\/wp-content\/uploads\/usu1148\/2021\/10\/seminari-BE.png\" alt=\"\" width=\"1366\" height=\"543\" srcset=\"https:\/\/serveiseducatius.xtec.cat\/segarra\/wp-content\/uploads\/usu1148\/2021\/10\/seminari-BE.png 1366w, https:\/\/serveiseducatius.xtec.cat\/segarra\/wp-content\/uploads\/usu1148\/2021\/10\/seminari-BE-300x119.png 300w, https:\/\/serveiseducatius.xtec.cat\/segarra\/wp-content\/uploads\/usu1148\/2021\/10\/seminari-BE-1024x407.png 1024w, https:\/\/serveiseducatius.xtec.cat\/segarra\/wp-content\/uploads\/usu1148\/2021\/10\/seminari-BE-768x305.png 768w\" sizes=\"auto, (max-width: 1366px) 100vw, 1366px\" \/><\/a><\/p>\n<\/td>\n<\/tr>\n<\/tbody>\n<\/table>\n<p><strong>Curs 2023-2024:<\/strong><\/p>\n<table style=\"border-collapse: collapse; width: 100%;\">\n<tbody>\n<tr>\n<td style=\"width: 16.6667%;\">\n<div style=\"position: relative; width: 100%; height: 0; padding-top: 56.2500%; padding-bottom: 0; box-shadow: 0 2px 8px 0 rgba(63,69,81,0.16); margin-top: 1.6em; margin-bottom: 0.9em; overflow: hidden; border-radius: 8px; will-change: transform;\"><iframe style=\"position: absolute; width: 100%; height: 100%; top: 0; left: 0; border: none; padding: 0; margin: 0;\" src=\"https:\/\/www.canva.com\/design\/DAFzreFmWgQ\/view?embed\" allowfullscreen=\"allowfullscreen\"><span data-mce-type=\"bookmark\" style=\"display: inline-block; width: 0px; overflow: hidden; line-height: 0;\" class=\"mce_SELRES_end\">\ufeff<\/span><br \/>\n<\/iframe><\/div>\n<p><a href=\"https:\/\/www.canva.com\/design\/DAFzreFmWgQ\/view?utm_content=DAFzreFmWgQ&amp;utm_campaign=designshare&amp;utm_medium=embeds&amp;utm_source=link\" target=\"_blank\" rel=\"noopener\">1a sessi\u00f3 Seminari BE de la Segarra 23-24<\/a><\/td>\n<td style=\"width: 16.6667%;\">\n<div style=\"position: relative; width: 100%; height: 0; padding-top: 56.2500%; padding-bottom: 0; box-shadow: 0 2px 8px 0 rgba(63,69,81,0.16); margin-top: 1.6em; margin-bottom: 0.9em; overflow: hidden; border-radius: 8px; will-change: transform;\"><iframe style=\"position: absolute; width: 100%; height: 100%; top: 0; left: 0; border: none; padding: 0; margin: 0;\" src=\"https:\/\/www.canva.com\/design\/DAF2Z-Xd5aU\/view?embed\" allowfullscreen=\"allowfullscreen\"><br \/>\n<\/iframe><\/div>\n<p><a href=\"https:\/\/www.canva.com\/design\/DAF2Z-Xd5aU\/view?utm_content=DAF2Z-Xd5aU&amp;utm_campaign=designshare&amp;utm_medium=embeds&amp;utm_source=link\" target=\"_blank\" rel=\"noopener\">2a sessi\u00f3 seminari BE de la Segarra 23-24<\/a><\/td>\n<td style=\"width: 16.6667%;\"><\/td>\n<td style=\"width: 16.6667%;\"><\/td>\n<td style=\"width: 16.6667%;\"><\/td>\n<td style=\"width: 16.6667%;\"><\/td>\n<\/tr>\n<\/tbody>\n<\/table>\n<p>Altres edicions:<\/p>\n<table style=\"border-collapse: collapse; width: 100%;\">\n<tbody>\n<tr>\n<td style=\"width: 20%;\">\n<div style=\"position: relative; width: 100%; height: 0; padding-top: 56.2500%; padding-bottom: 48px; box-shadow: 0 2px 8px 0 rgba(63,69,81,0.16); margin-top: 1.6em; margin-bottom: 0.9em; overflow: hidden; border-radius: 8px; will-change: transform;\"><iframe style=\"position: absolute; width: 100%; height: 100%; top: 0; left: 0; border: none; padding: 0; margin: 0;\" src=\"https:\/\/www.canva.com\/design\/DAEpatCw_HI\/view?embed\"><br \/>\n<\/iframe><\/div>\n<p><a href=\"https:\/\/www.canva.com\/design\/DAEpatCw_HI\/view?utm_content=DAEpatCw_HI&amp;utm_campaign=designshare&amp;utm_medium=embeds&amp;utm_source=link\" target=\"_blank\" rel=\"noopener\">Sessi\u00f3 1_Seminari de Gesti\u00f3 i Dinamitzaci\u00f3 de la BE<\/a> de CRP Segarra<\/td>\n<td style=\"width: 20%;\">\n<div style=\"position: relative; width: 100%; height: 0; padding-top: 56.2500%; padding-bottom: 48px; box-shadow: 0 2px 8px 0 rgba(63,69,81,0.16); margin-top: 1.6em; margin-bottom: 0.9em; overflow: hidden; border-radius: 8px; will-change: transform;\"><iframe style=\"position: absolute; width: 100%; height: 100%; top: 0; left: 0; border: none; padding: 0; margin: 0;\" src=\"https:\/\/www.canva.com\/design\/DAEqkzwtO2E\/view?embed\"><br \/>\n<\/iframe><\/div>\n<p><a href=\"https:\/\/www.canva.com\/design\/DAEqkzwtO2E\/view?utm_content=DAEqkzwtO2E&amp;utm_campaign=designshare&amp;utm_medium=embeds&amp;utm_source=link\" target=\"_blank\" rel=\"noopener\">Sessi\u00f3 2 Seminari de Gesti\u00f3 i Dinamitzaci\u00f3 de la BE<\/a> de CRP Segarra<\/td>\n<td style=\"width: 20%;\">\n<div style=\"position: relative; width: 100%; height: 0; padding-top: 56.2500%; padding-bottom: 48px; box-shadow: 0 2px 8px 0 rgba(63,69,81,0.16); margin-top: 1.6em; margin-bottom: 0.9em; overflow: hidden; border-radius: 8px; will-change: transform;\"><iframe style=\"position: absolute; width: 100%; height: 100%; top: 0; left: 0; border: none; padding: 0; margin: 0;\" src=\"https:\/\/www.canva.com\/design\/DAEuHHtAivU\/view?embed\"><br \/>\n<\/iframe><\/div>\n<p><a href=\"https:\/\/www.canva.com\/design\/DAEuHHtAivU\/view?utm_content=DAEuHHtAivU&amp;utm_campaign=designshare&amp;utm_medium=embeds&amp;utm_source=link\" target=\"_blank\" rel=\"noopener\">Sessi\u00f3 3 Seminari de Gesti\u00f3 i Dinamitzaci\u00f3 de la BE<\/a> de CRP Segarra<\/td>\n<td style=\"width: 20%;\">\n<div style=\"position: relative; width: 100%; height: 0; padding-top: 56.2500%; padding-bottom: 48px; box-shadow: 0 2px 8px 0 rgba(63,69,81,0.16); margin-top: 1.6em; margin-bottom: 0.9em; overflow: hidden; border-radius: 8px; will-change: transform;\"><iframe style=\"position: absolute; width: 100%; height: 100%; top: 0; left: 0; border: none; padding: 0; margin: 0;\" src=\"https:\/\/www.canva.com\/design\/DAE2Lhtn5J0\/view?embed\" allowfullscreen=\"allowfullscreen\"><br \/>\n<\/iframe><\/div>\n<p><a href=\"https:\/\/www.canva.com\/design\/DAE2Lhtn5J0\/view?utm_content=DAE2Lhtn5J0&amp;utm_campaign=designshare&amp;utm_medium=embeds&amp;utm_source=link\" target=\"_blank\" rel=\"noopener\">Sessi\u00f3 4 Seminari de Gesti\u00f3 i Dinamitzaci\u00f3 de la BE<\/a> de CRP Segarra<\/td>\n<td style=\"width: 20%;\">\n<div style=\"position: relative; width: 100%; height: 0; padding-top: 56.2500%; padding-bottom: 48px; box-shadow: 0 2px 8px 0 rgba(63,69,81,0.16); margin-top: 1.6em; margin-bottom: 0.9em; overflow: hidden; border-radius: 8px; will-change: transform;\"><iframe style=\"position: absolute; width: 100%; height: 100%; top: 0; left: 0; border: none; padding: 0; margin: 0;\" src=\"https:\/\/www.canva.com\/design\/DAEvcG9_K0U\/view?embed\" allowfullscreen=\"allowfullscreen\"><br \/>\n<\/iframe><\/div>\n<p><a href=\"https:\/\/www.canva.com\/design\/DAEvcG9_K0U\/view?utm_content=DAEvcG9_K0U&amp;utm_campaign=designshare&amp;utm_medium=embeds&amp;utm_source=link\" target=\"_blank\" rel=\"noopener\">Sessi\u00f3 5 Seminari de Gesti\u00f3 i Dinamitzaci\u00f3 de la BE<\/a> de CRP Segarra<\/td>\n<\/tr>\n<\/tbody>\n<\/table>\n<table style=\"border-collapse: collapse; width: 100%;\">\n<tbody>\n<tr>\n<td style=\"width: 100%;\">Persones Expertes:<\/p>\n<ul>\n<li>Referents BP<\/li>\n<li>Referents BE<\/li>\n<li><a href=\"https:\/\/sites.google.com\/xtec.cat\/siteselic2021\/p%C3%A0gina-principal\">Serveis Educatius-ELIC<\/a><\/li>\n<li><a href=\"https:\/\/www.gretel.cat\/membres\/\" target=\"_blank\" rel=\"noopener\">Grup Gretel<\/a><\/li>\n<li><a href=\"https:\/\/www.rosasensat.org\/formacio\/grups-de-treball\/gt-de-la-biblioteca\/\" target=\"_blank\" rel=\"noopener\">Grup de treball Biblioteca Rosa Sensat<\/a><\/li>\n<\/ul>\n<\/td>\n<\/tr>\n<\/tbody>\n<\/table>\n<table style=\"border-collapse: collapse; width: 100%;\">\n<tbody>\n<tr>\n<td style=\"width: 50%;\">M\u00f3nica Badia i Mar Font<br \/>\n<span style=\"font-size: 8pt;\">Coordinadora del\u00a0<a style=\"font-family: verdana, sans-serif;\" href=\"http:\/\/xtec.gencat.cat\/ca\/projectes\/biblioteca\/\" target=\"_blank\" rel=\"noopener\" data-saferedirecturl=\"https:\/\/www.google.com\/url?q=http:\/\/xtec.gencat.cat\/ca\/projectes\/biblioteca\/&amp;source=gmail&amp;ust=1633271458666000&amp;usg=AFQjCNGxL3Z_DpWflq_vWxv6htawXzT0hg\">Programa biblioteca escolar &#8220;puntedu&#8221;<\/a><\/span><\/p>\n<div>\n<div><span style=\"font-size: 8pt;\">Departament d&#8217;Educaci\u00f3<\/span><\/div>\n<\/div>\n<\/td>\n<td style=\"width: 50%;\">\n<div>Coordinaci\u00f3, difusi\u00f3 i dinamitzaci\u00f3 de les directrius del Programa entre els serveis educatius i els assessors de biblioteques escolars del seu territori.<\/div>\n<\/td>\n<\/tr>\n<tr>\n<td style=\"width: 50%;\"><a href=\"https:\/\/www.gretel.cat\/membres\/anna-juan\/\" target=\"_blank\" rel=\"noopener\">Anna Juan Cantavella<\/a><\/td>\n<td style=\"width: 50%;\"><\/td>\n<\/tr>\n<tr>\n<td style=\"width: 50%;\">Lara Reyes<\/td>\n<td style=\"width: 50%;\"><iframe loading=\"lazy\" title=\"YouTube video player\" src=\"https:\/\/www.youtube.com\/embed\/pj0yPOek5Zo\" width=\"350\" height=\"300\" frameborder=\"0\" allowfullscreen=\"allowfullscreen\"><span data-mce-type=\"bookmark\" style=\"display: inline-block; width: 0px; overflow: hidden; line-height: 0;\" class=\"mce_SELRES_start\">\ufeff<\/span><\/iframe><\/p>\n<p><iframe loading=\"lazy\" src=\"https:\/\/cdnapisec.kaltura.com\/p\/2346171\/sp\/234617100\/embedIframeJs\/uiconf_id\/42600891\/partner_id\/2346171?iframeembed=true&amp;playerId=0_98y2iuvb&amp;entry_id=0_98y2iuvb&amp;flashvars[streamerType]=auto\" width=\"350\" height=\"300\" frameborder=\"0\" allowfullscreen=\"allowfullscreen\"><span data-mce-type=\"bookmark\" style=\"display: inline-block; width: 0px; overflow: hidden; line-height: 0;\" class=\"mce_SELRES_start\">\ufeff<\/span><span data-mce-type=\"bookmark\" style=\"display: inline-block; width: 0px; overflow: hidden; line-height: 0;\" class=\"mce_SELRES_start\">\ufeff<\/span><\/iframe><\/td>\n<\/tr>\n<tr>\n<td style=\"width: 50%;\"><\/td>\n<td style=\"width: 50%;\"><\/td>\n<\/tr>\n<\/tbody>\n<\/table>\n<p>Biblioteques:<\/p>\n<table style=\"border-collapse: collapse; width: 99.9275%; height: 480px;\">\n<tbody>\n<tr>\n<td style=\"width: 50%;\" colspan=\"2\"><a title=\"Portal de biblioteques p\u00fabliques\" href=\"https:\/\/biblioteques.gencat.cat\/ca\/inici\" target=\"_blank\" rel=\"noopener\">Biblioteques de Catalunya<\/a>\u00a0(Gencat)<br \/>\nPortal oficial de les Biblioteques P\u00fabliques de Catalunya. Hi trobareu informaci\u00f3, not\u00edcies i activitats del m\u00f3n de les biblioteques.<\/td>\n<\/tr>\n<tr>\n<td style=\"width: 50%;\"><img loading=\"lazy\" decoding=\"async\" class=\"aligncenter size-full wp-image-9562\" src=\"https:\/\/serveiseducatius.xtec.cat\/segarra\/wp-content\/uploads\/usu1148\/2019\/11\/logo-biblio-cervera.jpg\" alt=\"\" width=\"225\" height=\"225\" srcset=\"https:\/\/serveiseducatius.xtec.cat\/segarra\/wp-content\/uploads\/usu1148\/2019\/11\/logo-biblio-cervera.jpg 225w, https:\/\/serveiseducatius.xtec.cat\/segarra\/wp-content\/uploads\/usu1148\/2019\/11\/logo-biblio-cervera-150x150.jpg 150w\" sizes=\"auto, (max-width: 225px) 100vw, 225px\" \/><\/p>\n<p>Instagram: <a href=\"https:\/\/www.instagram.com\/accounts\/login\/?next=\/bibliocervera\/\" target=\"_blank\" rel=\"noopener\"><span class=\"JsGRdQ\">@BiblioCervera<\/span><\/a><\/p>\n<p>Twitter: <a href=\"https:\/\/twitter.com\/BiblioCervera\" target=\"_blank\" rel=\"noopener\"><span class=\"JsGRdQ\">@BiblioCerverai<\/span><\/a><\/p>\n<p><a class=\"JsGRdQ\" draggable=\"false\" href=\"https:\/\/www.facebook.com\/Biblioteca.Cervera\" target=\"_blank\" rel=\"noopener\">facebook.com\/Biblioteca.Cervera<\/a><br \/>\n<a title=\"Instagram\" href=\"https:\/\/www.instagram.com\/biblioguissona\/\" target=\"_blank\" rel=\"noopener\"><br \/>\n<\/a><span class=\"JsGRdQ\">Pinterest: <\/span><a class=\"JsGRdQ\" draggable=\"false\" href=\"https:\/\/www.pinterest.es\/bcjfcervera\/\" target=\"_blank\" rel=\"noopener\">@bcjfcervera<\/a><span class=\"JsGRdQ\"> \u00b7 CERVERA<\/span><\/td>\n<td style=\"width: 50%;\"><img loading=\"lazy\" decoding=\"async\" class=\"aligncenter size-full wp-image-9561\" src=\"https:\/\/serveiseducatius.xtec.cat\/segarra\/wp-content\/uploads\/usu1148\/2019\/11\/logo-biblio-guissona.jpg\" alt=\"\" width=\"200\" height=\"181\" \/><\/p>\n<p>Instagram:\u00a0 <a title=\"Instagram\" href=\"https:\/\/www.instagram.com\/biblioguissona\/\" target=\"_blank\" rel=\"noopener\">@biblioguissona<\/a><\/p>\n<p><a title=\"Twitter\" href=\"https:\/\/twitter.com\/BiblioGuissona\" target=\"_blank\" rel=\"noopener\">Twitter: @BiblioGuissona<\/a><\/p>\n<p>Facebook:\u00a0 <a title=\"Facebook\" href=\"https:\/\/www.facebook.com\/bibliotecadeguissona\" target=\"_blank\" rel=\"noopener\">Biblioteca de Guissona<\/a><br \/>\n<a title=\"Instagram\" href=\"https:\/\/www.instagram.com\/biblioguissona\/\" target=\"_blank\" rel=\"noopener\"><br \/>\n<\/a><\/td>\n<\/tr>\n<\/tbody>\n<\/table>\n","protected":false},"excerpt":{"rendered":"<p>&nbsp;<\/p>\n<p>Referents BE-BP-Seminari Dinamitzaci\u00f3<a href=\"https:\/\/sites.google.com\/xtec.cat\/espaiseminaribesegarra\/2526-espai-bibilioteca-escolar-25-26\" target=\"_blank\" rel=\"noopener\"><\/a><\/p>\n<p>Curs 2023-2024:<\/p>\n<p>\ufeff<\/p>\n<p><a href=\"https:\/\/www.canva.com\/design\/DAFzreFmWgQ\/view?utm_content=DAFzreFmWgQ&amp;utm_campaign=designshare&amp;utm_medium=embeds&amp;utm_source=link\" target=\"_blank\" rel=\"noopener\">1a sessi\u00f3 Seminari BE de la Segarra 23-24<\/a><\/p>\n<p><a href=\"https:\/\/www.canva.com\/design\/DAF2Z-Xd5aU\/view?utm_content=DAF2Z-Xd5aU&amp;utm_campaign=designshare&amp;utm_medium=embeds&amp;utm_source=link\" target=\"_blank\" rel=\"noopener\">2a sessi\u00f3 seminari BE de la Segarra 23-24<\/a><\/p>\n<p>Altres edicions:<\/p>\n<p><a href=\"https:\/\/www.canva.com\/design\/DAEpatCw_HI\/view?utm_content=DAEpatCw_HI&amp;utm_campaign=designshare&amp;utm_medium=embeds&amp;utm_source=link\" target=\"_blank\" rel=\"noopener\">Sessi\u00f3 1_Seminari de Gesti\u00f3 i Dinamitzaci\u00f3 de la BE<\/a> de CRP Segarra<\/p>\n<p><a href=\"https:\/\/www.canva.com\/design\/DAEqkzwtO2E\/view?utm_content=DAEqkzwtO2E&amp;utm_campaign=designshare&amp;utm_medium=embeds&amp;utm_source=link\" target=\"_blank\" rel=\"noopener\">Sessi\u00f3&hellip;  <a href=\"https:\/\/serveiseducatius.xtec.cat\/segarra\/biblioteca-escolar\/fem-xarxa\/\" title=\"Read Fem Xarxa\">Llegeix m\u00e9s\u00bb<\/a><\/p>\n","protected":false},"author":4,"featured_media":0,"parent":13879,"menu_order":6,"comment_status":"closed","ping_status":"closed","template":"page-templates\/side-menu.php","meta":{"_bbp_topic_count":0,"_bbp_reply_count":0,"_bbp_total_topic_count":0,"_bbp_total_reply_count":0,"_bbp_voice_count":0,"_bbp_anonymous_reply_count":0,"_bbp_topic_count_hidden":0,"_bbp_reply_count_hidden":0,"_bbp_forum_subforum_count":0,"footnotes":""},"class_list":["post-14461","page","type-page","status-publish","hentry"],"post_mailing_queue_ids":[],"_links":{"self":[{"href":"https:\/\/serveiseducatius.xtec.cat\/segarra\/wp-json\/wp\/v2\/pages\/14461","targetHints":{"allow":["GET"]}}],"collection":[{"href":"https:\/\/serveiseducatius.xtec.cat\/segarra\/wp-json\/wp\/v2\/pages"}],"about":[{"href":"https:\/\/serveiseducatius.xtec.cat\/segarra\/wp-json\/wp\/v2\/types\/page"}],"author":[{"embeddable":true,"href":"https:\/\/serveiseducatius.xtec.cat\/segarra\/wp-json\/wp\/v2\/users\/4"}],"replies":[{"embeddable":true,"href":"https:\/\/serveiseducatius.xtec.cat\/segarra\/wp-json\/wp\/v2\/comments?post=14461"}],"version-history":[{"count":6,"href":"https:\/\/serveiseducatius.xtec.cat\/segarra\/wp-json\/wp\/v2\/pages\/14461\/revisions"}],"predecessor-version":[{"id":22512,"href":"https:\/\/serveiseducatius.xtec.cat\/segarra\/wp-json\/wp\/v2\/pages\/14461\/revisions\/22512"}],"up":[{"embeddable":true,"href":"https:\/\/serveiseducatius.xtec.cat\/segarra\/wp-json\/wp\/v2\/pages\/13879"}],"wp:attachment":[{"href":"https:\/\/serveiseducatius.xtec.cat\/segarra\/wp-json\/wp\/v2\/media?parent=14461"}],"curies":[{"name":"wp","href":"https:\/\/api.w.org\/{rel}","templated":true}]}}