{"id":14108,"date":"2021-08-31T17:51:28","date_gmt":"2021-08-31T15:51:28","guid":{"rendered":"https:\/\/serveiseducatius.xtec.cat\/segarra\/?page_id=14108"},"modified":"2021-10-02T16:52:45","modified_gmt":"2021-10-02T14:52:45","slug":"practiques-inspiradores","status":"publish","type":"page","link":"https:\/\/serveiseducatius.xtec.cat\/segarra\/biblioteca-escolar\/practiques-inspiradores\/","title":{"rendered":"Pr\u00e0ctiques Inspiradores"},"content":{"rendered":"<p>&nbsp;<\/p>\n<table style=\"border-collapse: collapse; width: 100%;\">\n<tbody>\n<tr>\n<td style=\"width: 60.3517%;\"><strong><span style=\"font-size: 12pt;\">Bones Pr\u00e0ctiques BE (BESCAT)<\/span><\/strong><\/p>\n<p><a href=\"https:\/\/projectes.xtec.cat\/bescat\/segellbonespractiques\/\" target=\"_blank\" rel=\"noopener\">Bones Pr\u00e0ctiques Educatives<\/a><\/td>\n<td style=\"width: 39.6483%;\"><a href=\"https:\/\/projectes.xtec.cat\/bescat\/segellbonespractiques\/\" target=\"_blank\" rel=\"noopener\"><img loading=\"lazy\" decoding=\"async\" class=\"alignright size-full wp-image-14421\" src=\"https:\/\/serveiseducatius.xtec.cat\/segarra\/wp-content\/uploads\/usu1148\/2021\/09\/bones-p.png\" alt=\"\" width=\"1521\" height=\"878\" srcset=\"https:\/\/serveiseducatius.xtec.cat\/segarra\/wp-content\/uploads\/usu1148\/2021\/09\/bones-p.png 1521w, https:\/\/serveiseducatius.xtec.cat\/segarra\/wp-content\/uploads\/usu1148\/2021\/09\/bones-p-300x173.png 300w, https:\/\/serveiseducatius.xtec.cat\/segarra\/wp-content\/uploads\/usu1148\/2021\/09\/bones-p-1024x591.png 1024w, https:\/\/serveiseducatius.xtec.cat\/segarra\/wp-content\/uploads\/usu1148\/2021\/09\/bones-p-768x443.png 768w\" sizes=\"auto, (max-width: 1521px) 100vw, 1521px\" \/><\/a><\/td>\n<\/tr>\n<tr>\n<td style=\"width: 60.3517%;\"><span style=\"font-size: 16px;\"><a href=\"https:\/\/educaciodema.cat\/crides\/bibliorevolucio\/practiques-inspiradores\" target=\"_blank\" rel=\"noopener\">Crides-Bibliorevoluci\u00f3 Pr\u00e0ctiques Inspiradores<\/a><\/span><br \/>\n<span style=\"font-size: 16px;\"><span style=\"font-size: 16px;\"><span style=\"font-size: 10pt;\">(promou Fundaci\u00f3 Jaume Bofill)<\/span><\/span><\/span><\/p>\n<div class=\"panel-pane pane-entity-field pane-node-field-text-equip-fila-1\">\n<div class=\"pane-content\">\n<div class=\"field field-name-field-text-equip-fila-1 field-type-text field-label-hidden\">\n<div class=\"field-items\">\n<div class=\"field-item even\">EQUIP DE LA CRIDA:<\/div>\n<div class=\"panel-pane pane-views-panes pane-ponents-panel-pane-1\">\n<div class=\"pane-content\">\n<div class=\"view view-ponents view-id-ponents view-display-id-panel_pane_1 view-dom-id-891228b66c31f8aca9500a6e88bd1c2f\">\n<div class=\"view-content\">\n<div id=\"views-bootstrap-grid-1\" class=\"views-bootstrap-grid-plugin-style\">\n<div class=\"row\">\n<div class=\"col col-lg-3\">\n<ul>\n<li class=\"views-field views-field-name\"><span class=\"field-content\"><a class=\"username\" title=\"Mostra el perfil d'usuari.\" xml:lang=\"\" href=\"https:\/\/educaciodema.cat\/qui-es-qui\/innovador\/anna-juan-cantavella\">ANNA JUAN CANTAVELLA \u00a0<\/a> \u00a0 \u00a0 \u00a0 \u00a0 \u00a0 \u00a0 \u00a0 \u00a0 \u00a0 \u00a0 \u00a0 \u00a0 \u00a0 \u00a0 \u00a0 \u00a0 \u00a0\u00a0<\/span><\/li>\n<\/ul>\n<div class=\"col col-lg-3\">\n<div class=\"views-field views-field-field-profile-foto\">\n<div class=\"field-content\"><\/div>\n<\/div>\n<ul>\n<li class=\"views-field views-field-name\"><span class=\"field-content\"><a class=\"username\" title=\"Mostra el perfil d'usuari.\" xml:lang=\"\" href=\"https:\/\/educaciodema.cat\/qui-es-qui\/innovador\/marta-roig-pages\">MARTA ROIG PAG\u00c8S\u00a0<\/a> \u00a0 \u00a0 \u00a0 \u00a0 \u00a0 \u00a0 \u00a0 \u00a0 \u00a0 \u00a0 \u00a0 \u00a0 \u00a0 \u00a0 \u00a0 \u00a0 \u00a0 \u00a0 \u00a0 \u00a0 \u00a0 \u00a0 \u00a0\u00a0<\/span><\/li>\n<\/ul>\n<div class=\"views-field views-field-field-profile-roleducacio\">\n<div><\/div>\n<\/div>\n<\/div>\n<\/div>\n<\/div>\n<\/div>\n<\/div>\n<\/div>\n<\/div>\n<\/div>\n<\/div>\n<\/div>\n<\/div>\n<\/div>\n<\/td>\n<td style=\"width: 39.6483%;\"><a href=\"https:\/\/educaciodema.cat\/crides\/bibliorevolucio\/practiques-inspiradores\" target=\"_blank\" rel=\"noopener\"><img loading=\"lazy\" decoding=\"async\" class=\"wp-image-14122 aligncenter\" src=\"https:\/\/serveiseducatius.xtec.cat\/segarra\/wp-content\/uploads\/usu1148\/2021\/08\/bibliorevolucio.jpg\" alt=\"\" width=\"489\" height=\"333\" srcset=\"https:\/\/serveiseducatius.xtec.cat\/segarra\/wp-content\/uploads\/usu1148\/2021\/08\/bibliorevolucio.jpg 504w, https:\/\/serveiseducatius.xtec.cat\/segarra\/wp-content\/uploads\/usu1148\/2021\/08\/bibliorevolucio-300x204.jpg 300w\" sizes=\"auto, (max-width: 489px) 100vw, 489px\" \/><\/a><\/td>\n<\/tr>\n<tr>\n<td style=\"width: 60.3517%;\"><span style=\"font-weight: 400; font-size: 12pt;\"><strong><span style=\"font-size: 12pt;\">Imaginem una biblioteca escolar&#8230;conjuntament!<\/span><\/strong><\/span><\/p>\n<p><span style=\"font-weight: 400; font-size: 12pt;\">Pon\u00e8ncia principal de la 13\u00aa Jornada de biblioteques escolars a c\u00e0rrec del director de la biblioteca de l\u2019Ateneu Barcelon\u00e8s i coordinador del projecte \u201cBiblio(r)evoluci\u00f3\u201d de la Fundaci\u00f3 Jaume Bofill, \u00c0lex Cosials. <\/span><\/p>\n<p><span style=\"font-weight: 400; font-size: 12pt;\">Amb el t\u00edtol &#8220;Imaginem una biblioteca escolar&#8230; conjuntament!&#8221; va presentar un ampli ventall de pr\u00e0ctiques inspiradores per treballar en xarxa.<\/span><\/td>\n<td style=\"width: 39.6483%;\"><iframe loading=\"lazy\" title=\"YouTube video player\" src=\"https:\/\/www.youtube.com\/embed\/Ml8dPLPldbM\" width=\"560\" height=\"315\" frameborder=\"0\" allowfullscreen=\"allowfullscreen\"><\/iframe><\/td>\n<\/tr>\n<tr>\n<td style=\"width: 60.3517%;\"><strong><span style=\"font-size: 12pt;\">Propostes did\u00e0ctiques BE<\/span><\/strong><\/p>\n<ul>\n<li><span style=\"font-size: 12pt;\"><a href=\"http:\/\/www.fbofill.cat\/publicacions\/com-cocrear-nous-usos-de-la-biblioteca-escolar\" target=\"_blank\" rel=\"noopener noreferrer\">Com cocrear nous usos de la biblioteca escolar?<\/a><\/span><\/li>\n<li><span style=\"font-size: 12pt;\"><a href=\"http:\/\/serveiseducatius.xtec.cat\/baixllobregat6\/portada\/la-biblioteca-escolar-i-el-treball-per-projectes\/\" target=\"_blank\" rel=\"noopener noreferrer\">La biblioteca escolar i el treball per projectes<\/a><\/span><\/li>\n<li><span style=\"font-size: 12pt;\"><a href=\"https:\/\/issuu.com\/bered-albacete\/docs\/dossier_cienciasexp_2017\" target=\"_blank\" rel=\"noopener noreferrer\">Imaginas, inventas, experimentas<\/a><\/span><\/li>\n<li><span style=\"font-size: 12pt;\"><a href=\"https:\/\/drive.google.com\/file\/d\/0Bxc0clOTfVXrN1p6cEFxcU12VjA\/view?usp=sharing\" target=\"_blank\" rel=\"noopener noreferrer\">Lectura, libros y animaci\u00f3n. Reflexiones y propuestas<\/a><\/span><\/li>\n<li><span style=\"font-size: 12pt;\"><a href=\"http:\/\/www.xtec.cat\/crp-terrassa\/puntedu\/Llibre_Biblioteques.pdf\" target=\"_blank\" rel=\"noopener noreferrer\">La biblioteca mediateca. D\u2019infantil a\u00a0secund\u00e0ria<\/a><\/span><\/li>\n<li><span style=\"font-size: 12pt;\"><a href=\"https:\/\/jaumecentelles.files.wordpress.com\/2011\/08\/descobrim-la-biblioteca-escolar.pdf\" target=\"_blank\" rel=\"noopener\">Descobrim la biblioteca<\/a><\/span><\/li>\n<li><span style=\"font-size: 12pt;\"><a href=\"http:\/\/www.bibliotecas-cra.cl\/home-publicaciones?title=BiblioCRA&amp;field_cate_recurso_cra_tid=All&amp;sort_by=created&amp;sort_order=DESC&amp;page=1\" target=\"_blank\" rel=\"noopener\">BiblioCRA escolar. Lecciones para usar la Biblioteca\/CRA<\/a><\/span><\/li>\n<\/ul>\n<\/td>\n<td style=\"width: 39.6483%;\"><a href=\"https:\/\/serveiseducatius.xtec.cat\/bdrlectura\/categoria\/propostes-didactiques-be\/\" target=\"_blank\" rel=\"noopener\"> <img loading=\"lazy\" decoding=\"async\" class=\"alignleft size-full wp-image-14123\" src=\"https:\/\/serveiseducatius.xtec.cat\/segarra\/wp-content\/uploads\/usu1148\/2021\/08\/bdr-be.jpg\" alt=\"\" width=\"1867\" height=\"302\" srcset=\"https:\/\/serveiseducatius.xtec.cat\/segarra\/wp-content\/uploads\/usu1148\/2021\/08\/bdr-be.jpg 1867w, https:\/\/serveiseducatius.xtec.cat\/segarra\/wp-content\/uploads\/usu1148\/2021\/08\/bdr-be-300x49.jpg 300w, https:\/\/serveiseducatius.xtec.cat\/segarra\/wp-content\/uploads\/usu1148\/2021\/08\/bdr-be-1024x166.jpg 1024w, https:\/\/serveiseducatius.xtec.cat\/segarra\/wp-content\/uploads\/usu1148\/2021\/08\/bdr-be-768x124.jpg 768w, https:\/\/serveiseducatius.xtec.cat\/segarra\/wp-content\/uploads\/usu1148\/2021\/08\/bdr-be-1536x248.jpg 1536w\" sizes=\"auto, (max-width: 1867px) 100vw, 1867px\" \/><\/a><\/td>\n<\/tr>\n<\/tbody>\n<\/table>\n<p>&nbsp;<\/p>\n<table style=\"border-collapse: collapse; width: 100%;\">\n<tbody>\n<tr>\n<td style=\"width: 31.1611%;\"><span style=\"font-size: 16px;\">LES VOSTRES PROPOSTES:<\/span><\/p>\n<p><strong style=\"font-size: 16px;\">BE de La Segarra<\/strong><\/p>\n<ul style=\"font-size: 16px; font-family: 'Helvetica Neue', Helvetica, Helvetica, Arial, sans-serif;\">\n<li>En aquests espais hi anirem publicant les vostres experi\u00e8ncies i bones pr\u00e0ctiques. Segur que tots els centres educatius de La Segarra teniu moltes idees i propostes que heu portat a terme amb \u00e8xit. Compartiu-les!<\/li>\n<\/ul>\n<p>Fem Xarxa!<\/td>\n<td style=\"width: 68.8389%;\">\n<table style=\"border-collapse: collapse; width: 100%;\">\n<tbody>\n<tr>\n<td style=\"width: 50%;\">\n<p><figure class=\"figure wp-caption aligncenter\"><img loading=\"lazy\" decoding=\"async\" class=\"wp-image-14398 \" src=\"https:\/\/serveiseducatius.xtec.cat\/segarra\/wp-content\/uploads\/usu1148\/2021\/09\/webs-BE-1024x624.jpg\" alt=\"\" width=\"381\" height=\"232\" srcset=\"https:\/\/serveiseducatius.xtec.cat\/segarra\/wp-content\/uploads\/usu1148\/2021\/09\/webs-BE-1024x624.jpg 1024w, https:\/\/serveiseducatius.xtec.cat\/segarra\/wp-content\/uploads\/usu1148\/2021\/09\/webs-BE-300x183.jpg 300w, https:\/\/serveiseducatius.xtec.cat\/segarra\/wp-content\/uploads\/usu1148\/2021\/09\/webs-BE-768x468.jpg 768w, https:\/\/serveiseducatius.xtec.cat\/segarra\/wp-content\/uploads\/usu1148\/2021\/09\/webs-BE.jpg 1347w\" sizes=\"auto, (max-width: 381px) 100vw, 381px\" \/><figcaption class=\"wp-caption-text\"><strong>Qu\u00e8 s&#8217;hi cou a les BE I BA de La Segarra?<\/strong><\/figcaption><\/figure><\/td>\n<td style=\"width: 50%;\"><img loading=\"lazy\" decoding=\"async\" class=\"alignright size-full wp-image-14401\" src=\"https:\/\/serveiseducatius.xtec.cat\/segarra\/wp-content\/uploads\/usu1148\/2021\/09\/bones-practiques.png\" alt=\"\" width=\"1080\" height=\"1080\" srcset=\"https:\/\/serveiseducatius.xtec.cat\/segarra\/wp-content\/uploads\/usu1148\/2021\/09\/bones-practiques.png 1080w, https:\/\/serveiseducatius.xtec.cat\/segarra\/wp-content\/uploads\/usu1148\/2021\/09\/bones-practiques-300x300.png 300w, https:\/\/serveiseducatius.xtec.cat\/segarra\/wp-content\/uploads\/usu1148\/2021\/09\/bones-practiques-1024x1024.png 1024w, https:\/\/serveiseducatius.xtec.cat\/segarra\/wp-content\/uploads\/usu1148\/2021\/09\/bones-practiques-150x150.png 150w, https:\/\/serveiseducatius.xtec.cat\/segarra\/wp-content\/uploads\/usu1148\/2021\/09\/bones-practiques-768x768.png 768w\" sizes=\"auto, (max-width: 1080px) 100vw, 1080px\" \/><\/td>\n<\/tr>\n<\/tbody>\n<\/table>\n<\/td>\n<\/tr>\n<\/tbody>\n<\/table>\n","protected":false},"excerpt":{"rendered":"<p>&nbsp;<\/p>\n<p>Bones Pr\u00e0ctiques BE (BESCAT)<br \/>\n<a href=\"https:\/\/projectes.xtec.cat\/bescat\/segellbonespractiques\/\" target=\"_blank\" rel=\"noopener\">Bones Pr\u00e0ctiques Educatives<\/a><br \/>\n<a href=\"https:\/\/projectes.xtec.cat\/bescat\/segellbonespractiques\/\" target=\"_blank\" rel=\"noopener\"><\/a><\/p>\n<p><a href=\"https:\/\/educaciodema.cat\/crides\/bibliorevolucio\/practiques-inspiradores\" target=\"_blank\" rel=\"noopener\">Crides-Bibliorevoluci\u00f3 Pr\u00e0ctiques Inspiradores<\/a><br \/>\n(promou Fundaci\u00f3 Jaume Bofill)<\/p>\n<p>EQUIP DE LA CRIDA:<\/p>\n<ul>\n<li class=\"views-field views-field-name\"><a class=\"username\" title=\"Mostra el perfil d'usuari.\" xml:lang=\"\" href=\"https:\/\/educaciodema.cat\/qui-es-qui\/innovador\/anna-juan-cantavella\">ANNA JUAN CANTAVELLA \u00a0<\/a> \u00a0 \u00a0 \u00a0 \u00a0 \u00a0 \u00a0 \u00a0 \u00a0 \u00a0 \u00a0&hellip;  <a href=\"https:\/\/serveiseducatius.xtec.cat\/segarra\/biblioteca-escolar\/practiques-inspiradores\/\" title=\"Read Pr\u00e0ctiques Inspiradores\">Llegeix m\u00e9s\u00bb<\/a><br \/>\n","protected":false},"author":4,"featured_media":0,"parent":13879,"menu_order":5,"comment_status":"closed","ping_status":"closed","template":"page-templates\/side-menu.php","meta":{"_bbp_topic_count":0,"_bbp_reply_count":0,"_bbp_total_topic_count":0,"_bbp_total_reply_count":0,"_bbp_voice_count":0,"_bbp_anonymous_reply_count":0,"_bbp_topic_count_hidden":0,"_bbp_reply_count_hidden":0,"_bbp_forum_subforum_count":0,"footnotes":""},"class_list":["post-14108","page","type-page","status-publish","hentry"],"post_mailing_queue_ids":[],"_links":{"self":[{"href":"https:\/\/serveiseducatius.xtec.cat\/segarra\/wp-json\/wp\/v2\/pages\/14108","targetHints":{"allow":["GET"]}}],"collection":[{"href":"https:\/\/serveiseducatius.xtec.cat\/segarra\/wp-json\/wp\/v2\/pages"}],"about":[{"href":"https:\/\/serveiseducatius.xtec.cat\/segarra\/wp-json\/wp\/v2\/types\/page"}],"author":[{"embeddable":true,"href":"https:\/\/serveiseducatius.xtec.cat\/segarra\/wp-json\/wp\/v2\/users\/4"}],"replies":[{"embeddable":true,"href":"https:\/\/serveiseducatius.xtec.cat\/segarra\/wp-json\/wp\/v2\/comments?post=14108"}],"version-history":[{"count":3,"href":"https:\/\/serveiseducatius.xtec.cat\/segarra\/wp-json\/wp\/v2\/pages\/14108\/revisions"}],"predecessor-version":[{"id":14472,"href":"https:\/\/serveiseducatius.xtec.cat\/segarra\/wp-json\/wp\/v2\/pages\/14108\/revisions\/14472"}],"up":[{"embeddable":true,"href":"https:\/\/serveiseducatius.xtec.cat\/segarra\/wp-json\/wp\/v2\/pages\/13879"}],"wp:attachment":[{"href":"https:\/\/serveiseducatius.xtec.cat\/segarra\/wp-json\/wp\/v2\/media?parent=14108"}],"curies":[{"name":"wp","href":"https:\/\/api.w.org\/{rel}","templated":true}]}}