{"id":14054,"date":"2021-08-31T18:06:22","date_gmt":"2021-08-31T16:06:22","guid":{"rendered":"https:\/\/serveiseducatius.xtec.cat\/segarra\/?page_id=14054"},"modified":"2021-08-31T18:06:22","modified_gmt":"2021-08-31T16:06:22","slug":"kit-de-radio-a-lescola-que-necessitem-proposem","status":"publish","type":"page","link":"https:\/\/serveiseducatius.xtec.cat\/segarra\/cultura_digital\/la-radio-a-lescola\/kit-de-radio-a-lescola-que-necessitem-proposem\/","title":{"rendered":"Kit de r\u00e0dio a l&#8217;escola.  Qu\u00e8 necessitem\/proposem?"},"content":{"rendered":"<p><strong>Descripci\u00f3 Equipament<\/strong><\/p>\n<p>Aquests s\u00f3n els elements necessaris que proposem perqu\u00e8 el centre pugui adquirir un equip de r\u00e0dio de l&#8217;estil Kit d\u2019Xtec R\u00e0dio que anys enrere es podia aconseguir al cat\u00e0leg de punts del Departament.<\/p>\n<p>5 micros<br \/>\n5 peus<br \/>\n5 auriculars<br \/>\n1 taula de mescles<br \/>\n1 hub x auriculars<br \/>\n5 cables jack per micro\u00a0(agafar diferents colors)<\/p>\n<p>Connectat a un ordinador, permet enregistrar als alumnes, gestionar el so i emetre en directe.<\/p>\n<table style=\"border-collapse: collapse; width: 64.4545%; height: 220px;\">\n<tbody>\n<tr style=\"height: 32px;\">\n<td style=\"width: 65.5397%; height: 32px;\"><span style=\"background-color: #ffffff;\">Opci\u00f3\u00a0 1: Taula Behringer Xenyx X1222 USB Case Bundle (amb flip-case). <\/span><strong style=\"background-color: #ffffff;\"><a href=\"https:\/\/www.thomann.de\/es\/behringer_xenyx_x1222_usb_case_bundle.htm?ref=intl&amp;shp=eyJjb3VudHJ5IjoiZXMiLCJjdXJyZW5jeSI6MiwibGFuZ3VhZ2UiOiJlcyJ9\" target=\"_blank\" rel=\"noopener\">\ud83d\udd17 ENLLA\u00c7<\/a>\u00a0<\/strong><\/p>\n<p>&nbsp;<\/p>\n<p>Opci\u00f3 2: Taula Behringer Xenyx QX1202USB <strong style=\"background-color: #ffffff;\"><a href=\"https:\/\/www.thomann.de\/es\/behringer_xenyx_qx1202_usb.htm?ref=intl&amp;shp=eyJjb3VudHJ5IjoiZXMiLCJjdXJyZW5jeSI6MiwibGFuZ3VhZ2UiOiJlcyJ9\" target=\"_blank\" rel=\"noopener\">\ud83d\udd17 ENLLA\u00c7<\/a>\u00a0 \u00a0 <\/strong>(m\u00e9s econ\u00f2mic)<\/p>\n<p>&nbsp;<\/td>\n<td style=\"width: 48.3971%; text-align: left;\"><span style=\"background-color: #ffffff;\">\u00a0<\/span><strong style=\"background-color: #ffffff;\"><img loading=\"lazy\" decoding=\"async\" class=\"size-full wp-image-14063 alignleft\" src=\"https:\/\/serveiseducatius.xtec.cat\/segarra\/wp-content\/uploads\/usu1148\/2021\/08\/taula-mesclador-r.jpg\" alt=\"\" width=\"150\" height=\"141\" \/><br \/>\n<\/strong><img loading=\"lazy\" decoding=\"async\" class=\"alignleft size-full wp-image-14071\" src=\"https:\/\/serveiseducatius.xtec.cat\/segarra\/wp-content\/uploads\/usu1148\/2021\/08\/taula-mesclador-r-2.jpg\" alt=\"\" width=\"150\" height=\"105\" \/><\/td>\n<\/tr>\n<tr style=\"height: 32px;\">\n<td style=\"width: 65.5397%; height: 32px;\">MINIAMP AMP800 Ultra-Compact 4-Channel Stereo Headphone Amplifier (SPLITTER Behringer).\u00a0<strong><a href=\"https:\/\/www.thomann.de\/es\/behringer_miniamp_amp_800.htm\" target=\"_blank\" rel=\"noopener\">\ud83d\udd17\u00a0ENLLA\u00c7<\/a>\u00a0<\/strong><\/td>\n<td style=\"width: 48.3971%;\"><img loading=\"lazy\" decoding=\"async\" class=\"size-full wp-image-14058 alignleft\" src=\"https:\/\/serveiseducatius.xtec.cat\/segarra\/wp-content\/uploads\/usu1148\/2021\/08\/amplificadorr.jpg\" alt=\"\" width=\"150\" height=\"80\" \/><\/td>\n<\/tr>\n<tr style=\"height: 32px;\">\n<td style=\"width: 65.5397%; height: 32px;\"><span style=\"background-color: #ffffff;\">Auriculars Behringer HPM1000. <\/span><strong style=\"background-color: #ffffff;\"><a href=\"https:\/\/www.thomann.de\/es\/behringer_hpm1000_stereokopfhoerer.htm\" target=\"_blank\" rel=\"noopener\">\ud83d\udd17\u00a0ENLLA\u00c7<\/a><\/strong><\/td>\n<td style=\"width: 48.3971%;\"><span style=\"background-color: #ffffff;\">\u00a0<\/span><img loading=\"lazy\" decoding=\"async\" class=\"size-full wp-image-14059 alignleft\" src=\"https:\/\/serveiseducatius.xtec.cat\/segarra\/wp-content\/uploads\/usu1148\/2021\/08\/auricularr.jpg\" alt=\"\" width=\"119\" height=\"150\" \/><\/td>\n<\/tr>\n<tr style=\"height: 32px;\">\n<td style=\"width: 65.5397%; height: 32px;\">Shure PGA48 (amb cable de 4,5 metres i pin\u00e7a de micro cadasc\u00fa).\u00a0<strong><a href=\"https:\/\/www.thomann.de\/es\/shure_pga48.htm\" target=\"_blank\" rel=\"noopener\">\ud83d\udd17\u00a0ENLLA\u00c7<\/a><\/strong><\/td>\n<td style=\"width: 48.3971%;\"><img loading=\"lazy\" decoding=\"async\" class=\"alignleft size-full wp-image-14061\" src=\"https:\/\/serveiseducatius.xtec.cat\/segarra\/wp-content\/uploads\/usu1148\/2021\/08\/micro-r.jpg\" alt=\"\" width=\"63\" height=\"150\" \/><\/td>\n<\/tr>\n<tr style=\"height: 32px;\">\n<td style=\"width: 65.5397%; height: 32px;\"><span style=\"background-color: #ffffff;\">Suports de micro de sobretaula.\u00a0<\/span><strong style=\"background-color: #ffffff;\"><a href=\"https:\/\/www.thomann.de\/es\/superlux_hm6.htm\" target=\"_blank\" rel=\"noopener\">\ud83d\udd17\u00a0ENLLA\u00c7<\/a><\/strong><\/td>\n<td style=\"width: 48.3971%;\"><span style=\"background-color: #ffffff;\">\u00a0<\/span><img loading=\"lazy\" decoding=\"async\" class=\"size-full wp-image-14062 alignleft\" src=\"https:\/\/serveiseducatius.xtec.cat\/segarra\/wp-content\/uploads\/usu1148\/2021\/08\/sobretaula-r.jpg\" alt=\"\" width=\"118\" height=\"150\" \/><\/td>\n<\/tr>\n<tr style=\"height: 32px;\">\n<td style=\"width: 65.5397%; height: 32px;\">Cable 1 Jack mono a 2 Jack mono.\u00a0<strong><a href=\"https:\/\/www.amazon.es\/Pulse-Enchufe-Clavijas-Clavija-Cable\/dp\/B003OSXFNY?SubscriptionId=AKIAILSHYYTFIVPWUY6Q&amp;tag=duc0d-21&amp;linkCode=xm2&amp;camp=2025&amp;creative=165953&amp;creativeASIN=B003OSXFNY\" target=\"_blank\" rel=\"noopener\">\ud83d\udd17\u00a0ENLLA\u00c7<\/a><\/strong><\/td>\n<td style=\"width: 48.3971%;\"><img loading=\"lazy\" decoding=\"async\" class=\"alignleft size-full wp-image-14060\" src=\"https:\/\/serveiseducatius.xtec.cat\/segarra\/wp-content\/uploads\/usu1148\/2021\/08\/jackr.jpg\" alt=\"\" width=\"150\" height=\"107\" \/><\/td>\n<\/tr>\n<\/tbody>\n<\/table>\n","protected":false},"excerpt":{"rendered":"<p>Descripci\u00f3 Equipament<br \/>\nAquests s\u00f3n els elements necessaris que proposem perqu\u00e8 el centre pugui adquirir un equip de r\u00e0dio de l&#8217;estil Kit d\u2019Xtec R\u00e0dio que anys enrere es podia aconseguir al cat\u00e0leg de punts del Departament.<br \/>\n5 micros<br \/>\n5 peus<br \/>\n5 auriculars<br \/>\n1 taula de mescles<br \/>\n1 hub x auriculars<br \/>\n5 cables jack&hellip;  <a href=\"https:\/\/serveiseducatius.xtec.cat\/segarra\/cultura_digital\/la-radio-a-lescola\/kit-de-radio-a-lescola-que-necessitem-proposem\/\" title=\"Read Kit de r\u00e0dio a l&#8217;escola.  Qu\u00e8 necessitem\/proposem?\">Llegeix m\u00e9s\u00bb<\/a><\/p>\n","protected":false},"author":4,"featured_media":0,"parent":14079,"menu_order":0,"comment_status":"closed","ping_status":"closed","template":"page-templates\/side-menu.php","meta":{"_bbp_topic_count":0,"_bbp_reply_count":0,"_bbp_total_topic_count":0,"_bbp_total_reply_count":0,"_bbp_voice_count":0,"_bbp_anonymous_reply_count":0,"_bbp_topic_count_hidden":0,"_bbp_reply_count_hidden":0,"_bbp_forum_subforum_count":0,"footnotes":""},"class_list":["post-14054","page","type-page","status-publish","hentry"],"post_mailing_queue_ids":[],"_links":{"self":[{"href":"https:\/\/serveiseducatius.xtec.cat\/segarra\/wp-json\/wp\/v2\/pages\/14054","targetHints":{"allow":["GET"]}}],"collection":[{"href":"https:\/\/serveiseducatius.xtec.cat\/segarra\/wp-json\/wp\/v2\/pages"}],"about":[{"href":"https:\/\/serveiseducatius.xtec.cat\/segarra\/wp-json\/wp\/v2\/types\/page"}],"author":[{"embeddable":true,"href":"https:\/\/serveiseducatius.xtec.cat\/segarra\/wp-json\/wp\/v2\/users\/4"}],"replies":[{"embeddable":true,"href":"https:\/\/serveiseducatius.xtec.cat\/segarra\/wp-json\/wp\/v2\/comments?post=14054"}],"version-history":[{"count":3,"href":"https:\/\/serveiseducatius.xtec.cat\/segarra\/wp-json\/wp\/v2\/pages\/14054\/revisions"}],"predecessor-version":[{"id":14078,"href":"https:\/\/serveiseducatius.xtec.cat\/segarra\/wp-json\/wp\/v2\/pages\/14054\/revisions\/14078"}],"up":[{"embeddable":true,"href":"https:\/\/serveiseducatius.xtec.cat\/segarra\/wp-json\/wp\/v2\/pages\/14079"}],"wp:attachment":[{"href":"https:\/\/serveiseducatius.xtec.cat\/segarra\/wp-json\/wp\/v2\/media?parent=14054"}],"curies":[{"name":"wp","href":"https:\/\/api.w.org\/{rel}","templated":true}]}}