{"id":14013,"date":"2021-08-26T15:20:22","date_gmt":"2021-08-26T13:20:22","guid":{"rendered":"https:\/\/serveiseducatius.xtec.cat\/segarra\/?page_id=14013"},"modified":"2023-01-09T12:01:28","modified_gmt":"2023-01-09T11:01:28","slug":"llibres-recomanats","status":"publish","type":"page","link":"https:\/\/serveiseducatius.xtec.cat\/segarra\/biblioteca-escolar\/llibres-recomanats\/","title":{"rendered":"Llibres recomanats"},"content":{"rendered":"<table style=\"border-collapse: collapse; width: 100%;\">\n<tbody>\n<tr>\n<td style=\"width: 100%; background-color: #bccfd6;\"><span style=\"font-size: 12pt;\">\u00cdndex d&#8217;enlla\u00e7os<\/span> <span style=\"font-size: 12pt;\">directes:<\/span><\/td>\n<\/tr>\n<\/tbody>\n<\/table>\n<table style=\"border-collapse: collapse; width: 100%; height: 197px;\">\n<tbody>\n<tr style=\"height: 197px;\">\n<td style=\"width: 856.091px; background-color: #bccfd6; height: 197px;\">\n<ul>\n<li><a href=\"#Llibresrecomanats\"><span style=\"color: #000000;\"><span style=\"font-size: 16px;\">Llibres recomanats<\/span><\/span><\/a>\n<ul>\n<li><a href=\"#rosasensat\">El Garbell i Quins Llibres (Rosa Sensat)<\/a><\/li>\n<li><a href=\"#fbofill\"><span style=\"color: #000000;\">LECXIT-Lectura per a l\u2019\u00e8xit educatiu (Fundaci\u00f3 Bofill)<\/span><\/a><\/li>\n<li><a href=\"#annajuanalbums\">La coleccionista (Anna Juan Cantavella)<\/a><\/li>\n<li><a href=\"#BP\">Recomanacions Biblioteques P\u00fabliques (Guissona i Cervera)<\/a><\/li>\n<li><a href=\"#BDR\"><span style=\"color: #000000;\">Butllet\u00ed BDR<\/span><\/a><\/li>\n<li><a href=\"#Ibbycat\"><span style=\"font-size: 12pt; color: #000000;\">Ibbycat Consell catal\u00e0 del llibre infantil i juvenil<\/span><\/a><\/li>\n<li><a href=\"#llibresCRP\"><span style=\"color: #000000;\">Les nostres recomanacions (SE de La Segarra):<\/span><\/a>\n<ul style=\"list-style-type: square;\">\n<li><a href=\"https:\/\/aplicacions.gestioeducativa.gencat.cat\/epergam\/web\/biblioteca.jsp\" target=\"_blank\" rel=\"noopener\">Recomancions a l&#8217;eP\u00e8rgam del CRP<\/a><\/li>\n<li><a href=\"https:\/\/serveiseducatius.xtec.cat\/segarra\/categoria\/portada\/inno\/coeduc\/\">Recomanacions Lectures Coeducaci\u00f3<\/a><\/li>\n<li><a href=\"https:\/\/serveiseducatius.xtec.cat\/segarra\/general\/propostes-per-sant-jordi\/\">Recull Butllet\u00ed Sant Jordi<\/a><\/li>\n<li><a href=\"https:\/\/serveiseducatius.xtec.cat\/segarra\/portada\/guies-de-lectura-hivern-2019\/\">Guies de lectura<\/a><\/li>\n<\/ul>\n<\/li>\n<\/ul>\n<\/li>\n<li><a href=\"#revistes\"><span style=\"color: #000000;\"><span style=\"font-size: 16px;\">Revistes<\/span><\/span><\/a><\/li>\n<\/ul>\n<\/td>\n<\/tr>\n<\/tbody>\n<\/table>\n<h5 id=\"Llibresrecomanats\"><span style=\"color: #000000;\"><span style=\"font-size: 16px;\">Llibres recomanats:<\/span><\/span><\/h5>\n<ul>\n<li style=\"list-style-type: none;\">\n<ul>\n<li class=\"title-1 mb-4\"><span style=\"color: #99ccff;\"><strong id=\"rosasensat\">El Garbell i Quins Llibres<\/strong><\/span><\/li>\n<\/ul>\n<\/li>\n<\/ul>\n<div class=\"entry-content\">\n<p><a href=\"https:\/\/www.rosasensat.org\/biblioteca\/recursos\/el-garbell\/\" target=\"_blank\" rel=\"noopener\"><em>El Garbell<\/em><\/a>\u00a0\u00e9s el butllet\u00ed peri\u00f2dic de la Biblioteca de <a href=\"https:\/\/www.rosasensat.org\/video-presentacio-del-garbell-dhivern-2020-num-20-1-de-desembre\/\" target=\"_blank\" rel=\"noopener\">Rosa Sensat<\/a>, que fa una tria dels llibres que han arribat a la biblioteca, i que el Seminari de Bibliografia Infantil i Juvenil ha llegit i valorat, citats i ressenyats en el butllet\u00ed <strong><a href=\"http:\/\/xtec.gencat.cat\/ca\/projectes\/biblioteca\/epergam\/quinsllibres\">Quins Llibres<\/a>.<\/strong><br \/>\nLes recomancions que fan dels llibres estan classificades per etapes educatives: Educaci\u00f3 Infantil 0-3; Educaci\u00f3 Infantil 3-6; Prim\u00e0ria Cicle Inicial; Prim\u00e0ria Cicle Mitj\u00e0; Prim\u00e0ria Cicle Superior; Educaci\u00f3 Secund\u00e0ria Obligat\u00f2ria; Educaci\u00f3 Secund\u00e0ria Obligat\u00f2ria Segon Cicle i Batxillerat. A part inclouen un recull de Llibres informatius i documentals; Poesia i tamb\u00e9 recomanacions per a Mestres, aix\u00ed com en algunes ocasions revistes com Faristol: Revista del llibre infantil i juvenil, o Peonza: Revista de Literatura Infantil y Juvenil.<br \/>\n<strong>Podeu desc\u00e0rregar els butlletins en pdf amb les recomanacions de les lectures de cada temporada clicant a la imatge<\/strong> \u2b07<\/p>\n<table style=\"border-collapse: collapse; width: 100%;\">\n<tbody>\n<tr>\n<td style=\"width: 100%;\"><a href=\"https:\/\/www.rosasensat.org\/biblioteca\/recursos\/el-garbell\/\" target=\"_blank\" rel=\"noopener\"><img loading=\"lazy\" decoding=\"async\" class=\"alignleft wp-image-14014 size-full\" src=\"https:\/\/serveiseducatius.xtec.cat\/segarra\/wp-content\/uploads\/usu1148\/2021\/08\/el-garbell.jpg\" alt=\"\" width=\"1830\" height=\"903\" srcset=\"https:\/\/serveiseducatius.xtec.cat\/segarra\/wp-content\/uploads\/usu1148\/2021\/08\/el-garbell.jpg 1830w, https:\/\/serveiseducatius.xtec.cat\/segarra\/wp-content\/uploads\/usu1148\/2021\/08\/el-garbell-300x148.jpg 300w, https:\/\/serveiseducatius.xtec.cat\/segarra\/wp-content\/uploads\/usu1148\/2021\/08\/el-garbell-1024x505.jpg 1024w, https:\/\/serveiseducatius.xtec.cat\/segarra\/wp-content\/uploads\/usu1148\/2021\/08\/el-garbell-768x379.jpg 768w, https:\/\/serveiseducatius.xtec.cat\/segarra\/wp-content\/uploads\/usu1148\/2021\/08\/el-garbell-1536x758.jpg 1536w\" sizes=\"auto, (max-width: 1830px) 100vw, 1830px\" \/><\/a><\/td>\n<\/tr>\n<\/tbody>\n<\/table>\n<ul>\n<li><strong id=\"fbofill\"><span style=\"color: #99ccff;\">LECXIT-Lectura per a l\u2019\u00e8xit educatiu:<\/span><\/strong><\/li>\n<\/ul>\n<table style=\"border-collapse: collapse; width: 100%;\">\n<tbody>\n<tr>\n<td style=\"width: 50%;\"><span style=\"color: #000000;\"> Recomanacions de llibres, alguns amb extres molt interessants: booktrailers, guies de lectura, activitats, can\u00e7ons&#8230;<\/span><\/td>\n<td style=\"width: 50%;\"><a href=\"https:\/\/lecxit.cat\/recomanacions\/\" target=\"_blank\" rel=\"noopener\"><img loading=\"lazy\" decoding=\"async\" class=\"wp-image-14090 size-medium aligncenter\" src=\"https:\/\/serveiseducatius.xtec.cat\/segarra\/wp-content\/uploads\/usu1148\/2021\/08\/RECOMANACIONS-ESTIU-LECXIT-300x239.jpg\" alt=\"\" width=\"300\" height=\"239\" srcset=\"https:\/\/serveiseducatius.xtec.cat\/segarra\/wp-content\/uploads\/usu1148\/2021\/08\/RECOMANACIONS-ESTIU-LECXIT-300x239.jpg 300w, https:\/\/serveiseducatius.xtec.cat\/segarra\/wp-content\/uploads\/usu1148\/2021\/08\/RECOMANACIONS-ESTIU-LECXIT.jpg 768w\" sizes=\"auto, (max-width: 300px) 100vw, 300px\" \/><\/a><\/td>\n<\/tr>\n<tr>\n<td style=\"width: 50%;\"><strong>Orientacions per a pares i mares<\/strong><\/p>\n<ul>\n<li><span style=\"font-size: 10pt;\">12 propostes per promourea lectura dels fills i filles<\/span><\/li>\n<li><span style=\"font-size: 10pt;\">Quins llibres escollir per als nostres fills i filles?<\/span><\/li>\n<li><span style=\"font-size: 10pt;\"><span style=\"font-family: inherit;\">Com podem acompanyar <\/span>la lectura des de casa<\/span><\/li>\n<li><span style=\"font-size: 10pt;\">Lectura en temps de vacances<\/span><\/li>\n<\/ul>\n<p><span style=\"font-size: 8pt;\">per <strong>JAUME CENTELLES<\/strong> (Fundaci\u00f3 Bofill)<\/span><\/p>\n<p>\ud83d\udcc4 <span style=\"font-size: 10pt;\"><a href=\"https:\/\/drive.google.com\/file\/d\/1GATlrIm69nAHo8ebkwYVg789DTtVVKzu\/view?usp=sharing\" target=\"_blank\" rel=\"noopener\">descarrega el document<\/a><\/span><\/td>\n<td style=\"width: 50%;\"><a href=\"https:\/\/drive.google.com\/file\/d\/1GATlrIm69nAHo8ebkwYVg789DTtVVKzu\/view?usp=sharing\" target=\"_blank\" rel=\"noopener\"><img loading=\"lazy\" decoding=\"async\" class=\"wp-image-14092 aligncenter\" src=\"https:\/\/serveiseducatius.xtec.cat\/segarra\/wp-content\/uploads\/usu1148\/2021\/08\/orientacions-lectura-lecxit-237x300.jpg\" alt=\"\" width=\"181\" height=\"229\" srcset=\"https:\/\/serveiseducatius.xtec.cat\/segarra\/wp-content\/uploads\/usu1148\/2021\/08\/orientacions-lectura-lecxit-237x300.jpg 237w, https:\/\/serveiseducatius.xtec.cat\/segarra\/wp-content\/uploads\/usu1148\/2021\/08\/orientacions-lectura-lecxit.jpg 543w\" sizes=\"auto, (max-width: 181px) 100vw, 181px\" \/><\/a><\/td>\n<\/tr>\n<tr>\n<td style=\"width: 50%;\"><\/td>\n<td style=\"width: 50%;\"><\/td>\n<\/tr>\n<\/tbody>\n<\/table>\n<ul>\n<li><span style=\"color: #99ccff;\"><strong id=\"annajuanalbums\">La coleccionista<\/strong><\/span><\/li>\n<\/ul>\n<p><em>Blog especialitzat en llibre-\u00e0lbum per Anna Juan Cantavella<\/em><\/p>\n<table style=\"border-collapse: collapse; width: 100%;\">\n<tbody>\n<tr>\n<td style=\"width: 100%;\"><a href=\"http:\/\/lacoleccionista-libroalbum.blogspot.com\/\" target=\"_blank\" rel=\"noopener\"><img loading=\"lazy\" decoding=\"async\" class=\"alignright size-full wp-image-14466\" src=\"https:\/\/serveiseducatius.xtec.cat\/segarra\/wp-content\/uploads\/usu1148\/2021\/10\/la-coleccionista-Anna-Juan.png\" alt=\"\" width=\"1353\" height=\"580\" srcset=\"https:\/\/serveiseducatius.xtec.cat\/segarra\/wp-content\/uploads\/usu1148\/2021\/10\/la-coleccionista-Anna-Juan.png 1353w, https:\/\/serveiseducatius.xtec.cat\/segarra\/wp-content\/uploads\/usu1148\/2021\/10\/la-coleccionista-Anna-Juan-300x129.png 300w, https:\/\/serveiseducatius.xtec.cat\/segarra\/wp-content\/uploads\/usu1148\/2021\/10\/la-coleccionista-Anna-Juan-1024x439.png 1024w, https:\/\/serveiseducatius.xtec.cat\/segarra\/wp-content\/uploads\/usu1148\/2021\/10\/la-coleccionista-Anna-Juan-768x329.png 768w\" sizes=\"auto, (max-width: 1353px) 100vw, 1353px\" \/><\/a><\/td>\n<\/tr>\n<\/tbody>\n<\/table>\n<ul>\n<li><a href=\"https:\/\/llibresalrepla.cat\/?cat=74\" target=\"_blank\" rel=\"noopener\"><span style=\"color: #99ccff;\"><strong id=\"annajuanalbums\">Llibres\u00a0al repl\u00e0<\/strong><\/span><\/a><\/li>\n<\/ul>\n<p class=\"titulo_pagina\">\u201cBloc Okupat\u201d per Ignasi Blach, \u00c0ngel Burgas, Gl\u00f2ria Gorchs, S\u00edlvia Fern\u00e1ndez, Pel Molist i Joan Portell amb la voluntat de crear un espai \u201cd\u2019opini\u00f3, estudi, reflexi\u00f3 i informaci\u00f3\u201d. <span lang=\"CA\" xml:lang=\"CA\">Les obres comentades a\u00a0<em>Llibres al repl\u00e0<\/em> estan classificades segons el g\u00e8nere o edat del lector al qual van adre\u00e7ades.<\/span><span lang=\"CA\" xml:lang=\"CA\"><br \/>\n<\/span><\/p>\n<table style=\"border-collapse: collapse; width: 100%;\">\n<tbody>\n<tr>\n<td style=\"width: 100%;\"><a href=\"https:\/\/llibresalrepla.cat\/?cat=74\" target=\"_blank\" rel=\"noopener\"><img loading=\"lazy\" decoding=\"async\" class=\"aligncenter size-full wp-image-15200\" src=\"https:\/\/serveiseducatius.xtec.cat\/segarra\/wp-content\/uploads\/usu1148\/2021\/12\/llibres-al-repla-e1638362451186.png\" alt=\"\" width=\"300\" height=\"77\" \/><\/a><\/td>\n<\/tr>\n<\/tbody>\n<\/table>\n<ul>\n<li><a href=\"https:\/\/ca.pezlinterna.com\/\" target=\"_blank\" rel=\"noopener\"><span style=\"color: #99ccff;\"><b>Pezlinterna<\/b><\/span><\/a><\/li>\n<\/ul>\n<p class=\"titulo_pagina\">Bloc de promoci\u00f3 i investigaci\u00f3 de la cultura i la literatura per a infants i joves.<\/p>\n<table style=\"border-collapse: collapse; width: 100%;\">\n<tbody>\n<tr>\n<td style=\"width: 100%;\"><a href=\"https:\/\/ca.pezlinterna.com\/\" target=\"_blank\" rel=\"noopener\"> <img loading=\"lazy\" decoding=\"async\" class=\"aligncenter wp-image-15201\" src=\"https:\/\/serveiseducatius.xtec.cat\/segarra\/wp-content\/uploads\/usu1148\/2021\/12\/pezlinterna.jpg\" alt=\"\" width=\"267\" height=\"135\" srcset=\"https:\/\/serveiseducatius.xtec.cat\/segarra\/wp-content\/uploads\/usu1148\/2021\/12\/pezlinterna.jpg 316w, https:\/\/serveiseducatius.xtec.cat\/segarra\/wp-content\/uploads\/usu1148\/2021\/12\/pezlinterna-300x152.jpg 300w\" sizes=\"auto, (max-width: 267px) 100vw, 267px\" \/><\/a><\/td>\n<\/tr>\n<\/tbody>\n<\/table>\n<ul>\n<li><a href=\"http:\/\/didolapidolalij.blogspot.com\/\" target=\"_blank\" rel=\"noopener\"><span style=\"color: #99ccff;\"><b>D\u00eddola P\u00eddola Pon LIJ.<\/b><\/span><\/a><\/li>\n<\/ul>\n<p class=\"titulo_pagina\">Bloc sobre LIJ, biblioteca i escola (en castell\u00e0)<\/p>\n<table style=\"border-collapse: collapse; width: 100%;\">\n<tbody>\n<tr>\n<td style=\"width: 100%;\"><a href=\"http:\/\/didolapidolalij.blogspot.com\/\" target=\"_blank\" rel=\"noopener\"><img loading=\"lazy\" decoding=\"async\" class=\"aligncenter size-full wp-image-15202\" src=\"https:\/\/serveiseducatius.xtec.cat\/segarra\/wp-content\/uploads\/usu1148\/2021\/12\/didola-e1638363477228.png\" alt=\"\" width=\"250\" height=\"118\" \/><\/a><\/td>\n<\/tr>\n<\/tbody>\n<\/table>\n<ul>\n<li><a href=\"http:\/\/revistababar.com\/wp\/category\/libros\/novedades-del-mes\/\" target=\"_blank\" rel=\"noopener\"><span style=\"color: #99ccff;\"><strong id=\"annajuanalbums\">R<b>evista Babar<\/b><\/strong><\/span><\/a><\/li>\n<\/ul>\n<p class=\"titulo_pagina\">Portal especialitzat en literatura infantil i juvenil, va n\u00e9ixer com a experi\u00e8ncia escolar amb un grup d&#8217;alumnes, amb l&#8217;objectiu d&#8217;animar a la lectura, amb els anys es va professionalitzar fins arribar a ser un bloc LIJ amb difusi\u00f3 internacional.<\/p>\n<table style=\"border-collapse: collapse; width: 100%;\">\n<tbody>\n<tr>\n<td style=\"width: 100%;\"><a href=\"http:\/\/revistababar.com\/wp\/category\/libros\/novedades-del-mes\/\" target=\"_blank\" rel=\"noopener\"><img loading=\"lazy\" decoding=\"async\" class=\"aligncenter wp-image-15203\" src=\"https:\/\/serveiseducatius.xtec.cat\/segarra\/wp-content\/uploads\/usu1148\/2021\/12\/revista-babar.png\" alt=\"\" width=\"126\" height=\"126\" srcset=\"https:\/\/serveiseducatius.xtec.cat\/segarra\/wp-content\/uploads\/usu1148\/2021\/12\/revista-babar.png 225w, https:\/\/serveiseducatius.xtec.cat\/segarra\/wp-content\/uploads\/usu1148\/2021\/12\/revista-babar-150x150.png 150w\" sizes=\"auto, (max-width: 126px) 100vw, 126px\" \/><\/a><\/td>\n<\/tr>\n<\/tbody>\n<\/table>\n<ul>\n<li style=\"list-style-type: none;\">\n<ul>\n<li style=\"list-style-type: none;\">\n<ul>\n<li style=\"text-align: left;\"><strong id=\"BP\"><span style=\"color: #99ccff;\">Les recomanacions; novetats i not\u00edcies de les nostres Biblioteques P\u00fabliques:<\/span><\/strong><\/li>\n<\/ul>\n<\/li>\n<\/ul>\n<\/li>\n<\/ul>\n<table style=\"border-collapse: collapse; width: 100%;\">\n<tbody>\n<tr>\n<td style=\"width: 50%;\"><a href=\"https:\/\/www.instagram.com\/bibliocervera\/?hl=es\" target=\"_blank\" rel=\"noopener\"><img loading=\"lazy\" decoding=\"async\" class=\"aligncenter wp-image-9562 size-thumbnail\" src=\"https:\/\/serveiseducatius.xtec.cat\/segarra\/wp-content\/uploads\/usu1148\/2019\/11\/logo-biblio-cervera-150x150.jpg\" alt=\"\" width=\"150\" height=\"150\" srcset=\"https:\/\/serveiseducatius.xtec.cat\/segarra\/wp-content\/uploads\/usu1148\/2019\/11\/logo-biblio-cervera-150x150.jpg 150w, https:\/\/serveiseducatius.xtec.cat\/segarra\/wp-content\/uploads\/usu1148\/2019\/11\/logo-biblio-cervera.jpg 225w\" sizes=\"auto, (max-width: 150px) 100vw, 150px\" \/><\/a><\/td>\n<td style=\"width: 50%;\"><a href=\"http:\/\/www.bibliotecadeguissona.net\/index.php\/ca\/in_primo_piano.html\" target=\"_blank\" rel=\"noopener\"><img loading=\"lazy\" decoding=\"async\" class=\"aligncenter wp-image-9561 size-thumbnail\" src=\"https:\/\/serveiseducatius.xtec.cat\/segarra\/wp-content\/uploads\/usu1148\/2019\/11\/logo-biblio-guissona-150x150.jpg\" alt=\"\" width=\"150\" height=\"150\" \/><\/a><\/td>\n<\/tr>\n<\/tbody>\n<\/table>\n<ul>\n<li style=\"list-style-type: none;\">\n<ul>\n<li style=\"list-style-type: none;\">\n<ul>\n<li><span style=\"color: #99ccff;\"><strong id=\"BDR\">Butllet\u00ed BDR<\/strong><\/span><\/li>\n<\/ul>\n<\/li>\n<\/ul>\n<\/li>\n<\/ul>\n<table style=\"border-collapse: collapse; width: 100%;\">\n<tbody>\n<tr>\n<td style=\"width: 100%;\"><img loading=\"lazy\" decoding=\"async\" class=\"alignleft size-full wp-image-11697\" src=\"https:\/\/serveiseducatius.xtec.cat\/segarra\/wp-content\/uploads\/usu1148\/2020\/12\/banner-bdr.jpg\" alt=\"\" width=\"940\" height=\"127\" srcset=\"https:\/\/serveiseducatius.xtec.cat\/segarra\/wp-content\/uploads\/usu1148\/2020\/12\/banner-bdr.jpg 940w, https:\/\/serveiseducatius.xtec.cat\/segarra\/wp-content\/uploads\/usu1148\/2020\/12\/banner-bdr-300x41.jpg 300w, https:\/\/serveiseducatius.xtec.cat\/segarra\/wp-content\/uploads\/usu1148\/2020\/12\/banner-bdr-768x104.jpg 768w\" sizes=\"auto, (max-width: 940px) 100vw, 940px\" \/><\/td>\n<\/tr>\n<tr>\n<td style=\"width: 100%; text-align: center;\"><a href=\"https:\/\/sites.google.com\/a\/xtec.cat\/butlleti-bdr\/marc-2021\" target=\"_blank\" rel=\"external noopener\">Butllet\u00ed del Banc de Recursos &#8216;La lectura: font de plaer i de coneixement&#8217;<\/a><\/td>\n<\/tr>\n<\/tbody>\n<\/table>\n<ul>\n<li style=\"list-style-type: none;\">\n<ul>\n<li style=\"list-style-type: none;\">\n<ul>\n<li style=\"list-style-type: none;\">\n<ul>\n<li class=\"title-1 mb-4\"><span style=\"color: #99ccff;\"><strong id=\"Ibbycat\">Consell catal\u00e0 del llibre infantil i juvenil<\/strong><\/span><\/li>\n<\/ul>\n<\/li>\n<\/ul>\n<\/li>\n<\/ul>\n<\/li>\n<\/ul>\n<table style=\"border-collapse: collapse; width: 99.9275%;\">\n<tbody>\n<tr>\n<td style=\"width: 48.4046%;\">G<span style=\"font-size: 16px;\">uia de lectures infantils i juvenils<\/span><\/p>\n<ul>\n<li><span style=\"font-size: 16px;\">Estiu <\/span>\ud83d\udcc4<span style=\"font-size: 10pt;\"><a href=\"https:\/\/drive.google.com\/file\/d\/1GATlrIm69nAHo8ebkwYVg789DTtVVKzu\/view?usp=sharing\" target=\"_blank\" rel=\"noopener\">descarrega&#8217;t la guia<\/a><\/span><\/li>\n<li><span style=\"font-size: 12pt;\">Hivern<\/span> \ud83d\udcc4<span style=\"font-size: 10pt;\"><a href=\"https:\/\/www.ibbycat.cat\/seleccio-municipi-lector-hivern-2022\/\" target=\"_blank\" rel=\"noopener\">descarrega&#8217;t la guia<\/a><\/span><\/li>\n<\/ul>\n<\/td>\n<td style=\"width: 51.5312%;\"><img loading=\"lazy\" decoding=\"async\" class=\"aligncenter size-full wp-image-17586\" src=\"https:\/\/serveiseducatius.xtec.cat\/segarra\/wp-content\/uploads\/usu1148\/2022\/12\/Guies-llibres-ibbycat-e1671110292818.png\" alt=\"\" width=\"400\" height=\"131\" \/><\/td>\n<\/tr>\n<\/tbody>\n<\/table>\n<ul>\n<li style=\"list-style-type: none;\">\n<ul>\n<li style=\"list-style-type: none;\">\n<ul>\n<li><span style=\"color: #99ccff;\"><strong id=\"llibresCRP\">Les nostres recomanacions:<\/strong><\/span><\/li>\n<\/ul>\n<\/li>\n<\/ul>\n<\/li>\n<\/ul>\n<table style=\"border-collapse: collapse; width: 100%;\">\n<tbody>\n<tr>\n<td style=\"width: 33.3333%; text-align: center;\"><a href=\"https:\/\/aplicacions.gestioeducativa.gencat.cat\/epergam\/web\/biblioteca.jsp\" target=\"_blank\" rel=\"noopener\">Recomancions a l&#8217;eP\u00e8rgam del CRP<\/a><\/td>\n<td style=\"width: 33.3333%; text-align: center;\"><a href=\"https:\/\/serveiseducatius.xtec.cat\/segarra\/categoria\/portada\/inno\/coeduc\/\">Recomanacions Lectures Coeducaci\u00f3<\/a><\/td>\n<td style=\"width: 33.3333%; text-align: center;\"><a href=\"https:\/\/serveiseducatius.xtec.cat\/segarra\/general\/propostes-per-sant-jordi\/\">Recull Butllet\u00ed Sant Jordi<\/a><\/td>\n<\/tr>\n<tr>\n<td style=\"width: 33.3333%;\"><a href=\"https:\/\/aplicacions.gestioeducativa.gencat.cat\/epergam\/web\/biblioteca.jsp\" target=\"_blank\" rel=\"noopener\"><img loading=\"lazy\" decoding=\"async\" class=\"size-full wp-image-13996 alignnone\" style=\"background-color: #ffffff;\" src=\"https:\/\/serveiseducatius.xtec.cat\/segarra\/wp-content\/uploads\/usu1148\/2021\/08\/epergam_web.jpg\" alt=\"\" width=\"872\" height=\"838\" srcset=\"https:\/\/serveiseducatius.xtec.cat\/segarra\/wp-content\/uploads\/usu1148\/2021\/08\/epergam_web.jpg 872w, https:\/\/serveiseducatius.xtec.cat\/segarra\/wp-content\/uploads\/usu1148\/2021\/08\/epergam_web-300x288.jpg 300w, https:\/\/serveiseducatius.xtec.cat\/segarra\/wp-content\/uploads\/usu1148\/2021\/08\/epergam_web-768x738.jpg 768w\" sizes=\"auto, (max-width: 872px) 100vw, 872px\" \/><\/a><\/td>\n<td style=\"width: 33.3333%;\"><a href=\"https:\/\/serveiseducatius.xtec.cat\/segarra\/categoria\/portada\/inno\/coeduc\/\"><img loading=\"lazy\" decoding=\"async\" class=\"size-full wp-image-12650 alignnone\" src=\"https:\/\/serveiseducatius.xtec.cat\/segarra\/wp-content\/uploads\/usu1148\/2021\/03\/coeducaci\u00f3-llibres.png\" alt=\"\" width=\"300\" height=\"250\" \/><\/a><\/td>\n<td style=\"width: 33.3333%;\"><a href=\"https:\/\/serveiseducatius.xtec.cat\/segarra\/general\/propostes-per-sant-jordi\/\"><img loading=\"lazy\" decoding=\"async\" class=\"aligncenter size-full wp-image-13028\" src=\"https:\/\/serveiseducatius.xtec.cat\/segarra\/wp-content\/uploads\/usu1148\/2021\/04\/butllet\u00ed-Sant-Jordi_2021.png\" alt=\"\" width=\"341\" height=\"484\" srcset=\"https:\/\/serveiseducatius.xtec.cat\/segarra\/wp-content\/uploads\/usu1148\/2021\/04\/butllet\u00ed-Sant-Jordi_2021.png 341w, https:\/\/serveiseducatius.xtec.cat\/segarra\/wp-content\/uploads\/usu1148\/2021\/04\/butllet\u00ed-Sant-Jordi_2021-211x300.png 211w\" sizes=\"auto, (max-width: 341px) 100vw, 341px\" \/><\/a><\/td>\n<\/tr>\n<\/tbody>\n<\/table>\n<ul>\n<li style=\"list-style-type: none;\">\n<ul>\n<li style=\"list-style-type: none;\">\n<ul>\n<li><span style=\"color: #99ccff;\"><strong>Altres<\/strong><\/span><\/li>\n<\/ul>\n<\/li>\n<\/ul>\n<\/li>\n<\/ul>\n<p>\ud83c\udf84 <a href=\"https:\/\/serveiseducatius.xtec.cat\/segarra\/portada\/guies-de-lectura-hivern-2019\/\">Guies de lectura<\/a><\/p>\n<p>&nbsp;<\/p>\n<p><strong id=\"revistes\">Revistes:<\/strong><\/p>\n<ul>\n<li style=\"list-style-type: none;\">\n<ul>\n<li style=\"list-style-type: none;\">\n<ul style=\"list-style-type: disc;\">\n<li><a href=\"https:\/\/serveiseducatius.xtec.cat\/segarra\/recursos\/revistes\/\">Revistes en servei de pr\u00e9stec al CRP de La Segarra<\/a><\/li>\n<li><a href=\"https:\/\/espai.educacio.gencat.cat\/Recursos\/Biblioteca\/Biblioteca-virtual\/Revistes-electroniques\/Pagines\/default.aspx\" target=\"_blank\" rel=\"noopener\">Biblioteca del Departament d\u2019Educaci\u00f3: <span style=\"font-family: inherit; font-size: 1em;\">Revistes electr\u00f2niques:<\/span><\/a>\n<ul style=\"list-style-type: circle;\">\n<li style=\"list-style-type: none;\">\n<ul style=\"list-style-type: circle;\">\n<li><a class=\"link\" href=\"https:\/\/espai.educacio.gencat.cat\/Recursos\/Biblioteca\/Biblioteca-virtual\/Revistes-electroniques\/Pagines\/default.aspx#h20\">\u200b\u200b\u200b\u200b\u200b\u200b\u200b\u200b\u200b\u200b\u200b\u200b\u200b\u200b\u200b\u200b\u200b\u200b\u200b\u200b\u200b\u200b\u200b\u200b\u200b\u200b\u200b\u200b\u200b\u200b\u200b\u200b\u200b\u200b\u200bRevistes amb acc\u00e9s complet<\/a><\/li>\n<li><a class=\"link\" href=\"https:\/\/espai.educacio.gencat.cat\/Recursos\/Biblioteca\/Biblioteca-virtual\/Revistes-electroniques\/Pagines\/default.aspx#h21\">\u200b\u200bRevistes amb acc\u00e9s a resums o sumaris<\/a><\/li>\n<li><a class=\"link\" href=\"https:\/\/espai.educacio.gencat.cat\/Recursos\/Biblioteca\/Biblioteca-virtual\/Revistes-electroniques\/Pagines\/default.aspx#h22\"><strong>\u200bRevistes<\/strong> digitals d&#8217;<strong>acc\u00e9s lliure <\/strong><\/a><\/li>\n<li><a class=\"link\" href=\"https:\/\/espai.educacio.gencat.cat\/Recursos\/Biblioteca\/Biblioteca-virtual\/Revistes-electroniques\/Pagines\/default.aspx#h22\"><strong>Revistes i llibres electr\u00f2nics de l&#8217;editorial Gra\u00f3<br \/>\n<\/strong><\/a><span class=\"ms-rteFontFace-14\">Des de Serveis centrals, Serveis territorials\u00a0i Serveis educatius es pot accedir directament per IP a la plataforma<a href=\"https:\/\/cat.grao.com\/ca\/epremium\" target=\"_blank\" rel=\"noopener\">\u00a0Gra\u00f3 e-Premium<\/a> de llibres i revistes digitals i podeu sol\u00b7licitar l&#8217;article\/s espec\u00edfic\/s que us interessaria.<\/span><\/li>\n<\/ul>\n<\/li>\n<\/ul>\n<ul style=\"list-style-type: circle;\">\n<li><a class=\"link\" href=\"https:\/\/espai.educacio.gencat.cat\/Recursos\/Biblioteca\/Biblioteca-virtual\/Revistes-electroniques\/Pagines\/default.aspx#h23\">A la Biblioteca podeu&#8230;<\/a><\/li>\n<li><a class=\"link\" href=\"https:\/\/espai.educacio.gencat.cat\/Recursos\/Biblioteca\/Biblioteca-virtual\/Revistes-electroniques\/Pagines\/default.aspx#h24\">Cerca d&#8217;articles de revistes<\/a><\/li>\n<\/ul>\n<\/li>\n<li><a href=\"http:\/\/xtec.gencat.cat\/ca\/projectes\/biblioteca\/recursos\/revistes\/\" target=\"_blank\" rel=\"noopener\">Revistes sobre Biblioteca Escolar-XTEC &#8211; GenCat<\/a><\/li>\n<li><a href=\"https:\/\/raco.cat\/raco\/#gsc.tab=0\" target=\"_blank\" rel=\"noopener\">Revistes Catalanes amb Acc\u00e9s Obert-RAC\u00d3<\/a><\/li>\n<li><a href=\"https:\/\/www.rosasensat.org\/coneix-les-nostres-revistes\/revistes\/\" target=\"_blank\" rel=\"noopener\">Revistes (Hemeroteca) de lliure acc\u00e9s-Rosa Sensat<\/a><\/li>\n<\/ul>\n<\/li>\n<\/ul>\n<\/li>\n<\/ul>\n<p>&nbsp;<\/p>\n<\/div>\n","protected":false},"excerpt":{"rendered":"<p>\u00cdndex d&#8217;enlla\u00e7os directes:<\/p>\n<ul>\n<li><a href=\"#Llibresrecomanats\">Llibres recomanats<\/a>\n<ul>\n<li><a href=\"#rosasensat\">El Garbell i Quins Llibres (Rosa Sensat)<\/a><\/li>\n<li><a href=\"#fbofill\">LECXIT-Lectura per a l\u2019\u00e8xit educatiu (Fundaci\u00f3 Bofill)<\/a><\/li>\n<li><a href=\"#annajuanalbums\">La coleccionista (Anna Juan Cantavella)<\/a><\/li>\n<li><a href=\"#BP\">Recomanacions Biblioteques P\u00fabliques (Guissona i Cervera)<\/a><\/li>\n<li><a href=\"#BDR\">Butllet\u00ed BDR<\/a><\/li>\n<li><a href=\"#Ibbycat\">Ibbycat Consell catal\u00e0 del llibre infantil i juvenil<\/a><\/li>\n<li><a href=\"#llibresCRP\">Les nostres recomanacions (SE de&hellip;  <a href=\"https:\/\/serveiseducatius.xtec.cat\/segarra\/biblioteca-escolar\/llibres-recomanats\/\" title=\"Read Llibres recomanats\">Llegeix m\u00e9s\u00bb<\/a><br \/>\n","protected":false},"author":4,"featured_media":0,"parent":13879,"menu_order":2,"comment_status":"closed","ping_status":"closed","template":"page-templates\/side-menu.php","meta":{"_bbp_topic_count":0,"_bbp_reply_count":0,"_bbp_total_topic_count":0,"_bbp_total_reply_count":0,"_bbp_voice_count":0,"_bbp_anonymous_reply_count":0,"_bbp_topic_count_hidden":0,"_bbp_reply_count_hidden":0,"_bbp_forum_subforum_count":0,"footnotes":""},"class_list":["post-14013","page","type-page","status-publish","hentry"],"post_mailing_queue_ids":[],"_links":{"self":[{"href":"https:\/\/serveiseducatius.xtec.cat\/segarra\/wp-json\/wp\/v2\/pages\/14013","targetHints":{"allow":["GET"]}}],"collection":[{"href":"https:\/\/serveiseducatius.xtec.cat\/segarra\/wp-json\/wp\/v2\/pages"}],"about":[{"href":"https:\/\/serveiseducatius.xtec.cat\/segarra\/wp-json\/wp\/v2\/types\/page"}],"author":[{"embeddable":true,"href":"https:\/\/serveiseducatius.xtec.cat\/segarra\/wp-json\/wp\/v2\/users\/4"}],"replies":[{"embeddable":true,"href":"https:\/\/serveiseducatius.xtec.cat\/segarra\/wp-json\/wp\/v2\/comments?post=14013"}],"version-history":[{"count":4,"href":"https:\/\/serveiseducatius.xtec.cat\/segarra\/wp-json\/wp\/v2\/pages\/14013\/revisions"}],"predecessor-version":[{"id":17616,"href":"https:\/\/serveiseducatius.xtec.cat\/segarra\/wp-json\/wp\/v2\/pages\/14013\/revisions\/17616"}],"up":[{"embeddable":true,"href":"https:\/\/serveiseducatius.xtec.cat\/segarra\/wp-json\/wp\/v2\/pages\/13879"}],"wp:attachment":[{"href":"https:\/\/serveiseducatius.xtec.cat\/segarra\/wp-json\/wp\/v2\/media?parent=14013"}],"curies":[{"name":"wp","href":"https:\/\/api.w.org\/{rel}","templated":true}]}}