{"id":13987,"date":"2021-08-17T20:05:53","date_gmt":"2021-08-17T18:05:53","guid":{"rendered":"https:\/\/serveiseducatius.xtec.cat\/segarra\/?page_id=13987"},"modified":"2021-08-31T12:13:48","modified_gmt":"2021-08-31T10:13:48","slug":"cercadors","status":"publish","type":"page","link":"https:\/\/serveiseducatius.xtec.cat\/segarra\/biblioteca-escolar\/cercadors\/","title":{"rendered":"Cercadors"},"content":{"rendered":"<table style=\"border-collapse: collapse; width: 100%; height: 201px;\">\n<tbody>\n<tr style=\"height: 101px;\">\n<td style=\"width: 50%; height: 101px;\"><a href=\"https:\/\/aplicacions.gestioeducativa.gencat.cat\/epergam\/web\/biblioteca.jsp\" target=\"_blank\" rel=\"noopener\"><img loading=\"lazy\" decoding=\"async\" class=\"size-thumbnail wp-image-10815 aligncenter\" src=\"https:\/\/serveiseducatius.xtec.cat\/segarra\/wp-content\/uploads\/usu1148\/2020\/05\/epergam-CRP-150x85.jpg\" alt=\"\" width=\"150\" height=\"85\" \/><\/a><\/td>\n<td style=\"width: 50%; height: 101px;\"><a href=\"http:\/\/merli.xtec.cat\/merli\/cerca\/fitxaRecurs.jsp?idRecurs=\/140957&amp;sheetId=null&amp;nomUsuari=null&amp;inxtec=0\" target=\"_blank\" rel=\"noopener\"><img loading=\"lazy\" decoding=\"async\" class=\"size-full wp-image-12612 alignright\" src=\"https:\/\/serveiseducatius.xtec.cat\/segarra\/wp-content\/uploads\/usu1148\/2021\/03\/capca_logo_merli.png\" alt=\"\" width=\"310\" height=\"70\" srcset=\"https:\/\/serveiseducatius.xtec.cat\/segarra\/wp-content\/uploads\/usu1148\/2021\/03\/capca_logo_merli.png 310w, https:\/\/serveiseducatius.xtec.cat\/segarra\/wp-content\/uploads\/usu1148\/2021\/03\/capca_logo_merli-300x68.png 300w\" sizes=\"auto, (max-width: 310px) 100vw, 310px\" \/><\/a><\/td>\n<\/tr>\n<tr style=\"height: 100px;\">\n<td style=\"width: 50%; height: 100px;\"><strong>eP\u00e8rgam:<\/strong> aplicaci\u00f3 per a la gesti\u00f3 de llibres de la nostra biblioteca. Necessites un llibre? Cerca&#8217;l al Cercador eP\u00e8rgam del CRP de la Segarra<\/td>\n<td style=\"width: 50%; height: 100px;\"><strong>Merl\u00ed:<\/strong> cat\u00e0leg de recursos educatius, <strong>cerca de materials did\u00e0ctics<\/strong>. Necessites un llibre, un recurs educatiu? Cerca&#8217;l al cat\u00e0leg Merl\u00ed i podr\u00e0s veure si tenim el recurs al nostre CRP o si est\u00e0 disponible en un altre CRP de Catalunya.<\/td>\n<\/tr>\n<\/tbody>\n<\/table>\n<p>\u2b07 Fes clic a les imatges per anar directament als nostres cercadors i cat\u00e0legs:<\/p>\n<table style=\"border-collapse: collapse; width: 100%;\">\n<tbody>\n<tr>\n<td style=\"width: 47.6471%;\"><a href=\"https:\/\/aplicacions.gestioeducativa.gencat.cat\/epergam\/web\/biblioteca.jsp\" target=\"_blank\" rel=\"noopener\"><img loading=\"lazy\" decoding=\"async\" class=\"aligncenter wp-image-13996\" src=\"https:\/\/serveiseducatius.xtec.cat\/segarra\/wp-content\/uploads\/usu1148\/2021\/08\/epergam_web.jpg\" alt=\"\" width=\"297\" height=\"285\" srcset=\"https:\/\/serveiseducatius.xtec.cat\/segarra\/wp-content\/uploads\/usu1148\/2021\/08\/epergam_web.jpg 872w, https:\/\/serveiseducatius.xtec.cat\/segarra\/wp-content\/uploads\/usu1148\/2021\/08\/epergam_web-300x288.jpg 300w, https:\/\/serveiseducatius.xtec.cat\/segarra\/wp-content\/uploads\/usu1148\/2021\/08\/epergam_web-768x738.jpg 768w\" sizes=\"auto, (max-width: 297px) 100vw, 297px\" \/><\/a><\/td>\n<td style=\"width: 52.3529%;\"><a href=\"http:\/\/merli.xtec.cat\/merli\/cerca\/fitxaRecurs.jsp?idRecurs=\/140957&amp;sheetId=null&amp;nomUsuari=null&amp;inxtec=0\" target=\"_blank\" rel=\"noopener\"><img loading=\"lazy\" decoding=\"async\" class=\"alignnone wp-image-14000 \" src=\"https:\/\/serveiseducatius.xtec.cat\/segarra\/wp-content\/uploads\/usu1148\/2021\/08\/merli-web.jpg\" alt=\"\" width=\"373\" height=\"165\" srcset=\"https:\/\/serveiseducatius.xtec.cat\/segarra\/wp-content\/uploads\/usu1148\/2021\/08\/merli-web.jpg 1849w, https:\/\/serveiseducatius.xtec.cat\/segarra\/wp-content\/uploads\/usu1148\/2021\/08\/merli-web-300x133.jpg 300w, https:\/\/serveiseducatius.xtec.cat\/segarra\/wp-content\/uploads\/usu1148\/2021\/08\/merli-web-1024x455.jpg 1024w, https:\/\/serveiseducatius.xtec.cat\/segarra\/wp-content\/uploads\/usu1148\/2021\/08\/merli-web-768x341.jpg 768w, https:\/\/serveiseducatius.xtec.cat\/segarra\/wp-content\/uploads\/usu1148\/2021\/08\/merli-web-1536x682.jpg 1536w\" sizes=\"auto, (max-width: 373px) 100vw, 373px\" \/><\/a><\/td>\n<\/tr>\n<\/tbody>\n<\/table>\n<table style=\"border-collapse: collapse; width: 100%;\">\n<tbody>\n<tr>\n<td style=\"width: 47.9412%;\">Ajuda per al cercador eP\u00e8rgam:<\/p>\n<div><a href=\"https:\/\/www.canva.com\/design\/DAEd07T0Vsg\/IvCgzham2Fa4A53P_6Mi6w\/view?utm_content=DAEd07T0Vsg&amp;utm_campaign=designshare&amp;utm_medium=link&amp;utm_source=sharebutton\" target=\"_blank\" rel=\"noopener\" data-saferedirecturl=\"https:\/\/www.google.com\/url?q=https:\/\/www.canva.com\/design\/DAEd07T0Vsg\/IvCgzham2Fa4A53P_6Mi6w\/view?utm_content%3DDAEd07T0Vsg%26utm_campaign%3Ddesignshare%26utm_medium%3Dlink%26utm_source%3Dsharebutton&amp;source=gmail&amp;ust=1628877466514000&amp;usg=AFQjCNFgw8ZCFmR1PNXTIOiHQEAE_uISBQ\">Enlla\u00e7 presentaci\u00f3<\/a>\u00a0online<\/div>\n<div><a href=\"https:\/\/drive.google.com\/file\/d\/1Tf9_zhVHY88qBUkI8hD3DZwF2zfKNISk\/view?usp=sharing\" target=\"_blank\" rel=\"noopener\" data-saferedirecturl=\"https:\/\/www.google.com\/url?q=https:\/\/drive.google.com\/file\/d\/1Tf9_zhVHY88qBUkI8hD3DZwF2zfKNISk\/view?usp%3Dsharing&amp;source=gmail&amp;ust=1628877466514000&amp;usg=AFQjCNH0LSSCObcLskSzHycIsdtnFzB9Qg\">Enlla\u00e7 pdf\u00a0<\/a><\/div>\n<\/td>\n<td style=\"width: 52.0588%;\">Ajuda per cercar en el cat\u00e0leg Merl\u00ed:<\/p>\n<p><a href=\"https:\/\/sites.google.com\/a\/xtec.cat\/merli\/\" target=\"_blank\" rel=\"noopener\">https:\/\/sites.google.com\/a\/xtec.cat\/merli\/<\/a><\/td>\n<\/tr>\n<\/tbody>\n<\/table>\n<ul>\n<li>Altres Cercadors\/Cat\u00e0legs:<\/li>\n<\/ul>\n<table class=\"ListLinksDefaultText\" style=\"width: 100%; height: 610px;\" border=\"0\" width=\"100%\">\n<tbody>\n<tr style=\"height: 85px;\">\n<td style=\"height: 85px;\">\n<table style=\"width: 24.8579%; height: 44px;\" border=\"0\" cellpadding=\"1\">\n<tbody>\n<tr style=\"height: 44px;\">\n<td style=\"background-color: #bd8282; height: 44px;\"><span style=\"font-size: 10pt;\"><strong><label id=\"ctl00_Contingut_panelCol3_ctl05\" class=\"DefaultSubTitulo\"><span style=\"color: #ffffff;\">CAT\u00c0LEGS DE<\/span> <span style=\"color: #ffffff;\">BIBLIOTEQUES<\/span><\/label><\/strong><\/span><\/td>\n<\/tr>\n<\/tbody>\n<\/table>\n<\/td>\n<\/tr>\n<tr style=\"height: 33px;\">\n<td style=\"height: 33px;\"><a class=\"md-primoExplore-theme\" href=\"http:\/\/www.bnc.cat\/\">La Biblioteca de Catalunya<\/a><\/td>\n<\/tr>\n<tr style=\"height: 33px;\">\n<td style=\"height: 33px;\"><a id=\"ctl00_Contingut_panelCol3_ctl07\" class=\"dxeHyperlink\" title=\"Cat\u00e0leg de les biblioteques p\u00fabliques de Girona, Lleida, Tarragona i Terres de l'Ebre Acc\u00e9s als fons de gaireb\u00e9 300 biblioteques p\u00fabliques de Catalunya. Permet la cerca de documents a tot el cat\u00e0leg, a una sola biblioteca, o al conjunt de biblioteques d'una prov\u00edncia. \" href=\"http:\/\/elmeuargus.biblioteques.gencat.cat\/search*cat\" target=\"_blank\" rel=\"noopener\">Argus: cat\u00e0leg de les biblioteques p\u00fabliques de Girona, Lleida, Tarragona i Terres de l&#8217;Ebre<\/a><\/td>\n<\/tr>\n<tr style=\"height: 48px;\">\n<td style=\"height: 48px;\">Acc\u00e9s als fons de gaireb\u00e9 300 biblioteques p\u00fabliques de Catalunya. Permet la cerca de documents a tot el cat\u00e0leg, a una sola biblioteca, o al conjunt de biblioteques d&#8217;una prov\u00edncia.<\/td>\n<\/tr>\n<tr style=\"height: 33px;\">\n<td style=\"height: 33px;\"><a id=\"ctl00_Contingut_panelCol3_ctl08\" class=\"dxeHyperlink\" title=\"Cat\u00e0leg de les biblioteques especialitzades de la Generalitat de Catalunya (BEG) Consulta dels fons de 28 biblioteques i centres de documentaci\u00f3 especialitzats en diferents disciplines \" href=\"https:\/\/biblioteques.gencat.cat\/ca\/biblioteques\/beg\/\" target=\"_blank\" rel=\"noopener\">Cat\u00e0leg de les biblioteques especialitzades de la Generalitat de Catalunya (BEG)<\/a><\/td>\n<\/tr>\n<tr style=\"height: 33px;\">\n<td style=\"height: 33px;\">Consulta dels fons de 28 biblioteques i centres de documentaci\u00f3 especialitzats en diferents disciplines (arxius, museus, organismes de l\u2019administraci\u00f3, col\u00b7legis professionals, etc.)<\/td>\n<\/tr>\n<tr style=\"height: 33px;\">\n<td style=\"height: 33px;\"><a id=\"ctl00_Contingut_panelCol3_ctl09\" class=\"dxeHyperlink\" title=\"Ep\u00e8rgam. Cat\u00e0leg de biblioteques escolars catalanes Aplicaci\u00f3 per a la gesti\u00f3 de biblioteques escolars. Permet la consulta en l\u00ednia dels cat\u00e0legs de les biblioteques escolars catalanes. \" href=\"http:\/\/xtec.gencat.cat\/ca\/projectes\/biblioteca\/epergam\/\" target=\"_blank\" rel=\"noopener\">Ep\u00e8rgam. Cat\u00e0leg de biblioteques escolars catalanes<\/a><\/td>\n<\/tr>\n<tr style=\"height: 48px;\">\n<td style=\"height: 48px;\">Aplicaci\u00f3 per a la gesti\u00f3 de biblioteques escolars. Permet la consulta en l\u00ednia dels cat\u00e0legs de les biblioteques escolars catalanes.<\/td>\n<\/tr>\n<tr style=\"height: 33px;\">\n<td style=\"height: 33px;\"><a id=\"ctl00_Contingut_panelCol3_ctl10\" class=\"dxeHyperlink\" title=\"Alad\u00ed. Cat\u00e0leg de la Xarxa de Biblioteques Municipals de la Diputaci\u00f3 de Barcelona\" href=\"http:\/\/sinera.diba.cat\/\" target=\"_blank\" rel=\"noopener\">Alad\u00ed. Cat\u00e0leg de la Xarxa de Biblioteques Municipals de la Diputaci\u00f3 de Barcelona<\/a><\/td>\n<\/tr>\n<tr style=\"height: 33px;\">\n<td style=\"height: 33px;\"><a id=\"ctl00_Contingut_panelCol3_ctl11\" class=\"dxeHyperlink\" title=\"BPE. Bibliotecas p\u00fablicas espa\u00f1olas\" href=\"http:\/\/www.mcu.es\/bpe\/cargarFiltroBPE.do?&amp;cache=init&amp;layout=bpe&amp;language=es\" target=\"_blank\" rel=\"noopener\">BPE. Bibliotecas p\u00fablicas espa\u00f1olas<\/a><\/td>\n<\/tr>\n<tr style=\"height: 33px;\">\n<td style=\"height: 33px;\"><a id=\"ctl00_Contingut_panelCol3_ctl12\" class=\"dxeHyperlink\" title=\"European Library. Biblioteques nacionals europees Cat\u00e0leg de les biblioteques nacionals europees\" href=\"http:\/\/search.theeuropeanlibrary.org\/portal\/en\/index.html\" target=\"_blank\" rel=\"noopener\">European Library. Biblioteques nacionals europees<\/a><\/td>\n<\/tr>\n<tr style=\"height: 33px;\">\n<td style=\"height: 33px;\">Cat\u00e0leg de les biblioteques nacionals europees<\/td>\n<\/tr>\n<tr style=\"height: 33px;\">\n<td style=\"height: 33px;\"><a id=\"ctl00_Contingut_panelCol3_ctl13\" class=\"dxeHyperlink\" title=\"BNE. Biblioteca Nacional de Espa\u00f1a\" href=\"http:\/\/catalogo.bne.es\/uhtbin\/webcat\" target=\"_blank\" rel=\"noopener\">BNE. Biblioteca Nacional de Espa\u00f1a<\/a><\/td>\n<\/tr>\n<tr style=\"height: 33px;\">\n<td style=\"height: 33px;\"><a id=\"ctl00_Contingut_panelCol3_ctl14\" class=\"dxeHyperlink\" title=\"Cat\u00e1logo Colectivo del Patrimonio Bibliogr\u00e1fico (CCPB)\" href=\"http:\/\/catalogos.mecd.es\/CCPB\/cgi-ccpb\/abnetopac\/O12411\/ID9a77287b?ACC=101\" target=\"_blank\" rel=\"noopener\">Cat\u00e1logo Colectivo del Patrimonio Bibliogr\u00e1fico (CCPB)<\/a><\/td>\n<\/tr>\n<tr style=\"height: 33px;\">\n<td style=\"height: 33px;\"><a class=\"FW_titBullet FW_sLinkVermellNegreta \u00a0\" title=\"Aquest enlla\u00e7 porta a un altre lloc web:\u00a0Cat\u00e0leg col\u00b7lectiu de les universitats de Catalunya (CCUC)\" href=\"http:\/\/www.cbuc.cat\/ccuc\/\">Cat\u00e0leg col\u00b7lectiu de les universitats de Catalunya (CCUC)<\/a><a class=\"FW_sNoUnderline FW_sLinkExtern\" title=\"Aquest enlla\u00e7 porta a un altre lloc web:\u00a0Cat\u00e0leg col\u00b7lectiu de les universitats de Catalunya (CCUC)\" href=\"http:\/\/www.cbuc.cat\/ccuc\/\">\u00a0<\/a><\/td>\n<\/tr>\n<tr style=\"height: 33px;\">\n<td style=\"height: 33px;\">Permet la consulta simult\u00e0nia als cat\u00e0legs de totes les biblioteques universit\u00e0ries de Catalunya, Biblioteca de Catalunya i altres institucions.<\/td>\n<\/tr>\n<tr style=\"height: 33px;\">\n<td style=\"height: 33px;\"><a class=\"FW_titBullet FW_sLinkVermellNegreta \u00a0\" title=\"Aquest enlla\u00e7 s'obrir\u00e0 en una finestra nova\" href=\"http:\/\/www.bnc.cat\/catalegs\/ccpbc.php\" rel=\"external\">Cat\u00e0leg col\u00b7lectiu del patrimoni bibliogr\u00e0fic de Catalunya<\/a><a class=\"FW_sNoUnderline\" title=\"Aquest enlla\u00e7 s'obrir\u00e0 en una finestra nova\" href=\"http:\/\/www.bnc.cat\/catalegs\/ccpbc.php\" rel=\"external\"><span class=\"FW_sLinkExtern FW_sPopup\">\u00a0<\/span><\/a><\/td>\n<\/tr>\n<tr style=\"height: 33px;\">\n<td style=\"height: 33px;\">Aquest cat\u00e0leg recull la refer\u00e8ncia de documents dels segles XV fins al XIX de diverses biblioteques catalanes.<\/td>\n<\/tr>\n<\/tbody>\n<\/table>\n<table class=\"ListLinksDefaultText\" border=\"0\" width=\"100%\">\n<tbody>\n<tr>\n<td>\n<table border=\"0\" cellpadding=\"1\">\n<tbody>\n<tr>\n<td style=\"background-color: #bd8282;\"><span style=\"color: #ffffff; font-size: 10pt;\">IDIOMES<\/span><\/td>\n<\/tr>\n<\/tbody>\n<\/table>\n<\/td>\n<\/tr>\n<tr>\n<td><a id=\"ctl00_Contingut_panelCol2_ctl46\" class=\"dxeHyperlink\" title=\"Idiomes Biblioteca Virtual: Xarxa de Biblioteques municipals de la Diputaci\u00f3 de Barcelona. 200 recursos per a l'aprenentatge de vuit lleng\u00fces diferents: diccionaris, gram\u00e0tica, jocs i molt m\u00e9s\" href=\"http:\/\/bibliotecavirtual.diba.cat\/es\/idiomes\" target=\"_blank\" rel=\"noopener\">Idiomes<\/a><\/td>\n<\/tr>\n<tr>\n<td>Biblioteca Virtual: Xarxa de Biblioteques municipals de la Diputaci\u00f3 de Barcelona. 200 recursos per a l&#8217;aprenentatge de vuit lleng\u00fces diferents: diccionaris, gram\u00e0tica, jocs i molt m\u00e9s<\/td>\n<\/tr>\n<tr>\n<td><a id=\"ctl00_Contingut_panelCol2_ctl47\" class=\"dxeHyperlink\" title=\"Koalatext.com Projecte online d'aprenentatge de la llengua anglesa\" href=\"http:\/\/catalunya.ebiblio.es\/opac\/?id=00167717\" target=\"_blank\" rel=\"noopener\">Koalatext.com<\/a><\/td>\n<\/tr>\n<tr>\n<td>Projecte online d&#8217;aprenentatge de la llengua anglesa<\/td>\n<\/tr>\n<tr>\n<td><a href=\"https:\/\/www.oxfordowl.co.uk\/for-home\/find-a-book\/library-page\/?view=image&amp;query=&amp;type=book&amp;age_group=Age+9-11&amp;level=&amp;level_select=&amp;book_type=&amp;series=#\" target=\"_blank\" rel=\"noopener\">Oxford Owl<\/a><\/td>\n<\/tr>\n<tr>\n<td>\n<table border=\"0\" cellpadding=\"1\">\n<tbody>\n<tr>\n<td style=\"background-color: #bd8282;\"><span style=\"color: #ffffff; font-size: 10pt;\">BIBLIOTEQUES DIGITALS<\/span><\/td>\n<\/tr>\n<\/tbody>\n<\/table>\n<\/td>\n<\/tr>\n<tr>\n<td><a id=\"ctl00_Contingut_panelCol2_ctl50\" class=\"dxeHyperlink\" title=\"Biblioteca Virtual Cervantes Fons bibliogr\u00e0fic en llengua castellana, que cont\u00e9 tota mena de documents de mat\u00e8ries com literatura, hist\u00f2ria, ci\u00e8ncia... \" href=\"http:\/\/cervantesvirtual.com\/\" target=\"_blank\" rel=\"noopener\">Biblioteca Virtual Cervantes<\/a><\/td>\n<\/tr>\n<tr>\n<td>Fons bibliogr\u00e0fic en llengua castellana, que cont\u00e9 tota mena de documents de mat\u00e8ries com literatura, hist\u00f2ria, ci\u00e8ncia&#8230;<\/td>\n<\/tr>\n<tr>\n<td><a id=\"ctl00_Contingut_panelCol2_ctl51\" class=\"dxeHyperlink\" title=\"Europeana Biblioteca virtual que ofereix acc\u00e9s lliure i gratu\u00eft a llibres, mapes, gravacions, fotografies, documents hist\u00f2rics, quadres i pel\u00b7l\u00edcules procedents de biblioteques, museus i institucions culturals d'arreu d'Europa. \" href=\"http:\/\/www.europeana.eu\/portal\/\" target=\"_blank\" rel=\"noopener\">Europeana<\/a><\/td>\n<\/tr>\n<tr>\n<td>Biblioteca virtual que ofereix acc\u00e9s lliure i gratu\u00eft a llibres, mapes, gravacions, fotografies, documents hist\u00f2rics, quadres i pel\u00b7l\u00edcules procedents de biblioteques, museus i institucions culturals d&#8217;arreu d&#8217;Europa.<\/td>\n<\/tr>\n<tr>\n<td><a id=\"ctl00_Contingut_panelCol2_ctl52\" class=\"dxeHyperlink\" title=\"Project Gutenberg Recull de llibres electr\u00f2nics de lliure acc\u00e9s, sobretot en angl\u00e8s. \" href=\"http:\/\/www.gutenberg.net\/\" target=\"_blank\" rel=\"noopener\">Project Gutenberg<\/a><\/td>\n<\/tr>\n<tr>\n<td>Recull de llibres electr\u00f2nics de lliure acc\u00e9s, sobretot en angl\u00e8s.<\/td>\n<\/tr>\n<tr>\n<td><a id=\"ctl00_Contingut_panelCol2_ctl53\" class=\"dxeHyperlink\" title=\"Col\u00b7leccions digitals de la Biblioteca de Catalunya Col\u00b7leccions i fons digitalitzats de la Biblioteca de Catalunya\" href=\"http:\/\/www.bnc.cat\/Fons-i-col-leccions\/Fons-digitalitzats\" target=\"_blank\" rel=\"noopener\">Col\u00b7leccions digitals de la Biblioteca de Catalunya<\/a><\/td>\n<\/tr>\n<tr>\n<td>Col\u00b7leccions i fons digitalitzats de la Biblioteca de Catalunya<\/td>\n<\/tr>\n<tr>\n<td><a id=\"ctl00_Contingut_panelCol2_ctl54\" class=\"dxeHyperlink\" title=\"Biblioteca Digital Hisp\u00e1nica Col\u00b7leccions digitals de la Biblioteca Nacional (Espanya)\" href=\"http:\/\/www.bne.es\/es\/Catalogos\/BibliotecaDigitalHispanica\/Inicio\/\" target=\"_blank\" rel=\"noopener\">Biblioteca Digital Hisp\u00e1nica<\/a><\/td>\n<\/tr>\n<tr>\n<td>Col\u00b7leccions digitals de la Biblioteca Nacional (Espanya)<\/td>\n<\/tr>\n<tr>\n<td><a id=\"ctl00_Contingut_panelCol2_ctl55\" class=\"dxeHyperlink\" title=\"MDC Mem\u00f2ria Digital de Catalunya Repositori cooperatiu que cont\u00e9, en acc\u00e9s obert, col\u00b7leccions digitalitzades relacionades amb Catalunya i el seu patrimoni. \" href=\"http:\/\/mdc1.cbuc.cat\/\" target=\"_blank\" rel=\"noopener\">MDC Mem\u00f2ria Digital de Catalunya<\/a><\/td>\n<\/tr>\n<tr>\n<td>Repositori cooperatiu que cont\u00e9, en acc\u00e9s obert, col\u00b7leccions digitalitzades relacionades amb Catalunya i el seu patrimoni.<\/td>\n<\/tr>\n<tr>\n<td><a id=\"ctl00_Contingut_panelCol2_ctl56\" class=\"dxeHyperlink\" title=\"Biblioteca Digital Mundial Biblioteca virtual que posa a disposici\u00f3 a Internet, de manera gratu\u00efta i en diferents idiomes, documents culturals de tot el m\u00f3n. \" href=\"http:\/\/www.wdl.org\/es\/\" target=\"_blank\" rel=\"noopener\">Biblioteca Digital Mundial<\/a><\/td>\n<\/tr>\n<tr>\n<td>Biblioteca virtual que posa a disposici\u00f3 a Internet, de manera gratu\u00efta i en diferents idiomes, documents culturals de tot el m\u00f3n.<\/td>\n<\/tr>\n<tr>\n<td><a id=\"ctl00_Contingut_panelCol2_ctl57\" class=\"dxeHyperlink\" title=\"Biblioteca virtual del patrimonio bibliogr\u00e1fico Biblioteca virtual desenvolupada pel Ministeri d'Educaci\u00f3, Cultura i Esport juntament amb arxius i biblioteques del conjunt d'Espanya\" href=\"http:\/\/bvpb.mcu.es\/es\/inicio\/inicio.do\" target=\"_blank\" rel=\"noopener\">Biblioteca virtual del patrimonio bibliogr\u00e1fico<\/a><\/td>\n<\/tr>\n<tr>\n<td>Biblioteca virtual desenvolupada pel Ministeri d&#8217;Educaci\u00f3, Cultura i Esport juntament amb arxius i biblioteques del conjunt d&#8217;Espanya<\/td>\n<\/tr>\n<tr>\n<td><a id=\"ctl00_Contingut_panelCol2_ctl58\" class=\"dxeHyperlink\" title=\"Hathi trust: digital library\" href=\"http:\/\/hathitrust.org\/\" target=\"_blank\" rel=\"noopener\">Hathi trust: digital library<\/a><\/td>\n<\/tr>\n<tr>\n<td><a id=\"ctl00_Contingut_panelCol2_ctl59\" class=\"dxeHyperlink\" title=\"Internet archive Biblioteca digital \" href=\"http:\/\/archive.org\/\" target=\"_blank\" rel=\"noopener\">Internet archive<\/a><\/td>\n<\/tr>\n<tr>\n<td>Biblioteca digital<\/td>\n<\/tr>\n<\/tbody>\n<\/table>\n<table border=\"0\" cellpadding=\"1\">\n<tbody>\n<tr>\n<td style=\"background-color: #bd8282;\"><span style=\"color: #ffffff; font-size: 10pt;\">DICCIONARIS<\/span><\/td>\n<\/tr>\n<\/tbody>\n<\/table>\n<div><\/div>\n<div class=\"separator\" style=\"clear: both; text-align: center;\">\n<table style=\"border-collapse: collapse; width: 100%;\">\n<tbody>\n<tr>\n<td style=\"width: 33.3333%;\"><a href=\"http:\/\/www.dicdidac.cat\/\" target=\"_blank\" rel=\"noopener\"><img decoding=\"async\" src=\"http:\/\/2.bp.blogspot.com\/-wKssE59pOv8\/UeTT-dvkTJI\/AAAAAAAAA_w\/O5ZfDZ9Jnwc\/s1600\/didac+01.png\" border=\"0\" \/><\/a><\/td>\n<td style=\"width: 33.3333%;\"><a href=\"http:\/\/dlc.iec.cat\/\" target=\"_blank\" rel=\"noopener\"><img decoding=\"async\" src=\"http:\/\/3.bp.blogspot.com\/-zxpbPUV2yY8\/UeTUB5czcTI\/AAAAAAAAA_4\/fJgMhzyooUk\/s1600\/diec2+01.png\" border=\"0\" \/><\/a><\/td>\n<td style=\"width: 33.3333%;\"><a href=\"http:\/\/dcvb.iecat.net\/\" target=\"_blank\" rel=\"noopener\"><img decoding=\"async\" src=\"http:\/\/1.bp.blogspot.com\/-K2DSOzcyL78\/UeTSCimvW5I\/AAAAAAAAA_k\/vAtqm_9Wedg\/s320\/DCVB.png\" border=\"0\" \/><\/a><\/td>\n<\/tr>\n<tr>\n<td style=\"width: 33.3333%;\"><a href=\"http:\/\/www.diccionari.cat\/lexicx.jsp?GECART=0\" target=\"_blank\" rel=\"noopener\"><img decoding=\"async\" src=\"http:\/\/1.bp.blogspot.com\/-mlNXbkayF68\/UeTZwdk88HI\/AAAAAAAABAc\/d4YfKeqwS3g\/s1600\/gran+diccio.png\" border=\"0\" \/><\/a><\/td>\n<td style=\"width: 33.3333%;\"><\/td>\n<td style=\"width: 33.3333%;\"><\/td>\n<\/tr>\n<\/tbody>\n<\/table>\n<\/div>\n<table border=\"0\" cellpadding=\"1\">\n<tbody>\n<tr>\n<td style=\"background-color: #bd8282;\"><span style=\"color: #ffffff; font-size: 10pt;\">ENCICLOP\u00c8DIES<\/span><\/td>\n<\/tr>\n<\/tbody>\n<\/table>\n<div><\/div>\n<div class=\"separator\" style=\"clear: both; text-align: center;\">\n<table style=\"border-collapse: collapse; width: 100%;\">\n<tbody>\n<tr>\n<td style=\"width: 33.3333%;\"><a href=\"http:\/\/dataqa.ec.gec.semcs.net\/enciclop%C3%A8dies\/gran-enciclop%C3%A8dia-catalana\" target=\"_blank\" rel=\"noopener\"><img decoding=\"async\" src=\"http:\/\/3.bp.blogspot.com\/-3b5N_zlk3Hw\/UeuPLUTwLcI\/AAAAAAAABDA\/DsTnlUjiAzI\/s1600\/GRAN+ENCICLOPEDIA+CATALANA.png\" border=\"0\" \/><\/a><\/td>\n<td style=\"width: 33.3333%;\"><a href=\"http:\/\/ca.wikipedia.org\/wiki\/Portada\" target=\"_blank\" rel=\"noopener\"><img decoding=\"async\" src=\"http:\/\/4.bp.blogspot.com\/-uKedNFqc_Ds\/UeuSE0f7SuI\/AAAAAAAABDQ\/NAuxuTxd8Mc\/s1600\/VIQUIP%C3%88DIA.png\" border=\"0\" \/><\/a><\/td>\n<td style=\"width: 33.3333%;\"><a href=\"http:\/\/www.enciclonet.com\/\" target=\"_blank\" rel=\"noopener\"><img decoding=\"async\" src=\"http:\/\/4.bp.blogspot.com\/-2KlFVXppvLA\/UeuN9lcAK4I\/AAAAAAAABC4\/vuK9fNviFVU\/s1600\/ENCICLONET.png\" border=\"0\" \/><\/a><\/td>\n<\/tr>\n<tr>\n<td style=\"width: 33.3333%;\"><\/td>\n<td style=\"width: 33.3333%;\"><\/td>\n<td style=\"width: 33.3333%;\"><\/td>\n<\/tr>\n<\/tbody>\n<\/table>\n<\/div>\n<div class=\"post-footer\">\n<div class=\"post-footer-line post-footer-line-1\"><\/div>\n<\/div>\n","protected":false},"excerpt":{"rendered":"<p><a href=\"https:\/\/aplicacions.gestioeducativa.gencat.cat\/epergam\/web\/biblioteca.jsp\" target=\"_blank\" rel=\"noopener\"><\/a><br \/>\n<a href=\"http:\/\/merli.xtec.cat\/merli\/cerca\/fitxaRecurs.jsp?idRecurs=\/140957&amp;sheetId=null&amp;nomUsuari=null&amp;inxtec=0\" target=\"_blank\" rel=\"noopener\"><\/a><\/p>\n<p>eP\u00e8rgam: aplicaci\u00f3 per a la gesti\u00f3 de llibres de la nostra biblioteca. Necessites un llibre? Cerca&#8217;l al Cercador eP\u00e8rgam del CRP de la Segarra<br \/>\nMerl\u00ed: cat\u00e0leg de recursos educatius, cerca de materials did\u00e0ctics. Necessites un llibre, un recurs educatiu? Cerca&#8217;l&hellip;  <a href=\"https:\/\/serveiseducatius.xtec.cat\/segarra\/biblioteca-escolar\/cercadors\/\" title=\"Read Cercadors\">Llegeix m\u00e9s\u00bb<\/a><\/p>\n","protected":false},"author":4,"featured_media":0,"parent":13879,"menu_order":1,"comment_status":"closed","ping_status":"closed","template":"page-templates\/side-menu.php","meta":{"_bbp_topic_count":0,"_bbp_reply_count":0,"_bbp_total_topic_count":0,"_bbp_total_reply_count":0,"_bbp_voice_count":0,"_bbp_anonymous_reply_count":0,"_bbp_topic_count_hidden":0,"_bbp_reply_count_hidden":0,"_bbp_forum_subforum_count":0,"footnotes":""},"class_list":["post-13987","page","type-page","status-publish","hentry"],"post_mailing_queue_ids":[],"_links":{"self":[{"href":"https:\/\/serveiseducatius.xtec.cat\/segarra\/wp-json\/wp\/v2\/pages\/13987","targetHints":{"allow":["GET"]}}],"collection":[{"href":"https:\/\/serveiseducatius.xtec.cat\/segarra\/wp-json\/wp\/v2\/pages"}],"about":[{"href":"https:\/\/serveiseducatius.xtec.cat\/segarra\/wp-json\/wp\/v2\/types\/page"}],"author":[{"embeddable":true,"href":"https:\/\/serveiseducatius.xtec.cat\/segarra\/wp-json\/wp\/v2\/users\/4"}],"replies":[{"embeddable":true,"href":"https:\/\/serveiseducatius.xtec.cat\/segarra\/wp-json\/wp\/v2\/comments?post=13987"}],"version-history":[{"count":4,"href":"https:\/\/serveiseducatius.xtec.cat\/segarra\/wp-json\/wp\/v2\/pages\/13987\/revisions"}],"predecessor-version":[{"id":14088,"href":"https:\/\/serveiseducatius.xtec.cat\/segarra\/wp-json\/wp\/v2\/pages\/13987\/revisions\/14088"}],"up":[{"embeddable":true,"href":"https:\/\/serveiseducatius.xtec.cat\/segarra\/wp-json\/wp\/v2\/pages\/13879"}],"wp:attachment":[{"href":"https:\/\/serveiseducatius.xtec.cat\/segarra\/wp-json\/wp\/v2\/media?parent=13987"}],"curies":[{"name":"wp","href":"https:\/\/api.w.org\/{rel}","templated":true}]}}