{"id":13803,"date":"2021-07-30T20:41:48","date_gmt":"2021-07-30T18:41:48","guid":{"rendered":"https:\/\/serveiseducatius.xtec.cat\/segarra\/?page_id=13803"},"modified":"2024-07-15T11:43:28","modified_gmt":"2024-07-15T09:43:28","slug":"edison-2-0-i-edcreate-pack","status":"publish","type":"page","link":"https:\/\/serveiseducatius.xtec.cat\/segarra\/cultura_digital\/pensament-computacional-i-robotica\/edison-2-0-i-edcreate-pack\/","title":{"rendered":"Edison 2.0 i EdCreate pack"},"content":{"rendered":"<p><span style=\"font-family: 'arial black', sans-serif; font-size: 14pt;\"><strong>Disponibilitat de 14 robots edison 2.0 i 7 packs d&#8217;EdCreate.<\/strong><\/span><\/p>\n<table class=\"sensevora\" style=\"border-collapse: collapse; width: 100%; height: 639px;\">\n<tbody>\n<tr style=\"height: 575px;\">\n<td style=\"width: 70%; height: 575px;\"><span style=\"font-size: 14pt;\"><strong>VIDEO EXPLICATIU \u00abComponents robot, programaci\u00f3 amb codi barres i programaci\u00f3 a trav\u00e9s d&#8217;ordinador o tablet <\/strong><strong>\u00bb<\/strong><\/span><\/p>\n<p><iframe loading=\"lazy\" title=\"YouTube video player\" src=\"https:\/\/www.youtube.com\/embed\/N-B2truo1Q8\" width=\"760\" height=\"515\" frameborder=\"0\" allowfullscreen=\"allowfullscreen\"><\/iframe><\/td>\n<td style=\"width: 30%; vertical-align: middle;\"><strong><a href=\"https:\/\/drive.google.com\/file\/d\/1BAU9eOGQgI5oOiUENN8yhsh9CT8eCbXX\/view?usp=sharing\" target=\"_blank\" rel=\"noopener\"><span style=\"font-family: helvetica, arial, sans-serif; font-size: 14pt;\">MALETA<\/span><span style=\"font-family: helvetica, arial, sans-serif; font-size: 14pt;\"> N\u00ba<\/span><span style=\"font-family: helvetica, arial, sans-serif; font-size: 14pt;\"> 68<\/span><\/a><\/strong><\/p>\n<p style=\"text-align: left;\"><span style=\"font-family: helvetica, arial, sans-serif; font-size: 12pt;\"><strong>\u00c9s interessant perqu\u00e8<\/strong>:<\/span><\/p>\n<ul>\n<li style=\"text-align: left;\">T\u00e9 molt bones prestacions.<\/li>\n<li>\u00c9s compatible amb LEGO WEDO<\/li>\n<li>\u00c9s un robot molt motivador per treballar el pensament computacional.<\/li>\n<li>Introdueix a l&#8217;alumnat al m\u00f3n de la programaci\u00f3, a diferents nivells, des de molt b\u00e0sic a altres de m\u00e9s complexos.<\/li>\n<li>Potencia la creativitat de l&#8217;alumnat i el treball col\u00b7laboratiu.<\/li>\n<li>Utilitza diferents llenguatges de programaci\u00f3 des de m\u00e9s senzill, a m\u00e9s complexe basat en Scratch.<\/li>\n<li>Funciona amb bateries recarregables ( que es deixen en pr\u00e9stec).<\/li>\n<\/ul>\n<p><span style=\"font-family: helvetica, arial, sans-serif; font-size: 12pt;\"><strong>Demana-la al CRP:<\/strong><\/span><\/p>\n<p><span style=\"font-family: helvetica, arial, sans-serif; font-size: 12pt;\"> <strong><a class=\"css-button-2\" href=\"https:\/\/forms.gle\/fgRwP8fsJA3QHyav7\" target=\"_blank\" rel=\"noopener\"><span class=\"css-button-2-text\">Fitxa Pr\u00e9stec<\/span><\/a><\/strong><\/span><\/td>\n<\/tr>\n<tr>\n<td style=\"width: 70%;\"><span style=\"font-size: 14pt;\"><strong>PROGRAMACI\u00d3 AMB CODI BARRES<\/strong><\/span><\/p>\n<p><strong><iframe loading=\"lazy\" title=\"YouTube video player\" src=\"https:\/\/www.youtube.com\/embed\/rbPKKZqJlBo\" width=\"760\" height=\"515\" frameborder=\"0\" allowfullscreen=\"allowfullscreen\"><\/iframe><\/strong><\/td>\n<td style=\"width: 30%; vertical-align: middle;\">\n<table style=\"border-collapse: collapse; width: 100%;\">\n<tbody>\n<tr>\n<td style=\"width: 36.6812%;\"><strong style=\"font-size: 16px; background-color: #f9f9f9;\"><img loading=\"lazy\" decoding=\"async\" class=\"alignleft wp-image-13812\" src=\"https:\/\/serveiseducatius.xtec.cat\/segarra\/wp-content\/uploads\/usu1148\/2021\/07\/EDICON.jpg\" alt=\"\" width=\"63\" height=\"54\" \/><\/strong><\/td>\n<td style=\"width: 63.3188%;\"><strong><a href=\"https:\/\/drive.google.com\/file\/d\/1jCj7z_XfvR-Fxi2gAT6EOKlEQV0ThwWu\/view?usp=sharing\" target=\"_blank\" rel=\"noopener\"><span style=\"font-size: 16px;\">LLIBRE D&#8217;ACTIVITATS PER ALUMNES.\u00a0 NIVELL B\u00c0SIC<\/span><\/a><\/strong><\/td>\n<\/tr>\n<tr>\n<td style=\"width: 36.6812%;\"><img loading=\"lazy\" decoding=\"async\" class=\"alignleft wp-image-13812\" src=\"https:\/\/serveiseducatius.xtec.cat\/segarra\/wp-content\/uploads\/usu1148\/2021\/07\/EDICON.jpg\" alt=\"\" width=\"61\" height=\"52\" \/><\/td>\n<td style=\"width: 63.3188%;\"><span style=\"font-size: 12pt;\"><a style=\"color: #2795b6;\" href=\"https:\/\/docs.google.com\/document\/d\/1304Stn1m0CT917P6R6yT1c36NcZ9LI5aRxOWlRicyr4\/preview#heading=h.y8kyy8z2mtxn\" target=\"_blank\" rel=\"noopener\"><strong><span style=\"font-family: helvetica, arial, sans-serif;\">RECURSOS PEL TREBALL DE LA ROB\u00d2TICA AMB ELS EDISON<\/span><\/strong><\/a>\u00a0<\/span><em style=\"font-size: 14px;\">(\u00c0rea de cultura digital Lleida)<\/em><\/td>\n<\/tr>\n<tr>\n<td style=\"width: 36.6812%;\"><img loading=\"lazy\" decoding=\"async\" class=\"alignleft wp-image-13812\" src=\"https:\/\/serveiseducatius.xtec.cat\/segarra\/wp-content\/uploads\/usu1148\/2021\/07\/EDICON.jpg\" alt=\"\" width=\"61\" height=\"52\" \/><\/td>\n<td style=\"width: 63.3188%;\"><a href=\"https:\/\/drive.google.com\/file\/d\/1W7GzeK2O3wSrwXXHN15c4bQP6qWi9Y61\/view?usp=sharing\" target=\"_blank\" rel=\"noopener\"><strong><span style=\"font-size: 12pt;\">GUIA PER ALUMNES<\/span><\/strong><\/a><\/td>\n<\/tr>\n<tr>\n<td style=\"width: 36.6812%;\"><img loading=\"lazy\" decoding=\"async\" class=\"alignleft wp-image-13812\" src=\"https:\/\/serveiseducatius.xtec.cat\/segarra\/wp-content\/uploads\/usu1148\/2021\/07\/EDICON.jpg\" alt=\"\" width=\"61\" height=\"52\" \/><\/td>\n<td style=\"width: 63.3188%;\"><a href=\"https:\/\/drive.google.com\/file\/d\/1fxO6xAFTq82j0TMJdmDsnBw_7UkTBFZ3\/view?usp=sharing\" target=\"_blank\" rel=\"noopener\"><strong><span style=\"font-size: 12pt;\">LLISTAT CODIS DE BARRES PER PROGRAMAR<\/span><\/strong><\/a><\/td>\n<\/tr>\n<tr>\n<td style=\"width: 36.6812%;\"><img loading=\"lazy\" decoding=\"async\" class=\"alignleft wp-image-13812\" src=\"https:\/\/serveiseducatius.xtec.cat\/segarra\/wp-content\/uploads\/usu1148\/2021\/07\/EDICON.jpg\" alt=\"\" width=\"63\" height=\"54\" \/><\/td>\n<td style=\"width: 63.3188%;\"><a style=\"color: #2795b6; font-size: 14px;\" href=\"https:\/\/serveiseducatius.xtec.cat\/segarra\/robots-edison\/\" target=\"_blank\" rel=\"noopener\"><strong>INFORMACI\u00d3 ADDICIONAL<\/strong><\/a><\/td>\n<\/tr>\n<\/tbody>\n<\/table>\n<p>&nbsp;<\/td>\n<\/tr>\n<tr>\n<td style=\"width: 70%;\"><span style=\"font-size: 14pt;\"><strong>CONSTRUCCI\u00d3\u00a0 AMB ROBOTS EDISON 2.0 I EL KIT EDCREATE<\/strong><\/span><\/p>\n<p><iframe loading=\"lazy\" title=\"YouTube video player\" src=\"https:\/\/www.youtube.com\/embed\/DkQkt2HzRDg\" width=\"760\" height=\"515\" frameborder=\"0\" allowfullscreen=\"allowfullscreen\"><\/iframe><\/td>\n<td style=\"width: 30%; vertical-align: middle;\">\n<table style=\"border-collapse: collapse; width: 100%;\">\n<tbody>\n<tr>\n<td style=\"width: 36.6812%;\"><img loading=\"lazy\" decoding=\"async\" class=\"alignleft size-full wp-image-13812\" src=\"https:\/\/serveiseducatius.xtec.cat\/segarra\/wp-content\/uploads\/usu1148\/2021\/07\/EDICON.jpg\" alt=\"\" width=\"74\" height=\"63\" \/><\/td>\n<td style=\"width: 63.3188%;\"><span style=\"font-size: 12pt;\"><a href=\"https:\/\/drive.google.com\/file\/d\/16BVVUIGiQRIHVKGLc7DQ8GXvzSu_wSGh\/view?usp=sharing\" target=\"_blank\" rel=\"noopener\"><strong>EDCREATE GUIA PROFESSOR<\/strong><\/a> <em>(angl\u00e8s)<\/em><\/span><\/td>\n<\/tr>\n<tr>\n<td style=\"width: 36.6812%;\"><img loading=\"lazy\" decoding=\"async\" class=\"alignleft size-full wp-image-13812\" style=\"background-color: #ffffff;\" src=\"https:\/\/serveiseducatius.xtec.cat\/segarra\/wp-content\/uploads\/usu1148\/2021\/07\/EDICON.jpg\" alt=\"\" width=\"74\" height=\"63\" \/><\/td>\n<td style=\"width: 63.3188%;\"><span style=\"font-size: 12pt;\"><span style=\"background-color: #ffffff;\"><a href=\"https:\/\/drive.google.com\/file\/d\/1tY7oRCuzw5Vb_nyH0OxiYINKBbq3vOF1\/view?usp=sharing\" target=\"_blank\" rel=\"noopener\"><strong>EDCREATE REPTES<\/strong><\/a>\u00a0<\/span><em style=\"background-color: #ffffff;\">(angl\u00e8s)<\/em><\/span><\/td>\n<\/tr>\n<tr>\n<td style=\"width: 36.6812%;\"><img loading=\"lazy\" decoding=\"async\" class=\"alignleft size-full wp-image-13812\" style=\"background-color: #ffffff;\" src=\"https:\/\/serveiseducatius.xtec.cat\/segarra\/wp-content\/uploads\/usu1148\/2021\/07\/EDICON.jpg\" alt=\"\" width=\"74\" height=\"63\" \/><\/td>\n<td style=\"width: 63.3188%;\"><span style=\"font-size: 12pt;\"><a href=\"https:\/\/drive.google.com\/drive\/folders\/1chWT3ZOFma-vwlGMQBol3Obbsuna6MgC?usp=sharing\" target=\"_blank\" rel=\"noopener\"><strong>EDCREATE CONSTRUCIONS<\/strong><\/a> <em>(angl\u00e8s):<\/em><\/span><\/td>\n<\/tr>\n<tr>\n<td style=\"width: 36.6812%;\"><\/td>\n<td style=\"width: 63.3188%;\"><a href=\"https:\/\/drive.google.com\/file\/d\/17W2lg4fAX1LKDqvbCdu7H3hiLxu3CMJO\/view?usp=sharing\" target=\"_blank\" rel=\"noopener\"><strong><span style=\"font-size: 12pt;\">EdBuild-EdCrane-instructions (grua)<\/span><\/strong><\/a><\/td>\n<\/tr>\n<tr>\n<td style=\"width: 36.6812%;\"><\/td>\n<td style=\"width: 63.3188%;\"><a href=\"https:\/\/drive.google.com\/file\/d\/1wsUqw2p9IgVp-tmLCvpo6225bnY0NLVF\/view?usp=sharing\" target=\"_blank\" rel=\"noopener\"><strong><span style=\"font-size: 12pt;\">EdBuild-EdDigger-instructions (excavadora)<\/span><\/strong><\/a><\/td>\n<\/tr>\n<tr>\n<td style=\"width: 36.6812%;\"><\/td>\n<td style=\"width: 63.3188%;\"><strong><a href=\"https:\/\/drive.google.com\/file\/d\/1xk83axXtPkP8azbqAA5qWIDIE_nVJqrl\/view?usp=sharing\" target=\"_blank\" rel=\"noopener\"><span style=\"font-size: 12pt;\">EdBuild-EdPrinter-instructions (impressora)<\/span><\/a><\/strong><\/td>\n<\/tr>\n<tr>\n<td style=\"width: 36.6812%;\"><\/td>\n<td style=\"width: 63.3188%;\"><a href=\"https:\/\/drive.google.com\/file\/d\/1EKoL0ssTzRBTV8TwkgVtMTETwD-h9TkY\/view?usp=sharing\" target=\"_blank\" rel=\"noopener\"><strong><span style=\"font-size: 12pt;\">EdBuild-EdRoboClaw-instructions (perforadora)<\/span><\/strong><\/a><\/td>\n<\/tr>\n<tr>\n<td style=\"width: 36.6812%;\"><\/td>\n<td style=\"width: 63.3188%;\"><a href=\"https:\/\/drive.google.com\/file\/d\/1YmOt-scHMTM7KtokxxXv8KYIYUDhoZEt\/view?usp=sharing\" target=\"_blank\" rel=\"noopener\"><strong><span style=\"font-size: 12pt;\">EdBuild-EdTank-instructions (tanc)<\/span><\/strong><\/a><\/td>\n<\/tr>\n<\/tbody>\n<\/table>\n<\/td>\n<\/tr>\n<\/tbody>\n<\/table>\n","protected":false},"excerpt":{"rendered":"<p>Disponibilitat de 14 robots edison 2.0 i 7 packs d&#8217;EdCreate.<\/p>\n<p>VIDEO EXPLICATIU \u00abComponents robot, programaci\u00f3 amb codi barres i programaci\u00f3 a trav\u00e9s d&#8217;ordinador o tablet \u00bb<\/p>\n<p><a href=\"https:\/\/drive.google.com\/file\/d\/1BAU9eOGQgI5oOiUENN8yhsh9CT8eCbXX\/view?usp=sharing\" target=\"_blank\" rel=\"noopener\">MALETA N\u00ba 68<\/a><br \/>\n\u00c9s interessant perqu\u00e8:<\/p>\n<ul>\n<li style=\"text-align: left;\">T\u00e9 molt bones prestacions.<\/li>\n<li>\u00c9s compatible amb LEGO WEDO<\/li>\n<li>\u00c9s un robot molt motivador&hellip;  <a href=\"https:\/\/serveiseducatius.xtec.cat\/segarra\/cultura_digital\/pensament-computacional-i-robotica\/edison-2-0-i-edcreate-pack\/\" title=\"Read Edison 2.0 i EdCreate pack\">Llegeix m\u00e9s\u00bb<\/a><br \/>\n","protected":false},"author":4,"featured_media":0,"parent":13719,"menu_order":6,"comment_status":"closed","ping_status":"closed","template":"page-templates\/side-menu.php","meta":{"_bbp_topic_count":0,"_bbp_reply_count":0,"_bbp_total_topic_count":0,"_bbp_total_reply_count":0,"_bbp_voice_count":0,"_bbp_anonymous_reply_count":0,"_bbp_topic_count_hidden":0,"_bbp_reply_count_hidden":0,"_bbp_forum_subforum_count":0,"footnotes":""},"class_list":["post-13803","page","type-page","status-publish","hentry"],"post_mailing_queue_ids":[],"_links":{"self":[{"href":"https:\/\/serveiseducatius.xtec.cat\/segarra\/wp-json\/wp\/v2\/pages\/13803","targetHints":{"allow":["GET"]}}],"collection":[{"href":"https:\/\/serveiseducatius.xtec.cat\/segarra\/wp-json\/wp\/v2\/pages"}],"about":[{"href":"https:\/\/serveiseducatius.xtec.cat\/segarra\/wp-json\/wp\/v2\/types\/page"}],"author":[{"embeddable":true,"href":"https:\/\/serveiseducatius.xtec.cat\/segarra\/wp-json\/wp\/v2\/users\/4"}],"replies":[{"embeddable":true,"href":"https:\/\/serveiseducatius.xtec.cat\/segarra\/wp-json\/wp\/v2\/comments?post=13803"}],"version-history":[{"count":4,"href":"https:\/\/serveiseducatius.xtec.cat\/segarra\/wp-json\/wp\/v2\/pages\/13803\/revisions"}],"predecessor-version":[{"id":20969,"href":"https:\/\/serveiseducatius.xtec.cat\/segarra\/wp-json\/wp\/v2\/pages\/13803\/revisions\/20969"}],"up":[{"embeddable":true,"href":"https:\/\/serveiseducatius.xtec.cat\/segarra\/wp-json\/wp\/v2\/pages\/13719"}],"wp:attachment":[{"href":"https:\/\/serveiseducatius.xtec.cat\/segarra\/wp-json\/wp\/v2\/media?parent=13803"}],"curies":[{"name":"wp","href":"https:\/\/api.w.org\/{rel}","templated":true}]}}