{"id":13719,"date":"2021-07-29T12:07:08","date_gmt":"2021-07-29T10:07:08","guid":{"rendered":"https:\/\/serveiseducatius.xtec.cat\/segarra\/?page_id=13719"},"modified":"2024-07-15T11:39:39","modified_gmt":"2024-07-15T09:39:39","slug":"pensament-computacional-i-robotica","status":"publish","type":"page","link":"https:\/\/serveiseducatius.xtec.cat\/segarra\/cultura_digital\/pensament-computacional-i-robotica\/","title":{"rendered":"Pensament Computacional i rob\u00f2tica"},"content":{"rendered":"<p><img loading=\"lazy\" decoding=\"async\" class=\"aligncenter wp-image-13686\" src=\"https:\/\/serveiseducatius.xtec.cat\/segarra\/wp-content\/uploads\/usu1148\/2021\/07\/recursos-robotica.png\" alt=\"\" width=\"1211\" height=\"102\" srcset=\"https:\/\/serveiseducatius.xtec.cat\/segarra\/wp-content\/uploads\/usu1148\/2021\/07\/recursos-robotica.png 600w, https:\/\/serveiseducatius.xtec.cat\/segarra\/wp-content\/uploads\/usu1148\/2021\/07\/recursos-robotica-300x25.png 300w\" sizes=\"auto, (max-width: 1211px) 100vw, 1211px\" \/><\/p>\n<p><span style=\"font-family: helvetica, arial, sans-serif; font-size: 14pt;\">(Edats de 3 fins a 16 anys)<\/span>\u00a0 \u00a0 <strong><a class=\"css-button-2\" href=\"https:\/\/forms.gle\/fgRwP8fsJA3QHyav7\" target=\"_blank\" rel=\"noopener\"><span class=\"css-button-2-text\">Fitxa Pr\u00e9stec <\/span><\/a><\/strong><\/p>\n<p><em>\u00abLes edats d&#8217;\u00fas s\u00f3n orientatives. Dependr\u00e0 de la dificultat de joc que se li vulgui donar.\u00bb<\/em><\/p>\n<table class=\"sensevora\" style=\"border-collapse: collapse; width: 100%;\">\n<tbody>\n<tr>\n<td style=\"width: 33.3333%; background-color: #540404;\" colspan=\"3\"><span style=\"color: #f0dada;\"><strong><span style=\"font-size: 18pt;\">EDUCACI\u00d3 INFANTIL I CICLE INICIAL<\/span><\/strong><\/span><\/td>\n<\/tr>\n<tr>\n<td style=\"width: 33.3333%;\"><a href=\"https:\/\/serveiseducatius.xtec.cat\/segarra\/cultura_digital\/pensament-computacional-i-robotica\/mouse-mania\/\"><img loading=\"lazy\" decoding=\"async\" class=\"aligncenter wp-image-13736 size-large\" src=\"https:\/\/serveiseducatius.xtec.cat\/segarra\/wp-content\/uploads\/usu1148\/2021\/07\/1-MOUSE-1024x1024.png\" alt=\"\" width=\"1024\" height=\"1024\" srcset=\"https:\/\/serveiseducatius.xtec.cat\/segarra\/wp-content\/uploads\/usu1148\/2021\/07\/1-MOUSE-1024x1024.png 1024w, https:\/\/serveiseducatius.xtec.cat\/segarra\/wp-content\/uploads\/usu1148\/2021\/07\/1-MOUSE-300x300.png 300w, https:\/\/serveiseducatius.xtec.cat\/segarra\/wp-content\/uploads\/usu1148\/2021\/07\/1-MOUSE-150x150.png 150w, https:\/\/serveiseducatius.xtec.cat\/segarra\/wp-content\/uploads\/usu1148\/2021\/07\/1-MOUSE-768x768.png 768w, https:\/\/serveiseducatius.xtec.cat\/segarra\/wp-content\/uploads\/usu1148\/2021\/07\/1-MOUSE.png 1080w\" sizes=\"auto, (max-width: 1024px) 100vw, 1024px\" \/><\/a><\/td>\n<td style=\"width: 33.3333%;\"><a href=\"https:\/\/serveiseducatius.xtec.cat\/segarra\/cultura_digital\/pensament-computacional-i-robotica\/mtiny-discovery-kit\/\" target=\"_blank\" rel=\"noopener\"><img loading=\"lazy\" decoding=\"async\" class=\"aligncenter wp-image-13731 size-large\" src=\"https:\/\/serveiseducatius.xtec.cat\/segarra\/wp-content\/uploads\/usu1148\/2021\/07\/4-1024x1024.png\" alt=\"\" width=\"1024\" height=\"1024\" srcset=\"https:\/\/serveiseducatius.xtec.cat\/segarra\/wp-content\/uploads\/usu1148\/2021\/07\/4-1024x1024.png 1024w, https:\/\/serveiseducatius.xtec.cat\/segarra\/wp-content\/uploads\/usu1148\/2021\/07\/4-300x300.png 300w, https:\/\/serveiseducatius.xtec.cat\/segarra\/wp-content\/uploads\/usu1148\/2021\/07\/4-150x150.png 150w, https:\/\/serveiseducatius.xtec.cat\/segarra\/wp-content\/uploads\/usu1148\/2021\/07\/4-768x768.png 768w, https:\/\/serveiseducatius.xtec.cat\/segarra\/wp-content\/uploads\/usu1148\/2021\/07\/4.png 1080w\" sizes=\"auto, (max-width: 1024px) 100vw, 1024px\" \/><\/a><\/td>\n<td style=\"width: 33.3333%;\"><a href=\"https:\/\/serveiseducatius.xtec.cat\/segarra\/cultura_digital\/pensament-computacional-i-robotica\/beebots-i-catifes-tematiques\/\" target=\"_blank\" rel=\"noopener\"><img loading=\"lazy\" decoding=\"async\" class=\"alignleft wp-image-13870 size-large\" src=\"https:\/\/serveiseducatius.xtec.cat\/segarra\/wp-content\/uploads\/usu1148\/2021\/08\/5-1024x1024.png\" alt=\"\" width=\"1024\" height=\"1024\" srcset=\"https:\/\/serveiseducatius.xtec.cat\/segarra\/wp-content\/uploads\/usu1148\/2021\/08\/5-1024x1024.png 1024w, https:\/\/serveiseducatius.xtec.cat\/segarra\/wp-content\/uploads\/usu1148\/2021\/08\/5-300x300.png 300w, https:\/\/serveiseducatius.xtec.cat\/segarra\/wp-content\/uploads\/usu1148\/2021\/08\/5-150x150.png 150w, https:\/\/serveiseducatius.xtec.cat\/segarra\/wp-content\/uploads\/usu1148\/2021\/08\/5-768x768.png 768w, https:\/\/serveiseducatius.xtec.cat\/segarra\/wp-content\/uploads\/usu1148\/2021\/08\/5.png 1080w\" sizes=\"auto, (max-width: 1024px) 100vw, 1024px\" \/><\/a><\/td>\n<\/tr>\n<tr>\n<td style=\"width: 33.3333%;\"><a href=\"https:\/\/serveiseducatius.xtec.cat\/segarra\/cultura_digital\/pensament-computacional-i-robotica\/coding-express\/\" target=\"_blank\" rel=\"noopener\"><img loading=\"lazy\" decoding=\"async\" class=\"aligncenter wp-image-13730 size-large\" src=\"https:\/\/serveiseducatius.xtec.cat\/segarra\/wp-content\/uploads\/usu1148\/2021\/07\/3-1024x1024.png\" alt=\"\" width=\"1024\" height=\"1024\" srcset=\"https:\/\/serveiseducatius.xtec.cat\/segarra\/wp-content\/uploads\/usu1148\/2021\/07\/3-1024x1024.png 1024w, https:\/\/serveiseducatius.xtec.cat\/segarra\/wp-content\/uploads\/usu1148\/2021\/07\/3-300x300.png 300w, https:\/\/serveiseducatius.xtec.cat\/segarra\/wp-content\/uploads\/usu1148\/2021\/07\/3-150x150.png 150w, https:\/\/serveiseducatius.xtec.cat\/segarra\/wp-content\/uploads\/usu1148\/2021\/07\/3-768x768.png 768w, https:\/\/serveiseducatius.xtec.cat\/segarra\/wp-content\/uploads\/usu1148\/2021\/07\/3.png 1080w\" sizes=\"auto, (max-width: 1024px) 100vw, 1024px\" \/><\/a><\/td>\n<td style=\"width: 33.3333%;\"><\/td>\n<td style=\"width: 33.3333%;\"><\/td>\n<\/tr>\n<tr>\n<td style=\"background-color: #540404;\" colspan=\"3\"><span style=\"color: #f0dada;\"><strong><span style=\"font-size: 18pt;\">CICLE MITJA, CICLE SUPERIOR I ESO<\/span><\/strong><\/span><\/td>\n<\/tr>\n<tr>\n<td style=\"width: 33.3333%;\"><a href=\"https:\/\/serveiseducatius.xtec.cat\/segarra\/cultura_digital\/pensament-computacional-i-robotica\/code-master\/\" target=\"_blank\" rel=\"noopener\"><img loading=\"lazy\" decoding=\"async\" class=\"aligncenter size-large wp-image-13729\" src=\"https:\/\/serveiseducatius.xtec.cat\/segarra\/wp-content\/uploads\/usu1148\/2021\/07\/2-1024x1024.png\" alt=\"\" width=\"1024\" height=\"1024\" srcset=\"https:\/\/serveiseducatius.xtec.cat\/segarra\/wp-content\/uploads\/usu1148\/2021\/07\/2-1024x1024.png 1024w, https:\/\/serveiseducatius.xtec.cat\/segarra\/wp-content\/uploads\/usu1148\/2021\/07\/2-300x300.png 300w, https:\/\/serveiseducatius.xtec.cat\/segarra\/wp-content\/uploads\/usu1148\/2021\/07\/2-150x150.png 150w, https:\/\/serveiseducatius.xtec.cat\/segarra\/wp-content\/uploads\/usu1148\/2021\/07\/2-768x768.png 768w, https:\/\/serveiseducatius.xtec.cat\/segarra\/wp-content\/uploads\/usu1148\/2021\/07\/2.png 1080w\" sizes=\"auto, (max-width: 1024px) 100vw, 1024px\" \/><\/a><\/td>\n<td style=\"width: 33.3333%;\"><a href=\"https:\/\/serveiseducatius.xtec.cat\/segarra\/cultura_digital\/pensament-computacional-i-robotica\/edison-2-0-i-edcreate-pack\/\" target=\"_blank\" rel=\"noopener\"><img loading=\"lazy\" decoding=\"async\" class=\"aligncenter wp-image-13733 size-large\" src=\"https:\/\/serveiseducatius.xtec.cat\/segarra\/wp-content\/uploads\/usu1148\/2021\/07\/6-1024x1024.png\" alt=\"\" width=\"1024\" height=\"1024\" srcset=\"https:\/\/serveiseducatius.xtec.cat\/segarra\/wp-content\/uploads\/usu1148\/2021\/07\/6-1024x1024.png 1024w, https:\/\/serveiseducatius.xtec.cat\/segarra\/wp-content\/uploads\/usu1148\/2021\/07\/6-300x300.png 300w, https:\/\/serveiseducatius.xtec.cat\/segarra\/wp-content\/uploads\/usu1148\/2021\/07\/6-150x150.png 150w, https:\/\/serveiseducatius.xtec.cat\/segarra\/wp-content\/uploads\/usu1148\/2021\/07\/6-768x768.png 768w, https:\/\/serveiseducatius.xtec.cat\/segarra\/wp-content\/uploads\/usu1148\/2021\/07\/6.png 1080w\" sizes=\"auto, (max-width: 1024px) 100vw, 1024px\" \/><\/a><\/td>\n<td style=\"width: 33.3333%;\"><\/td>\n<\/tr>\n<\/tbody>\n<\/table>\n<table style=\"border-collapse: collapse; width: 100%; height: 207px;\" border=\"1\">\n<tbody>\n<tr style=\"height: 76px;\">\n<td style=\"width: 50%; height: 76px;\" colspan=\"2\"><strong><img loading=\"lazy\" decoding=\"async\" class=\"aligncenter size-large wp-image-13740\" src=\"https:\/\/serveiseducatius.xtec.cat\/segarra\/wp-content\/uploads\/usu1148\/2021\/07\/AREAtacLLEIDA-1024x98.jpg\" alt=\"\" width=\"1024\" height=\"98\" srcset=\"https:\/\/serveiseducatius.xtec.cat\/segarra\/wp-content\/uploads\/usu1148\/2021\/07\/AREAtacLLEIDA-1024x98.jpg 1024w, https:\/\/serveiseducatius.xtec.cat\/segarra\/wp-content\/uploads\/usu1148\/2021\/07\/AREAtacLLEIDA-300x29.jpg 300w, https:\/\/serveiseducatius.xtec.cat\/segarra\/wp-content\/uploads\/usu1148\/2021\/07\/AREAtacLLEIDA-768x73.jpg 768w, https:\/\/serveiseducatius.xtec.cat\/segarra\/wp-content\/uploads\/usu1148\/2021\/07\/AREAtacLLEIDA.jpg 1351w\" sizes=\"auto, (max-width: 1024px) 100vw, 1024px\" \/><\/strong><\/td>\n<\/tr>\n<tr style=\"height: 195px;\">\n<td style=\"width: 50%; height: 131px;\" colspan=\"2\">En aquest site de l&#8217;\u00c0rea de Cultura Digital de Lleida, podeu trobar enlla\u00e7os a documentaci\u00f3 en general, a recursos de programaci\u00f3 educativa (scratch, Kodu i altres webs de programaci\u00f3 educativa).<\/p>\n<p><strong><a href=\"https:\/\/sites.google.com\/xtec.cat\/taclleida\/pensament-computacional-i-rob%C3%B2tica?authuser=0#h.p_MT6GYp8uWKye\" target=\"_blank\" rel=\"noopener\">PENSAMENT COMPUTACIONAL \ud83d\udd17<\/a><\/strong><\/p>\n<p><strong><a href=\"https:\/\/sites.google.com\/xtec.cat\/taclleida\/pensament-computacional-i-rob%C3%B2tica?authuser=0#h.p_ivwe28sTh4_Y\" target=\"_blank\" rel=\"noopener\">RECURSOS DE PROGRAMACI\u00d3 I ROB\u00d2TICA\u00a0\ud83d\udd17<\/a><\/strong><\/p>\n<p><strong><a href=\"https:\/\/sites.google.com\/xtec.cat\/taclleida\/pensament-computacional-i-rob%C3%B2tica?authuser=0#h.ry6wye2gcph1\" target=\"_blank\" rel=\"noopener\">SCRATCH I SCRATCH JR. \ud83d\udd17<\/a><\/strong><\/p>\n<p><strong><a href=\"https:\/\/sites.google.com\/xtec.cat\/taclleida\/pensament-computacional-i-rob%C3%B2tica?authuser=0#h.j0h3tbgvy0hh\" target=\"_blank\" rel=\"noopener\">KODU \ud83d\udd17<\/a><\/strong><\/p>\n<p class=\"CDt4Ke zfr3Q\" dir=\"ltr\"><strong><span class=\" aw5Odc\"><a class=\"XqQF9c\" href=\"https:\/\/www.google.com\/url?q=https%3A%2F%2Fcodecombat.com%2F&amp;sa=D&amp;sntz=1&amp;usg=AFQjCNFg4YKLmsbWvzm8NLmuMh1aZwjZaA\" target=\"_blank\" rel=\"noopener\">CODE COMBAT \ud83d\udd17<\/a><\/span><\/strong><\/p>\n<p class=\"CDt4Ke zfr3Q\" dir=\"ltr\"><strong><span class=\" aw5Odc\"><a class=\"XqQF9c\" href=\"http:\/\/www.google.com\/url?q=http%3A%2F%2Fsnap.berkeley.edu%2F&amp;sa=D&amp;sntz=1&amp;usg=AFQjCNHuzvF9-AiDr12ocWmhL5Agkfgo4Q\" target=\"_blank\" rel=\"noopener\">SNAP! \ud83d\udd17<\/a><\/span>\u00a0<\/strong>(alternativa a Scratch de la Universitat de Berkeley)<\/p>\n<p class=\"CDt4Ke zfr3Q\" dir=\"ltr\"><strong><span class=\" aw5Odc\"><a class=\"XqQF9c\" href=\"http:\/\/www.google.com\/url?q=http%3A%2F%2Fwww.stencyl.com%2F&amp;sa=D&amp;sntz=1&amp;usg=AFQjCNESRAZP1RxJH5oNkmUqHaxb7aX7tA\" target=\"_blank\" rel=\"noopener\">STENCYL \ud83d\udd17<\/a><\/span>\u00a0<\/strong>(creaci\u00f3 de videojocs sense saber programar codi)<\/p>\n<p class=\"CDt4Ke zfr3Q\" dir=\"ltr\"><strong><span class=\" aw5Odc\"><a class=\"XqQF9c\" href=\"http:\/\/www.google.com\/url?q=http%3A%2F%2Fmake.gamefroot.com%2F&amp;sa=D&amp;sntz=1&amp;usg=AFQjCNFUU1Mv7D5tADC2Vac-OIpHzGqhLA\" target=\"_blank\" rel=\"noopener\">GAMEFROOT \ud83d\udd17<\/a><\/span>\u00a0<\/strong>(creaci\u00f3 de videojocs des del navegador)<\/p>\n<p class=\"CDt4Ke zfr3Q\" dir=\"ltr\"><strong><span class=\" aw5Odc\"><a class=\"XqQF9c\" href=\"http:\/\/www.google.com\/url?q=http%3A%2F%2Fwww.alice.org%2F&amp;sa=D&amp;sntz=1&amp;usg=AFQjCNHb9xUm63a7ju3bebCsb0gkGT9xvQ\" target=\"_blank\" rel=\"noopener\">ALICE \ud83d\udd17<\/a><\/span>\u00a0<\/strong>(programaci\u00f3 per blocs en 3D de la Universitat de Carnegie Mellon).<\/p>\n<p dir=\"ltr\"><strong><a href=\"https:\/\/sites.google.com\/xtec.cat\/taclleida\/pensament-computacional-i-rob%C3%B2tica?authuser=0#h.p_zaLjQMKHpsm3\" target=\"_blank\" rel=\"noopener\">LEGO WEDO \ud83d\udd17<\/a><\/strong><\/p>\n<\/td>\n<\/tr>\n<\/tbody>\n<\/table>\n","protected":false},"excerpt":{"rendered":"<p>(Edats de 3 fins a 16 anys)\u00a0 \u00a0 <a class=\"css-button-2\" href=\"https:\/\/forms.gle\/fgRwP8fsJA3QHyav7\" target=\"_blank\" rel=\"noopener\">Fitxa Pr\u00e9stec <\/a><br \/>\n\u00abLes edats d&#8217;\u00fas s\u00f3n orientatives. Dependr\u00e0 de la dificultat de joc que se li vulgui donar.\u00bb<\/p>\n<p>EDUCACI\u00d3 INFANTIL I CICLE INICIAL<\/p>\n<p><a href=\"https:\/\/serveiseducatius.xtec.cat\/segarra\/cultura_digital\/pensament-computacional-i-robotica\/mouse-mania\/\"><\/a><br \/>\n<a href=\"https:\/\/serveiseducatius.xtec.cat\/segarra\/cultura_digital\/pensament-computacional-i-robotica\/mtiny-discovery-kit\/\" target=\"_blank\" rel=\"noopener\"><\/a><br \/>\n<a href=\"https:\/\/serveiseducatius.xtec.cat\/segarra\/cultura_digital\/pensament-computacional-i-robotica\/beebots-i-catifes-tematiques\/\" target=\"_blank\" rel=\"noopener\"><\/a><\/p>\n<p><a href=\"https:\/\/serveiseducatius.xtec.cat\/segarra\/cultura_digital\/pensament-computacional-i-robotica\/coding-express\/\" target=\"_blank\" rel=\"noopener\"><\/a><\/p>\n<p>CICLE MITJA,&hellip;  <a href=\"https:\/\/serveiseducatius.xtec.cat\/segarra\/cultura_digital\/pensament-computacional-i-robotica\/\" title=\"Read Pensament Computacional i rob\u00f2tica\">Llegeix m\u00e9s\u00bb<\/a><\/p>\n","protected":false},"author":4,"featured_media":0,"parent":8820,"menu_order":2,"comment_status":"closed","ping_status":"closed","template":"page-templates\/side-menu.php","meta":{"_bbp_topic_count":0,"_bbp_reply_count":0,"_bbp_total_topic_count":0,"_bbp_total_reply_count":0,"_bbp_voice_count":0,"_bbp_anonymous_reply_count":0,"_bbp_topic_count_hidden":0,"_bbp_reply_count_hidden":0,"_bbp_forum_subforum_count":0,"footnotes":""},"class_list":["post-13719","page","type-page","status-publish","hentry"],"post_mailing_queue_ids":[],"_links":{"self":[{"href":"https:\/\/serveiseducatius.xtec.cat\/segarra\/wp-json\/wp\/v2\/pages\/13719","targetHints":{"allow":["GET"]}}],"collection":[{"href":"https:\/\/serveiseducatius.xtec.cat\/segarra\/wp-json\/wp\/v2\/pages"}],"about":[{"href":"https:\/\/serveiseducatius.xtec.cat\/segarra\/wp-json\/wp\/v2\/types\/page"}],"author":[{"embeddable":true,"href":"https:\/\/serveiseducatius.xtec.cat\/segarra\/wp-json\/wp\/v2\/users\/4"}],"replies":[{"embeddable":true,"href":"https:\/\/serveiseducatius.xtec.cat\/segarra\/wp-json\/wp\/v2\/comments?post=13719"}],"version-history":[{"count":4,"href":"https:\/\/serveiseducatius.xtec.cat\/segarra\/wp-json\/wp\/v2\/pages\/13719\/revisions"}],"predecessor-version":[{"id":20963,"href":"https:\/\/serveiseducatius.xtec.cat\/segarra\/wp-json\/wp\/v2\/pages\/13719\/revisions\/20963"}],"up":[{"embeddable":true,"href":"https:\/\/serveiseducatius.xtec.cat\/segarra\/wp-json\/wp\/v2\/pages\/8820"}],"wp:attachment":[{"href":"https:\/\/serveiseducatius.xtec.cat\/segarra\/wp-json\/wp\/v2\/media?parent=13719"}],"curies":[{"name":"wp","href":"https:\/\/api.w.org\/{rel}","templated":true}]}}