{"id":12092,"date":"2021-02-10T17:29:58","date_gmt":"2021-02-10T16:29:58","guid":{"rendered":"http:\/\/serveiseducatius.xtec.cat\/segarra\/?page_id=12092"},"modified":"2025-04-03T01:16:35","modified_gmt":"2025-04-02T23:16:35","slug":"prova-de-competencies-basiques-6e-primaria","status":"publish","type":"page","link":"https:\/\/serveiseducatius.xtec.cat\/segarra\/prova-de-competencies-basiques-6e-primaria\/","title":{"rendered":"PROVA D&#8217;AVALUACI\u00d3 6\u00e8 PRIM\u00c0RIA"},"content":{"rendered":"<p><img loading=\"lazy\" decoding=\"async\" class=\"aligncenter size-full wp-image-12093\" src=\"https:\/\/serveiseducatius.xtec.cat\/segarra\/wp-content\/uploads\/usu1148\/2021\/02\/AVALUACIO-6.gif\" alt=\"\" width=\"700\" height=\"285\" \/><\/p>\n<h1 id=\"pageTitle\" class=\"ms-core-pageTitle\"><span id=\"DeltaPlaceHolderPageTitleInTitleArea\">Prova d&#8217;avaluaci\u00f3 de <span style=\"color: #3366ff;\"><span style=\"color: #ff0000;\">sis\u00e8 de prim\u00e0ria<\/span>\u00a0<\/span><\/span><\/h1>\n<h3>Les proves s\u2019aplicaran els dies<span style=\"color: #0000ff;\">\u00a0<span style=\"color: #49a9cb;\"><strong>7, 8<\/strong>\u00a0i<strong> 9 d\u2019abril<\/strong> de 2025<\/span><\/span><\/h3>\n<h3><span style=\"color: #f76d6d;\"><strong>\ud83d\udce2\u200b Recordem:<\/strong><\/span><\/h3>\n<ul>\n<li><span class=\"C9DxTc \">La direcci\u00f3 del centre podr\u00e0,\u00a0<\/span><span class=\"C9DxTc \"><span class=\"C9DxTc \">a <b>partir de les 8h del mat\u00ed<\/b>, cada dia de la prova,<b> des de l\u2019aplicaci\u00f3 CSASE<\/b>, descarregar els<\/span><\/span><b style=\"font-family: inherit; font-size: 1em;\">\u00a0enunciats (pdf) i \u00e0udios (mp3)<\/b><\/li>\n<li><a href=\"https:\/\/serveiseducatius.xtec.cat\/segarra\/wp-content\/uploads\/usu1148\/2025\/04\/enunciats-pantalla_consells.jpg\" target=\"_blank\" rel=\"noopener\"><span class=\"C9DxTc \"><b>Consells t\u00e8cnics\u00a0<\/b><\/span><\/a><\/li>\n<\/ul>\n<table style=\"width: 69.3421%;\">\n<tbody>\n<tr>\n<td style=\"width: 15.4839%;\"><a href=\"https:\/\/espai.educacio.gencat.cat\/Recursos\/Cataleg-aplicacions\/Aplicacions-Centres-altres-titularitats\/Pagines\/default.aspx\" target=\"_blank\" rel=\"noopener noreferrer\"><img loading=\"lazy\" decoding=\"async\" class=\"aligncenter wp-image-12098\" src=\"https:\/\/serveiseducatius.xtec.cat\/segarra\/wp-content\/uploads\/usu1148\/2021\/02\/aplicacions.jpg\" alt=\"\" width=\"53\" height=\"50\" \/><\/a><\/td>\n<td style=\"width: 90.5842%;\"><a href=\"https:\/\/aplicacions.gestioeducativa.gencat.cat\/pls\/apex\/f?p=A4S\" target=\"_blank\" rel=\"noopener\"><span style=\"font-size: 12pt;\"><strong>Acc\u00e9s a l&#8217;aplicaci\u00f3 A6P.<\/strong><\/span>\u00a0<\/a> Prova de 6\u00e8 d&#8217;educaci\u00f3 prim\u00e0ria<\/td>\n<\/tr>\n<\/tbody>\n<\/table>\n<ul>\n<li style=\"list-style-type: none;\">\n<ul>\n<li style=\"list-style-type: none;\">\n<ul>\n<li style=\"list-style-type: none;\">\n<ul>\n<li style=\"list-style-type: none;\">\n<ul>\n<li style=\"list-style-type: none;\">\n<ul>\n<li style=\"list-style-type: none;\">\n<ul>\n<li><strong><a href=\"https:\/\/dogc.gencat.cat\/ca\/document-del-dogc\/?documentId=1004387\" target=\"_blank\" rel=\"noopener\">Resoluci\u00f3 EDF\/81\/2025, de 15 de gener<\/a><\/strong><\/li>\n<li><strong><a href=\"https:\/\/drive.google.com\/file\/d\/1CB4T2rEQpXS9xuIjIr0OQOcIG_H6suhX\/view?usp=sharing\" target=\"_blank\" rel=\"noopener\">Document d\u2019organitzaci\u00f3 i la gesti\u00f3 dels centres \u2013 Avaluaci\u00f3 de centre i avaluaci\u00f3 docent i directiva<\/a>.<\/strong><\/li>\n<li><strong><a href=\"http:\/\/csda.gencat.cat\/ca\/arees-actuacio\/avaluacions-consell\/\" target=\"_blank\" rel=\"noopener\">Informacions del Consell Superior d\u2019avaluaci\u00f3<\/a><\/strong><\/li>\n<li><strong><a href=\"http:\/\/consaval.cat\/A6P\/2025\/GuiaA6P_2024_2025.V3.1.pdf\" target=\"_blank\" rel=\"noopener\"><span class=\" aw5Odc\">Guia d\u2019aplicaci\u00f3 de les proves<\/span><\/a><a href=\"https:\/\/drive.google.com\/file\/d\/1hLawccXXSqQ5keCxLWFNO9KgOzP7zRtn\/view?usp=sharing\" target=\"_blank\" rel=\"noopener\">\u00a0i calendari d\u2019actuacions<\/a>.<\/strong><\/li>\n<li><strong><a href=\"http:\/\/consaval.cat\/aplicadors\/\" target=\"_blank\" rel=\"noopener\"><span class=\" aw5Odc\">Presentaci\u00f3 pels aplicadors i aplicadores<\/span><\/a><\/strong><\/li>\n<li><strong><a href=\"https:\/\/drive.google.com\/file\/d\/1rY09GZyr7w-aleVdB1TrrC1t_z6Yl6-m\/view\" target=\"_blank\" rel=\"noopener\"><span class=\" aw5Odc\">Manual de l\u2019aplicaci\u00f3 inform\u00e0tica per a centres<\/span><\/a><\/strong><\/li>\n<li><strong><a href=\"http:\/\/consaval.cat\/correctorsA6P\" target=\"_blank\" rel=\"noopener\">Presentaci\u00f3 per als correctors<\/a><\/strong><\/li>\n<li><a href=\"https:\/\/espai.educacio.gencat.cat\/Alumnes\/Avaluacions-censals\/Avaluacio-Sise-Primaria\/Prova-sise-primaria\/Documents\/informacio-families-a6p.pdf\" target=\"_blank\" rel=\"noopener\"><span class=\" aw5Odc\">Informaci\u00f3 per a les fam\u00edlies<\/span><\/a><\/li>\n<li><a href=\"https:\/\/serveiseducatius.xtec.cat\/segarra\/wp-content\/uploads\/usu1148\/2025\/04\/CHECKLIST-QUE-HEU-DE-PORTAR.jpg\" target=\"_blank\" rel=\"noopener\"><strong>Checklist material per portar a la seu de la comissi\u00f3 el darrer dia de la prova.<\/strong><\/a><\/li>\n<\/ul>\n<\/li>\n<\/ul>\n<\/li>\n<\/ul>\n<\/li>\n<\/ul>\n<\/li>\n<\/ul>\n<\/li>\n<\/ul>\n<\/li>\n<\/ul>\n<hr \/>\n<p><strong>CALENDARI APLICACI\u00d3 PROVES: <a href=\"http:\/\/csda.gencat.cat\/ca\/arees-actuacio\/avaluacions-consell\/avaluacio-sise-primaria\/prova-2025\/dates-nou\/\" target=\"_blank\" rel=\"noopener\">horari A6P<\/a><\/strong><\/p>\n<p><a href=\"https:\/\/serveiseducatius.xtec.cat\/segarra\/wp-content\/uploads\/usu1148\/2025\/02\/calendari-proves.gif\"><img loading=\"lazy\" decoding=\"async\" class=\"alignnone size-large wp-image-21779\" src=\"https:\/\/serveiseducatius.xtec.cat\/segarra\/wp-content\/uploads\/usu1148\/2025\/02\/calendari-proves-1024x534.gif\" alt=\"\" width=\"1024\" height=\"534\" srcset=\"https:\/\/serveiseducatius.xtec.cat\/segarra\/wp-content\/uploads\/usu1148\/2025\/02\/calendari-proves-1024x534.gif 1024w, https:\/\/serveiseducatius.xtec.cat\/segarra\/wp-content\/uploads\/usu1148\/2025\/02\/calendari-proves-300x156.gif 300w, https:\/\/serveiseducatius.xtec.cat\/segarra\/wp-content\/uploads\/usu1148\/2025\/02\/calendari-proves-768x400.gif 768w\" sizes=\"auto, (max-width: 1024px) 100vw, 1024px\" \/><\/a><\/p>\n<div class=\"CjVfdc\">\n<hr \/>\n<p><strong>CONSULTES I INCID\u00c8NCIES<\/strong><\/p>\n<\/div>\n<p>Per a consultes sobre l&#8217;aplicaci\u00f3 inform\u00e0tica, llistes d&#8217;alumnes o incid\u00e8ncies diverses cal adre\u00e7ar-se \u200ba ATOM <a title=\"Obre client de correu per defecte\" href=\"mailto:sau.tic@pautic.gencat.cat\" target=\"_blank\" rel=\"noopener noreferrer\" data-auth=\"NotApplicable\" data-linkindex=\"0\"><b>assistencia<\/b>@<b>atom<\/b>.<b>gencat<\/b>.cat <\/a>o b\u00e9 al tel\u00e8fon\u00a0<strong>900 82 82 82 (4)<\/strong>.<\/p>\n<p>Per a incid\u00e8ncies sorgides durant el proc\u00e9s general de les proves, cal adre\u00e7ar-se al Consell Superior d&#8217;Avaluaci\u00f3 del Sistema Educatiu:\u00a0<a href=\"mailto:avaluacio_finaletapa_6p.educacio@gencat.cat\" target=\"_blank\" rel=\"noopener\">avaluacio_finaletapa_6p.educacio@gencat.cat\u200b<\/a><\/p>\n<p>Els presidents\/es de les comissions han d&#8217;adre\u00e7ar les consultes sobre temes relacionats amb la gesti\u00f3 de les comissions a la Inspecci\u00f3 d&#8217;Educaci\u00f3: \u200b<a href=\"mailto:inspeccio_sgie.educacio@gencat.cat\">inspeccio_sgie.educacio@gencat.cat<\/a><\/p>\n<p>&nbsp;<\/p>\n<p>&nbsp;<\/p>\n","protected":false},"excerpt":{"rendered":"<p>Prova d&#8217;avaluaci\u00f3 de sis\u00e8 de prim\u00e0ria\u00a0<br \/>\nLes proves s\u2019aplicaran els dies\u00a07, 8\u00a0i 9 d\u2019abril de 2025<br \/>\n\ud83d\udce2\u200b Recordem:<\/p>\n<ul>\n<li>La direcci\u00f3 del centre podr\u00e0,\u00a0a partir de les 8h del mat\u00ed, cada dia de la prova, des de l\u2019aplicaci\u00f3 CSASE, descarregar els\u00a0enunciats (pdf) i \u00e0udios (mp3)<\/li>\n<li><a href=\"https:\/\/serveiseducatius.xtec.cat\/segarra\/wp-content\/uploads\/usu1148\/2025\/04\/enunciats-pantalla_consells.jpg\" target=\"_blank\" rel=\"noopener\">Consells t\u00e8cnics\u00a0<\/a><\/li>\n<\/ul>\n<p><a&hellip;  <a href=\"https:\/\/serveiseducatius.xtec.cat\/segarra\/prova-de-competencies-basiques-6e-primaria\/\" title=\"Read PROVA D&#8217;AVALUACI\u00d3 6\u00e8 PRIM\u00c0RIA\">Llegeix m\u00e9s\u00bb<\/a><\/p>\n","protected":false},"author":4,"featured_media":0,"parent":0,"menu_order":0,"comment_status":"closed","ping_status":"closed","template":"","meta":{"_bbp_topic_count":0,"_bbp_reply_count":0,"_bbp_total_topic_count":0,"_bbp_total_reply_count":0,"_bbp_voice_count":0,"_bbp_anonymous_reply_count":0,"_bbp_topic_count_hidden":0,"_bbp_reply_count_hidden":0,"_bbp_forum_subforum_count":0,"footnotes":""},"class_list":["post-12092","page","type-page","status-publish","hentry"],"post_mailing_queue_ids":[],"_links":{"self":[{"href":"https:\/\/serveiseducatius.xtec.cat\/segarra\/wp-json\/wp\/v2\/pages\/12092","targetHints":{"allow":["GET"]}}],"collection":[{"href":"https:\/\/serveiseducatius.xtec.cat\/segarra\/wp-json\/wp\/v2\/pages"}],"about":[{"href":"https:\/\/serveiseducatius.xtec.cat\/segarra\/wp-json\/wp\/v2\/types\/page"}],"author":[{"embeddable":true,"href":"https:\/\/serveiseducatius.xtec.cat\/segarra\/wp-json\/wp\/v2\/users\/4"}],"replies":[{"embeddable":true,"href":"https:\/\/serveiseducatius.xtec.cat\/segarra\/wp-json\/wp\/v2\/comments?post=12092"}],"version-history":[{"count":7,"href":"https:\/\/serveiseducatius.xtec.cat\/segarra\/wp-json\/wp\/v2\/pages\/12092\/revisions"}],"predecessor-version":[{"id":21994,"href":"https:\/\/serveiseducatius.xtec.cat\/segarra\/wp-json\/wp\/v2\/pages\/12092\/revisions\/21994"}],"wp:attachment":[{"href":"https:\/\/serveiseducatius.xtec.cat\/segarra\/wp-json\/wp\/v2\/media?parent=12092"}],"curies":[{"name":"wp","href":"https:\/\/api.w.org\/{rel}","templated":true}]}}