{"id":11279,"date":"2020-10-02T20:57:58","date_gmt":"2020-10-02T18:57:58","guid":{"rendered":"http:\/\/serveiseducatius.xtec.cat\/segarra\/?page_id=11279"},"modified":"2026-02-19T16:18:18","modified_gmt":"2026-02-19T15:18:18","slug":"dossiers-didactics-de-la-comarca-de-la-segarra","status":"publish","type":"page","link":"https:\/\/serveiseducatius.xtec.cat\/segarra\/recursos\/dossiers-didactics-de-la-comarca-de-la-segarra\/","title":{"rendered":"Publicacions digitals-dossiers did\u00e0ctics de la Segarra"},"content":{"rendered":"<p data-start=\"95\" data-end=\"484\"><strong>Publicacions digitals:<\/strong><br \/>\nAquest espai recull les publicacions digitals did\u00e0ctiques d\u2019acc\u00e9s obert del Servei Educatiu de la Segarra, elaborades per docents del territori i vinculades a la pr\u00e0ctica educativa i la reflexi\u00f3 professional.<\/p>\n<p data-start=\"95\" data-end=\"484\">L\u2019objectiu \u00e9s facilitar la difusi\u00f3 i preservaci\u00f3 dels recursos pedag\u00f2gics generats a la comarca, tot afavorint el treball compartit i la transfer\u00e8ncia de coneixement entre centres.<\/p>\n<p data-start=\"95\" data-end=\"484\">Les publicacions incloses s\u00f3n principalment propostes i recursos did\u00e0ctics sorgits de seminaris, grups de treball o iniciatives educatives del territori, amb voluntat de posar en valor el coneixement compartit i afavorir l\u2019aprenentatge col\u00b7laboratiu entre el professorat.<\/p>\n<p data-start=\"486\" data-end=\"642\">Totes les publicacions formen part d\u2019una col\u00b7lecci\u00f3 digital amb <a href=\"https:\/\/projectes.xtec.cat\/secrp\/gt-issn\/\" target=\"_blank\" rel=\"noopener\">ISSN<\/a>, que en garanteix la identificaci\u00f3 i difusi\u00f3 com a publicacions educatives peri\u00f2diques.<\/p>\n<p><strong>Dossiers Did\u00e0ctics de la Segarra:<\/strong><br \/>\nAquests materials did\u00e0ctics i pedag\u00f2gics sobre la comarca de la Segarra van adre\u00e7ats al professorat i alumnat que vulguin ampliar coneixements de l&#8217;entorn natural, social i f\u00edsic Segarrenc. Han estat possible gr\u00e0cies als diferents grups de treball constitu\u00efts en el Pla de Formaci\u00f3 de Zona, sota la coordinaci\u00f3 del Centre de Recursos Pedag\u00f2gics dels Serveis Educatius de la Segarra; i s\u00f3n fruit del treball continuat al llarg dels cursos escolars.<\/p>\n<p>Per la maquetaci\u00f3, publicaci\u00f3 i impressi\u00f3 (d&#8217;alguns d&#8217;ells) han col\u00b7laborat entitats culturals locals i provincials. El nostre agra\u00efment per haver-ho fet possible.<\/p>\n<table style=\"height: 431px; width: 800px;\" width=\"899\">\n<tbody>\n<tr>\n<td style=\"text-align: center;\"><a class=\"button normal\" style=\"width: 250px; padding: 1em; font-weight: 400; margin: 0.1em; color: white !important; background-color: #9e9e9e;\" href=\"https:\/\/serveiseducatius.xtec.cat\/segarra\/recursos\/dossiers-didactics-de-la-comarca-de-la-segarra\/segarra-didactics\/\" target=\"_blank\" rel=\"noopener noreferrer\">Col\u00b7lecci\u00f3 Itineraris \u201cSegarra did\u00e0ctics\u201d<\/a><\/td>\n<td style=\"text-align: center;\"><a class=\"button normal\" style=\"width: 250px; padding: 1em; font-weight: 400; margin: 0.1em; color: white !important; background-color: #9e9e9e;\" href=\"https:\/\/serveiseducatius.xtec.cat\/segarra\/recursos\/dossiers-didactics-de-la-comarca-de-la-segarra\/col%c2%b7leccio-coneguem\/\" target=\"_blank\" rel=\"noopener noreferrer\">Col\u00b7lecci\u00f3 \u201d Coneguem \u2026\u201d<\/a><\/td>\n<td style=\"text-align: center;\"><a class=\"button normal\" style=\"width: 250px; padding: 1em; font-weight: 400; margin: 0.1em; color: white !important; background-color: #9e9e9e;\" href=\"https:\/\/serveiseducatius.xtec.cat\/segarra\/recursos\/dossiers-didactics-de-la-comarca-de-la-segarra\/vergos-guerrejat-un-poble-viu\/\" target=\"_blank\" rel=\"noopener noreferrer\">Col\u2022lecci\u00f3 &#8220;Verg\u00f3s Guerrejat. Un poble viu.&#8221;<\/a><\/td>\n<\/tr>\n<tr>\n<td style=\"background-color: #420707; width: 328px;\"><a href=\"https:\/\/serveiseducatius.xtec.cat\/segarra\/recursos\/dossiers-didactics-de-la-comarca-de-la-segarra\/segarra-didactics\/\" target=\"_blank\" rel=\"noopener noreferrer\"><img loading=\"lazy\" decoding=\"async\" class=\"aligncenter wp-image-8651\" src=\"https:\/\/serveiseducatius.xtec.cat\/segarra\/wp-content\/uploads\/usu1148\/2019\/01\/torrent-salat.jpg\" alt=\"\" width=\"222\" height=\"303\" srcset=\"https:\/\/serveiseducatius.xtec.cat\/segarra\/wp-content\/uploads\/usu1148\/2019\/01\/torrent-salat.jpg 307w, https:\/\/serveiseducatius.xtec.cat\/segarra\/wp-content\/uploads\/usu1148\/2019\/01\/torrent-salat-219x300.jpg 219w\" sizes=\"auto, (max-width: 222px) 100vw, 222px\" \/><\/a><\/td>\n<td style=\"background-color: #910c0c; width: 332px;\"><img loading=\"lazy\" decoding=\"async\" class=\"aligncenter wp-image-18193 size-full\" src=\"https:\/\/serveiseducatius.xtec.cat\/segarra\/wp-content\/uploads\/usu1148\/2023\/03\/talteull-portada.jpg\" alt=\"\" width=\"215\" height=\"300\" \/><\/td>\n<td style=\"background-color: #ed7777; width: 313px;\"><a href=\"https:\/\/serveiseducatius.xtec.cat\/segarra\/recursos\/dossiers-didactics-de-la-comarca-de-la-segarra\/vergos-guerrejat-un-poble-viu\/\" target=\"_blank\" rel=\"noopener noreferrer\"><img loading=\"lazy\" decoding=\"async\" class=\"aligncenter wp-image-11259\" src=\"https:\/\/serveiseducatius.xtec.cat\/segarra\/wp-content\/uploads\/usu1148\/2020\/10\/DOSSIER1-situacio-oci-deste.gif\" alt=\"\" width=\"210\" height=\"297\" \/><\/a><\/td>\n<\/tr>\n<tr>\n<td style=\"text-align: center; width: 328px;\"><img loading=\"lazy\" decoding=\"async\" class=\"aligncenter size-full wp-image-12128\" src=\"https:\/\/serveiseducatius.xtec.cat\/segarra\/wp-content\/uploads\/usu1148\/2021\/02\/qr-code-itinerari-e1613433935229.png\" alt=\"\" width=\"150\" height=\"150\" \/><\/td>\n<td style=\"text-align: center; width: 332px;\"><img loading=\"lazy\" decoding=\"async\" class=\"aligncenter size-full wp-image-12130\" src=\"https:\/\/serveiseducatius.xtec.cat\/segarra\/wp-content\/uploads\/usu1148\/2021\/02\/qr-code-coneguem-e1613434200570.png\" alt=\"\" width=\"150\" height=\"150\" \/><\/td>\n<td style=\"text-align: center; width: 313px;\"><img loading=\"lazy\" decoding=\"async\" class=\"aligncenter size-full wp-image-12131\" src=\"https:\/\/serveiseducatius.xtec.cat\/segarra\/wp-content\/uploads\/usu1148\/2021\/02\/qr-code_vergos-e1613434347373.png\" alt=\"\" width=\"150\" height=\"150\" \/><\/td>\n<\/tr>\n<\/tbody>\n<\/table>\n<p>&nbsp;<\/p>\n<p>&nbsp;<\/p>\n","protected":false},"excerpt":{"rendered":"<p>Publicacions digitals:<br \/>\nAquest espai recull les publicacions digitals did\u00e0ctiques d\u2019acc\u00e9s obert del Servei Educatiu de la Segarra, elaborades per docents del territori i vinculades a la pr\u00e0ctica educativa i la reflexi\u00f3 professional.<br \/>\nL\u2019objectiu \u00e9s facilitar la difusi\u00f3 i preservaci\u00f3 dels recursos pedag\u00f2gics generats a la comarca, tot&hellip;  <a href=\"https:\/\/serveiseducatius.xtec.cat\/segarra\/recursos\/dossiers-didactics-de-la-comarca-de-la-segarra\/\" title=\"Read Publicacions digitals-dossiers did\u00e0ctics de la Segarra\">Llegeix m\u00e9s\u00bb<\/a><\/p>\n","protected":false},"author":4,"featured_media":0,"parent":906,"menu_order":0,"comment_status":"closed","ping_status":"closed","template":"","meta":{"_bbp_topic_count":0,"_bbp_reply_count":0,"_bbp_total_topic_count":0,"_bbp_total_reply_count":0,"_bbp_voice_count":0,"_bbp_anonymous_reply_count":0,"_bbp_topic_count_hidden":0,"_bbp_reply_count_hidden":0,"_bbp_forum_subforum_count":0,"footnotes":""},"class_list":["post-11279","page","type-page","status-publish","hentry"],"post_mailing_queue_ids":[],"_links":{"self":[{"href":"https:\/\/serveiseducatius.xtec.cat\/segarra\/wp-json\/wp\/v2\/pages\/11279","targetHints":{"allow":["GET"]}}],"collection":[{"href":"https:\/\/serveiseducatius.xtec.cat\/segarra\/wp-json\/wp\/v2\/pages"}],"about":[{"href":"https:\/\/serveiseducatius.xtec.cat\/segarra\/wp-json\/wp\/v2\/types\/page"}],"author":[{"embeddable":true,"href":"https:\/\/serveiseducatius.xtec.cat\/segarra\/wp-json\/wp\/v2\/users\/4"}],"replies":[{"embeddable":true,"href":"https:\/\/serveiseducatius.xtec.cat\/segarra\/wp-json\/wp\/v2\/comments?post=11279"}],"version-history":[{"count":6,"href":"https:\/\/serveiseducatius.xtec.cat\/segarra\/wp-json\/wp\/v2\/pages\/11279\/revisions"}],"predecessor-version":[{"id":22615,"href":"https:\/\/serveiseducatius.xtec.cat\/segarra\/wp-json\/wp\/v2\/pages\/11279\/revisions\/22615"}],"up":[{"embeddable":true,"href":"https:\/\/serveiseducatius.xtec.cat\/segarra\/wp-json\/wp\/v2\/pages\/906"}],"wp:attachment":[{"href":"https:\/\/serveiseducatius.xtec.cat\/segarra\/wp-json\/wp\/v2\/media?parent=11279"}],"curies":[{"name":"wp","href":"https:\/\/api.w.org\/{rel}","templated":true}]}}