{"id":11272,"date":"2020-10-02T20:51:24","date_gmt":"2020-10-02T18:51:24","guid":{"rendered":"http:\/\/serveiseducatius.xtec.cat\/segarra\/?page_id=11272"},"modified":"2025-12-02T18:53:24","modified_gmt":"2025-12-02T17:53:24","slug":"col%c2%b7leccio-coneguem","status":"publish","type":"page","link":"https:\/\/serveiseducatius.xtec.cat\/segarra\/recursos\/dossiers-didactics-de-la-comarca-de-la-segarra\/col%c2%b7leccio-coneguem\/","title":{"rendered":"COL\u00b7LECCI\u00d3 &#8220;CONEGUEM &#8230;&#8221;"},"content":{"rendered":"<p>Llocs d&#8217;inter\u00e8s cultural i de coneixement de Cervera i la comarca de La Segarra. Materials pedag\u00f2gics per a treballar el coneixement de l&#8217;entorn social i cultural de la Segarra amb l&#8217;alumat.\u00a0Alguns dels materials estan en versi\u00f3 impresa fins a esgotar exist\u00e8ncies.<\/p>\n<p>Aquests materials s\u00f3n el resultat del treball fet per un grup de professors dins del Pla de Formaci\u00f3 de Zona de la Segarra.<\/p>\n<p>La maquetaci\u00f3 i publicaci\u00f3 ha estat possible gr\u00e0cies a la col\u00b7laboraci\u00f3 de l&#8217;Institut d&#8217;Estudis Ilerdencs i el Servei Educatiu de la Segarra, Centre de Recursos Pedag\u00f2gics (Serveis Territorials d&#8217;Educaci\u00f3 a Lleida, Alt P<span style=\"font-family: inherit; font-size: 1em;\">irineu i Aran)<\/span><\/p>\n<p>ISSN 2696-9432 (versi\u00f3 impresa)<br \/>\nISSN 2696-9440 (versi\u00f3 digital)<\/p>\n<p><img loading=\"lazy\" decoding=\"async\" class=\" wp-image-8517 alignleft\" src=\"https:\/\/serveiseducatius.xtec.cat\/segarra\/wp-content\/uploads\/usu1148\/2018\/12\/diputacio-petit-e1548849580272.gif\" alt=\"\" width=\"126\" height=\"63\" \/><\/p>\n<p><img loading=\"lazy\" decoding=\"async\" class=\"size-full wp-image-8657 alignleft\" src=\"https:\/\/serveiseducatius.xtec.cat\/segarra\/wp-content\/uploads\/usu1148\/2019\/01\/IEI-e1548849527806.jpg\" alt=\"\" width=\"100\" height=\"55\" \/><img loading=\"lazy\" decoding=\"async\" class=\"wp-image-11257 alignleft\" src=\"https:\/\/serveiseducatius.xtec.cat\/segarra\/wp-content\/uploads\/usu1148\/2020\/10\/servei-educatiu.gif\" alt=\"\" width=\"88\" height=\"41\" \/><img loading=\"lazy\" decoding=\"async\" class=\" wp-image-11258 alignleft\" src=\"https:\/\/serveiseducatius.xtec.cat\/segarra\/wp-content\/uploads\/usu1148\/2020\/10\/departament-educacio.gif\" alt=\"\" width=\"162\" height=\"38\" \/><\/p>\n<p style=\"font-family: 'Helvetica Neue', Helvetica, Helvetica, Arial, sans-serif; font-size: 16px;\"><img loading=\"lazy\" decoding=\"async\" class=\" wp-image-8493 alignleft\" src=\"https:\/\/serveiseducatius.xtec.cat\/segarra\/wp-content\/uploads\/usu1148\/2018\/12\/consell-comarcal.png\" alt=\"\" width=\"110\" height=\"59\" \/><img loading=\"lazy\" decoding=\"async\" class=\" wp-image-11292 alignleft\" src=\"https:\/\/serveiseducatius.xtec.cat\/segarra\/wp-content\/uploads\/usu1148\/2020\/10\/paeria.gif\" alt=\"\" width=\"103\" height=\"90\" \/><\/p>\n<p>&nbsp;<\/p>\n<table style=\"border-collapse: collapse; width: 100%;\" border=\"1\">\n<tbody>\n<tr>\n<td style=\"width: 33.3333%;\"><a href=\"https:\/\/drive.google.com\/file\/d\/1BWSMJqRa8OyrR3PmwcrlJPElj2LKTAH7\/view?usp=drive_link\" target=\"_blank\" rel=\"noopener\"><img loading=\"lazy\" decoding=\"async\" class=\"aligncenter wp-image-18869\" src=\"https:\/\/serveiseducatius.xtec.cat\/segarra\/wp-content\/uploads\/usu1148\/2023\/07\/coneguem-tora.png\" alt=\"\" width=\"219\" height=\"300\" srcset=\"https:\/\/serveiseducatius.xtec.cat\/segarra\/wp-content\/uploads\/usu1148\/2023\/07\/coneguem-tora.png 341w, https:\/\/serveiseducatius.xtec.cat\/segarra\/wp-content\/uploads\/usu1148\/2023\/07\/coneguem-tora-220x300.png 220w\" sizes=\"auto, (max-width: 219px) 100vw, 219px\" \/><\/a><\/td>\n<td style=\"width: 33.3333%;\"><a href=\"https:\/\/drive.google.com\/file\/d\/1-R1tJrhWk-Rso1BrmlXGFHfIz5ITuCfh\/view?usp=drive_link\" target=\"_blank\" rel=\"noopener\"><img loading=\"lazy\" decoding=\"async\" class=\"aligncenter wp-image-18193 size-full\" src=\"https:\/\/serveiseducatius.xtec.cat\/segarra\/wp-content\/uploads\/usu1148\/2023\/03\/talteull-portada.jpg\" alt=\"\" width=\"215\" height=\"300\" \/><\/a><\/td>\n<td style=\"width: 33.3333%;\"><a href=\"https:\/\/drive.google.com\/file\/d\/1f7Ew1XSOH2YDA2lJa0qwRlkVlQlbjwfw\/view?usp=drive_link\" target=\"_blank\" rel=\"noopener\"><img loading=\"lazy\" decoding=\"async\" class=\"aligncenter wp-image-18195 size-full\" src=\"https:\/\/serveiseducatius.xtec.cat\/segarra\/wp-content\/uploads\/usu1148\/2023\/03\/fluvia-portada.jpg\" alt=\"\" width=\"215\" height=\"300\" \/><\/a><\/td>\n<\/tr>\n<tr style=\"height: 345px;\">\n<td style=\"width: 33.3333%; height: 345px;\"><a href=\"https:\/\/drive.google.com\/file\/d\/0B348QWoj9KzlQ0ZtbWNydDB4dGM\/view?usp=sharing&amp;resourcekey=0-IGVIaAQVqTj0tmo7ddWkRQ\" target=\"_blank\" rel=\"noopener noreferrer\"><img loading=\"lazy\" decoding=\"async\" class=\"aligncenter wp-image-8777 size-medium\" src=\"https:\/\/serveiseducatius.xtec.cat\/segarra\/wp-content\/uploads\/usu1148\/2019\/01\/Universitat_professor-210x300.gif\" alt=\"\" width=\"210\" height=\"300\" \/><\/a><\/td>\n<td style=\"width: 33.3333%; height: 345px;\"><a href=\"https:\/\/drive.google.com\/file\/d\/0B348QWoj9KzlR28wa3dwUG5idnM\/view?usp=sharing&amp;resourcekey=0-9J8ErHljDpi_SuTqkPhAVg\" target=\"_blank\" rel=\"noopener noreferrer\"><img loading=\"lazy\" decoding=\"async\" class=\"aligncenter wp-image-8776 size-medium\" src=\"https:\/\/serveiseducatius.xtec.cat\/segarra\/wp-content\/uploads\/usu1148\/2019\/01\/Universitat_maqueta-211x300.gif\" alt=\"\" width=\"211\" height=\"300\" \/><\/a><\/td>\n<td style=\"width: 33.3333%; height: 345px;\"><a href=\"https:\/\/drive.google.com\/file\/d\/0B348QWoj9KzlVEM3ZjN6alh5enc\/view?usp=sharing&amp;resourcekey=0-6DZIAL1jCwH4NS4rRxUPnA\" target=\"_blank\" rel=\"noopener noreferrer\"><img loading=\"lazy\" decoding=\"async\" class=\"aligncenter wp-image-8775 size-medium\" src=\"https:\/\/serveiseducatius.xtec.cat\/segarra\/wp-content\/uploads\/usu1148\/2019\/01\/Universitat_didactiques-209x300.gif\" alt=\"\" width=\"209\" height=\"300\" \/><\/a><\/td>\n<\/tr>\n<tr style=\"height: 345px;\">\n<td style=\"width: 33.3333%; height: 345px;\"><a href=\"https:\/\/drive.google.com\/file\/d\/0B348QWoj9KzlbS1OQzZJNXpJZzQ\/view?usp=sharing&amp;resourcekey=0-YPVfsdQkukecTqNwN8lFjA\" target=\"_blank\" rel=\"noopener noreferrer\"><img loading=\"lazy\" decoding=\"async\" class=\"aligncenter wp-image-8774 size-medium\" src=\"https:\/\/serveiseducatius.xtec.cat\/segarra\/wp-content\/uploads\/usu1148\/2019\/01\/Sta_Maria-209x300.gif\" alt=\"\" width=\"209\" height=\"300\" \/><\/a><\/td>\n<td style=\"width: 33.3333%; height: 345px;\"><a href=\"https:\/\/drive.google.com\/file\/d\/0B348QWoj9KzlZEg1N3VvRG5xcTQ\/view?usp=sharing&amp;resourcekey=0-ug0rOBjXwWvvV8yr6zZ_7g\" target=\"_blank\" rel=\"noopener noreferrer\"><img loading=\"lazy\" decoding=\"async\" class=\"wp-image-14483 size-full aligncenter\" src=\"https:\/\/serveiseducatius.xtec.cat\/segarra\/wp-content\/uploads\/usu1148\/2021\/10\/muralles-cervera.jpg\" alt=\"\" width=\"208\" height=\"295\" \/><\/a><\/td>\n<td style=\"width: 33.3333%; height: 345px;\"><a href=\"https:\/\/drive.google.com\/file\/d\/0B348QWoj9KzlNVpUZ1hnTktxRkE\/edit\" target=\"_blank\" rel=\"noopener noreferrer\"><img loading=\"lazy\" decoding=\"async\" class=\"aligncenter wp-image-8773 size-medium\" src=\"https:\/\/serveiseducatius.xtec.cat\/segarra\/wp-content\/uploads\/usu1148\/2019\/01\/Safareigs-211x300.gif\" alt=\"\" width=\"211\" height=\"300\" \/><\/a><\/td>\n<\/tr>\n<\/tbody>\n<\/table>\n","protected":false},"excerpt":{"rendered":"<p>Llocs d&#8217;inter\u00e8s cultural i de coneixement de Cervera i la comarca de La Segarra. Materials pedag\u00f2gics per a treballar el coneixement de l&#8217;entorn social i cultural de la Segarra amb l&#8217;alumat.\u00a0Alguns dels materials estan en versi\u00f3 impresa fins a esgotar exist\u00e8ncies.<br \/>\nAquests materials s\u00f3n el resultat&hellip;  <a href=\"https:\/\/serveiseducatius.xtec.cat\/segarra\/recursos\/dossiers-didactics-de-la-comarca-de-la-segarra\/col%c2%b7leccio-coneguem\/\" title=\"Read COL\u00b7LECCI\u00d3 &#8220;CONEGUEM &#8230;&#8221;\">Llegeix m\u00e9s\u00bb<\/a><\/p>\n","protected":false},"author":4,"featured_media":0,"parent":11279,"menu_order":3,"comment_status":"closed","ping_status":"closed","template":"","meta":{"_bbp_topic_count":0,"_bbp_reply_count":0,"_bbp_total_topic_count":0,"_bbp_total_reply_count":0,"_bbp_voice_count":0,"_bbp_anonymous_reply_count":0,"_bbp_topic_count_hidden":0,"_bbp_reply_count_hidden":0,"_bbp_forum_subforum_count":0,"footnotes":""},"class_list":["post-11272","page","type-page","status-publish","hentry"],"post_mailing_queue_ids":[],"_links":{"self":[{"href":"https:\/\/serveiseducatius.xtec.cat\/segarra\/wp-json\/wp\/v2\/pages\/11272","targetHints":{"allow":["GET"]}}],"collection":[{"href":"https:\/\/serveiseducatius.xtec.cat\/segarra\/wp-json\/wp\/v2\/pages"}],"about":[{"href":"https:\/\/serveiseducatius.xtec.cat\/segarra\/wp-json\/wp\/v2\/types\/page"}],"author":[{"embeddable":true,"href":"https:\/\/serveiseducatius.xtec.cat\/segarra\/wp-json\/wp\/v2\/users\/4"}],"replies":[{"embeddable":true,"href":"https:\/\/serveiseducatius.xtec.cat\/segarra\/wp-json\/wp\/v2\/comments?post=11272"}],"version-history":[{"count":5,"href":"https:\/\/serveiseducatius.xtec.cat\/segarra\/wp-json\/wp\/v2\/pages\/11272\/revisions"}],"predecessor-version":[{"id":18871,"href":"https:\/\/serveiseducatius.xtec.cat\/segarra\/wp-json\/wp\/v2\/pages\/11272\/revisions\/18871"}],"up":[{"embeddable":true,"href":"https:\/\/serveiseducatius.xtec.cat\/segarra\/wp-json\/wp\/v2\/pages\/11279"}],"wp:attachment":[{"href":"https:\/\/serveiseducatius.xtec.cat\/segarra\/wp-json\/wp\/v2\/media?parent=11272"}],"curies":[{"name":"wp","href":"https:\/\/api.w.org\/{rel}","templated":true}]}}