{"id":11254,"date":"2020-10-02T20:51:40","date_gmt":"2020-10-02T18:51:40","guid":{"rendered":"http:\/\/serveiseducatius.xtec.cat\/segarra\/?page_id=11254"},"modified":"2024-11-05T08:26:45","modified_gmt":"2024-11-05T07:26:45","slug":"vergos-guerrejat-un-poble-viu","status":"publish","type":"page","link":"https:\/\/serveiseducatius.xtec.cat\/segarra\/recursos\/dossiers-didactics-de-la-comarca-de-la-segarra\/vergos-guerrejat-un-poble-viu\/","title":{"rendered":"VERG\u00d3S GUERREJAT. UN POBLE VIU"},"content":{"rendered":"<p style=\"text-align: center;\"><strong>VERG\u00d3S GUERREJAT. UN POBLE VIU.<\/strong><br \/>\n<strong>Aproximaci\u00f3 historicocultural al poble de Verg\u00f3s Guerrejat<\/strong><\/p>\n<p>Materials educatius elaborats per un grup de mestres, professors i professores dins del grup de treball del PFZ de la Segarra al llarg de diversos cursos escolars.<br \/>\nLa maquetaci\u00f3 i publicaci\u00f3 ha estat possible gr\u00e0cies a la col\u00b7laboraci\u00f3 de l&#8217;Institut d&#8217;Estudis Ilerdencs i el Servei Educatiu de la Segarra, Centre de Recursos Pedag\u00f2gics (Serveis Territorials d&#8217;Educaci\u00f3 a Lleida, Alt Pirineu i Aran).<\/p>\n<p>ISSN 2696-9432<\/p>\n<table class=\"sensevora\" style=\"height: 93px;\">\n<tbody>\n<tr style=\"height: 93px;\">\n<td style=\"height: 93px; width: 171px;\"><img loading=\"lazy\" decoding=\"async\" class=\"size-full wp-image-8517 alignnone\" style=\"font-size: 17px;\" src=\"https:\/\/serveiseducatius.xtec.cat\/segarra\/wp-content\/uploads\/usu1148\/2018\/12\/diputacio-petit-e1548849580272.gif\" alt=\"\" width=\"150\" height=\"75\" \/><\/td>\n<td style=\"height: 93px; width: 121px;\"><img loading=\"lazy\" decoding=\"async\" class=\"size-full wp-image-8657 alignnone\" src=\"https:\/\/serveiseducatius.xtec.cat\/segarra\/wp-content\/uploads\/usu1148\/2019\/01\/IEI-e1548849527806.jpg\" alt=\"\" width=\"100\" height=\"55\" \/><\/td>\n<td style=\"height: 93px; width: 139px;\"><img loading=\"lazy\" decoding=\"async\" class=\"wp-image-11257 alignnone\" src=\"https:\/\/serveiseducatius.xtec.cat\/segarra\/wp-content\/uploads\/usu1148\/2020\/10\/servei-educatiu.gif\" alt=\"\" width=\"118\" height=\"55\" \/><\/td>\n<td style=\"height: 93px; width: 221px;\"><img loading=\"lazy\" decoding=\"async\" class=\"size-full wp-image-11258\" src=\"https:\/\/serveiseducatius.xtec.cat\/segarra\/wp-content\/uploads\/usu1148\/2020\/10\/departament-educacio.gif\" alt=\"\" width=\"200\" height=\"47\" \/><\/td>\n<\/tr>\n<\/tbody>\n<\/table>\n<table class=\" alignleft\">\n<tbody>\n<tr>\n<td style=\"height: 310px; width: 400px;\"><a href=\"https:\/\/drive.google.com\/file\/d\/12bU46hcfIeLdsCwKSK1rDVDOr0r4CiQA\/view?usp=drive_link\"><img loading=\"lazy\" decoding=\"async\" class=\"aligncenter wp-image-11259 size-full\" src=\"https:\/\/serveiseducatius.xtec.cat\/segarra\/wp-content\/uploads\/usu1148\/2020\/10\/DOSSIER1-situacio-oci-deste.gif\" alt=\"\" width=\"212\" height=\"300\" \/><\/a><\/td>\n<td style=\"height: 310px; width: 400px;\"><a href=\"https:\/\/drive.google.com\/file\/d\/12pvZsM03sV08nih9gwM9GkJklyiuOdLj\/view?usp=drive_link\"><img loading=\"lazy\" decoding=\"async\" class=\"aligncenter wp-image-11260 size-full\" src=\"https:\/\/serveiseducatius.xtec.cat\/segarra\/wp-content\/uploads\/usu1148\/2020\/10\/educacio-jocs-dona.gif\" alt=\"\" width=\"212\" height=\"300\" \/><\/a><\/td>\n<\/tr>\n<tr>\n<td style=\"width: 400px;\"><strong>DOSSIER 1: SITUACI\u00d3 DEL POBLE &#8211; OCI I FESTES<\/strong><br \/>\nCicle Superior de Prim\u00e0ria i Primer Cicle d\u2019ESO<\/td>\n<td style=\"text-align: center;\"><strong>DOSSIER 2: HIGIENE &#8211; LA CASA<\/strong><br \/>\nCicle Superior de Prim\u00e0ria i Primer Cicle d\u2019ESO<\/td>\n<\/tr>\n<tr>\n<td><\/td>\n<td><\/td>\n<\/tr>\n<tr>\n<td style=\"text-align: center;\"><a href=\"https:\/\/drive.google.com\/file\/d\/12sPmIxkHFgwblaF8R2LUVYbfvPS8Rc_m\/view?usp=drive_link\"><img loading=\"lazy\" decoding=\"async\" class=\"aligncenter wp-image-11260 size-full\" src=\"https:\/\/serveiseducatius.xtec.cat\/segarra\/wp-content\/uploads\/usu1148\/2020\/10\/educacio-jocs-dona.gif\" alt=\"\" width=\"212\" height=\"300\" \/><\/a><\/td>\n<td><a href=\"https:\/\/drive.google.com\/file\/d\/12toI-kmdRfxmA7C9YphZcVPrLfCeWXIv\/view?usp=drive_link\" target=\"_blank\" rel=\"noopener\"><img loading=\"lazy\" decoding=\"async\" class=\"aligncenter wp-image-15888 size-full\" src=\"https:\/\/serveiseducatius.xtec.cat\/segarra\/wp-content\/uploads\/usu1148\/2022\/03\/esglesia-vergos.jpg\" alt=\"\" width=\"212\" height=\"300\" \/><\/a><\/td>\n<\/tr>\n<tr>\n<td style=\"text-align: center;\"><strong>DOSSIER 3: EDUCACI\u00d3 I JOCS &#8211; LES FEINES DE LA DONA<\/strong><br \/>\nCicle Superior de Prim\u00e0ria i Primer Cicle d\u2019ESO<\/td>\n<td style=\"text-align: center;\"><b>DOSSIER 4: L&#8217;ESGL\u00c9SIA DE SANTA MARIA MAGDALENA<\/b><br \/>\nCicle Superior de Prim\u00e0ria i Primer Cicle d\u2019ESO<\/td>\n<\/tr>\n<tr>\n<td style=\"text-align: center;\"><strong>\u00a0<\/strong><\/td>\n<td style=\"text-align: center;\"><\/td>\n<\/tr>\n<tr>\n<td style=\"text-align: center;\"><a href=\"https:\/\/drive.google.com\/file\/d\/1R2KSG30GIDUFnrr7WRftqeCIGR6pDOcD\/view?usp=sharing\" target=\"_blank\" rel=\"noopener\"><img loading=\"lazy\" decoding=\"async\" class=\"aligncenter wp-image-15889 size-full\" src=\"https:\/\/serveiseducatius.xtec.cat\/segarra\/wp-content\/uploads\/usu1148\/2022\/03\/castell-vergos.jpg\" alt=\"\" width=\"212\" height=\"300\" \/><\/a><\/td>\n<td style=\"text-align: center;\"><strong><a href=\"https:\/\/drive.google.com\/file\/d\/1DPzh-QLNbhLgNqitPlazkZmRnZQ52oqR\/view?usp=drive_link\" target=\"_blank\" rel=\"noopener\"><img loading=\"lazy\" decoding=\"async\" class=\"aligncenter wp-image-11262 size-full\" src=\"https:\/\/serveiseducatius.xtec.cat\/segarra\/wp-content\/uploads\/usu1148\/2020\/10\/secundaria-educacio.gif\" alt=\"\" width=\"204\" height=\"300\" \/><\/a><\/strong><\/td>\n<\/tr>\n<tr>\n<td style=\"text-align: center;\"><strong>\u00a0DOSSIER 5: EL CASTELL<\/strong><br \/>\nCicle Superior de Prim\u00e0ria i Primer Cicle d\u2019ESO<\/td>\n<td style=\"text-align: center;\"><strong>CAPITOL II &#8211; L&#8217;EDUCACI\u00d3<br \/>\nQuart d&#8217;ESO<\/strong><\/td>\n<\/tr>\n<\/tbody>\n<\/table>\n<p>&nbsp;<\/p>\n","protected":false},"excerpt":{"rendered":"<p>VERG\u00d3S GUERREJAT. UN POBLE VIU.<br \/>\nAproximaci\u00f3 historicocultural al poble de Verg\u00f3s Guerrejat<br \/>\nMaterials educatius elaborats per un grup de mestres, professors i professores dins del grup de treball del PFZ de la Segarra al llarg de diversos cursos escolars.<br \/>\nLa maquetaci\u00f3 i publicaci\u00f3 ha estat possible gr\u00e0cies a&hellip;  <a href=\"https:\/\/serveiseducatius.xtec.cat\/segarra\/recursos\/dossiers-didactics-de-la-comarca-de-la-segarra\/vergos-guerrejat-un-poble-viu\/\" title=\"Read VERG\u00d3S GUERREJAT. UN POBLE VIU\">Llegeix m\u00e9s\u00bb<\/a><\/p>\n","protected":false},"author":4,"featured_media":0,"parent":11279,"menu_order":2,"comment_status":"closed","ping_status":"closed","template":"","meta":{"_bbp_topic_count":0,"_bbp_reply_count":0,"_bbp_total_topic_count":0,"_bbp_total_reply_count":0,"_bbp_voice_count":0,"_bbp_anonymous_reply_count":0,"_bbp_topic_count_hidden":0,"_bbp_reply_count_hidden":0,"_bbp_forum_subforum_count":0,"footnotes":""},"class_list":["post-11254","page","type-page","status-publish","hentry"],"post_mailing_queue_ids":[],"_links":{"self":[{"href":"https:\/\/serveiseducatius.xtec.cat\/segarra\/wp-json\/wp\/v2\/pages\/11254","targetHints":{"allow":["GET"]}}],"collection":[{"href":"https:\/\/serveiseducatius.xtec.cat\/segarra\/wp-json\/wp\/v2\/pages"}],"about":[{"href":"https:\/\/serveiseducatius.xtec.cat\/segarra\/wp-json\/wp\/v2\/types\/page"}],"author":[{"embeddable":true,"href":"https:\/\/serveiseducatius.xtec.cat\/segarra\/wp-json\/wp\/v2\/users\/4"}],"replies":[{"embeddable":true,"href":"https:\/\/serveiseducatius.xtec.cat\/segarra\/wp-json\/wp\/v2\/comments?post=11254"}],"version-history":[{"count":5,"href":"https:\/\/serveiseducatius.xtec.cat\/segarra\/wp-json\/wp\/v2\/pages\/11254\/revisions"}],"predecessor-version":[{"id":21367,"href":"https:\/\/serveiseducatius.xtec.cat\/segarra\/wp-json\/wp\/v2\/pages\/11254\/revisions\/21367"}],"up":[{"embeddable":true,"href":"https:\/\/serveiseducatius.xtec.cat\/segarra\/wp-json\/wp\/v2\/pages\/11279"}],"wp:attachment":[{"href":"https:\/\/serveiseducatius.xtec.cat\/segarra\/wp-json\/wp\/v2\/media?parent=11254"}],"curies":[{"name":"wp","href":"https:\/\/api.w.org\/{rel}","templated":true}]}}