{"id":9090,"date":"2018-12-18T10:33:44","date_gmt":"2018-12-18T09:33:44","guid":{"rendered":"http:\/\/serveiseducatius.xtec.cat\/sarria-santgervasi\/?page_id=9090"},"modified":"2024-02-22T13:14:58","modified_gmt":"2024-02-22T12:14:58","slug":"competencies-basiques-i-avaluacio","status":"publish","type":"page","link":"https:\/\/serveiseducatius.xtec.cat\/sarria-santgervasi\/innovacio\/competencies-basiques-i-avaluacio\/","title":{"rendered":"Compet\u00e8ncies b\u00e0siques i avaluaci\u00f3"},"content":{"rendered":"<p>&nbsp;<\/p>\n<table style=\"border-collapse: collapse; width: 100%;\" border=\"1\">\n<tbody>\n<tr>\n<td style=\"width: 40%;\">\n<h4 class=\"sites-embed-title\"><strong><span style=\"color: #000000;\">Compet\u00e8ncies b\u00e0siques i\u00a0<\/span><\/strong><strong><span style=\"color: #000000;\">Avaluaci\u00f3\u00a0<\/span><\/strong><\/h4>\n<div class=\"sites-embed-content\">\n<ul>\n<li class=\"topLevel nav-first parent\">\n<div dir=\"ltr\">\n<div class=\"expander\">\u00a0<span style=\"color: #800000;\"><strong><a class=\"sites-navigation-link topLevel\" style=\"color: #800000;\" href=\"https:\/\/sites.google.com\/a\/xtec.cat\/crp-sarria-sant-gervasi\/plans-i-projectes-innovacio\/nova-avaluacio-cb\/ordenacio-curricular-a-l-educacio-infantil-2\">Ordenaci\u00f3 curricular a l&#8217;Educaci\u00f3 Infantil<\/a><\/strong><\/span><\/div>\n<\/div>\n<ul>\n<li class=\"\">\n<div dir=\"ltr\"><a href=\"http:\/\/ensenyament.gencat.cat\/web\/sites\/ensenyament\/.content\/home\/departament\/publicacions\/colleccions\/curriculum\/orientacions_avaluacio_infantil_1cicle.pdf\">Avaluaci\u00f3 al primer cicle d&#8217;educacio infantil<\/a><\/div>\n<\/li>\n<li class=\"\">\n<div dir=\"ltr\"><a class=\"sites-navigation-link\" href=\"http:\/\/ensenyament.gencat.cat\/web\/.content\/home\/departament\/publicacions\/colleccions\/curriculum\/curriculum-infantil-2n-cicle.pdf\">Curr\u00edculum i orientacions E. Infantil 2n cicle<\/a><\/div>\n<\/li>\n<li class=\"\">\n<div dir=\"ltr\"><a href=\"http:\/\/ensenyament.gencat.cat\/web\/sites\/ensenyament\/.content\/home\/departament\/publicacions\/colleccions\/curriculum\/orientacions_avaluacio_infantil_1cicle.pdf\">Curr\u00edculum i orientacions. E. infantil 1r cicle<\/a><\/div>\n<\/li>\n<\/ul>\n<\/li>\n<li class=\"topLevel parent\">\n<div dir=\"ltr\">\n<div class=\"expander\"><strong>\u00a0<a class=\"sites-navigation-link topLevel\" href=\"https:\/\/sites.google.com\/a\/xtec.cat\/crp-sarria-sant-gervasi\/plans-i-projectes-innovacio\/nova-avaluacio-cb\/avaluacio-cb-primaria\">Ordenaci\u00f3 curricular a Prim\u00e0ria<\/a><\/strong><\/div>\n<\/div>\n<ul>\n<li class=\"\">\n<div dir=\"ltr\"><a class=\"sites-navigation-link\" href=\"https:\/\/sites.google.com\/a\/xtec.cat\/crp-sarria-sant-gervasi\/plans-i-projectes-innovacio\/nova-avaluacio-cb\/avaluacio-cb-primaria\/entradasensetitol-1\">Decret ordenaci\u00f3 prim\u00e0ria 2015<\/a><\/div>\n<\/li>\n<li class=\"\">\n<div dir=\"ltr\"><a class=\"sites-navigation-link\" href=\"https:\/\/sites.google.com\/a\/xtec.cat\/crp-sarria-sant-gervasi\/plans-i-projectes-innovacio\/nova-avaluacio-cb\/avaluacio-cb-primaria\/elcurriculumalescolaialaula\">El curr\u00edculum. Orientacions<\/a><\/div>\n<\/li>\n<li class=\"\">\n<div dir=\"ltr\"><a class=\"sites-navigation-link\" href=\"https:\/\/sites.google.com\/a\/xtec.cat\/crp-sarria-sant-gervasi\/plans-i-projectes-innovacio\/nova-avaluacio-cb\/avaluacio-cb-primaria\/ordredavaluacio2015-1\">Ordre d&#8217;avaluaci\u00f3 2016<\/a><\/div>\n<\/li>\n<li class=\"\">\n<div dir=\"ltr\"><a class=\"sites-navigation-link\" href=\"https:\/\/sites.google.com\/a\/xtec.cat\/crp-sarria-sant-gervasi\/plans-i-projectes-innovacio\/nova-avaluacio-cb\/avaluacio-cb-primaria\/entradasensetitol\">Quaderns CB prim\u00e0ria<\/a><\/div>\n<\/li>\n<\/ul>\n<\/li>\n<li class=\"topLevel parent\">\n<div dir=\"ltr\">\n<div class=\"expander\"><strong>\u00a0<a class=\"sites-navigation-link topLevel\" href=\"https:\/\/sites.google.com\/a\/xtec.cat\/crp-sarria-sant-gervasi\/plans-i-projectes-innovacio\/nova-avaluacio-cb\/avaluacio-cb-secundaria\">Ordenaci\u00f3 curricular a Secund\u00e0ria Obligat\u00f2ria<\/a><\/strong><\/div>\n<\/div>\n<ul>\n<li class=\"\">\n<div dir=\"ltr\"><a class=\"sites-navigation-link\" href=\"https:\/\/sites.google.com\/a\/xtec.cat\/crp-sarria-sant-gervasi\/plans-i-projectes-innovacio\/nova-avaluacio-cb\/avaluacio-cb-secundaria\/avaluacioaleso\">Avaluaci\u00f3 a l&#8217;ESO<\/a><\/div>\n<\/li>\n<li class=\"\">\n<div dir=\"ltr\"><a class=\"sites-navigation-link\" href=\"https:\/\/sites.google.com\/a\/xtec.cat\/crp-sarria-sant-gervasi\/plans-i-projectes-innovacio\/nova-avaluacio-cb\/avaluacio-cb-secundaria\/decretordenaciosecundaria2015\">Decret ordenaci\u00f3 secund\u00e0ria 2015<\/a><\/div>\n<\/li>\n<li class=\"\">\n<div dir=\"ltr\"><a class=\"sites-navigation-link\" href=\"https:\/\/sites.google.com\/a\/xtec.cat\/crp-sarria-sant-gervasi\/plans-i-projectes-innovacio\/nova-avaluacio-cb\/avaluacio-cb-secundaria\/orientacionsprogramacionsaleso\">Orientacions sobre les programacions a l&#8217;ESO<\/a><\/div>\n<\/li>\n<li class=\"\">\n<div dir=\"ltr\"><a class=\"sites-navigation-link\" href=\"https:\/\/sites.google.com\/a\/xtec.cat\/crp-sarria-sant-gervasi\/plans-i-projectes-innovacio\/nova-avaluacio-cb\/avaluacio-cb-secundaria\/entradasensetitol\">Quaderns CB i orientacions ESO<\/a><\/div>\n<\/li>\n<\/ul>\n<\/li>\n<li class=\"topLevel parent\">\n<div dir=\"ltr\">\n<div class=\"expander\">\u00a0<strong><a class=\"sites-navigation-link topLevel\" href=\"https:\/\/sites.google.com\/a\/xtec.cat\/crp-sarria-sant-gervasi\/plans-i-projectes-innovacio\/nova-avaluacio-cb\/materials-i-recursos\">Ordenaci\u00f3 Escola Inclusiva<\/a><\/strong><\/div>\n<\/div>\n<ul>\n<li class=\"\">\n<div dir=\"ltr\"><a class=\"sites-navigation-link\" href=\"https:\/\/sites.google.com\/a\/xtec.cat\/crp-sarria-sant-gervasi\/plans-i-projectes-innovacio\/nova-avaluacio-cb\/materials-i-recursos\/delescolainclusivaalsistemainclusiu\">De l&#8217;escola inclusiva al sistema inclusiu<\/a><\/div>\n<\/li>\n<li class=\"\">\n<div dir=\"ltr\"><a class=\"sites-navigation-link\" href=\"https:\/\/sites.google.com\/a\/xtec.cat\/crp-sarria-sant-gervasi\/plans-i-projectes-innovacio\/nova-avaluacio-cb\/materials-i-recursos\/decretdelatencioeducativaalalumnatenelmarcdunsistemaeducatiuinclusiu\">Decret de l\u2019atenci\u00f3 educativa a l\u2019alumnat en el marc d\u2019un sistema educatiu inclusiu<\/a><\/div>\n<\/li>\n<li class=\"\">\n<div dir=\"ltr\"><a class=\"sites-navigation-link\" href=\"https:\/\/sites.google.com\/a\/xtec.cat\/crp-sarria-sant-gervasi\/plans-i-projectes-innovacio\/nova-avaluacio-cb\/materials-i-recursos\/decretescolainclusivainfografia\">Decret escola inclusiva. Infografia<\/a><\/div>\n<\/li>\n<li class=\"\">\n<div dir=\"ltr\"><a class=\"sites-navigation-link\" href=\"https:\/\/sites.google.com\/a\/xtec.cat\/crp-sarria-sant-gervasi\/plans-i-projectes-innovacio\/nova-avaluacio-cb\/materials-i-recursos\/curriculumicbdocumentsdereferencia\">El curr\u00edculum a l\u2019escola i a l\u2019aula en el marc d\u2019un sistema inclusiu<\/a><\/div>\n<\/li>\n<\/ul>\n<\/li>\n<\/ul>\n<\/div>\n<\/td>\n<td style=\"width: 50%;\">El Departament va iniciar el 2013 el desplegament de les compet\u00e8ncies a prim\u00e0ria i a secund\u00e0ria.<\/p>\n<ul>\n<li>El curs<b>\u00a02016-17\u00a0<\/b>es va posar en marxa \u00a0el nou proc\u00e9s\u00a0<a href=\"https:\/\/sites.google.com\/a\/xtec.cat\/crp-sarria-sant-gervasi\/plans-i-projectes-innovacio\/nova-avaluacio-cb\/avaluacio-cb-primaria\/ordredavaluacio2015-1\" target=\"_blank\" rel=\"noopener\">d\u2019avaluaci\u00f3 en l&#8217;educaci\u00f3 prim\u00e0ria<\/a><\/li>\n<li>El curs\u00a0<b>2017-18<\/b>\u00a0es posa en marxa el nou proc\u00e9s d&#8217;avaluaci\u00f3 en l&#8217;educaci\u00f3 secundaria<\/li>\n<\/ul>\n<p>Aquest nou sistema avaluaci\u00f3\u00a0t\u00e9 l\u2019objectiu d\u2019adequar-se a les compet\u00e8ncies b\u00e0siques desplegades en el decret de curr\u00edculum\u00a0<span style=\"font-family: inherit; font-size: 1em;\">de l\u2019educaci\u00f3 prim\u00e0ria de 2015.i d\u00f3na resposta al canvi en la manera d\u2019aprendre, que ara es fa en funci\u00f3 de les compet\u00e8ncies,<\/span>\u00e9s a dir, conceptes, destreses, habilitats i capacitats.<\/p>\n<p>&nbsp;<\/p>\n<p><img loading=\"lazy\" decoding=\"async\" class=\"alignleft\" src=\"http:\/\/static.wixstatic.com\/media\/db9790_b3992f7124af4b5a9721da17861d8ba2.png_srz_503_278_85_22_0.50_1.20_0.00_png_srz\" width=\"254\" height=\"140\" border=\"0\" \/><\/p>\n<p><img loading=\"lazy\" decoding=\"async\" class=\"alignleft\" src=\"http:\/\/static.wixstatic.com\/media\/db9790_c1af5dece7c64072b454285a758a12ad.png_srz_504_278_85_22_0.50_1.20_0.00_png_srz\" width=\"240\" height=\"133\" border=\"0\" \/><\/p>\n<h4><\/h4>\n<p>&nbsp;<\/p>\n<p>&nbsp;<\/p>\n<p>&nbsp;<\/p>\n<p>&nbsp;<\/p>\n<h4><\/h4>\n<p>&nbsp;<\/p>\n<p>&nbsp;<\/p>\n<h4><span style=\"color: #000000;\">Altres documents d&#8217;inter\u00e8s<\/span><\/h4>\n<ul>\n<li><strong><a href=\"https:\/\/drive.google.com\/drive\/u\/0\/folders\/0B2trOzubgzlGYndQQ2R3TnltWlk\">La orientaci\u00f3 educativa i l&#8217;acci\u00f3 tutorial al llarg de les diferents etapes educatives<\/a><\/strong><\/li>\n<\/ul>\n<\/td>\n<\/tr>\n<\/tbody>\n<\/table>\n","protected":false},"excerpt":{"rendered":"<p>&nbsp; Compet\u00e8ncies b\u00e0siques i\u00a0Avaluaci\u00f3\u00a0 \u00a0Ordenaci\u00f3 curricular a l&#8217;Educaci\u00f3 Infantil Avaluaci\u00f3 al primer cicle d&#8217;educacio infantil Curr\u00edculum i orientacions E. Infantil 2n cicle Curr\u00edculum i orientacions. E. infantil 1r cicle \u00a0Ordenaci\u00f3 curricular a Prim\u00e0ria Decret ordenaci\u00f3 prim\u00e0ria 2015 El curr\u00edculum. Orientacions Ordre d&#8217;avaluaci\u00f3 2016 Quaderns CB prim\u00e0ria \u00a0Ordenaci\u00f3 curricular a Secund\u00e0ria Obligat\u00f2ria Avaluaci\u00f3 a l&#8217;ESO Decret [&hellip;]<\/p>\n","protected":false},"author":5,"featured_media":0,"parent":8819,"menu_order":2,"comment_status":"closed","ping_status":"closed","template":"","meta":{"_bbp_topic_count":0,"_bbp_reply_count":0,"_bbp_total_topic_count":0,"_bbp_total_reply_count":0,"_bbp_voice_count":0,"_bbp_anonymous_reply_count":0,"_bbp_topic_count_hidden":0,"_bbp_reply_count_hidden":0,"_bbp_forum_subforum_count":0,"site-sidebar-layout":"default","site-content-layout":"","ast-site-content-layout":"","site-content-style":"default","site-sidebar-style":"default","ast-global-header-display":"","ast-banner-title-visibility":"","ast-main-header-display":"","ast-hfb-above-header-display":"","ast-hfb-below-header-display":"","ast-hfb-mobile-header-display":"","site-post-title":"","ast-breadcrumbs-content":"","ast-featured-img":"","footer-sml-layout":"","theme-transparent-header-meta":"","adv-header-id-meta":"","stick-header-meta":"","header-above-stick-meta":"","header-main-stick-meta":"","header-below-stick-meta":"","astra-migrate-meta-layouts":"default","ast-page-background-enabled":"default","ast-page-background-meta":{"desktop":{"background-color":"var(--ast-global-color-4)","background-image":"","background-repeat":"repeat","background-position":"center center","background-size":"auto","background-attachment":"scroll","background-type":"","background-media":"","overlay-type":"","overlay-color":"","overlay-opacity":"","overlay-gradient":""},"tablet":{"background-color":"","background-image":"","background-repeat":"repeat","background-position":"center center","background-size":"auto","background-attachment":"scroll","background-type":"","background-media":"","overlay-type":"","overlay-color":"","overlay-opacity":"","overlay-gradient":""},"mobile":{"background-color":"","background-image":"","background-repeat":"repeat","background-position":"center center","background-size":"auto","background-attachment":"scroll","background-type":"","background-media":"","overlay-type":"","overlay-color":"","overlay-opacity":"","overlay-gradient":""}},"ast-content-background-meta":{"desktop":{"background-color":"var(--ast-global-color-5)","background-image":"","background-repeat":"repeat","background-position":"center center","background-size":"auto","background-attachment":"scroll","background-type":"","background-media":"","overlay-type":"","overlay-color":"","overlay-opacity":"","overlay-gradient":""},"tablet":{"background-color":"var(--ast-global-color-5)","background-image":"","background-repeat":"repeat","background-position":"center center","background-size":"auto","background-attachment":"scroll","background-type":"","background-media":"","overlay-type":"","overlay-color":"","overlay-opacity":"","overlay-gradient":""},"mobile":{"background-color":"var(--ast-global-color-5)","background-image":"","background-repeat":"repeat","background-position":"center center","background-size":"auto","background-attachment":"scroll","background-type":"","background-media":"","overlay-type":"","overlay-color":"","overlay-opacity":"","overlay-gradient":""}},"footnotes":""},"class_list":["post-9090","page","type-page","status-publish","hentry"],"post_mailing_queue_ids":[],"_links":{"self":[{"href":"https:\/\/serveiseducatius.xtec.cat\/sarria-santgervasi\/wp-json\/wp\/v2\/pages\/9090","targetHints":{"allow":["GET"]}}],"collection":[{"href":"https:\/\/serveiseducatius.xtec.cat\/sarria-santgervasi\/wp-json\/wp\/v2\/pages"}],"about":[{"href":"https:\/\/serveiseducatius.xtec.cat\/sarria-santgervasi\/wp-json\/wp\/v2\/types\/page"}],"author":[{"embeddable":true,"href":"https:\/\/serveiseducatius.xtec.cat\/sarria-santgervasi\/wp-json\/wp\/v2\/users\/5"}],"replies":[{"embeddable":true,"href":"https:\/\/serveiseducatius.xtec.cat\/sarria-santgervasi\/wp-json\/wp\/v2\/comments?post=9090"}],"version-history":[{"count":4,"href":"https:\/\/serveiseducatius.xtec.cat\/sarria-santgervasi\/wp-json\/wp\/v2\/pages\/9090\/revisions"}],"predecessor-version":[{"id":10501,"href":"https:\/\/serveiseducatius.xtec.cat\/sarria-santgervasi\/wp-json\/wp\/v2\/pages\/9090\/revisions\/10501"}],"up":[{"embeddable":true,"href":"https:\/\/serveiseducatius.xtec.cat\/sarria-santgervasi\/wp-json\/wp\/v2\/pages\/8819"}],"wp:attachment":[{"href":"https:\/\/serveiseducatius.xtec.cat\/sarria-santgervasi\/wp-json\/wp\/v2\/media?parent=9090"}],"curies":[{"name":"wp","href":"https:\/\/api.w.org\/{rel}","templated":true}]}}