{"id":9084,"date":"2018-12-18T10:33:19","date_gmt":"2018-12-18T09:33:19","guid":{"rendered":"http:\/\/serveiseducatius.xtec.cat\/sarria-santgervasi\/?page_id=9084"},"modified":"2023-11-29T10:35:48","modified_gmt":"2023-11-29T09:35:48","slug":"eines-i-xarxes-pel-camvi","status":"publish","type":"page","link":"https:\/\/serveiseducatius.xtec.cat\/sarria-santgervasi\/innovacio\/eines-i-xarxes-pel-camvi\/","title":{"rendered":"Xarxes per al Canvi"},"content":{"rendered":"<div class=\"\">\n<div class=\"\">\n<div class=\"row banners-right\"><\/div>\n<\/div>\n<div class=\"\">\n<div class=\"content suport\">\n<p><img loading=\"lazy\" decoding=\"async\" class=\"img-responsive alignleft\" src=\"https:\/\/www.edubcn.cat\/rcs_gene\/xarxes_banner_distribuidora_programa.jpg\" alt=\"\" width=\"279\" height=\"158\" \/><\/p>\n<h2 class=\"supra-title \"><a href=\"https:\/\/www.edubcn.cat\/ca\/suport_educatiu_recursos\/plans_programes\/xarxes_per_al_canvi\">Xarxes per al canvi<\/a><\/h2>\n<h5><a href=\"https:\/\/www.edubcn.cat\/ca\/suport_educatiu_recursos\/plans_programes\/xarxes_per_al_canvi\/construint_les_xarxes\">Qu\u00e8 s\u00f3n les Xarxes per al canvi?<\/a><\/h5>\n<p><span style=\"font-size: 16px;\">El Consorci d\u2019Educaci\u00f3 de Barcelona, Escola Nova 21, I\u2019ICE de la UAB i Rosa Sensat sumen esfor\u00e7os per la innovaci\u00f3, amb el repte que en tres anys tots els centres educatius de la ciutat puguin estar immersos en algun projecte de millora sostenible des del treball en xarxa.<\/span><\/p>\n<p>Des de l\u2019any 2017 el Consorci d\u2019Educaci\u00f3 de Barcelona ha liderat el programa Xarxes per al Canvi amb l\u2019objectiu de contribuir a l&#8217;impuls de la transformaci\u00f3 educativa de la ciutat.<\/p>\n<p>La finalitat \u00e9s avan\u00e7ar cap un sistema educatiu equitatiu i de qualitat. Les xarxes com a context d\u2019aprenentatge professional i entre iguals s\u00f3n una estrat\u00e8gia per impulsar aquesta orientaci\u00f3 al canvi dels centres de Barcelona. L\u2019acci\u00f3 de les xarxes es basa en la reflexi\u00f3 profunda sobre les pr\u00e0ctiques des dels marcs te\u00f2rics de la recerca actualitzada.<\/p>\n<h5><a href=\"https:\/\/www.edubcn.cat\/ca\/suport_educatiu_recursos\/plans_programes\/xarxes_per_al_canvi\/les_xarxes_a_ciutat_de_barcelona\">Les xarxes de ciutat<\/a><\/h5>\n<table style=\"border-collapse: collapse; width: 100%;\">\n<tbody>\n<tr>\n<td style=\"width: 50%;\">\n<h5><a href=\"https:\/\/www.edubcn.cat\/ca\/suport_educatiu_recursos\/plans_programes\/xarxes_per_al_canvi\/cami_fet_fins_ara\">El cam\u00ed fet fins ara<\/a><\/h5>\n<\/td>\n<td style=\"width: 50%;\">\n<h5><a href=\"https:\/\/www.edubcn.cat\/rcs_gene\/extra\/05_xarxes_per_al_canvi\/Relatories_cercles_plenaria_juny_2023.pdf\">Conclusions plen\u00e0ries curs 2022-2023<\/a><\/h5>\n<\/td>\n<\/tr>\n<tr>\n<td style=\"width: 50%;\"><img loading=\"lazy\" decoding=\"async\" class=\"aligncenter\" src=\"https:\/\/www.edubcn.cat\/rcs_gene\/extra\/05_xarxes_per_al_canvi\/AF%20esquema-ceb_cat.jpg\" width=\"474\" height=\"690\" \/><\/td>\n<td style=\"width: 50%;\"><a href=\"https:\/\/serveiseducatius.xtec.cat\/sarria-santgervasi\/wp-content\/uploads\/usu1168\/2023\/11\/chrome_kr6ABbO5kK.png\"><img loading=\"lazy\" decoding=\"async\" class=\"wp-image-14023 aligncenter\" src=\"https:\/\/serveiseducatius.xtec.cat\/sarria-santgervasi\/wp-content\/uploads\/usu1168\/2023\/11\/chrome_kr6ABbO5kK.png\" alt=\"\" width=\"534\" height=\"554\" srcset=\"https:\/\/serveiseducatius.xtec.cat\/sarria-santgervasi\/wp-content\/uploads\/usu1168\/2023\/11\/chrome_kr6ABbO5kK.png 628w, https:\/\/serveiseducatius.xtec.cat\/sarria-santgervasi\/wp-content\/uploads\/usu1168\/2023\/11\/chrome_kr6ABbO5kK-289x300.png 289w\" sizes=\"auto, (max-width: 534px) 100vw, 534px\" \/><\/a><\/td>\n<\/tr>\n<\/tbody>\n<\/table>\n<h5><\/h5>\n<h4>Documentaci\u00f3 de les Xarxes de Sarri\u00e0 &#8211; Sant Gervasi<\/h4>\n<\/div>\n<div class=\"content suport\">\n<p><a href=\"https:\/\/drive.google.com\/drive\/folders\/1OUjzuDp1mlaTLkxFjBxkCx7zfiLLUQvM\"><img loading=\"lazy\" decoding=\"async\" class=\"wp-image-13420 alignleft\" src=\"https:\/\/serveiseducatius.xtec.cat\/sarria-santgervasi\/wp-content\/uploads\/usu1168\/2022\/02\/1200px-Google_Drive_icon_2020.svg_-150x150.png\" alt=\"\" width=\"54\" height=\"54\" \/><\/a><a href=\"https:\/\/drive.google.com\/drive\/folders\/1Pckwo0xMYct3fbf6kUBJ_mB4BG4MujPz\"><strong>Documentaci\u00f3 de les Sessions de les Xarxes 1 i 2<\/strong><\/a><\/p>\n<p>&nbsp;<\/p>\n<\/div>\n<\/div>\n<\/div>\n<p><a href=\"https:\/\/drive.google.com\/drive\/folders\/1Pckwo0xMYct3fbf6kUBJ_mB4BG4MujPz\">\u00a0<\/a><\/p>\n<p>&nbsp;<\/p>\n<p>&nbsp;<\/p>\n<hr \/>\n<p>&nbsp;<\/p>\n","protected":false},"excerpt":{"rendered":"<p>Xarxes per al canvi Qu\u00e8 s\u00f3n les Xarxes per al canvi? El Consorci d\u2019Educaci\u00f3 de Barcelona, Escola Nova 21, I\u2019ICE de la UAB i Rosa Sensat sumen esfor\u00e7os per la innovaci\u00f3, amb el repte que en tres anys tots els centres educatius de la ciutat puguin estar immersos en algun projecte de millora sostenible des [&hellip;]<\/p>\n","protected":false},"author":5,"featured_media":0,"parent":8819,"menu_order":4,"comment_status":"closed","ping_status":"closed","template":"","meta":{"_bbp_topic_count":0,"_bbp_reply_count":0,"_bbp_total_topic_count":0,"_bbp_total_reply_count":0,"_bbp_voice_count":0,"_bbp_anonymous_reply_count":0,"_bbp_topic_count_hidden":0,"_bbp_reply_count_hidden":0,"_bbp_forum_subforum_count":0,"site-sidebar-layout":"default","site-content-layout":"","ast-site-content-layout":"","site-content-style":"default","site-sidebar-style":"default","ast-global-header-display":"","ast-banner-title-visibility":"","ast-main-header-display":"","ast-hfb-above-header-display":"","ast-hfb-below-header-display":"","ast-hfb-mobile-header-display":"","site-post-title":"","ast-breadcrumbs-content":"","ast-featured-img":"","footer-sml-layout":"","theme-transparent-header-meta":"","adv-header-id-meta":"","stick-header-meta":"","header-above-stick-meta":"","header-main-stick-meta":"","header-below-stick-meta":"","astra-migrate-meta-layouts":"default","ast-page-background-enabled":"default","ast-page-background-meta":{"desktop":{"background-color":"var(--ast-global-color-4)","background-image":"","background-repeat":"repeat","background-position":"center center","background-size":"auto","background-attachment":"scroll","background-type":"","background-media":"","overlay-type":"","overlay-color":"","overlay-opacity":"","overlay-gradient":""},"tablet":{"background-color":"","background-image":"","background-repeat":"repeat","background-position":"center center","background-size":"auto","background-attachment":"scroll","background-type":"","background-media":"","overlay-type":"","overlay-color":"","overlay-opacity":"","overlay-gradient":""},"mobile":{"background-color":"","background-image":"","background-repeat":"repeat","background-position":"center center","background-size":"auto","background-attachment":"scroll","background-type":"","background-media":"","overlay-type":"","overlay-color":"","overlay-opacity":"","overlay-gradient":""}},"ast-content-background-meta":{"desktop":{"background-color":"var(--ast-global-color-5)","background-image":"","background-repeat":"repeat","background-position":"center center","background-size":"auto","background-attachment":"scroll","background-type":"","background-media":"","overlay-type":"","overlay-color":"","overlay-opacity":"","overlay-gradient":""},"tablet":{"background-color":"var(--ast-global-color-5)","background-image":"","background-repeat":"repeat","background-position":"center center","background-size":"auto","background-attachment":"scroll","background-type":"","background-media":"","overlay-type":"","overlay-color":"","overlay-opacity":"","overlay-gradient":""},"mobile":{"background-color":"var(--ast-global-color-5)","background-image":"","background-repeat":"repeat","background-position":"center center","background-size":"auto","background-attachment":"scroll","background-type":"","background-media":"","overlay-type":"","overlay-color":"","overlay-opacity":"","overlay-gradient":""}},"footnotes":""},"class_list":["post-9084","page","type-page","status-publish","hentry"],"post_mailing_queue_ids":[],"_links":{"self":[{"href":"https:\/\/serveiseducatius.xtec.cat\/sarria-santgervasi\/wp-json\/wp\/v2\/pages\/9084","targetHints":{"allow":["GET"]}}],"collection":[{"href":"https:\/\/serveiseducatius.xtec.cat\/sarria-santgervasi\/wp-json\/wp\/v2\/pages"}],"about":[{"href":"https:\/\/serveiseducatius.xtec.cat\/sarria-santgervasi\/wp-json\/wp\/v2\/types\/page"}],"author":[{"embeddable":true,"href":"https:\/\/serveiseducatius.xtec.cat\/sarria-santgervasi\/wp-json\/wp\/v2\/users\/5"}],"replies":[{"embeddable":true,"href":"https:\/\/serveiseducatius.xtec.cat\/sarria-santgervasi\/wp-json\/wp\/v2\/comments?post=9084"}],"version-history":[{"count":6,"href":"https:\/\/serveiseducatius.xtec.cat\/sarria-santgervasi\/wp-json\/wp\/v2\/pages\/9084\/revisions"}],"predecessor-version":[{"id":14024,"href":"https:\/\/serveiseducatius.xtec.cat\/sarria-santgervasi\/wp-json\/wp\/v2\/pages\/9084\/revisions\/14024"}],"up":[{"embeddable":true,"href":"https:\/\/serveiseducatius.xtec.cat\/sarria-santgervasi\/wp-json\/wp\/v2\/pages\/8819"}],"wp:attachment":[{"href":"https:\/\/serveiseducatius.xtec.cat\/sarria-santgervasi\/wp-json\/wp\/v2\/media?parent=9084"}],"curies":[{"name":"wp","href":"https:\/\/api.w.org\/{rel}","templated":true}]}}