{"id":9072,"date":"2018-12-18T10:31:36","date_gmt":"2018-12-18T09:31:36","guid":{"rendered":"http:\/\/serveiseducatius.xtec.cat\/sarria-santgervasi\/?page_id=9072"},"modified":"2018-12-18T12:00:58","modified_gmt":"2018-12-18T11:00:58","slug":"lectura-i-biblioteques-escolars","status":"publish","type":"page","link":"https:\/\/serveiseducatius.xtec.cat\/sarria-santgervasi\/innovacio\/lectura-i-biblioteques-escolars\/","title":{"rendered":"Lectura i Biblioteques escolars"},"content":{"rendered":"<table class=\"sites-layout-name-one-column sites-layout-hbox\" cellspacing=\"0\">\n<tbody>\n<tr>\n<td class=\"sites-layout-tile sites-tile-name-content-1\">\n<div dir=\"ltr\">\n<div>\n<div><a href=\"https:\/\/sites.google.com\/a\/xtec.cat\/crp-sarria-sant-gervasi\/plans-i-projectes-innovacio\/biblioteques-esolars\/bannerBE.png?attredirects=0\"><img decoding=\"async\" src=\"https:\/\/sites.google.com\/a\/xtec.cat\/crp-sarria-sant-gervasi\/_\/rsrc\/1477896557004\/plans-i-projectes-innovacio\/biblioteques-esolars\/bannerBE.png\" border=\"0\" \/><\/a><\/div>\n<\/div>\n<div>\n<div>\n<div><span style=\"font-size: small;\">\u00a0<\/span><\/div>\n<div><span style=\"font-size: small;\">\u00a0<\/span><\/div>\n<div><span style=\"font-size: medium;\"><span style=\"font-family: Arial, Helvetica, sans-serif;\">Dins de les actuacions de suport a la\u00a0<\/span><a class=\"disabled\" href=\"https:\/\/sites.google.com\/a\/xtec.cat\/crp-sarria-sant-gervasi\/system\/errors\/NodeNotFound?suri=wuid:gx:1266206972a7ebe2\" target=\"_blank\" rel=\"noopener\">innovaci\u00f3 educativa,<\/a><span style=\"font-family: Arial, Helvetica, sans-serif;\">\u00a0el nostre servei educatiu presta especial atenci\u00f3 a facilitar als centres la incorporaci\u00f3 i la integra<\/span><span style=\"font-family: arial, sans-serif;\">ci\u00f3\u00a0<\/span><\/span><span style=\"font-family: arial, sans-serif; font-size: medium;\"><span style=\"color: #444444;\">de les biblioteques\u00a0<\/span><span style=\"color: #000000;\">en el curr\u00edculum\u00a0ordinar<\/span><span style=\"color: #444444;\">i. \u00a0<\/span>El nostr<\/span>e suport es centra en tres objectius principals:<\/div>\n<div>\n<ul>\n<li><span style=\"font-size: medium;\">\u00a0<\/span>Acompanyament\u00a0i\u00a0orientaci\u00f3\u00a0en el desenvolupament d&#8217;estrat\u00e8gies per a la millora de la compet\u00e8ncia comunicativa i la biblioteca escolar<\/li>\n<li><span style=\"font-size: medium;\">Oferir formaci\u00f3 al professorat\u00a0<\/span><\/li>\n<li><span style=\"font-size: medium;\">Oferir recursos materials en pr\u00e9stec per a l&#8217;alumnat<\/span><\/li>\n<\/ul>\n<\/div>\n<\/div>\n<\/div>\n<div>Actualment, donem suport a les accions seg\u00fcents:<\/div>\n<\/div>\n<\/td>\n<\/tr>\n<\/tbody>\n<\/table>\n","protected":false},"excerpt":{"rendered":"<p>\u00a0 \u00a0 Dins de les actuacions de suport a la\u00a0innovaci\u00f3 educativa,\u00a0el nostre servei educatiu presta especial atenci\u00f3 a facilitar als centres la incorporaci\u00f3 i la integraci\u00f3\u00a0de les biblioteques\u00a0en el curr\u00edculum\u00a0ordinari. \u00a0El nostre suport es centra en tres objectius principals: \u00a0Acompanyament\u00a0i\u00a0orientaci\u00f3\u00a0en el desenvolupament d&#8217;estrat\u00e8gies per a la millora de la compet\u00e8ncia comunicativa i la biblioteca escolar [&hellip;]<\/p>\n","protected":false},"author":5,"featured_media":0,"parent":8819,"menu_order":5,"comment_status":"closed","ping_status":"closed","template":"","meta":{"_bbp_topic_count":0,"_bbp_reply_count":0,"_bbp_total_topic_count":0,"_bbp_total_reply_count":0,"_bbp_voice_count":0,"_bbp_anonymous_reply_count":0,"_bbp_topic_count_hidden":0,"_bbp_reply_count_hidden":0,"_bbp_forum_subforum_count":0,"site-sidebar-layout":"default","site-content-layout":"","ast-site-content-layout":"","site-content-style":"default","site-sidebar-style":"default","ast-global-header-display":"","ast-banner-title-visibility":"","ast-main-header-display":"","ast-hfb-above-header-display":"","ast-hfb-below-header-display":"","ast-hfb-mobile-header-display":"","site-post-title":"","ast-breadcrumbs-content":"","ast-featured-img":"","footer-sml-layout":"","theme-transparent-header-meta":"","adv-header-id-meta":"","stick-header-meta":"","header-above-stick-meta":"","header-main-stick-meta":"","header-below-stick-meta":"","astra-migrate-meta-layouts":"default","ast-page-background-enabled":"default","ast-page-background-meta":{"desktop":{"background-color":"var(--ast-global-color-4)","background-image":"","background-repeat":"repeat","background-position":"center center","background-size":"auto","background-attachment":"scroll","background-type":"","background-media":"","overlay-type":"","overlay-color":"","overlay-opacity":"","overlay-gradient":""},"tablet":{"background-color":"","background-image":"","background-repeat":"repeat","background-position":"center center","background-size":"auto","background-attachment":"scroll","background-type":"","background-media":"","overlay-type":"","overlay-color":"","overlay-opacity":"","overlay-gradient":""},"mobile":{"background-color":"","background-image":"","background-repeat":"repeat","background-position":"center center","background-size":"auto","background-attachment":"scroll","background-type":"","background-media":"","overlay-type":"","overlay-color":"","overlay-opacity":"","overlay-gradient":""}},"ast-content-background-meta":{"desktop":{"background-color":"var(--ast-global-color-5)","background-image":"","background-repeat":"repeat","background-position":"center center","background-size":"auto","background-attachment":"scroll","background-type":"","background-media":"","overlay-type":"","overlay-color":"","overlay-opacity":"","overlay-gradient":""},"tablet":{"background-color":"var(--ast-global-color-5)","background-image":"","background-repeat":"repeat","background-position":"center center","background-size":"auto","background-attachment":"scroll","background-type":"","background-media":"","overlay-type":"","overlay-color":"","overlay-opacity":"","overlay-gradient":""},"mobile":{"background-color":"var(--ast-global-color-5)","background-image":"","background-repeat":"repeat","background-position":"center center","background-size":"auto","background-attachment":"scroll","background-type":"","background-media":"","overlay-type":"","overlay-color":"","overlay-opacity":"","overlay-gradient":""}},"footnotes":""},"class_list":["post-9072","page","type-page","status-publish","hentry"],"post_mailing_queue_ids":[],"_links":{"self":[{"href":"https:\/\/serveiseducatius.xtec.cat\/sarria-santgervasi\/wp-json\/wp\/v2\/pages\/9072","targetHints":{"allow":["GET"]}}],"collection":[{"href":"https:\/\/serveiseducatius.xtec.cat\/sarria-santgervasi\/wp-json\/wp\/v2\/pages"}],"about":[{"href":"https:\/\/serveiseducatius.xtec.cat\/sarria-santgervasi\/wp-json\/wp\/v2\/types\/page"}],"author":[{"embeddable":true,"href":"https:\/\/serveiseducatius.xtec.cat\/sarria-santgervasi\/wp-json\/wp\/v2\/users\/5"}],"replies":[{"embeddable":true,"href":"https:\/\/serveiseducatius.xtec.cat\/sarria-santgervasi\/wp-json\/wp\/v2\/comments?post=9072"}],"version-history":[{"count":2,"href":"https:\/\/serveiseducatius.xtec.cat\/sarria-santgervasi\/wp-json\/wp\/v2\/pages\/9072\/revisions"}],"predecessor-version":[{"id":9135,"href":"https:\/\/serveiseducatius.xtec.cat\/sarria-santgervasi\/wp-json\/wp\/v2\/pages\/9072\/revisions\/9135"}],"up":[{"embeddable":true,"href":"https:\/\/serveiseducatius.xtec.cat\/sarria-santgervasi\/wp-json\/wp\/v2\/pages\/8819"}],"wp:attachment":[{"href":"https:\/\/serveiseducatius.xtec.cat\/sarria-santgervasi\/wp-json\/wp\/v2\/media?parent=9072"}],"curies":[{"name":"wp","href":"https:\/\/api.w.org\/{rel}","templated":true}]}}