{"id":8947,"date":"2018-12-14T11:11:50","date_gmt":"2018-12-14T10:11:50","guid":{"rendered":"http:\/\/serveiseducatius.xtec.cat\/sarria-santgervasi\/?page_id=8947"},"modified":"2024-09-30T10:36:15","modified_gmt":"2024-09-30T08:36:15","slug":"aparells-tecnologics","status":"publish","type":"page","link":"https:\/\/serveiseducatius.xtec.cat\/sarria-santgervasi\/recursos\/aparells-tecnologics\/","title":{"rendered":"Aparells tecnol\u00f2gics"},"content":{"rendered":"<p>&nbsp;<\/p>\n<p><strong>Aparells tecnol\u00f2gics en pr\u00e9stec al centres de la zona<\/strong><\/p>\n<p>Per tal de tenir en pr\u00e9stec els aparells tecnol\u00f2gics de que disposa el CRP de Sarri\u00e0-Sant Gervasi cal consultar el <a href=\"https:\/\/docs.google.com\/document\/d\/1ALwuo1dpvvrU_EXOS6gBbZYIAIKwfn_HAZL72vP7x3Y\/edit?usp=sharing\"><strong><span style=\"color: #0000ff;\">cat\u00e0leg<\/span><\/strong>, <\/a>descarregar el document plantilla de <span style=\"color: #0000ff;\"><strong><a style=\"color: #0000ff;\" href=\"https:\/\/docs.google.com\/document\/d\/1AAF8uAZ3iTw2eHBWNgTYsft0GI1d81fd4ygH1cWOVuo\/edit?usp=sharing\"><span style=\"color: #0000ff;\">Fitxa de pr\u00e9stec d&#8217;aparells<\/span><\/a><\/strong><\/span>, omplir-lo i enviar-lo al correu del CRP: <a href=\"mailto:crp-sarria-santgervasi@xtec.cat\">crp-sarria-santgervasi@xtec.cat<\/a><\/p>\n<p><span style=\"color: #ff0000;\"><strong>(el pr\u00e9stec d&#8217;aparells s&#8217;obrir\u00e0 la segona quinzena d&#8217;octubre 2024. Si teniu una urg\u00e8ncia, escriviu al CRP)<\/strong><\/span><\/p>\n<ul>\n<li><a href=\"https:\/\/docs.google.com\/document\/d\/1ALwuo1dpvvrU_EXOS6gBbZYIAIKwfn_HAZL72vP7x3Y\/edit?usp=sharing\"><span style=\"color: #0000ff;\"><strong>Cat\u00e0leg<\/strong><\/span><\/a><\/li>\n<li><span style=\"color: #0000ff;\"><strong><a style=\"color: #0000ff;\" href=\"https:\/\/docs.google.com\/document\/d\/1AAF8uAZ3iTw2eHBWNgTYsft0GI1d81fd4ygH1cWOVuo\/edit?usp=sharing\">Fitxa de pr\u00e9stec d&#8217;aparells<\/a><a style=\"color: #0000ff;\" href=\"https:\/\/docs.google.com\/document\/d\/1AAF8uAZ3iTw2eHBWNgTYsft0GI1d81fd4ygH1cWOVuo\/edit?usp=sharing\"> (document a descarregar i enviar omplert)<\/a><\/strong><\/span><\/li>\n<\/ul>\n<hr \/>\n<p><span style=\"color: #0b5394; font-size: medium;\"><b>Equipament d&#8217;\u00fas al CRP<\/b><\/span><\/p>\n<ul>\n<li>Plastificadora de documents<\/li>\n<li>Enquadernadora<\/li>\n<li>Guillotina<\/li>\n<\/ul>\n","protected":false},"excerpt":{"rendered":"<p>&nbsp; Aparells tecnol\u00f2gics en pr\u00e9stec al centres de la zona Per tal de tenir en pr\u00e9stec els aparells tecnol\u00f2gics de que disposa el CRP de Sarri\u00e0-Sant Gervasi cal consultar el cat\u00e0leg, descarregar el document plantilla de Fitxa de pr\u00e9stec d&#8217;aparells, omplir-lo i enviar-lo al correu del CRP: crp-sarria-santgervasi@xtec.cat (el pr\u00e9stec d&#8217;aparells s&#8217;obrir\u00e0 la segona quinzena [&hellip;]<\/p>\n","protected":false},"author":5,"featured_media":0,"parent":906,"menu_order":2,"comment_status":"closed","ping_status":"closed","template":"","meta":{"_bbp_topic_count":0,"_bbp_reply_count":0,"_bbp_total_topic_count":0,"_bbp_total_reply_count":0,"_bbp_voice_count":0,"_bbp_anonymous_reply_count":0,"_bbp_topic_count_hidden":0,"_bbp_reply_count_hidden":0,"_bbp_forum_subforum_count":0,"site-sidebar-layout":"default","site-content-layout":"","ast-site-content-layout":"","site-content-style":"default","site-sidebar-style":"default","ast-global-header-display":"","ast-banner-title-visibility":"","ast-main-header-display":"","ast-hfb-above-header-display":"","ast-hfb-below-header-display":"","ast-hfb-mobile-header-display":"","site-post-title":"","ast-breadcrumbs-content":"","ast-featured-img":"","footer-sml-layout":"","theme-transparent-header-meta":"","adv-header-id-meta":"","stick-header-meta":"","header-above-stick-meta":"","header-main-stick-meta":"","header-below-stick-meta":"","astra-migrate-meta-layouts":"default","ast-page-background-enabled":"default","ast-page-background-meta":{"desktop":{"background-color":"var(--ast-global-color-4)","background-image":"","background-repeat":"repeat","background-position":"center center","background-size":"auto","background-attachment":"scroll","background-type":"","background-media":"","overlay-type":"","overlay-color":"","overlay-opacity":"","overlay-gradient":""},"tablet":{"background-color":"","background-image":"","background-repeat":"repeat","background-position":"center center","background-size":"auto","background-attachment":"scroll","background-type":"","background-media":"","overlay-type":"","overlay-color":"","overlay-opacity":"","overlay-gradient":""},"mobile":{"background-color":"","background-image":"","background-repeat":"repeat","background-position":"center center","background-size":"auto","background-attachment":"scroll","background-type":"","background-media":"","overlay-type":"","overlay-color":"","overlay-opacity":"","overlay-gradient":""}},"ast-content-background-meta":{"desktop":{"background-color":"var(--ast-global-color-5)","background-image":"","background-repeat":"repeat","background-position":"center center","background-size":"auto","background-attachment":"scroll","background-type":"","background-media":"","overlay-type":"","overlay-color":"","overlay-opacity":"","overlay-gradient":""},"tablet":{"background-color":"var(--ast-global-color-5)","background-image":"","background-repeat":"repeat","background-position":"center center","background-size":"auto","background-attachment":"scroll","background-type":"","background-media":"","overlay-type":"","overlay-color":"","overlay-opacity":"","overlay-gradient":""},"mobile":{"background-color":"var(--ast-global-color-5)","background-image":"","background-repeat":"repeat","background-position":"center center","background-size":"auto","background-attachment":"scroll","background-type":"","background-media":"","overlay-type":"","overlay-color":"","overlay-opacity":"","overlay-gradient":""}},"footnotes":""},"class_list":["post-8947","page","type-page","status-publish","hentry"],"post_mailing_queue_ids":[],"_links":{"self":[{"href":"https:\/\/serveiseducatius.xtec.cat\/sarria-santgervasi\/wp-json\/wp\/v2\/pages\/8947","targetHints":{"allow":["GET"]}}],"collection":[{"href":"https:\/\/serveiseducatius.xtec.cat\/sarria-santgervasi\/wp-json\/wp\/v2\/pages"}],"about":[{"href":"https:\/\/serveiseducatius.xtec.cat\/sarria-santgervasi\/wp-json\/wp\/v2\/types\/page"}],"author":[{"embeddable":true,"href":"https:\/\/serveiseducatius.xtec.cat\/sarria-santgervasi\/wp-json\/wp\/v2\/users\/5"}],"replies":[{"embeddable":true,"href":"https:\/\/serveiseducatius.xtec.cat\/sarria-santgervasi\/wp-json\/wp\/v2\/comments?post=8947"}],"version-history":[{"count":4,"href":"https:\/\/serveiseducatius.xtec.cat\/sarria-santgervasi\/wp-json\/wp\/v2\/pages\/8947\/revisions"}],"predecessor-version":[{"id":14537,"href":"https:\/\/serveiseducatius.xtec.cat\/sarria-santgervasi\/wp-json\/wp\/v2\/pages\/8947\/revisions\/14537"}],"up":[{"embeddable":true,"href":"https:\/\/serveiseducatius.xtec.cat\/sarria-santgervasi\/wp-json\/wp\/v2\/pages\/906"}],"wp:attachment":[{"href":"https:\/\/serveiseducatius.xtec.cat\/sarria-santgervasi\/wp-json\/wp\/v2\/media?parent=8947"}],"curies":[{"name":"wp","href":"https:\/\/api.w.org\/{rel}","templated":true}]}}