{"id":8945,"date":"2018-12-14T11:07:55","date_gmt":"2018-12-14T10:07:55","guid":{"rendered":"http:\/\/serveiseducatius.xtec.cat\/sarria-santgervasi\/?page_id=8945"},"modified":"2025-10-15T11:17:11","modified_gmt":"2025-10-15T09:17:11","slug":"maletes-pedagogiques-2","status":"publish","type":"page","link":"https:\/\/serveiseducatius.xtec.cat\/sarria-santgervasi\/recursos\/maletes-pedagogiques-2\/","title":{"rendered":"Maletes pedag\u00f2giques"},"content":{"rendered":"<p><a href=\"https:\/\/serveiseducatius.xtec.cat\/sarria-santgervasi\/wp-content\/uploads\/usu1168\/2024\/10\/Imatge-formulari-i-web-2.png\"><img loading=\"lazy\" decoding=\"async\" class=\"aligncenter size-full wp-image-14559\" src=\"https:\/\/serveiseducatius.xtec.cat\/sarria-santgervasi\/wp-content\/uploads\/usu1168\/2024\/10\/Imatge-formulari-i-web-2.png\" alt=\"\" width=\"1280\" height=\"322\" srcset=\"https:\/\/serveiseducatius.xtec.cat\/sarria-santgervasi\/wp-content\/uploads\/usu1168\/2024\/10\/Imatge-formulari-i-web-2.png 1280w, https:\/\/serveiseducatius.xtec.cat\/sarria-santgervasi\/wp-content\/uploads\/usu1168\/2024\/10\/Imatge-formulari-i-web-2-300x75.png 300w, https:\/\/serveiseducatius.xtec.cat\/sarria-santgervasi\/wp-content\/uploads\/usu1168\/2024\/10\/Imatge-formulari-i-web-2-1024x258.png 1024w, https:\/\/serveiseducatius.xtec.cat\/sarria-santgervasi\/wp-content\/uploads\/usu1168\/2024\/10\/Imatge-formulari-i-web-2-768x193.png 768w\" sizes=\"auto, (max-width: 1280px) 100vw, 1280px\" \/><\/a><\/p>\n<p>Anomenem maletes pedag\u00f2giques a les caixes did\u00e0ctiques, motxilles, kits, maletes,&#8230; que contenen material did\u00e0ctic i pedag\u00f2gic per a treballar aspectes competencials amb l&#8217;alumnat d&#8217;educaci\u00f3 infantil, prim\u00e0ria i\/o secund\u00e0ria. Les maletes inclouen materials de lectura o manipulatius, que permeten treballar de manera individualitzada o en petit grup aspectes relacionats amb diferents aspectes competencials. Algunes de les maletes s\u00f3n pr\u00f2pies del CRP i d\u2019altres en disposem en r\u00e8gim de pr\u00e9stec, cedides per altres entitats.<\/p>\n<h4><span style=\"color: #0587a1;\"><strong>Consulteu la fitxa informativa de cada maleta per con\u00e8ixer el seu contingut:<\/strong><\/span><\/h4>\n<table style=\"height: 110px; width: 100%; border-collapse: collapse; border-color: #218e91; background-color: #ebfeff;\">\n<tbody>\n<tr style=\"height: 32px;\">\n<td style=\"width: 50%; height: 32px; text-align: center;\"><strong>\u00c0MBIT<\/strong><\/td>\n<td style=\"width: 50%; height: 32px; text-align: center;\"><strong>RELACI\u00d3 DE MALETES EN PR\u00c9STEC<\/strong><\/td>\n<\/tr>\n<tr style=\"height: 46px;\">\n<td style=\"width: 50%; height: 46px;\"><span style=\"color: #0587a1;\"><strong>Perspectiva de g\u00e8nere i interseccionalitat<\/strong><\/span><\/p>\n<p><span style=\"color: #000000;\">Parlar de<em>\u00a0perspectiva de g\u00e8nere<\/em> en l\u2019\u00e0mbit dels contes i les publicacions dirigides a inf\u00e0ncia, significa analitzar aquestes relacions de g\u00e8nere (quantitativament i qualitativament) que\u00a0 apareixen als contes. Tenir present en tot moment el nombre de personatges femenins i masculins que apareixen (principals, secundaris i extres) i les relacions que s\u2019estableixen entre aquests.<\/span><\/p>\n<p>Si posem la\u00a0<em>mirada interseccion<\/em>al a l\u2019hora de triar i explicar contes, ens adonarem que cal obrir el ventall de personatges que apareixen. Els contes estan plens de personatges blancs,\u00a0 europeus, d\u2019una determinada classe, or\u00edgens, color de pell, etc. Mostrem a la canalla com \u00e9s la\u00a0 societat, sense perjudicis, sense victimitzar i valorant la diversitat. Aquesta mirada tamb\u00e9 est\u00e0 inclosa en aquesta selecci\u00f3 de t\u00edtols proposada.<\/td>\n<td style=\"width: 50%; height: 46px;\">\n<ul>\n<li>\n<h6><a href=\"https:\/\/drive.google.com\/file\/d\/1K0XsPYtqSqCFYZdqCBnXef7shg51wvR9\/view?usp=drive_link\"><span style=\"color: #82b59c;\"><strong>Ca<\/strong><strong>nvia el conte. Exposici\u00f3 port\u00e0til<\/strong> (SEC)<\/span><\/a><\/h6>\n<\/li>\n<li>\n<h6><a href=\"https:\/\/drive.google.com\/file\/d\/1PFWze28HaHDXGAiE6oF6ipv6nEp-Iuh-\/view?usp=drive_link\"><span style=\"color: #82b59c;\"><strong>Contes Coeducatius. Maleta 1<\/strong> (EI &#8211; CI)<\/span><\/a><\/h6>\n<\/li>\n<li>\n<h6><a href=\"https:\/\/drive.google.com\/file\/d\/13jis-IBmPm5HhRH8LvD5CkU2CrlWq8ot\/view?usp=drive_link\"><span style=\"color: #82b59c;\"><strong>Contes Coeducatius. Maleta 2<\/strong> (CM-CS)<\/span><\/a><\/h6>\n<\/li>\n<li>\n<h6><a href=\"https:\/\/drive.google.com\/file\/d\/1bF-CcEQd21In1qW8V1E5ucaIvtUHrEdo\/view?usp=drive_link\"><span style=\"color: #82b59c;\"><strong>\u00c9s la meva responsabilitat. Exposici\u00f3 port\u00e0til\u00a0<\/strong>(CS -SEC)<\/span><\/a><\/h6>\n<\/li>\n<li>\n<h6><a href=\"https:\/\/drive.google.com\/file\/d\/1pNZlio4M8AorjNIN0ZD804C-WedAWSuj\/view?usp=drive_link\"><span style=\"color: #82b59c;\"><strong>Les ulleres violetes <\/strong>(EI-CI)<\/span><\/a><\/h6>\n<\/li>\n<li>\n<h6><a href=\"https:\/\/drive.google.com\/file\/d\/1WhbFNQTQsp57zBB-bg68zEyyC5iafBcv\/view?usp=drive_link\"><span style=\"color: #82b59c;\"><strong>Respecta\u2019m! Prevenci\u00f3 de l&#8217;assetjament entre iguals (EI-PR)<\/strong><\/span><\/a><\/h6>\n<\/li>\n<li>\n<h6><a href=\"https:\/\/drive.google.com\/file\/d\/1-xiNpwa8AYEzeW9od2EqaKH2NCUftk5K\/view?usp=drive_link\"><span style=\"color: #82b59c;\"><strong>Versions de contes populars<\/strong> (EI-PRI)<\/span><\/a><\/h6>\n<\/li>\n<li>\n<h6><a href=\"https:\/\/drive.google.com\/file\/d\/1dEdv9lZa1n0WGXMSGOKX7MiUfR9svZBh\/view?usp=drive_link\"><span style=\"color: #82b59c;\"><strong>Les caputxes vermelles (EI &#8211; PRI)<\/strong><\/span><\/a><\/h6>\n<\/li>\n<\/ul>\n<\/td>\n<\/tr>\n<tr style=\"height: 32px;\">\n<td style=\"width: 50%; height: 32px;\"><b><span style=\"color: #6da8a8;\"><span style=\"color: #0587a1;\"><strong>Conviv\u00e8ncia i valors<\/strong><\/span><\/span><\/b><\/p>\n<p>L\u2019escola \u00e9s el reflex de la societat i, alhora, \u00e9s un espai privilegiat on tots els ciutadans i ciutadanes adquireixen uns coneixements i uns h\u00e0bits de socialitzaci\u00f3 i de relaci\u00f3 amb els altres. Un dels seus objectius b\u00e0sics ha de ser ensenyar i aprendre a viure i conviure; ha de fomentar i liderar la conviv\u00e8ncia, tant a l\u2019interior del centre educatiu com al seu entorn immediat. Font: <strong><a href=\"http:\/\/xtec.gencat.cat\/ca\/centres\/projeducatiu\/convivencia\/\">Projecte de Conviv\u00e8ncia.<\/a> Departament d\u2019Ensenyament.<\/strong><\/p>\n<h5><span style=\"color: #6da8a8;\"><b><span style=\"color: #0587a1;\"><strong>Emocions<\/strong><\/span><\/b><\/span><\/h5>\n<p>Els alumnes han de desenvolupar l\u2019habilitat de prendre consci\u00e8ncia de les pr\u00f2pies emocions i les dels altres i la capacitat de regular la resposta utilitzant estrat\u00e8gies que facilitin la conviv\u00e8ncia.\u00a0<em>Consci\u00e8ncia i regulaci\u00f3 emocional s\u00f3n elements essencials en la construcci\u00f3 del benestar personal i col\u00b7lectiu<\/em>.\u00a0<b><i>Les emocions al curr\u00edculum.\u00a0<\/i><\/b><\/td>\n<td style=\"width: 50%; height: 32px;\">\n<ul>\n<li><a href=\"https:\/\/drive.google.com\/file\/d\/1Hjv5NEiu5u6v3o6WsAe_XbNjjAxIRXwu\/view?usp=drive_link\"><span style=\"color: #82b59c;\"><strong>Kits Caixa Valors<\/strong><\/span><\/a><\/li>\n<li><a href=\"https:\/\/drive.google.com\/file\/d\/1VDCHHZwNFEV9JKy_VnysbJONtQkOQKcZ\/view?usp=drive_link\"><span style=\"color: #82b59c;\"><strong>Tothom a taula<\/strong><\/span><\/a><\/li>\n<\/ul>\n<\/td>\n<\/tr>\n<tr>\n<td style=\"width: 50%;\"><span style=\"color: #82b59c;\"><strong><span style=\"color: #0587a1;\">STEAM<\/span><\/strong><\/span><\/p>\n<p>El terme <strong style=\"font-family: inherit; font-size: 1em;\">STEAM<\/strong><span style=\"font-family: inherit; font-size: 1em;\"> fa refer\u00e8ncia a model d\u2019aprenentatge\u00a0\u00a0interdisciplinari basat en l\u2019ensenyament de\u00a0 5 disciplines de manera integrada en lloc d\u2019\u00e0rees de coneixement habitualment compartimentades.\u00a0<\/span>El terme<strong>\u00a0STEM\u00a0<\/strong>\u00e9s un acr\u00f2nim que correspon a les inicials de les paraules en angl\u00e8s\u00a0<strong>S<\/strong>cience,\u00a0<strong>T<\/strong>echnology,\u00a0<strong>E<\/strong>ngineering and\u00a0<strong>M<\/strong>aths, que va ser encunyat en els anys noranta per la National Science Foundation.<\/p>\n<p>En els \u00faltims anys s\u2019ha afegit a les sigles STEM, l\u2019<strong>A<\/strong>\u00a0d\u2019Art i\u00a0<strong>Disseny<\/strong>. Aquesta transformaci\u00f3 va ser liderada per la\u00a0<em>Rhode Island School of Design<\/em>, i avui est\u00e0 estesa a molts pa\u00efsos. Es tracta d\u2019unir les habilitats art\u00edstiques i creatives amb l\u2019STEM, i aix\u00ed, valorar aspectes com la innovaci\u00f3 i el disseny, el desenvolupament de la curiositat i la imaginaci\u00f3 o la recerca de solucions diverses a un \u00fanic problema. [<a href=\"http:\/\/odite.ciberespiral.org\/ca\/comunitat\/ODITE\/recurs\/stem-steam-pero-eso-que-es\/58713dbd-414c-40eb-9643-5dee56f191d3\">Font]<\/a><\/p>\n<p><strong><em>L\u2019objectiu principal \u00e9s el de fomentar les vocacions cient\u00edfico-tecnol\u00f2giques\u00a0 en l\u2019alumnat, especialment entre les alumnes<\/em><\/strong><em>\u00a0<\/em><\/td>\n<td style=\"width: 50%;\">\n<h4><span style=\"color: #0587a1;\"><strong>Art i Creativitat<\/strong><\/span><\/h4>\n<ul>\n<li>\n<h5><a href=\"https:\/\/drive.google.com\/file\/d\/1g0SSu3RJAfwpV8ffwFUj8iz1dsgSp_R0\/view?usp=drive_link\"><span style=\"color: #82b59c;\"><strong>ExpressART, museu port\u00e0til<\/strong><\/span><\/a><\/h5>\n<\/li>\n<\/ul>\n<h4><span style=\"color: #0587a1;\"><strong>Ci\u00e8ncia<\/strong><\/span><\/h4>\n<ul>\n<li>\n<h5><a href=\"https:\/\/drive.google.com\/file\/d\/1r8bL6n2EBHJBxYy7opOXY3XFUMNS_8wg\/view?usp=drive_link\"><span style=\"color: #82b59c;\"><strong>NanoKit (SEC)<\/strong><\/span><\/a><\/h5>\n<\/li>\n<li>\n<h5><a href=\"https:\/\/drive.google.com\/file\/d\/1CmtzVLDjoDOojnnwO-I59TO9lMI7K3_8\/view?usp=drive_link\"><span style=\"color: #82b59c;\"><strong>Micro:bit i Ring:bit Car<\/strong><\/span><\/a><\/h5>\n<\/li>\n<\/ul>\n<h3 dir=\"ltr\"><span style=\"color: #0587a1;\"><strong>Matem\u00e0tiques<\/strong><\/span><\/h3>\n<ul>\n<li>\n<h5><a href=\"https:\/\/drive.google.com\/file\/d\/1hRmaIiipguIlxBDHVFae9Q12nkm5PP5t\/view?usp=drive_link\"><span style=\"color: #82b59c;\"><strong>Geometria (CS i ESO1)<\/strong><\/span><\/a><\/h5>\n<\/li>\n<li>\n<h5><a href=\"https:\/\/drive.google.com\/file\/d\/18HlArE22gh0skB2fLsxklp6flKkeRl04\/view?usp=drive_link\"><span style=\"color: #82b59c;\"><strong>Matem\u00e0tiques Museu MMACA<\/strong><\/span><\/a><\/h5>\n<\/li>\n<\/ul>\n<\/td>\n<\/tr>\n<tr>\n<td style=\"width: 50%;\"><span style=\"color: #82b59c;\"><strong><span style=\"color: #0587a1;\">LLENGUA<\/span><\/strong><\/span><\/td>\n<td style=\"width: 50%;\">\n<h3 dir=\"ltr\"><span style=\"color: #0587a1;\"><strong>Lectura<\/strong><\/span><\/h3>\n<ul>\n<li>\n<h5><a href=\"https:\/\/drive.google.com\/file\/d\/1xeAdumaAFMG6sq4vt5p2_-JGdQ_Eh628\/view?usp=drive_link\"><span style=\"color: #82b59c;\">Lectoescriptura a cicle inicial (CI)<\/span><\/a><\/h5>\n<\/li>\n<\/ul>\n<h4><span style=\"color: #0587a1;\"><strong>\u00a0<\/strong><\/span><\/h4>\n<\/td>\n<\/tr>\n<\/tbody>\n<\/table>\n<h4><span style=\"color: #0587a1;\"><strong>Condicions del pr\u00e9stec i formulari de sol\u00b7licitud:<\/strong><\/span><\/h4>\n<p>Per tal de fer la sol\u00b7licitud cal que ompliu el <strong><a href=\"https:\/\/forms.gle\/pGFwr7VDFCPXXRnW6\">Formulari de reserva<\/a>.\u00a0<\/strong><\/p>\n<div id=\"sites-canvas-main\" class=\"sites-canvas-main\">\n<div id=\"sites-canvas-main-content\">\n<div class=\"sites-layout-name-three-column-hf sites-layout-vbox\">\n<div><\/div>\n<\/div>\n<\/div>\n<\/div>\n","protected":false},"excerpt":{"rendered":"<p>Anomenem maletes pedag\u00f2giques a les caixes did\u00e0ctiques, motxilles, kits, maletes,&#8230; que contenen material did\u00e0ctic i pedag\u00f2gic per a treballar aspectes competencials amb l&#8217;alumnat d&#8217;educaci\u00f3 infantil, prim\u00e0ria i\/o secund\u00e0ria. Les maletes inclouen materials de lectura o manipulatius, que permeten treballar de manera individualitzada o en petit grup aspectes relacionats amb diferents aspectes competencials. Algunes de les [&hellip;]<\/p>\n","protected":false},"author":5,"featured_media":0,"parent":906,"menu_order":1,"comment_status":"closed","ping_status":"closed","template":"","meta":{"_bbp_topic_count":0,"_bbp_reply_count":0,"_bbp_total_topic_count":0,"_bbp_total_reply_count":0,"_bbp_voice_count":0,"_bbp_anonymous_reply_count":0,"_bbp_topic_count_hidden":0,"_bbp_reply_count_hidden":0,"_bbp_forum_subforum_count":0,"site-sidebar-layout":"default","site-content-layout":"","ast-site-content-layout":"","site-content-style":"default","site-sidebar-style":"default","ast-global-header-display":"","ast-banner-title-visibility":"","ast-main-header-display":"","ast-hfb-above-header-display":"","ast-hfb-below-header-display":"","ast-hfb-mobile-header-display":"","site-post-title":"","ast-breadcrumbs-content":"","ast-featured-img":"","footer-sml-layout":"","theme-transparent-header-meta":"","adv-header-id-meta":"","stick-header-meta":"","header-above-stick-meta":"","header-main-stick-meta":"","header-below-stick-meta":"","astra-migrate-meta-layouts":"default","ast-page-background-enabled":"default","ast-page-background-meta":{"desktop":{"background-color":"var(--ast-global-color-4)","background-image":"","background-repeat":"repeat","background-position":"center center","background-size":"auto","background-attachment":"scroll","background-type":"","background-media":"","overlay-type":"","overlay-color":"","overlay-opacity":"","overlay-gradient":""},"tablet":{"background-color":"","background-image":"","background-repeat":"repeat","background-position":"center center","background-size":"auto","background-attachment":"scroll","background-type":"","background-media":"","overlay-type":"","overlay-color":"","overlay-opacity":"","overlay-gradient":""},"mobile":{"background-color":"","background-image":"","background-repeat":"repeat","background-position":"center center","background-size":"auto","background-attachment":"scroll","background-type":"","background-media":"","overlay-type":"","overlay-color":"","overlay-opacity":"","overlay-gradient":""}},"ast-content-background-meta":{"desktop":{"background-color":"var(--ast-global-color-5)","background-image":"","background-repeat":"repeat","background-position":"center center","background-size":"auto","background-attachment":"scroll","background-type":"","background-media":"","overlay-type":"","overlay-color":"","overlay-opacity":"","overlay-gradient":""},"tablet":{"background-color":"var(--ast-global-color-5)","background-image":"","background-repeat":"repeat","background-position":"center center","background-size":"auto","background-attachment":"scroll","background-type":"","background-media":"","overlay-type":"","overlay-color":"","overlay-opacity":"","overlay-gradient":""},"mobile":{"background-color":"var(--ast-global-color-5)","background-image":"","background-repeat":"repeat","background-position":"center center","background-size":"auto","background-attachment":"scroll","background-type":"","background-media":"","overlay-type":"","overlay-color":"","overlay-opacity":"","overlay-gradient":""}},"footnotes":""},"class_list":["post-8945","page","type-page","status-publish","hentry"],"post_mailing_queue_ids":[],"_links":{"self":[{"href":"https:\/\/serveiseducatius.xtec.cat\/sarria-santgervasi\/wp-json\/wp\/v2\/pages\/8945","targetHints":{"allow":["GET"]}}],"collection":[{"href":"https:\/\/serveiseducatius.xtec.cat\/sarria-santgervasi\/wp-json\/wp\/v2\/pages"}],"about":[{"href":"https:\/\/serveiseducatius.xtec.cat\/sarria-santgervasi\/wp-json\/wp\/v2\/types\/page"}],"author":[{"embeddable":true,"href":"https:\/\/serveiseducatius.xtec.cat\/sarria-santgervasi\/wp-json\/wp\/v2\/users\/5"}],"replies":[{"embeddable":true,"href":"https:\/\/serveiseducatius.xtec.cat\/sarria-santgervasi\/wp-json\/wp\/v2\/comments?post=8945"}],"version-history":[{"count":7,"href":"https:\/\/serveiseducatius.xtec.cat\/sarria-santgervasi\/wp-json\/wp\/v2\/pages\/8945\/revisions"}],"predecessor-version":[{"id":15029,"href":"https:\/\/serveiseducatius.xtec.cat\/sarria-santgervasi\/wp-json\/wp\/v2\/pages\/8945\/revisions\/15029"}],"up":[{"embeddable":true,"href":"https:\/\/serveiseducatius.xtec.cat\/sarria-santgervasi\/wp-json\/wp\/v2\/pages\/906"}],"wp:attachment":[{"href":"https:\/\/serveiseducatius.xtec.cat\/sarria-santgervasi\/wp-json\/wp\/v2\/media?parent=8945"}],"curies":[{"name":"wp","href":"https:\/\/api.w.org\/{rel}","templated":true}]}}