{"id":8819,"date":"2018-12-12T11:51:31","date_gmt":"2018-12-12T10:51:31","guid":{"rendered":"http:\/\/serveiseducatius.xtec.cat\/sarria-santgervasi\/?page_id=8819"},"modified":"2019-02-04T09:18:33","modified_gmt":"2019-02-04T08:18:33","slug":"innovacio","status":"publish","type":"page","link":"https:\/\/serveiseducatius.xtec.cat\/sarria-santgervasi\/innovacio\/","title":{"rendered":"Innovaci\u00f3"},"content":{"rendered":"<div><a href=\"https:\/\/serveiseducatius.xtec.cat\/sarria-santgervasi\/wp-content\/uploads\/usu1168\/2019\/01\/innovaci\u00f32.png\"><img loading=\"lazy\" decoding=\"async\" class=\"wp-image-9851 alignleft\" src=\"https:\/\/serveiseducatius.xtec.cat\/sarria-santgervasi\/wp-content\/uploads\/usu1168\/2019\/01\/innovaci\u00f32.png\" alt=\"\" width=\"199\" height=\"269\" srcset=\"https:\/\/serveiseducatius.xtec.cat\/sarria-santgervasi\/wp-content\/uploads\/usu1168\/2019\/01\/innovaci\u00f32.png 333w, https:\/\/serveiseducatius.xtec.cat\/sarria-santgervasi\/wp-content\/uploads\/usu1168\/2019\/01\/innovaci\u00f32-222x300.png 222w\" sizes=\"auto, (max-width: 199px) 100vw, 199px\" \/><\/a><\/div>\n<h4><b><\/b><span lang=\"CA\"><span style=\"color: #0c343d;\"><b>Suport a plans i projectes<\/b><\/span>\u00a0<span style=\"color: #990000;\"><span style=\"font-family: Arial, sans-serif;\"><span style=\"font-size: x-large;\">\u00a0<b><br \/>\n<\/b><\/span><\/span><\/span><\/span><\/h4>\n<h5><span lang=\"CA\">Innovaci\u00f3 educativa i millora de les compet\u00e8ncies b\u00e0siques\u00a0<\/span><\/h5>\n<p><span style=\"font-family: arial, sans-serif; font-size: small;\"><span lang=\"CA\"><span style=\"color: #000000;\">Una de les\u00a0<a href=\"https:\/\/sites.google.com\/a\/xtec.cat\/crp-sarria-sant-gervasi\/inici\/crp#TOC-L-nies-principals-d-actuaci-del-CRP-de-Sarri--Sant-Gervasi\" target=\"_blank\" rel=\"noopener\">l\u00ednies principals<\/a>\u00a0d&#8217;actuaci\u00f3 del nostre servei, \u00e9s la de\u00a0<\/span><b>d<\/b><b>onar\u00a0<\/b><b>s<\/b><\/span><b>uport<\/b>\u00a0i assessorament als centres, en\u00a0<b>plans, programes o projectes\u00a0<\/b>de centre d&#8217;innovaci\u00f3 educativa<span style=\"color: #000000;\">\u00a0<\/span><span style=\"color: #000000;\">\u00a0i<b>\u00a0millora\u00a0<\/b>de les\u00a0<\/span><span style=\"color: #000000;\"><b><a href=\"https:\/\/sites.google.com\/a\/xtec.cat\/crp-sarria-sant-gervasi\/plans-i-projectes-innovacio\/nova-avaluacio-cb\" target=\"_blank\" rel=\"noopener\">compet\u00e8ncies b\u00e0siques<\/a><\/b><\/span><span style=\"color: #000000;\">\u00a0(c.b.), tot aportant informaci\u00f3, recursos i formaci\u00f3.<\/span><\/span><\/p>\n<p><span lang=\"CA\"><span style=\"color: #000000; font-size: small;\"><span style=\"font-family: arial, sans-serif;\">El Departament d&#8217;Ensenyament considera la innovaci\u00f3 com un dels motors de canvi del sistema educatiu i un element important per\u00a0millorar-ne la qualitat i la progressiva adequaci\u00f3 als reptes que l&#8217;evoluci\u00f3 social planteja. Una educaci\u00f3 innovadora \u00e9s aquella que incideix en all\u00f2 que s&#8217;ensenya i en com s&#8217;apr\u00e8n, que prioritza el gust per aprendre, l&#8217;est\u00edmul a pensar i l&#8217;esfor\u00e7 per entendre i que ajuda a despertar el sentit cr\u00edtic de l&#8217;alumnat i del professorat. Les finalitats b\u00e0siques de qualsevol innovaci\u00f3 han de ser millorar l&#8217;\u00e8xit escolar de tot l&#8217;alumnat, i promoure l&#8217;esfor\u00e7 de tots per aconseguir l&#8217;excel\u00b7l\u00e8ncia educativa<\/span><span style=\"font-family: arial, sans-serif;\">.<\/span><\/span><\/span><\/p>\n<p>El Servei\u00a0Educatiu posa a disposici\u00f3 dels centres el seu suport en el proc\u00e9s d&#8217;indagaci\u00f3 de noves idees, propostes i aportacions que comportin un canvi en els\u00a0contexts\u00a0i en la pr\u00e0ctica educativa a les aules, tot entenent que la innovaci\u00f3 no \u00e9s una activitat puntual sin\u00f3 un llarg viatge que s&#8217;atura a contemplar la vida a les aules, l&#8217;organitzaci\u00f3 dels centres, la din\u00e0mica de la comunitat educativa<\/p>\n","protected":false},"excerpt":{"rendered":"<p>Suport a plans i projectes\u00a0\u00a0 Innovaci\u00f3 educativa i millora de les compet\u00e8ncies b\u00e0siques\u00a0 Una de les\u00a0l\u00ednies principals\u00a0d&#8217;actuaci\u00f3 del nostre servei, \u00e9s la de\u00a0donar\u00a0suport\u00a0i assessorament als centres, en\u00a0plans, programes o projectes\u00a0de centre d&#8217;innovaci\u00f3 educativa\u00a0\u00a0i\u00a0millora\u00a0de les\u00a0compet\u00e8ncies b\u00e0siques\u00a0(c.b.), tot aportant informaci\u00f3, recursos i formaci\u00f3. El Departament d&#8217;Ensenyament considera la innovaci\u00f3 com un dels motors de canvi del sistema [&hellip;]<\/p>\n","protected":false},"author":5,"featured_media":0,"parent":0,"menu_order":0,"comment_status":"closed","ping_status":"closed","template":"","meta":{"_bbp_topic_count":0,"_bbp_reply_count":0,"_bbp_total_topic_count":0,"_bbp_total_reply_count":0,"_bbp_voice_count":0,"_bbp_anonymous_reply_count":0,"_bbp_topic_count_hidden":0,"_bbp_reply_count_hidden":0,"_bbp_forum_subforum_count":0,"site-sidebar-layout":"default","site-content-layout":"","ast-site-content-layout":"","site-content-style":"default","site-sidebar-style":"default","ast-global-header-display":"","ast-banner-title-visibility":"","ast-main-header-display":"","ast-hfb-above-header-display":"","ast-hfb-below-header-display":"","ast-hfb-mobile-header-display":"","site-post-title":"","ast-breadcrumbs-content":"","ast-featured-img":"","footer-sml-layout":"","theme-transparent-header-meta":"","adv-header-id-meta":"","stick-header-meta":"","header-above-stick-meta":"","header-main-stick-meta":"","header-below-stick-meta":"","astra-migrate-meta-layouts":"default","ast-page-background-enabled":"default","ast-page-background-meta":{"desktop":{"background-color":"var(--ast-global-color-4)","background-image":"","background-repeat":"repeat","background-position":"center center","background-size":"auto","background-attachment":"scroll","background-type":"","background-media":"","overlay-type":"","overlay-color":"","overlay-opacity":"","overlay-gradient":""},"tablet":{"background-color":"","background-image":"","background-repeat":"repeat","background-position":"center center","background-size":"auto","background-attachment":"scroll","background-type":"","background-media":"","overlay-type":"","overlay-color":"","overlay-opacity":"","overlay-gradient":""},"mobile":{"background-color":"","background-image":"","background-repeat":"repeat","background-position":"center center","background-size":"auto","background-attachment":"scroll","background-type":"","background-media":"","overlay-type":"","overlay-color":"","overlay-opacity":"","overlay-gradient":""}},"ast-content-background-meta":{"desktop":{"background-color":"var(--ast-global-color-5)","background-image":"","background-repeat":"repeat","background-position":"center center","background-size":"auto","background-attachment":"scroll","background-type":"","background-media":"","overlay-type":"","overlay-color":"","overlay-opacity":"","overlay-gradient":""},"tablet":{"background-color":"var(--ast-global-color-5)","background-image":"","background-repeat":"repeat","background-position":"center center","background-size":"auto","background-attachment":"scroll","background-type":"","background-media":"","overlay-type":"","overlay-color":"","overlay-opacity":"","overlay-gradient":""},"mobile":{"background-color":"var(--ast-global-color-5)","background-image":"","background-repeat":"repeat","background-position":"center center","background-size":"auto","background-attachment":"scroll","background-type":"","background-media":"","overlay-type":"","overlay-color":"","overlay-opacity":"","overlay-gradient":""}},"footnotes":""},"class_list":["post-8819","page","type-page","status-publish","hentry"],"post_mailing_queue_ids":[],"_links":{"self":[{"href":"https:\/\/serveiseducatius.xtec.cat\/sarria-santgervasi\/wp-json\/wp\/v2\/pages\/8819","targetHints":{"allow":["GET"]}}],"collection":[{"href":"https:\/\/serveiseducatius.xtec.cat\/sarria-santgervasi\/wp-json\/wp\/v2\/pages"}],"about":[{"href":"https:\/\/serveiseducatius.xtec.cat\/sarria-santgervasi\/wp-json\/wp\/v2\/types\/page"}],"author":[{"embeddable":true,"href":"https:\/\/serveiseducatius.xtec.cat\/sarria-santgervasi\/wp-json\/wp\/v2\/users\/5"}],"replies":[{"embeddable":true,"href":"https:\/\/serveiseducatius.xtec.cat\/sarria-santgervasi\/wp-json\/wp\/v2\/comments?post=8819"}],"version-history":[{"count":3,"href":"https:\/\/serveiseducatius.xtec.cat\/sarria-santgervasi\/wp-json\/wp\/v2\/pages\/8819\/revisions"}],"predecessor-version":[{"id":9852,"href":"https:\/\/serveiseducatius.xtec.cat\/sarria-santgervasi\/wp-json\/wp\/v2\/pages\/8819\/revisions\/9852"}],"wp:attachment":[{"href":"https:\/\/serveiseducatius.xtec.cat\/sarria-santgervasi\/wp-json\/wp\/v2\/media?parent=8819"}],"curies":[{"name":"wp","href":"https:\/\/api.w.org\/{rel}","templated":true}]}}