{"id":8522,"date":"2017-11-10T10:54:22","date_gmt":"2017-11-10T09:54:22","guid":{"rendered":"http:\/\/serveiseducatius.xtec.cat\/sarria-santgervasi\/?page_id=8522"},"modified":"2022-10-11T10:28:29","modified_gmt":"2022-10-11T08:28:29","slug":"usuari-xtec","status":"publish","type":"page","link":"https:\/\/serveiseducatius.xtec.cat\/sarria-santgervasi\/formacio\/mes-informacio\/usuari-xtec\/","title":{"rendered":"Usuari Xtec i Gicar"},"content":{"rendered":"<p>Sovint hi ha confusions entre les 2 credencials que tenim associades al nostre lloc de treball:<\/p>\n<ol>\n<li>XTEC<\/li>\n<li>GICAR<\/li>\n<\/ol>\n<p><strong>Les credencials\u00a0XTEC\u00a0serveixen per a accedir a<\/strong><\/p>\n<ul>\n<li>Compte de correu i serveis Google<\/li>\n<li>Connexi\u00f3 wifi\u00a0<em>Eduroam<\/em><\/li>\n<li><em>BlocsXTEC<\/em><\/li>\n<li><em>La meva formaci\u00f3<\/em>:\n<ul>\n<li>Revisar sol\u00b7licituds (i, si escau, anul\u00b7lar-les),\u00a0consultar assignacions i omplir q\u00fcestionaris<\/li>\n<li>Acc\u00e9s a\u00a0<em>Els meus certificats<\/em><\/li>\n<\/ul>\n<\/li>\n<\/ul>\n<p><strong>Les credencials\u00a0GICAR\u00a0serveixen per a accedir a<\/strong><\/p>\n<ul>\n<li><em>Portal de centre \/ Intranet<\/em><\/li>\n<li><em>ATRI<\/em><\/li>\n<li><em>Odissea<\/em><\/li>\n<li>Esfer@<\/li>\n<li><em>GUAC<\/em>, persones directores de centres concertats<\/li>\n<li>Altres aplicatius associats a llocs de treball o c\u00e0rrecs concrets. Exemples:\n<ul>\n<li><em>Espai de suport TIC<\/em>, les persones Coordinadores Digitals<\/li>\n<\/ul>\n<\/li>\n<\/ul>\n<h3><span style=\"color: #ff6600;\"><strong>USUARIS XTEC<\/strong><\/span><\/h3>\n<p style=\"text-align: center;\"><span style=\"color: #ff6600;\">Clica la imatge per accedir a l&#8217;enlla\u00e7<\/span><\/p>\n<p><a href=\"http:\/\/xtec.gencat.cat\/ca\/at_usuari\/gestio\/\" target=\"_blank\" rel=\"noopener\"><img loading=\"lazy\" decoding=\"async\" class=\"alignnone size-large wp-image-8677\" src=\"https:\/\/serveiseducatius.xtec.cat\/sarria-santgervasi\/wp-content\/uploads\/usu1168\/2018\/10\/Atenci\u00f3-a-l-usuari-\u00e0ria.-XTEC-Xarxa-Telem\u00e0tica-Educativa-de-Catalunya-1024x386.png\" alt=\"\" width=\"1024\" height=\"386\" srcset=\"https:\/\/serveiseducatius.xtec.cat\/sarria-santgervasi\/wp-content\/uploads\/usu1168\/2018\/10\/Atenci\u00f3-a-l-usuari-\u00e0ria.-XTEC-Xarxa-Telem\u00e0tica-Educativa-de-Catalunya-1024x386.png 1024w, https:\/\/serveiseducatius.xtec.cat\/sarria-santgervasi\/wp-content\/uploads\/usu1168\/2018\/10\/Atenci\u00f3-a-l-usuari-\u00e0ria.-XTEC-Xarxa-Telem\u00e0tica-Educativa-de-Catalunya-300x113.png 300w, https:\/\/serveiseducatius.xtec.cat\/sarria-santgervasi\/wp-content\/uploads\/usu1168\/2018\/10\/Atenci\u00f3-a-l-usuari-\u00e0ria.-XTEC-Xarxa-Telem\u00e0tica-Educativa-de-Catalunya-768x290.png 768w, https:\/\/serveiseducatius.xtec.cat\/sarria-santgervasi\/wp-content\/uploads\/usu1168\/2018\/10\/Atenci\u00f3-a-l-usuari-\u00e0ria.-XTEC-Xarxa-Telem\u00e0tica-Educativa-de-Catalunya.png 1183w\" sizes=\"auto, (max-width: 1024px) 100vw, 1024px\" \/><\/a><\/p>\n<h3><span style=\"color: #ff6600;\"><strong>USUARIS GICAR<\/strong><\/span><\/h3>\n<ul>\n<li class=\"LC20lb MBeuO DKV0Md\"><a href=\"https:\/\/autenticaciogicar4.extranet.gencat.cat\/siteminderagent\/forms\/autogestio_2016\/autogestio2016.fcc?TYPE=33554433&amp;REALMOID=06-000d6b22-98e4-1fdc-93e7-802b0a340000&amp;GUID=&amp;SMAUTHREASON=0&amp;METHOD=POST&amp;SMAGENTNAME=-SM-KntNS2TCt8Ex7Htch%2by923WLVxPxlV0hAn5iUxZukJE53B7smDSi626eiPkO7H2%2b&amp;TARGET=-SM-https%3a%2f%2fautenticaciogicar4%2eextranet%2egencat%2ecat%2fautogestio%2fprotegit%2finiCaptcha%2ejsp\">Portal d&#8217;autogesti\u00f3 de contrasenyes &#8211; Formulari de login GICAR<\/a><\/li>\n<\/ul>\n<hr \/>\n<p>&nbsp;<\/p>\n","protected":false},"excerpt":{"rendered":"<p>Sovint hi ha confusions entre les 2 credencials que tenim associades al nostre lloc de treball: XTEC GICAR Les credencials\u00a0XTEC\u00a0serveixen per a accedir a Compte de correu i serveis Google Connexi\u00f3 wifi\u00a0Eduroam BlocsXTEC La meva formaci\u00f3: Revisar sol\u00b7licituds (i, si escau, anul\u00b7lar-les),\u00a0consultar assignacions i omplir q\u00fcestionaris Acc\u00e9s a\u00a0Els meus certificats Les credencials\u00a0GICAR\u00a0serveixen per a accedir [&hellip;]<\/p>\n","protected":false},"author":4,"featured_media":0,"parent":467,"menu_order":3,"comment_status":"closed","ping_status":"closed","template":"","meta":{"_bbp_topic_count":0,"_bbp_reply_count":0,"_bbp_total_topic_count":0,"_bbp_total_reply_count":0,"_bbp_voice_count":0,"_bbp_anonymous_reply_count":0,"_bbp_topic_count_hidden":0,"_bbp_reply_count_hidden":0,"_bbp_forum_subforum_count":0,"site-sidebar-layout":"default","site-content-layout":"","ast-site-content-layout":"","site-content-style":"default","site-sidebar-style":"default","ast-global-header-display":"","ast-banner-title-visibility":"","ast-main-header-display":"","ast-hfb-above-header-display":"","ast-hfb-below-header-display":"","ast-hfb-mobile-header-display":"","site-post-title":"","ast-breadcrumbs-content":"","ast-featured-img":"","footer-sml-layout":"","theme-transparent-header-meta":"","adv-header-id-meta":"","stick-header-meta":"","header-above-stick-meta":"","header-main-stick-meta":"","header-below-stick-meta":"","astra-migrate-meta-layouts":"default","ast-page-background-enabled":"default","ast-page-background-meta":{"desktop":{"background-color":"var(--ast-global-color-4)","background-image":"","background-repeat":"repeat","background-position":"center center","background-size":"auto","background-attachment":"scroll","background-type":"","background-media":"","overlay-type":"","overlay-color":"","overlay-opacity":"","overlay-gradient":""},"tablet":{"background-color":"","background-image":"","background-repeat":"repeat","background-position":"center center","background-size":"auto","background-attachment":"scroll","background-type":"","background-media":"","overlay-type":"","overlay-color":"","overlay-opacity":"","overlay-gradient":""},"mobile":{"background-color":"","background-image":"","background-repeat":"repeat","background-position":"center center","background-size":"auto","background-attachment":"scroll","background-type":"","background-media":"","overlay-type":"","overlay-color":"","overlay-opacity":"","overlay-gradient":""}},"ast-content-background-meta":{"desktop":{"background-color":"var(--ast-global-color-5)","background-image":"","background-repeat":"repeat","background-position":"center center","background-size":"auto","background-attachment":"scroll","background-type":"","background-media":"","overlay-type":"","overlay-color":"","overlay-opacity":"","overlay-gradient":""},"tablet":{"background-color":"var(--ast-global-color-5)","background-image":"","background-repeat":"repeat","background-position":"center center","background-size":"auto","background-attachment":"scroll","background-type":"","background-media":"","overlay-type":"","overlay-color":"","overlay-opacity":"","overlay-gradient":""},"mobile":{"background-color":"var(--ast-global-color-5)","background-image":"","background-repeat":"repeat","background-position":"center center","background-size":"auto","background-attachment":"scroll","background-type":"","background-media":"","overlay-type":"","overlay-color":"","overlay-opacity":"","overlay-gradient":""}},"footnotes":""},"class_list":["post-8522","page","type-page","status-publish","hentry"],"post_mailing_queue_ids":[],"_links":{"self":[{"href":"https:\/\/serveiseducatius.xtec.cat\/sarria-santgervasi\/wp-json\/wp\/v2\/pages\/8522","targetHints":{"allow":["GET"]}}],"collection":[{"href":"https:\/\/serveiseducatius.xtec.cat\/sarria-santgervasi\/wp-json\/wp\/v2\/pages"}],"about":[{"href":"https:\/\/serveiseducatius.xtec.cat\/sarria-santgervasi\/wp-json\/wp\/v2\/types\/page"}],"author":[{"embeddable":true,"href":"https:\/\/serveiseducatius.xtec.cat\/sarria-santgervasi\/wp-json\/wp\/v2\/users\/4"}],"replies":[{"embeddable":true,"href":"https:\/\/serveiseducatius.xtec.cat\/sarria-santgervasi\/wp-json\/wp\/v2\/comments?post=8522"}],"version-history":[{"count":3,"href":"https:\/\/serveiseducatius.xtec.cat\/sarria-santgervasi\/wp-json\/wp\/v2\/pages\/8522\/revisions"}],"predecessor-version":[{"id":13638,"href":"https:\/\/serveiseducatius.xtec.cat\/sarria-santgervasi\/wp-json\/wp\/v2\/pages\/8522\/revisions\/13638"}],"up":[{"embeddable":true,"href":"https:\/\/serveiseducatius.xtec.cat\/sarria-santgervasi\/wp-json\/wp\/v2\/pages\/467"}],"wp:attachment":[{"href":"https:\/\/serveiseducatius.xtec.cat\/sarria-santgervasi\/wp-json\/wp\/v2\/media?parent=8522"}],"curies":[{"name":"wp","href":"https:\/\/api.w.org\/{rel}","templated":true}]}}