{"id":8407,"date":"2017-10-25T15:29:07","date_gmt":"2017-10-25T13:29:07","guid":{"rendered":"http:\/\/serveiseducatius.xtec.cat\/sarria-santgervasi\/?page_id=8407"},"modified":"2021-03-23T12:17:57","modified_gmt":"2021-03-23T11:17:57","slug":"congres-de-ciencia-a-primaria","status":"publish","type":"page","link":"https:\/\/serveiseducatius.xtec.cat\/sarria-santgervasi\/dinamitzacio\/congres-de-ciencia-a-primaria\/","title":{"rendered":"Congr\u00e9s de Ci\u00e8ncia a Prim\u00e0ria"},"content":{"rendered":"<p>El Congr\u00e9s de Ci\u00e8ncia \u00e9s una proposta de projecte educatiu que t\u00e9 com objectiu promoure<br \/>\nl&#8217;experimentaci\u00f3 i la recerca cient\u00edfica en el marc de P5 fins a 6\u00e8 de prim\u00e0ria.<\/p>\n<p>La primera edici\u00f3 es va realitzar el curs 2012-13, i any rere any cada centre participant ha exposa els resultats de les investigacions que han realitzat al llarg del curs davant la resta de companys que, com ells, tamb\u00e9 participen del congr\u00e9s. Les pon\u00e8ncies corren a c\u00e0rrec d&#8217;un petit grup d&#8217;alumnes representats de cada un dels centres.<\/p>\n<p>Aquest model vol posar de relleu el treball en xarxa entre els diferents centres i professorat de les zones que hi participen, sempre amb el suport i l\u2019acompanyament dels Centres de Recursos Pedag\u00f2gics per a la realitzaci\u00f3 de l\u2019activitat i l\u2019organitzaci\u00f3 de la formaci\u00f3 sobre la tem\u00e0tica escollida.<\/p>\n<p>Hores d&#8217;ara podem dir que EL CONGR\u00c9S DE CI\u00c8NCIA \u00e9s ja una activitat consolidada a nivell de ciutat. Enhorabona a tots aquells i aquelles que ho heu fet possible!<\/p>\n<p><a href=\"https:\/\/projectes.xtec.cat\/barcelona-apren-ciencia\/wp-content\/uploads\/usu2041\/2019\/12\/Dibuix-sense-t\u00edtol-2.png\"><img loading=\"lazy\" decoding=\"async\" class=\"wp-image-8492 aligncenter\" src=\"https:\/\/projectes.xtec.cat\/barcelona-apren-ciencia\/wp-content\/uploads\/usu2041\/2019\/12\/Dibuix-sense-t\u00edtol-2.png\" alt=\"\" width=\"197\" height=\"202\" \/><\/a><\/p>\n<p><b>OBJECTIUS<\/b><\/p>\n<ul>\n<li>Valorar el treball cient\u00edfic que es realitza amb l\u2019alumnat en els centres educatius.<\/li>\n<li>Treballar i aprofundir en la qu\u00edmica en la nostra vida.<\/li>\n<li>Potenciar, coordinar i difondre activitats de recerca en educaci\u00f3 infantil i prim\u00e0ria.<\/li>\n<li>Potenciar les compet\u00e8ncies cient\u00edfiques, ling\u00fc\u00edstiques i de comunicaci\u00f3.<\/li>\n<li>Fer que l\u2019alumnat sigui el protagonista de l\u2019activitat i del seu aprenentatge.<\/li>\n<li>Afavorir un marc on es puguin mostrar els treballs d\u2019investigaci\u00f3.<\/li>\n<\/ul>\n<p>El congr\u00e9s disposa d&#8217;un espai pr\u00f2pia dins al web <a href=\"https:\/\/projectes.xtec.cat\/barcelona-apren-ciencia\/\" target=\"_blank\" rel=\"noopener noreferrer\"><strong>Barcelona apr\u00e8n ci\u00e8ncia<\/strong><\/a>,\u00a0 on hi podreu trobar m\u00e9s informaci\u00f3 i recursos.<\/p>\n<p style=\"text-align: center;\">\n<div style=\"text-align: center;\">\n<figure id=\"attachment_13015\" aria-describedby=\"caption-attachment-13015\" style=\"width: 229px\" class=\"wp-caption aligncenter\"><a href=\"https:\/\/projectes.xtec.cat\/barcelona-apren-ciencia\/\" target=\"_blank\" rel=\"https:\/\/projectes.xtec.cat\/barcelona-apren-ciencia\/ noopener noreferrer\"><img loading=\"lazy\" decoding=\"async\" class=\"wp-image-13015 size-full\" src=\"https:\/\/serveiseducatius.xtec.cat\/sarria-santgervasi\/wp-content\/uploads\/usu1168\/2021\/03\/scrnli_23_3_2021_12-13-34.png\" alt=\"\" width=\"229\" height=\"158\" \/><\/a><figcaption id=\"caption-attachment-13015\" class=\"wp-caption-text\">Congr\u00e9s de ci\u00e8ncia<\/figcaption><\/figure>\n<\/div>\n<div style=\"text-align: center;\"><\/div>\n<div style=\"font-family: Lucida Grande,Lucida Sans Unicode,Arial,sans-serif; font-size: 13.3333px; line-height: 18.1818px;\">\n<p>&nbsp;<\/p>\n<\/div>\n","protected":false},"excerpt":{"rendered":"<p>El Congr\u00e9s de Ci\u00e8ncia \u00e9s una proposta de projecte educatiu que t\u00e9 com objectiu promoure l&#8217;experimentaci\u00f3 i la recerca cient\u00edfica en el marc de P5 fins a 6\u00e8 de prim\u00e0ria. La primera edici\u00f3 es va realitzar el curs 2012-13, i any rere any cada centre participant ha exposa els resultats de les investigacions que han [&hellip;]<\/p>\n","protected":false},"author":4,"featured_media":0,"parent":8361,"menu_order":3,"comment_status":"closed","ping_status":"closed","template":"","meta":{"_bbp_topic_count":0,"_bbp_reply_count":0,"_bbp_total_topic_count":0,"_bbp_total_reply_count":0,"_bbp_voice_count":0,"_bbp_anonymous_reply_count":0,"_bbp_topic_count_hidden":0,"_bbp_reply_count_hidden":0,"_bbp_forum_subforum_count":0,"site-sidebar-layout":"default","site-content-layout":"","ast-site-content-layout":"","site-content-style":"default","site-sidebar-style":"default","ast-global-header-display":"","ast-banner-title-visibility":"","ast-main-header-display":"","ast-hfb-above-header-display":"","ast-hfb-below-header-display":"","ast-hfb-mobile-header-display":"","site-post-title":"","ast-breadcrumbs-content":"","ast-featured-img":"","footer-sml-layout":"","theme-transparent-header-meta":"","adv-header-id-meta":"","stick-header-meta":"","header-above-stick-meta":"","header-main-stick-meta":"","header-below-stick-meta":"","astra-migrate-meta-layouts":"default","ast-page-background-enabled":"default","ast-page-background-meta":{"desktop":{"background-color":"var(--ast-global-color-4)","background-image":"","background-repeat":"repeat","background-position":"center center","background-size":"auto","background-attachment":"scroll","background-type":"","background-media":"","overlay-type":"","overlay-color":"","overlay-opacity":"","overlay-gradient":""},"tablet":{"background-color":"","background-image":"","background-repeat":"repeat","background-position":"center center","background-size":"auto","background-attachment":"scroll","background-type":"","background-media":"","overlay-type":"","overlay-color":"","overlay-opacity":"","overlay-gradient":""},"mobile":{"background-color":"","background-image":"","background-repeat":"repeat","background-position":"center center","background-size":"auto","background-attachment":"scroll","background-type":"","background-media":"","overlay-type":"","overlay-color":"","overlay-opacity":"","overlay-gradient":""}},"ast-content-background-meta":{"desktop":{"background-color":"var(--ast-global-color-5)","background-image":"","background-repeat":"repeat","background-position":"center center","background-size":"auto","background-attachment":"scroll","background-type":"","background-media":"","overlay-type":"","overlay-color":"","overlay-opacity":"","overlay-gradient":""},"tablet":{"background-color":"var(--ast-global-color-5)","background-image":"","background-repeat":"repeat","background-position":"center center","background-size":"auto","background-attachment":"scroll","background-type":"","background-media":"","overlay-type":"","overlay-color":"","overlay-opacity":"","overlay-gradient":""},"mobile":{"background-color":"var(--ast-global-color-5)","background-image":"","background-repeat":"repeat","background-position":"center center","background-size":"auto","background-attachment":"scroll","background-type":"","background-media":"","overlay-type":"","overlay-color":"","overlay-opacity":"","overlay-gradient":""}},"footnotes":""},"class_list":["post-8407","page","type-page","status-publish","hentry"],"post_mailing_queue_ids":[],"_links":{"self":[{"href":"https:\/\/serveiseducatius.xtec.cat\/sarria-santgervasi\/wp-json\/wp\/v2\/pages\/8407","targetHints":{"allow":["GET"]}}],"collection":[{"href":"https:\/\/serveiseducatius.xtec.cat\/sarria-santgervasi\/wp-json\/wp\/v2\/pages"}],"about":[{"href":"https:\/\/serveiseducatius.xtec.cat\/sarria-santgervasi\/wp-json\/wp\/v2\/types\/page"}],"author":[{"embeddable":true,"href":"https:\/\/serveiseducatius.xtec.cat\/sarria-santgervasi\/wp-json\/wp\/v2\/users\/4"}],"replies":[{"embeddable":true,"href":"https:\/\/serveiseducatius.xtec.cat\/sarria-santgervasi\/wp-json\/wp\/v2\/comments?post=8407"}],"version-history":[{"count":4,"href":"https:\/\/serveiseducatius.xtec.cat\/sarria-santgervasi\/wp-json\/wp\/v2\/pages\/8407\/revisions"}],"predecessor-version":[{"id":13017,"href":"https:\/\/serveiseducatius.xtec.cat\/sarria-santgervasi\/wp-json\/wp\/v2\/pages\/8407\/revisions\/13017"}],"up":[{"embeddable":true,"href":"https:\/\/serveiseducatius.xtec.cat\/sarria-santgervasi\/wp-json\/wp\/v2\/pages\/8361"}],"wp:attachment":[{"href":"https:\/\/serveiseducatius.xtec.cat\/sarria-santgervasi\/wp-json\/wp\/v2\/media?parent=8407"}],"curies":[{"name":"wp","href":"https:\/\/api.w.org\/{rel}","templated":true}]}}