{"id":8405,"date":"2017-10-25T15:28:17","date_gmt":"2017-10-25T13:28:17","guid":{"rendered":"http:\/\/serveiseducatius.xtec.cat\/sarria-santgervasi\/?page_id=8405"},"modified":"2019-01-17T11:24:21","modified_gmt":"2019-01-17T10:24:21","slug":"ix-mostra-de-recerca-jove","status":"publish","type":"page","link":"https:\/\/serveiseducatius.xtec.cat\/sarria-santgervasi\/dinamitzacio\/ix-mostra-de-recerca-jove\/","title":{"rendered":"Mostra de Recerca Jove"},"content":{"rendered":"<div><\/div>\n<div><a href=\"https:\/\/serveiseducatius.xtec.cat\/sarria-santgervasi\/wp-content\/uploads\/usu1168\/2019\/01\/PANO_20170329_093949-1.jpg\"><img loading=\"lazy\" decoding=\"async\" class=\"alignnone size-large wp-image-9788\" src=\"https:\/\/serveiseducatius.xtec.cat\/sarria-santgervasi\/wp-content\/uploads\/usu1168\/2019\/01\/PANO_20170329_093949-1-1024x234.jpg\" alt=\"\" width=\"1024\" height=\"234\" srcset=\"https:\/\/serveiseducatius.xtec.cat\/sarria-santgervasi\/wp-content\/uploads\/usu1168\/2019\/01\/PANO_20170329_093949-1-1024x234.jpg 1024w, https:\/\/serveiseducatius.xtec.cat\/sarria-santgervasi\/wp-content\/uploads\/usu1168\/2019\/01\/PANO_20170329_093949-1-300x69.jpg 300w, https:\/\/serveiseducatius.xtec.cat\/sarria-santgervasi\/wp-content\/uploads\/usu1168\/2019\/01\/PANO_20170329_093949-1-768x175.jpg 768w\" sizes=\"auto, (max-width: 1024px) 100vw, 1024px\" \/><\/a><\/div>\n<div><\/div>\n<div><\/div>\n<div>\n<p><span style=\"color: #ff6600;\"><strong>La Mostra de recerca Jove de Sarri\u00e0-Sant Gervasi<\/strong><\/span> \u00e9s\u00a0un certamen anual al qual concorren els treballs de recerca de <strong>2n de batxillera<\/strong>t realitzats per l&#8217;alumnat dels centres educatius del districte.<\/p>\n<p>Consulteu bases i dates del curs actual a\u00a0<strong><a href=\"https:\/\/serveiseducatius.xtec.cat\/sarria-santgervasi\/categoria\/dinamitzacio\/\">Actualitat Dinamitzaci\u00f3<\/a><\/strong><\/p>\n<p><strong>El seu objectiu<\/strong> \u00e9s fer un reconeixement al treball d&#8217;investigaci\u00f3, constituir una plataforma d&#8217;intercanvi d&#8217;experi\u00e8ncies, distingir les millors recerques i donar a con\u00e8ixer a la comunitat educativa i la societat en general, la recerca \u00a0de qualitat que es fa als centres educatius del Districte de Sarri\u00e0-Sant Gervasi.<\/p>\n<p><strong>El <\/strong><strong>jurat del districte<\/strong><strong>\u00a0<\/strong>est\u00e0 format per persones que representen diferents \u00e0mbits de la comunitat educativa:\u00a0 professorat de la zona, serveis educatius, m\u00f3n universitari,\u00a0 Districte i Consorci d\u2019Educaci\u00f3 de Barcelona.<a href=\"https:\/\/serveiseducatius.xtec.cat\/sarria-santgervasi\/wp-content\/uploads\/usu1168\/2019\/01\/mrj.png\"><img loading=\"lazy\" decoding=\"async\" class=\"size-full wp-image-9787 alignright\" src=\"https:\/\/serveiseducatius.xtec.cat\/sarria-santgervasi\/wp-content\/uploads\/usu1168\/2019\/01\/mrj.png\" alt=\"\" width=\"351\" height=\"104\" srcset=\"https:\/\/serveiseducatius.xtec.cat\/sarria-santgervasi\/wp-content\/uploads\/usu1168\/2019\/01\/mrj.png 351w, https:\/\/serveiseducatius.xtec.cat\/sarria-santgervasi\/wp-content\/uploads\/usu1168\/2019\/01\/mrj-300x89.png 300w\" sizes=\"auto, (max-width: 351px) 100vw, 351px\" \/><\/a><\/p>\n<p><strong>Reconeixements<\/strong>: El jurat del Districte seleccionar\u00e0 tres treballs finalistes que es presentaran\u00a0 a la\u00a0<strong>Mostra\u00a0de Recerca Jove de Barcelona.<br \/>\n<\/strong>A la Mostra de Barcelona hi \u00a0participaran els treballs de recerca seleccionats dels altres districtes de la ciutat. Est\u00e0 organitzada pel Consorci d\u2019Educaci\u00f3 i l\u2019Institut d\u2019Educaci\u00f3 de l\u2019Ajuntament de Barcelona, conjuntament amb els Serveis Educatius (CRP) i districtes de la ciutat.<\/p>\n<p><span style=\"color: #20124d;\"><span style=\"color: #20124d;\"><br \/>\n<\/span><\/span><\/p>\n<hr \/>\n<p><span style=\"color: #20124d;\"><span style=\"font-family: arial, sans-serif; font-size: small;\"><br \/>\n<\/span><\/span><\/p>\n<\/div>\n<div><\/div>\n<div>\n<p>&nbsp;<\/p>\n<\/div>\n","protected":false},"excerpt":{"rendered":"<p>La Mostra de recerca Jove de Sarri\u00e0-Sant Gervasi \u00e9s\u00a0un certamen anual al qual concorren els treballs de recerca de 2n de batxillerat realitzats per l&#8217;alumnat dels centres educatius del districte. Consulteu bases i dates del curs actual a\u00a0Actualitat Dinamitzaci\u00f3 El seu objectiu \u00e9s fer un reconeixement al treball d&#8217;investigaci\u00f3, constituir una plataforma d&#8217;intercanvi d&#8217;experi\u00e8ncies, distingir [&hellip;]<\/p>\n","protected":false},"author":4,"featured_media":0,"parent":8361,"menu_order":2,"comment_status":"closed","ping_status":"closed","template":"","meta":{"_bbp_topic_count":0,"_bbp_reply_count":0,"_bbp_total_topic_count":0,"_bbp_total_reply_count":0,"_bbp_voice_count":0,"_bbp_anonymous_reply_count":0,"_bbp_topic_count_hidden":0,"_bbp_reply_count_hidden":0,"_bbp_forum_subforum_count":0,"site-sidebar-layout":"default","site-content-layout":"","ast-site-content-layout":"","site-content-style":"default","site-sidebar-style":"default","ast-global-header-display":"","ast-banner-title-visibility":"","ast-main-header-display":"","ast-hfb-above-header-display":"","ast-hfb-below-header-display":"","ast-hfb-mobile-header-display":"","site-post-title":"","ast-breadcrumbs-content":"","ast-featured-img":"","footer-sml-layout":"","theme-transparent-header-meta":"","adv-header-id-meta":"","stick-header-meta":"","header-above-stick-meta":"","header-main-stick-meta":"","header-below-stick-meta":"","astra-migrate-meta-layouts":"default","ast-page-background-enabled":"default","ast-page-background-meta":{"desktop":{"background-color":"var(--ast-global-color-4)","background-image":"","background-repeat":"repeat","background-position":"center center","background-size":"auto","background-attachment":"scroll","background-type":"","background-media":"","overlay-type":"","overlay-color":"","overlay-opacity":"","overlay-gradient":""},"tablet":{"background-color":"","background-image":"","background-repeat":"repeat","background-position":"center center","background-size":"auto","background-attachment":"scroll","background-type":"","background-media":"","overlay-type":"","overlay-color":"","overlay-opacity":"","overlay-gradient":""},"mobile":{"background-color":"","background-image":"","background-repeat":"repeat","background-position":"center center","background-size":"auto","background-attachment":"scroll","background-type":"","background-media":"","overlay-type":"","overlay-color":"","overlay-opacity":"","overlay-gradient":""}},"ast-content-background-meta":{"desktop":{"background-color":"var(--ast-global-color-5)","background-image":"","background-repeat":"repeat","background-position":"center center","background-size":"auto","background-attachment":"scroll","background-type":"","background-media":"","overlay-type":"","overlay-color":"","overlay-opacity":"","overlay-gradient":""},"tablet":{"background-color":"var(--ast-global-color-5)","background-image":"","background-repeat":"repeat","background-position":"center center","background-size":"auto","background-attachment":"scroll","background-type":"","background-media":"","overlay-type":"","overlay-color":"","overlay-opacity":"","overlay-gradient":""},"mobile":{"background-color":"var(--ast-global-color-5)","background-image":"","background-repeat":"repeat","background-position":"center center","background-size":"auto","background-attachment":"scroll","background-type":"","background-media":"","overlay-type":"","overlay-color":"","overlay-opacity":"","overlay-gradient":""}},"footnotes":""},"class_list":["post-8405","page","type-page","status-publish","hentry"],"post_mailing_queue_ids":[],"_links":{"self":[{"href":"https:\/\/serveiseducatius.xtec.cat\/sarria-santgervasi\/wp-json\/wp\/v2\/pages\/8405","targetHints":{"allow":["GET"]}}],"collection":[{"href":"https:\/\/serveiseducatius.xtec.cat\/sarria-santgervasi\/wp-json\/wp\/v2\/pages"}],"about":[{"href":"https:\/\/serveiseducatius.xtec.cat\/sarria-santgervasi\/wp-json\/wp\/v2\/types\/page"}],"author":[{"embeddable":true,"href":"https:\/\/serveiseducatius.xtec.cat\/sarria-santgervasi\/wp-json\/wp\/v2\/users\/4"}],"replies":[{"embeddable":true,"href":"https:\/\/serveiseducatius.xtec.cat\/sarria-santgervasi\/wp-json\/wp\/v2\/comments?post=8405"}],"version-history":[{"count":4,"href":"https:\/\/serveiseducatius.xtec.cat\/sarria-santgervasi\/wp-json\/wp\/v2\/pages\/8405\/revisions"}],"predecessor-version":[{"id":9792,"href":"https:\/\/serveiseducatius.xtec.cat\/sarria-santgervasi\/wp-json\/wp\/v2\/pages\/8405\/revisions\/9792"}],"up":[{"embeddable":true,"href":"https:\/\/serveiseducatius.xtec.cat\/sarria-santgervasi\/wp-json\/wp\/v2\/pages\/8361"}],"wp:attachment":[{"href":"https:\/\/serveiseducatius.xtec.cat\/sarria-santgervasi\/wp-json\/wp\/v2\/media?parent=8405"}],"curies":[{"name":"wp","href":"https:\/\/api.w.org\/{rel}","templated":true}]}}