{"id":8403,"date":"2017-10-25T15:26:58","date_gmt":"2017-10-25T13:26:58","guid":{"rendered":"http:\/\/serveiseducatius.xtec.cat\/sarria-santgervasi\/?page_id=8403"},"modified":"2022-09-23T12:51:50","modified_gmt":"2022-09-23T10:51:50","slug":"la-ciencia-en-primera-persona","status":"publish","type":"page","link":"https:\/\/serveiseducatius.xtec.cat\/sarria-santgervasi\/dinamitzacio\/la-ciencia-en-primera-persona\/","title":{"rendered":"La ci\u00e8ncia en primera persona"},"content":{"rendered":"<p><a href=\"https:\/\/serveiseducatius.xtec.cat\/sarria-santgervasi\/wp-content\/uploads\/usu1168\/2019\/01\/diaCiencia.png\"><img loading=\"lazy\" decoding=\"async\" class=\"size-full wp-image-9782 alignleft\" src=\"https:\/\/serveiseducatius.xtec.cat\/sarria-santgervasi\/wp-content\/uploads\/usu1168\/2019\/01\/diaCiencia.png\" alt=\"\" width=\"213\" height=\"193\" \/><\/a><\/p>\n<p>Del 12 al 21 de<strong> novembre<\/strong>\u00a0se celebrar\u00e0 a Catalunya la\u00a0<strong> 27a Setmana de la Ci\u00e8ncia<\/strong>. Durant la Setmana de la Ci\u00e8ncia se celebraran tot un munt d\u2019activitats de divulgaci\u00f3 cient\u00edfica arreu del nostre territori. Jornades de portes obertes, exposicions, xerrades, jocs, tallers cient\u00edfics\u2026 tot un ventall de possibilitats al teu abast.<\/p>\n<p>La\u00a0Setmana de la Ci\u00e8ncia\u00a0\u00e9s una iniciativa coordinada per la\u00a0<a href=\"https:\/\/www.fundaciorecerca.cat\/\">Fundaci\u00f3 Catalana per a la Recerca i la Innovaci\u00f3<\/a><\/p>\n<p dir=\"ltr\">la Fundaci\u00f3 Catalana per a la Recerca i la Innovaci\u00f3 (FCRI), amb el suport del Departament d&#8217;Educaci\u00f3, organitza la 27a edici\u00f3 de la Setmana de la Ci\u00e8ncia, que se celebrar\u00e0 del 12 al 21 de novembre, arreu de Catalunya.<\/p>\n<p dir=\"ltr\">L&#8217;activitat &#8220;<strong>La ci\u00e8ncia en primera persona<\/strong>&#8221; que es celebrar\u00e0 el dia <strong>16 de novembre<\/strong> al mat\u00ed s&#8217;emmarca en la Setmana de la Ci\u00e8ncia,\u00a0 amb la finalitat del foment de les vocacions cient\u00edfiques i tecnol\u00f2giques entre l&#8217;alumnat del nostre pa\u00eds, pretenent apropar els i les cient\u00edfiques als instituts.<\/p>\n<p dir=\"ltr\">Enguany es mant\u00e9 la modalitat virtual i poden participar tots els centres de secund\u00e0ria.<\/p>\n<p dir=\"ltr\">L\u2019 activitat es fonamenta en tres parts:<\/p>\n<p dir=\"ltr\"><strong>1. Edici\u00f3 d\u2019un v\u00eddeo<\/strong>, d\u2019una durada d\u2019uns 5-10 minuts on es llen\u00e7a tamb\u00e9 una proposta o un repte.<\/p>\n<p dir=\"ltr\"><strong>2. <\/strong>Aquest v\u00eddeo el visualitzar\u00e0 l\u2019alumnat en hores lectives juntament amb els seus professors\/es. <strong>L\u2019alumnat ens faran arribar imatge del repte aconseguit<\/strong> (5 fotografies m\u00e0xim per grup) <strong>aix\u00ed com les preguntes que volen formular als\/a les cient\u00edfics\/ques<\/strong> (3 preguntes m\u00e0xim per grup).<\/p>\n<p dir=\"ltr\"><strong>3.<\/strong> El dia 16 de novembre al mat\u00ed, <strong>retransmissi\u00f3 en directe pel canal youtube<\/strong> de cadascun dels cient\u00edfics\/ques.<\/p>\n<p dir=\"ltr\"><strong>L\u2019activitat va adre\u00e7ada a l\u2019alumnat de 3r i 4t d\u2019ESO<\/strong> va a c\u00e0rrec de cient\u00edfics\/ques que es dediquen a la investigaci\u00f3 i que expliquen la seva tasca, tant des del vessant cient\u00edfic com del vessant hum\u00e0.<\/p>\n<p dir=\"ltr\">Es proposen 4 grans temes per a tractar amb els seg\u00fcents ponents:<\/p>\n<ul>\n<li dir=\"ltr\"><strong>Biologia Marina<\/strong>: Ariadna Martinez (ICM \u2013 CSIC)<\/li>\n<li dir=\"ltr\"><strong>Qu\u00edmica<\/strong>: Jos\u00e9 Ram\u00f3n Gal\u00e1n-Mascar\u00f3s (ICIQ)<\/li>\n<li dir=\"ltr\"><strong>Matem\u00e0tiques<\/strong>: Mari\u00e0 Cano f\u00edsic i professor de matem\u00e0tiques d\u2019ensenyament de secund\u00e0ria<\/li>\n<li dir=\"ltr\"><strong>Energia<\/strong>: Lucile Bernadet, Radostin Stefanov, Kosova Kreka i Juan Carlos Gonz\u00e1lez, \u00a0 grup de recerca de Nanoi\u00f2nica i Piles de combustible de l&#8217;Institut de Recerca en Energia de Catalunya (IREC)<\/li>\n<\/ul>\n<p dir=\"ltr\">En <span style=\"font-family: inherit; font-size: 1em;\">el document enlla\u00e7at hi trobareu l&#8217;acc\u00e9s als 4 v\u00eddeos, els 4 reptes i els horaris de les connexions en directe de les pon\u00e8ncies que es transmetran en directe des del <\/span><a style=\"font-family: inherit; font-size: 1em;\" href=\"https:\/\/www.youtube.com\/user\/fcrivideo\" target=\"_blank\" rel=\"noopener\" data-saferedirecturl=\"https:\/\/www.google.com\/url?q=https:\/\/www.youtube.com\/user\/fcrivideo&amp;source=gmail&amp;ust=1664013775159000&amp;usg=AOvVaw29hGOmBydFTrSkgBjZP-zS\">canal de Youtube de la FCRI<\/a><span style=\"font-family: inherit; font-size: 1em;\"> el mat\u00ed del dia 16 de novembre.<\/span><\/p>\n<p>\u00a0<a href=\"https:\/\/drive.google.com\/file\/d\/1hr8k1NkP00d_L0ymJFuZRla1gwrT4P1M\/view?usp=sharing\">Acc\u00e9s als reptes i als v\u00eddeos de l&#8217;activitat<\/a><\/p>\n<hr \/>\n<p>&nbsp;<\/p>\n","protected":false},"excerpt":{"rendered":"<p>Del 12 al 21 de novembre\u00a0se celebrar\u00e0 a Catalunya la\u00a0 27a Setmana de la Ci\u00e8ncia. Durant la Setmana de la Ci\u00e8ncia se celebraran tot un munt d\u2019activitats de divulgaci\u00f3 cient\u00edfica arreu del nostre territori. Jornades de portes obertes, exposicions, xerrades, jocs, tallers cient\u00edfics\u2026 tot un ventall de possibilitats al teu abast. La\u00a0Setmana de la Ci\u00e8ncia\u00a0\u00e9s [&hellip;]<\/p>\n","protected":false},"author":4,"featured_media":0,"parent":8361,"menu_order":1,"comment_status":"closed","ping_status":"closed","template":"","meta":{"_bbp_topic_count":0,"_bbp_reply_count":0,"_bbp_total_topic_count":0,"_bbp_total_reply_count":0,"_bbp_voice_count":0,"_bbp_anonymous_reply_count":0,"_bbp_topic_count_hidden":0,"_bbp_reply_count_hidden":0,"_bbp_forum_subforum_count":0,"site-sidebar-layout":"default","site-content-layout":"","ast-site-content-layout":"","site-content-style":"default","site-sidebar-style":"default","ast-global-header-display":"","ast-banner-title-visibility":"","ast-main-header-display":"","ast-hfb-above-header-display":"","ast-hfb-below-header-display":"","ast-hfb-mobile-header-display":"","site-post-title":"","ast-breadcrumbs-content":"","ast-featured-img":"","footer-sml-layout":"","theme-transparent-header-meta":"","adv-header-id-meta":"","stick-header-meta":"","header-above-stick-meta":"","header-main-stick-meta":"","header-below-stick-meta":"","astra-migrate-meta-layouts":"default","ast-page-background-enabled":"default","ast-page-background-meta":{"desktop":{"background-color":"var(--ast-global-color-4)","background-image":"","background-repeat":"repeat","background-position":"center center","background-size":"auto","background-attachment":"scroll","background-type":"","background-media":"","overlay-type":"","overlay-color":"","overlay-opacity":"","overlay-gradient":""},"tablet":{"background-color":"","background-image":"","background-repeat":"repeat","background-position":"center center","background-size":"auto","background-attachment":"scroll","background-type":"","background-media":"","overlay-type":"","overlay-color":"","overlay-opacity":"","overlay-gradient":""},"mobile":{"background-color":"","background-image":"","background-repeat":"repeat","background-position":"center center","background-size":"auto","background-attachment":"scroll","background-type":"","background-media":"","overlay-type":"","overlay-color":"","overlay-opacity":"","overlay-gradient":""}},"ast-content-background-meta":{"desktop":{"background-color":"var(--ast-global-color-5)","background-image":"","background-repeat":"repeat","background-position":"center center","background-size":"auto","background-attachment":"scroll","background-type":"","background-media":"","overlay-type":"","overlay-color":"","overlay-opacity":"","overlay-gradient":""},"tablet":{"background-color":"var(--ast-global-color-5)","background-image":"","background-repeat":"repeat","background-position":"center center","background-size":"auto","background-attachment":"scroll","background-type":"","background-media":"","overlay-type":"","overlay-color":"","overlay-opacity":"","overlay-gradient":""},"mobile":{"background-color":"var(--ast-global-color-5)","background-image":"","background-repeat":"repeat","background-position":"center center","background-size":"auto","background-attachment":"scroll","background-type":"","background-media":"","overlay-type":"","overlay-color":"","overlay-opacity":"","overlay-gradient":""}},"footnotes":""},"class_list":["post-8403","page","type-page","status-publish","hentry"],"post_mailing_queue_ids":[],"_links":{"self":[{"href":"https:\/\/serveiseducatius.xtec.cat\/sarria-santgervasi\/wp-json\/wp\/v2\/pages\/8403","targetHints":{"allow":["GET"]}}],"collection":[{"href":"https:\/\/serveiseducatius.xtec.cat\/sarria-santgervasi\/wp-json\/wp\/v2\/pages"}],"about":[{"href":"https:\/\/serveiseducatius.xtec.cat\/sarria-santgervasi\/wp-json\/wp\/v2\/types\/page"}],"author":[{"embeddable":true,"href":"https:\/\/serveiseducatius.xtec.cat\/sarria-santgervasi\/wp-json\/wp\/v2\/users\/4"}],"replies":[{"embeddable":true,"href":"https:\/\/serveiseducatius.xtec.cat\/sarria-santgervasi\/wp-json\/wp\/v2\/comments?post=8403"}],"version-history":[{"count":6,"href":"https:\/\/serveiseducatius.xtec.cat\/sarria-santgervasi\/wp-json\/wp\/v2\/pages\/8403\/revisions"}],"predecessor-version":[{"id":13633,"href":"https:\/\/serveiseducatius.xtec.cat\/sarria-santgervasi\/wp-json\/wp\/v2\/pages\/8403\/revisions\/13633"}],"up":[{"embeddable":true,"href":"https:\/\/serveiseducatius.xtec.cat\/sarria-santgervasi\/wp-json\/wp\/v2\/pages\/8361"}],"wp:attachment":[{"href":"https:\/\/serveiseducatius.xtec.cat\/sarria-santgervasi\/wp-json\/wp\/v2\/media?parent=8403"}],"curies":[{"name":"wp","href":"https:\/\/api.w.org\/{rel}","templated":true}]}}