{"id":8401,"date":"2017-10-25T15:25:58","date_gmt":"2017-10-25T13:25:58","guid":{"rendered":"http:\/\/serveiseducatius.xtec.cat\/sarria-santgervasi\/?page_id=8401"},"modified":"2019-01-17T09:19:42","modified_gmt":"2019-01-17T08:19:42","slug":"art-floral-de-flora-miserachs","status":"publish","type":"page","link":"https:\/\/serveiseducatius.xtec.cat\/sarria-santgervasi\/dinamitzacio\/art-floral-de-flora-miserachs\/","title":{"rendered":"Art Floral de Flora Miserachs"},"content":{"rendered":"<p><b>\u00a0<a href=\"https:\/\/serveiseducatius.xtec.cat\/sarria-santgervasi\/wp-content\/uploads\/usu1168\/2019\/01\/floram.png\"><img loading=\"lazy\" decoding=\"async\" class=\"size-full wp-image-9765 alignleft\" src=\"https:\/\/serveiseducatius.xtec.cat\/sarria-santgervasi\/wp-content\/uploads\/usu1168\/2019\/01\/floram.png\" alt=\"\" width=\"552\" height=\"225\" srcset=\"https:\/\/serveiseducatius.xtec.cat\/sarria-santgervasi\/wp-content\/uploads\/usu1168\/2019\/01\/floram.png 552w, https:\/\/serveiseducatius.xtec.cat\/sarria-santgervasi\/wp-content\/uploads\/usu1168\/2019\/01\/floram-300x122.png 300w\" sizes=\"auto, (max-width: 552px) 100vw, 552px\" \/><\/a><\/b><\/p>\n<p>&nbsp;<\/p>\n<p><span style=\"color: #ff6600;\"><b>Activitat adre\u00e7ada als centres<\/b><\/span><\/p>\n<p><span style=\"color: #ff6600;\"><b> d\u2019 Educaci\u00f3 especial i <\/b><\/span><\/p>\n<p><span style=\"color: #ff6600;\"><b>Educaci\u00f3 Infantil<\/b><\/span><\/p>\n<p>&nbsp;<\/p>\n<p><b>Descripci\u00f3:<\/b><\/p>\n<ul>\n<li style=\"font-weight: 400;\"><span style=\"font-weight: 400;\">Visita al taller artesanal de flors <\/span><b>Art Floral<\/b><span style=\"font-weight: 400;\">, de Flora Miserachs, al barri de Sarri\u00e0<\/span><\/li>\n<\/ul>\n<p><b>Objectius:<\/b><\/p>\n<ul>\n<li style=\"font-weight: 400;\"><span style=\"font-weight: 400;\">Col\u00b7laborar en la sensibilitzaci\u00f3 dels infants pel treball artesanal <\/span><\/li>\n<li style=\"font-weight: 400;\"><span style=\"font-weight: 400;\">Facilitar la possibilitat d&#8217;experimentar amb les flors, la imaginaci\u00f3, l&#8217;originalitat i el sentit est\u00e8tic, en la creaci\u00f3 art\u00edstica<\/span><\/li>\n<li style=\"font-weight: 400;\"><span style=\"font-weight: 400;\">Con\u00e8ixer el funcionament d&#8217;un taller artesanal del barri<\/span><\/li>\n<\/ul>\n<p><b>A c\u00e0rrec <\/b>de Flora Miserachs<\/p>\n<p><b>Calendari de les visites:\u00a0\u00a0<\/b><span style=\"font-weight: 400;\">Els primers dimecres de mes al mat\u00ed, a concretar amb cada centre. Es pot escollir entre els dos \u00a0torns: <\/span><\/p>\n<ul>\n<li><span style=\"font-weight: 400;\">1r torn: de 10 a 11h\u00a0\u00a0<\/span><\/li>\n<li>2n torn: d&#8217;11&#8217;30 a 12&#8217;30h<\/li>\n<\/ul>\n<p><b>Lloc<\/b><span style=\"font-weight: 400;\">: \u00a0\u00a0Taller d&#8217;Art Floral de Flora Miserachs. Carrer Avi\u00f3 Plus Ultra, 21 (Sarri\u00e0)<\/span><\/p>\n<p>&nbsp;<\/p>\n","protected":false},"excerpt":{"rendered":"<p>\u00a0 &nbsp; Activitat adre\u00e7ada als centres d\u2019 Educaci\u00f3 especial i Educaci\u00f3 Infantil &nbsp; Descripci\u00f3: Visita al taller artesanal de flors Art Floral, de Flora Miserachs, al barri de Sarri\u00e0 Objectius: Col\u00b7laborar en la sensibilitzaci\u00f3 dels infants pel treball artesanal Facilitar la possibilitat d&#8217;experimentar amb les flors, la imaginaci\u00f3, l&#8217;originalitat i el sentit est\u00e8tic, en la [&hellip;]<\/p>\n","protected":false},"author":4,"featured_media":0,"parent":8361,"menu_order":5,"comment_status":"closed","ping_status":"closed","template":"","meta":{"_bbp_topic_count":0,"_bbp_reply_count":0,"_bbp_total_topic_count":0,"_bbp_total_reply_count":0,"_bbp_voice_count":0,"_bbp_anonymous_reply_count":0,"_bbp_topic_count_hidden":0,"_bbp_reply_count_hidden":0,"_bbp_forum_subforum_count":0,"site-sidebar-layout":"default","site-content-layout":"","ast-site-content-layout":"","site-content-style":"default","site-sidebar-style":"default","ast-global-header-display":"","ast-banner-title-visibility":"","ast-main-header-display":"","ast-hfb-above-header-display":"","ast-hfb-below-header-display":"","ast-hfb-mobile-header-display":"","site-post-title":"","ast-breadcrumbs-content":"","ast-featured-img":"","footer-sml-layout":"","theme-transparent-header-meta":"","adv-header-id-meta":"","stick-header-meta":"","header-above-stick-meta":"","header-main-stick-meta":"","header-below-stick-meta":"","astra-migrate-meta-layouts":"default","ast-page-background-enabled":"default","ast-page-background-meta":{"desktop":{"background-color":"var(--ast-global-color-4)","background-image":"","background-repeat":"repeat","background-position":"center center","background-size":"auto","background-attachment":"scroll","background-type":"","background-media":"","overlay-type":"","overlay-color":"","overlay-opacity":"","overlay-gradient":""},"tablet":{"background-color":"","background-image":"","background-repeat":"repeat","background-position":"center center","background-size":"auto","background-attachment":"scroll","background-type":"","background-media":"","overlay-type":"","overlay-color":"","overlay-opacity":"","overlay-gradient":""},"mobile":{"background-color":"","background-image":"","background-repeat":"repeat","background-position":"center center","background-size":"auto","background-attachment":"scroll","background-type":"","background-media":"","overlay-type":"","overlay-color":"","overlay-opacity":"","overlay-gradient":""}},"ast-content-background-meta":{"desktop":{"background-color":"var(--ast-global-color-5)","background-image":"","background-repeat":"repeat","background-position":"center center","background-size":"auto","background-attachment":"scroll","background-type":"","background-media":"","overlay-type":"","overlay-color":"","overlay-opacity":"","overlay-gradient":""},"tablet":{"background-color":"var(--ast-global-color-5)","background-image":"","background-repeat":"repeat","background-position":"center center","background-size":"auto","background-attachment":"scroll","background-type":"","background-media":"","overlay-type":"","overlay-color":"","overlay-opacity":"","overlay-gradient":""},"mobile":{"background-color":"var(--ast-global-color-5)","background-image":"","background-repeat":"repeat","background-position":"center center","background-size":"auto","background-attachment":"scroll","background-type":"","background-media":"","overlay-type":"","overlay-color":"","overlay-opacity":"","overlay-gradient":""}},"footnotes":""},"class_list":["post-8401","page","type-page","status-publish","hentry"],"post_mailing_queue_ids":[],"_links":{"self":[{"href":"https:\/\/serveiseducatius.xtec.cat\/sarria-santgervasi\/wp-json\/wp\/v2\/pages\/8401","targetHints":{"allow":["GET"]}}],"collection":[{"href":"https:\/\/serveiseducatius.xtec.cat\/sarria-santgervasi\/wp-json\/wp\/v2\/pages"}],"about":[{"href":"https:\/\/serveiseducatius.xtec.cat\/sarria-santgervasi\/wp-json\/wp\/v2\/types\/page"}],"author":[{"embeddable":true,"href":"https:\/\/serveiseducatius.xtec.cat\/sarria-santgervasi\/wp-json\/wp\/v2\/users\/4"}],"replies":[{"embeddable":true,"href":"https:\/\/serveiseducatius.xtec.cat\/sarria-santgervasi\/wp-json\/wp\/v2\/comments?post=8401"}],"version-history":[{"count":3,"href":"https:\/\/serveiseducatius.xtec.cat\/sarria-santgervasi\/wp-json\/wp\/v2\/pages\/8401\/revisions"}],"predecessor-version":[{"id":9768,"href":"https:\/\/serveiseducatius.xtec.cat\/sarria-santgervasi\/wp-json\/wp\/v2\/pages\/8401\/revisions\/9768"}],"up":[{"embeddable":true,"href":"https:\/\/serveiseducatius.xtec.cat\/sarria-santgervasi\/wp-json\/wp\/v2\/pages\/8361"}],"wp:attachment":[{"href":"https:\/\/serveiseducatius.xtec.cat\/sarria-santgervasi\/wp-json\/wp\/v2\/media?parent=8401"}],"curies":[{"name":"wp","href":"https:\/\/api.w.org\/{rel}","templated":true}]}}