{"id":8399,"date":"2017-10-25T15:25:04","date_gmt":"2017-10-25T13:25:04","guid":{"rendered":"http:\/\/serveiseducatius.xtec.cat\/sarria-santgervasi\/?page_id=8399"},"modified":"2025-02-13T11:33:10","modified_gmt":"2025-02-13T10:33:10","slug":"jornada-esport-inclusiu","status":"publish","type":"page","link":"https:\/\/serveiseducatius.xtec.cat\/sarria-santgervasi\/dinamitzacio\/jornada-esport-inclusiu\/","title":{"rendered":"Jornada Esport inclusiu\u00a0\u00a0Junts X Cr\u00e9ixer"},"content":{"rendered":"<p>Les jornades d&#8217;esport inclusiu <strong>Junts x Cr\u00e9ixer <\/strong>volen promoure la trobada entre els nens i nenes de diferents centres educatius ordinaris i d&#8217;educaci\u00f3 especial per visualitzar-nos com una societat plural que, mitjan\u00e7ant la cooperaci\u00f3 i la conviv\u00e8ncia, fa evident que <strong>una escola per a tothom \u00e9s possible<\/strong>.<\/p>\n<p>A trav\u00e9s de l&#8217;esport, com a nexe d&#8217;uni\u00f3, volem\u00a0que els nens\/es i els nois\/es de les diferents escoles comparteixin plegats\u00a0espais, activitats i jocs per entendre la diversitat des d&#8217;una perspectiva\u00a0diferent, sumant capacitats i avan\u00e7ant cap a la inclusi\u00f3.<\/p>\n<p>Es proposen diferents\u00a0estacions amb diferents jocs esportius adients tant per l&#8217;alumnat de prim\u00e0ria com pel d&#8217;educaci\u00f3 especial.<br \/>\nL&#8217;alumnat en grups diferents anir\u00e0 rotant per les diferents estacions.<\/p>\n<p>Aqu\u00ed trobareu la informaci\u00f3 del curs passat: <a href=\"https:\/\/ajuntament.barcelona.cat\/sarria-santgervasi\/ca\/noticia\/6es-jornades-desport-inclusiu-junts-x-creixer-a-sarria-sant-gervasi_1386253\"><strong>Jornades Esport Inclusiu 2024<\/strong><\/a><\/p>\n<p>Veieu l&#8217;activitat d&#8217;enguany a\u00a0<strong><a href=\"https:\/\/serveiseducatius.xtec.cat\/sarria-santgervasi\/categoria\/dinamitzacio\/\">Actualitat Dinamitzaci\u00f3<\/a><\/strong><\/p>\n<p><strong>Destinataris<\/strong>:<\/p>\n<ul>\n<li>Alumnat de 3r i\/o 4rt de prim\u00e0ria de centres ordinaris (a escollir pels centres) de prim\u00e0ria de centres ordinaris (a escollir pels centres)<\/li>\n<li>Alumnat de les escoles d&#8217;Educaci\u00f3 Especial del districte<\/li>\n<\/ul>\n<p><strong>Organitza<\/strong>:<\/p>\n<ul>\n<li>Districte de Sarri\u00e0-Sant Gervasi<\/li>\n<li>Serveis Educatius-CRP de Sarri\u00e0-Sant\u00a0Gervasi-CRP<\/li>\n<li>Professorat i alumat del CF d&#8217;Activitats F\u00edsiques\u00a0i Esportives del centre Jesu\u00eftes\u00a0Sarri\u00e0-Sant Ignasi<\/li>\n<li>JOCVIU, associaci\u00f3 esportiva<\/li>\n<\/ul>\n","protected":false},"excerpt":{"rendered":"<p>Les jornades d&#8217;esport inclusiu Junts x Cr\u00e9ixer volen promoure la trobada entre els nens i nenes de diferents centres educatius ordinaris i d&#8217;educaci\u00f3 especial per visualitzar-nos com una societat plural que, mitjan\u00e7ant la cooperaci\u00f3 i la conviv\u00e8ncia, fa evident que una escola per a tothom \u00e9s possible. A trav\u00e9s de l&#8217;esport, com a nexe d&#8217;uni\u00f3, [&hellip;]<\/p>\n","protected":false},"author":4,"featured_media":0,"parent":8361,"menu_order":4,"comment_status":"closed","ping_status":"closed","template":"","meta":{"_bbp_topic_count":0,"_bbp_reply_count":0,"_bbp_total_topic_count":0,"_bbp_total_reply_count":0,"_bbp_voice_count":0,"_bbp_anonymous_reply_count":0,"_bbp_topic_count_hidden":0,"_bbp_reply_count_hidden":0,"_bbp_forum_subforum_count":0,"site-sidebar-layout":"default","site-content-layout":"","ast-site-content-layout":"","site-content-style":"default","site-sidebar-style":"default","ast-global-header-display":"","ast-banner-title-visibility":"","ast-main-header-display":"","ast-hfb-above-header-display":"","ast-hfb-below-header-display":"","ast-hfb-mobile-header-display":"","site-post-title":"","ast-breadcrumbs-content":"","ast-featured-img":"","footer-sml-layout":"","theme-transparent-header-meta":"","adv-header-id-meta":"","stick-header-meta":"","header-above-stick-meta":"","header-main-stick-meta":"","header-below-stick-meta":"","astra-migrate-meta-layouts":"default","ast-page-background-enabled":"default","ast-page-background-meta":{"desktop":{"background-color":"var(--ast-global-color-4)","background-image":"","background-repeat":"repeat","background-position":"center center","background-size":"auto","background-attachment":"scroll","background-type":"","background-media":"","overlay-type":"","overlay-color":"","overlay-opacity":"","overlay-gradient":""},"tablet":{"background-color":"","background-image":"","background-repeat":"repeat","background-position":"center center","background-size":"auto","background-attachment":"scroll","background-type":"","background-media":"","overlay-type":"","overlay-color":"","overlay-opacity":"","overlay-gradient":""},"mobile":{"background-color":"","background-image":"","background-repeat":"repeat","background-position":"center center","background-size":"auto","background-attachment":"scroll","background-type":"","background-media":"","overlay-type":"","overlay-color":"","overlay-opacity":"","overlay-gradient":""}},"ast-content-background-meta":{"desktop":{"background-color":"var(--ast-global-color-5)","background-image":"","background-repeat":"repeat","background-position":"center center","background-size":"auto","background-attachment":"scroll","background-type":"","background-media":"","overlay-type":"","overlay-color":"","overlay-opacity":"","overlay-gradient":""},"tablet":{"background-color":"var(--ast-global-color-5)","background-image":"","background-repeat":"repeat","background-position":"center center","background-size":"auto","background-attachment":"scroll","background-type":"","background-media":"","overlay-type":"","overlay-color":"","overlay-opacity":"","overlay-gradient":""},"mobile":{"background-color":"var(--ast-global-color-5)","background-image":"","background-repeat":"repeat","background-position":"center center","background-size":"auto","background-attachment":"scroll","background-type":"","background-media":"","overlay-type":"","overlay-color":"","overlay-opacity":"","overlay-gradient":""}},"footnotes":""},"class_list":["post-8399","page","type-page","status-publish","hentry"],"post_mailing_queue_ids":[],"_links":{"self":[{"href":"https:\/\/serveiseducatius.xtec.cat\/sarria-santgervasi\/wp-json\/wp\/v2\/pages\/8399","targetHints":{"allow":["GET"]}}],"collection":[{"href":"https:\/\/serveiseducatius.xtec.cat\/sarria-santgervasi\/wp-json\/wp\/v2\/pages"}],"about":[{"href":"https:\/\/serveiseducatius.xtec.cat\/sarria-santgervasi\/wp-json\/wp\/v2\/types\/page"}],"author":[{"embeddable":true,"href":"https:\/\/serveiseducatius.xtec.cat\/sarria-santgervasi\/wp-json\/wp\/v2\/users\/4"}],"replies":[{"embeddable":true,"href":"https:\/\/serveiseducatius.xtec.cat\/sarria-santgervasi\/wp-json\/wp\/v2\/comments?post=8399"}],"version-history":[{"count":5,"href":"https:\/\/serveiseducatius.xtec.cat\/sarria-santgervasi\/wp-json\/wp\/v2\/pages\/8399\/revisions"}],"predecessor-version":[{"id":14748,"href":"https:\/\/serveiseducatius.xtec.cat\/sarria-santgervasi\/wp-json\/wp\/v2\/pages\/8399\/revisions\/14748"}],"up":[{"embeddable":true,"href":"https:\/\/serveiseducatius.xtec.cat\/sarria-santgervasi\/wp-json\/wp\/v2\/pages\/8361"}],"wp:attachment":[{"href":"https:\/\/serveiseducatius.xtec.cat\/sarria-santgervasi\/wp-json\/wp\/v2\/media?parent=8399"}],"curies":[{"name":"wp","href":"https:\/\/api.w.org\/{rel}","templated":true}]}}