{"id":8395,"date":"2017-10-25T15:23:04","date_gmt":"2017-10-25T13:23:04","guid":{"rendered":"http:\/\/serveiseducatius.xtec.cat\/sarria-santgervasi\/?page_id=8395"},"modified":"2019-06-03T10:42:35","modified_gmt":"2019-06-03T08:42:35","slug":"la-festa-dels-sentits","status":"publish","type":"page","link":"https:\/\/serveiseducatius.xtec.cat\/sarria-santgervasi\/dinamitzacio\/la-festa-dels-sentits\/","title":{"rendered":"La Festa dels sentits"},"content":{"rendered":"<div>\n<div class=\"ast-oembed-container \" style=\"height: 100%;\"><iframe loading=\"lazy\" title=\"La Festa dels Sentits a Sarri\u00e0-Sant Gervasi\" width=\"500\" height=\"281\" src=\"https:\/\/www.youtube.com\/embed\/BVfD8RE5Rd8?feature=oembed\" frameborder=\"0\" allow=\"accelerometer; autoplay; clipboard-write; encrypted-media; gyroscope; picture-in-picture; web-share\" referrerpolicy=\"strict-origin-when-cross-origin\" allowfullscreen><\/iframe><\/div>\n<p style=\"text-align: left;\">Des del curs 1999-2000 el CRP Sarri\u00e0-Sant Gervasi (Centre de Recursos Pedag\u00f2gics) conjuntament\u00a0amb el Districte i les escoles d\u2019educaci\u00f3 especial realitzant l&#8217;activitat de dinamitzaci\u00f3 coneguda amb el nom de<span style=\"color: #000000;\"><strong> La Festa del Sentits. <\/strong><\/span>En aquesta activitat l&#8217;alumnat experimenta i gaudeix de les sensacions i emocions que\u00a0aporten els sentits. La festa \u00e9s realitza als <span style=\"color: #000000;\"><a href=\"https:\/\/goo.gl\/maps\/Z5xUJAuQC5C2\"><b><span lang=\"CA\">Jardins de la Vil\u00b7la Cec\u00edlia<\/span><\/b> <\/a><\/span>( Eduardo Conde, 22) que ofereix tamb\u00e9 la seva col\u00b7laboraci\u00f3. <strong><span style=\"color: #ff6600;\"><br \/>\n<\/span><\/strong><\/p>\n<p>Els principals objectius de la festa s\u00f3n:<\/p>\n<ul>\n<li>\n<div>Afavorir l&#8217;intercanvi professional entre mestres de prim\u00e0ria \u00a0de centres d&#8217;educaci\u00f3 especial i ordin\u00e0ria.<\/div>\n<\/li>\n<li>\n<div>Sensibilitzar l&#8217;alumnat perqu\u00e8 pugui treballar els sentits i les percepcions.<\/div>\n<\/li>\n<li>Treballar els valors de la solidaritat i la responsabilitat.<\/li>\n<\/ul>\n<p>L&#8217;activitat ha comptat, des del seu inici, amb el suport de l&#8217;alumnat de la Menci\u00f3 d&#8217;Atenci\u00f3 de la Diversitat de Universitat Blanquerna i els alumnes de 6\u00e8 de l&#8217;Escola Orlandai. No obstant, i al llarg d&#8217;aquests anys, l&#8217;organitzaci\u00f3 i disseny de la festa ha anat virant cap a una major cota d&#8217;inclusi\u00f3, fet que ha comportat la reformulaci\u00f3 del actors habituals i la incorporaci\u00f3 d&#8217;altres de nous.<\/p>\n<p>En aquest sentit, la vinculaci\u00f3 dels estudiants de Blanquerna ha quedat reflectida en el seu marc curricular sota la metodologia Aprenentatge enfortint la participaci\u00f3 de la Universitat en l&#8217;activitat. Per altra banda les Escoles d&#8217;Educaci\u00f3 Especial els mostren l&#8217;organitzaci\u00f3 i el funcionament dels seus centres i supervisen els dissenys del tallers que proposen pels estudiant de Blanquerna per a la Festa dels sentits. Al costat dels alumnes de 6\u00e8 d&#8217;Orlandai, cal afegir-hi, tamb\u00e9, els de l&#8217;alumnat de 6\u00e8 de l&#8217;Escola Poeta Foix, que sumen tallers al global de propostes.<\/p>\n<p>Els protagonistes de la Festa dels Sentits s\u00f3n els alumnes de les Escoles d&#8217;Educaci\u00f3 Especial i els alumnes de 3r l&#8217;escola Orlandai i Poeta Foix que, en petits grups, participen dels diferents tallers amb l&#8217;objectiu de gaudir plegats de la descoberta de l&#8217;altre, tot compartint aquesta jornada l\u00fadica.<\/p>\n<p>La festa finalitza amb una cloenda a c\u00e0rrec de l\u2019escola\u00a0 de dansa \u00a0V\u00e0rium de Sarri\u00e0.<\/p>\n<div style=\"text-align: left; display: block; margin-right: auto; margin-left: auto;\">\n<div style=\"text-align: left;\">\n<p>Veieu la darrera activitat a <a href=\"https:\/\/serveiseducatius.xtec.cat\/sarria-santgervasi\/categoria\/dinamitzacio\/\">Actualitat Dinamitzaci\u00f3<\/a><\/p>\n<\/div>\n<\/div>\n<\/div>\n","protected":false},"excerpt":{"rendered":"<p>Des del curs 1999-2000 el CRP Sarri\u00e0-Sant Gervasi (Centre de Recursos Pedag\u00f2gics) conjuntament\u00a0amb el Districte i les escoles d\u2019educaci\u00f3 especial realitzant l&#8217;activitat de dinamitzaci\u00f3 coneguda amb el nom de La Festa del Sentits. En aquesta activitat l&#8217;alumnat experimenta i gaudeix de les sensacions i emocions que\u00a0aporten els sentits. La festa \u00e9s realitza als Jardins de [&hellip;]<\/p>\n","protected":false},"author":4,"featured_media":0,"parent":8361,"menu_order":2,"comment_status":"closed","ping_status":"closed","template":"page-templates\/side-menu.php","meta":{"_bbp_topic_count":0,"_bbp_reply_count":0,"_bbp_total_topic_count":0,"_bbp_total_reply_count":0,"_bbp_voice_count":0,"_bbp_anonymous_reply_count":0,"_bbp_topic_count_hidden":0,"_bbp_reply_count_hidden":0,"_bbp_forum_subforum_count":0,"site-sidebar-layout":"default","site-content-layout":"","ast-site-content-layout":"","site-content-style":"default","site-sidebar-style":"default","ast-global-header-display":"","ast-banner-title-visibility":"","ast-main-header-display":"","ast-hfb-above-header-display":"","ast-hfb-below-header-display":"","ast-hfb-mobile-header-display":"","site-post-title":"","ast-breadcrumbs-content":"","ast-featured-img":"","footer-sml-layout":"","theme-transparent-header-meta":"","adv-header-id-meta":"","stick-header-meta":"","header-above-stick-meta":"","header-main-stick-meta":"","header-below-stick-meta":"","astra-migrate-meta-layouts":"default","ast-page-background-enabled":"default","ast-page-background-meta":{"desktop":{"background-color":"var(--ast-global-color-4)","background-image":"","background-repeat":"repeat","background-position":"center center","background-size":"auto","background-attachment":"scroll","background-type":"","background-media":"","overlay-type":"","overlay-color":"","overlay-opacity":"","overlay-gradient":""},"tablet":{"background-color":"","background-image":"","background-repeat":"repeat","background-position":"center center","background-size":"auto","background-attachment":"scroll","background-type":"","background-media":"","overlay-type":"","overlay-color":"","overlay-opacity":"","overlay-gradient":""},"mobile":{"background-color":"","background-image":"","background-repeat":"repeat","background-position":"center center","background-size":"auto","background-attachment":"scroll","background-type":"","background-media":"","overlay-type":"","overlay-color":"","overlay-opacity":"","overlay-gradient":""}},"ast-content-background-meta":{"desktop":{"background-color":"var(--ast-global-color-5)","background-image":"","background-repeat":"repeat","background-position":"center center","background-size":"auto","background-attachment":"scroll","background-type":"","background-media":"","overlay-type":"","overlay-color":"","overlay-opacity":"","overlay-gradient":""},"tablet":{"background-color":"var(--ast-global-color-5)","background-image":"","background-repeat":"repeat","background-position":"center center","background-size":"auto","background-attachment":"scroll","background-type":"","background-media":"","overlay-type":"","overlay-color":"","overlay-opacity":"","overlay-gradient":""},"mobile":{"background-color":"var(--ast-global-color-5)","background-image":"","background-repeat":"repeat","background-position":"center center","background-size":"auto","background-attachment":"scroll","background-type":"","background-media":"","overlay-type":"","overlay-color":"","overlay-opacity":"","overlay-gradient":""}},"footnotes":""},"class_list":["post-8395","page","type-page","status-publish","hentry"],"post_mailing_queue_ids":[],"_links":{"self":[{"href":"https:\/\/serveiseducatius.xtec.cat\/sarria-santgervasi\/wp-json\/wp\/v2\/pages\/8395","targetHints":{"allow":["GET"]}}],"collection":[{"href":"https:\/\/serveiseducatius.xtec.cat\/sarria-santgervasi\/wp-json\/wp\/v2\/pages"}],"about":[{"href":"https:\/\/serveiseducatius.xtec.cat\/sarria-santgervasi\/wp-json\/wp\/v2\/types\/page"}],"author":[{"embeddable":true,"href":"https:\/\/serveiseducatius.xtec.cat\/sarria-santgervasi\/wp-json\/wp\/v2\/users\/4"}],"replies":[{"embeddable":true,"href":"https:\/\/serveiseducatius.xtec.cat\/sarria-santgervasi\/wp-json\/wp\/v2\/comments?post=8395"}],"version-history":[{"count":4,"href":"https:\/\/serveiseducatius.xtec.cat\/sarria-santgervasi\/wp-json\/wp\/v2\/pages\/8395\/revisions"}],"predecessor-version":[{"id":10642,"href":"https:\/\/serveiseducatius.xtec.cat\/sarria-santgervasi\/wp-json\/wp\/v2\/pages\/8395\/revisions\/10642"}],"up":[{"embeddable":true,"href":"https:\/\/serveiseducatius.xtec.cat\/sarria-santgervasi\/wp-json\/wp\/v2\/pages\/8361"}],"wp:attachment":[{"href":"https:\/\/serveiseducatius.xtec.cat\/sarria-santgervasi\/wp-json\/wp\/v2\/media?parent=8395"}],"curies":[{"name":"wp","href":"https:\/\/api.w.org\/{rel}","templated":true}]}}