{"id":8392,"date":"2017-10-25T15:22:08","date_gmt":"2017-10-25T13:22:08","guid":{"rendered":"http:\/\/serveiseducatius.xtec.cat\/sarria-santgervasi\/?page_id=8392"},"modified":"2019-01-16T13:44:24","modified_gmt":"2019-01-16T12:44:24","slug":"la-festa-major-de-sarria-a-les-escoles","status":"publish","type":"page","link":"https:\/\/serveiseducatius.xtec.cat\/sarria-santgervasi\/dinamitzacio\/la-festa-major-de-sarria-a-les-escoles\/","title":{"rendered":"La Festa Major de Sarri\u00e0 a les escoles"},"content":{"rendered":"<div style=\"text-align: center;\">\n<p><span style=\"font-size: 13.3333px; display: inline;\"><img loading=\"lazy\" decoding=\"async\" style=\"display: inline; margin: 5px 10px 0px 0px; float: left;\" src=\"https:\/\/sites.google.com\/a\/xtec.cat\/crp-sarria-sant-gervasi\/_\/rsrc\/1409646842583\/arxiu-d-activitats\/arxiu-2013-14\/actualitat-del-crp\/festamajordesarriaalesescoles2013\/CIMG1327.JPG?height=240&amp;width=320\" width=\"320\" height=\"240\" border=\"0\" \/><\/span><\/p>\n<div style=\"font-size: 13.3333px; text-align: left; background-color: transparent;\"><span style=\"font-family: Verdana,sans-serif; line-height: 0.5cm; background-color: transparent;\"><span style=\"color: #000000; font-size: small;\">La Festa Major de Sarri\u00e0 a les escoles,\u00a0 es celebra al mes d&#8217;octubre\u00a0<\/span><\/span><span style=\"color: #000000; font-family: Verdana,sans-serif; font-size: small; line-height: 18.8976px; background-color: transparent;\">i forma part del P<\/span><span style=\"color: #000000; font-family: Verdana,sans-serif; font-size: small; line-height: 18.8976px; background-color: transparent;\">rograma d&#8217;activitats de la Festa Major del Roser de Sarri\u00e0.\u00a0<\/span><\/div>\n<div style=\"font-size: 13.3333px; text-align: left; background-color: transparent;\"><span style=\"font-family: Verdana,sans-serif; line-height: 0.5cm; background-color: transparent;\"><span style=\"color: #000000; font-size: small;\">\u00a0<\/span><\/span><\/div>\n<div style=\"font-size: 13.3333px; text-align: left; background-color: transparent;\"><span style=\"font-family: Verdana,sans-serif; line-height: 0.5cm; background-color: transparent;\"><span style=\"color: #000000; font-size: small;\">\u00c9s una activitat educativa organitzada conjuntament pel professorat de m\u00fasica i d&#8217;educaci\u00f3 f\u00edsica de les escoles que hi participen.\u00a0<\/span><\/span><\/div>\n<div style=\"font-size: 13.3333px; text-align: left; background-color: transparent;\"><span style=\"font-family: Verdana,sans-serif; line-height: 0.5cm; background-color: transparent;\"><span style=\"color: #000000; font-size: small;\">\u00a0<\/span><\/span><\/div>\n<div style=\"font-size: 13.3333px; text-align: left; background-color: transparent;\"><span style=\"font-family: Verdana,sans-serif; line-height: 0.5cm; background-color: transparent;\"><span style=\"color: #000000; font-size: small;\">El Districte de Sarri\u00e0-Sant Gervasi hi col\u00b7labora donant el suport necessari, conjuntament, amb la Gu\u00e0rdia Urbana i el Centre C\u00edvic de Sarri\u00e0.\u00a0\u00a0<\/span><\/span><span style=\"font-family: Verdana,sans-serif; line-height: 0.5cm; background-color: transparent;\"><span style=\"color: #000000; font-size: small;\">El CRP de Sarri\u00e0-Sant Gervasi hi col\u00b7labora coordinant el programa d&#8217;actuacions.<\/span><\/span><\/div>\n<div style=\"text-align: left; background-color: transparent;\">\n<p style=\"font-size: 13.3333px; margin: 0.18cm 0px; line-height: 0.5cm;\"><span style=\"color: #000000; font-family: Verdana, sans-serif; font-size: small;\">Hi participen aproximadament 1700 nens i nenes procedents d&#8217;escoles p\u00fabliques, concertades i d&#8217;educaci\u00f3 especial de Sarri\u00e0.<\/span><\/p>\n<p>Veieu la darrera Festa Major a <strong><a href=\"https:\/\/serveiseducatius.xtec.cat\/sarria-santgervasi\/categoria\/dinamitzacio\/\">Actualitat dinamitzaci\u00f3<\/a><\/strong><\/p>\n<p style=\"font-size: 13.3333px; margin: 0.18cm 0px; line-height: 0.5cm;\"><span style=\"color: #000000; font-family: Verdana, sans-serif; font-size: small;\">L&#8217;activitat requereix d&#8217;un treball previ d&#8217;aprenentatge de les actuacions i danses a cada escola, una cercavila formada per itineraris confluents i una festa final conjunta. Durant el trajecte els nens i nenes, al ritme de timbals i gralles, fa diferents actuacions i balla danses populars i tradicionals de Festa Major, acompanyats per un seguici de gegants, cap-grossos i diables.<br \/>\n<\/span><\/p>\n<p style=\"font-size: 13.3333px; margin: 0.18cm 0px; line-height: 0.5cm;\"><span style=\"color: #000000; font-family: Verdana, sans-serif; font-size: small;\">\u00a0<\/span><\/p>\n<p style=\"font-size: 13.3333px; margin: 0.18cm 0px; line-height: 0.5cm;\"><b><span style=\"color: #000000; font-family: Verdana, sans-serif; font-size: small;\">La cercavila de totes les escoles s&#8217;inicia a la Pla\u00e7a del Consell de la Vila a les <\/span><span style=\"color: #990000; font-family: Verdana, sans-serif; font-size: small;\">10 h.<\/span><\/b><\/p>\n<ul>\n<li style=\"font-size: 13.3333px;\"><span style=\"font-family: verdana,sans-serif;\"><span style=\"color: #000000; font-size: small;\">Part de l&#8217;alumnat es queda a la Pla\u00e7a del Consell de la Vila per aixecar falcons\u00a0<b>10&#8217;15 h.<\/b>\u00a0Un cop acabades les actuacions reprenen la cercavila cap a les 10&#8217;30 h.<br \/>\n<\/span><\/span><\/li>\n<li style=\"font-size: 13.3333px;\"><span style=\"font-family: verdana,sans-serif;\"><span style=\"color: #000000; font-size: small;\">La resta segueix fins la pla\u00e7a de Sant Vicen\u00e7 per fer el ball de cintes a les\u00a0<b>10&#8217;15 h<\/b>. Reprenen la cercavila cap a les 10&#8217;30 h.<br \/>\n<\/span><\/span><\/li>\n<li style=\"font-size: 13.3333px;\"><span style=\"font-family: verdana,sans-serif;\"><span style=\"color: #000000; font-size: small;\">Les dues cercaviles s&#8217;ajunten al Casal de Sarri\u00e0 a les\u00a0<b>11 h.<\/b><br \/>\n<\/span><\/span><\/li>\n<li style=\"font-size: 13.3333px;\"><span style=\"font-family: verdana,sans-serif;\"><span style=\"color: #000000;\">Un cop a la pista del Casal s&#8217;inicien les actuacions conjuntes de totes les escoles.<\/span><\/span><\/li>\n<li><span style=\"color: #000000;\"><span style=\"font-family: verdana, sans-serif;\"><span style=\"font-size: 13.3333px;\">Cap a les <b>12 h<\/b>. finalitza\u00a0l&#8217;acte<\/span><\/span><\/span><\/li>\n<\/ul>\n<div><\/div>\n<p><b style=\"background-color: transparent; color: #20124d; font-size: large; line-height: 24px; font-family: 'trebuchet ms', sans-serif;\">Centres participants<\/b><\/p>\n<ul>\n<li>Esc Dolors Monserd\u00e0-Santapau<\/li>\n<li>Esc Orlandai<\/li>\n<li>IE Costa i Llobera<\/li>\n<li>CEE Pedralbes<\/li>\n<li>CC Santa Dorotea<\/li>\n<li>Esc T\u00e0ber<\/li>\n<\/ul>\n<\/div>\n<\/div>\n<div style=\"text-align: center;\">\n<div style=\"margin-right: auto; margin-left: auto; background-color: transparent;\">\n<hr \/>\n<\/div>\n<\/div>\n","protected":false},"excerpt":{"rendered":"<p>La Festa Major de Sarri\u00e0 a les escoles,\u00a0 es celebra al mes d&#8217;octubre\u00a0i forma part del Programa d&#8217;activitats de la Festa Major del Roser de Sarri\u00e0.\u00a0 \u00a0 \u00c9s una activitat educativa organitzada conjuntament pel professorat de m\u00fasica i d&#8217;educaci\u00f3 f\u00edsica de les escoles que hi participen.\u00a0 \u00a0 El Districte de Sarri\u00e0-Sant Gervasi hi col\u00b7labora donant [&hellip;]<\/p>\n","protected":false},"author":4,"featured_media":0,"parent":8361,"menu_order":1,"comment_status":"closed","ping_status":"closed","template":"","meta":{"_bbp_topic_count":0,"_bbp_reply_count":0,"_bbp_total_topic_count":0,"_bbp_total_reply_count":0,"_bbp_voice_count":0,"_bbp_anonymous_reply_count":0,"_bbp_topic_count_hidden":0,"_bbp_reply_count_hidden":0,"_bbp_forum_subforum_count":0,"site-sidebar-layout":"default","site-content-layout":"","ast-site-content-layout":"","site-content-style":"default","site-sidebar-style":"default","ast-global-header-display":"","ast-banner-title-visibility":"","ast-main-header-display":"","ast-hfb-above-header-display":"","ast-hfb-below-header-display":"","ast-hfb-mobile-header-display":"","site-post-title":"","ast-breadcrumbs-content":"","ast-featured-img":"","footer-sml-layout":"","theme-transparent-header-meta":"","adv-header-id-meta":"","stick-header-meta":"","header-above-stick-meta":"","header-main-stick-meta":"","header-below-stick-meta":"","astra-migrate-meta-layouts":"default","ast-page-background-enabled":"default","ast-page-background-meta":{"desktop":{"background-color":"var(--ast-global-color-4)","background-image":"","background-repeat":"repeat","background-position":"center center","background-size":"auto","background-attachment":"scroll","background-type":"","background-media":"","overlay-type":"","overlay-color":"","overlay-opacity":"","overlay-gradient":""},"tablet":{"background-color":"","background-image":"","background-repeat":"repeat","background-position":"center center","background-size":"auto","background-attachment":"scroll","background-type":"","background-media":"","overlay-type":"","overlay-color":"","overlay-opacity":"","overlay-gradient":""},"mobile":{"background-color":"","background-image":"","background-repeat":"repeat","background-position":"center center","background-size":"auto","background-attachment":"scroll","background-type":"","background-media":"","overlay-type":"","overlay-color":"","overlay-opacity":"","overlay-gradient":""}},"ast-content-background-meta":{"desktop":{"background-color":"var(--ast-global-color-5)","background-image":"","background-repeat":"repeat","background-position":"center center","background-size":"auto","background-attachment":"scroll","background-type":"","background-media":"","overlay-type":"","overlay-color":"","overlay-opacity":"","overlay-gradient":""},"tablet":{"background-color":"var(--ast-global-color-5)","background-image":"","background-repeat":"repeat","background-position":"center center","background-size":"auto","background-attachment":"scroll","background-type":"","background-media":"","overlay-type":"","overlay-color":"","overlay-opacity":"","overlay-gradient":""},"mobile":{"background-color":"var(--ast-global-color-5)","background-image":"","background-repeat":"repeat","background-position":"center center","background-size":"auto","background-attachment":"scroll","background-type":"","background-media":"","overlay-type":"","overlay-color":"","overlay-opacity":"","overlay-gradient":""}},"footnotes":""},"class_list":["post-8392","page","type-page","status-publish","hentry"],"post_mailing_queue_ids":[],"_links":{"self":[{"href":"https:\/\/serveiseducatius.xtec.cat\/sarria-santgervasi\/wp-json\/wp\/v2\/pages\/8392","targetHints":{"allow":["GET"]}}],"collection":[{"href":"https:\/\/serveiseducatius.xtec.cat\/sarria-santgervasi\/wp-json\/wp\/v2\/pages"}],"about":[{"href":"https:\/\/serveiseducatius.xtec.cat\/sarria-santgervasi\/wp-json\/wp\/v2\/types\/page"}],"author":[{"embeddable":true,"href":"https:\/\/serveiseducatius.xtec.cat\/sarria-santgervasi\/wp-json\/wp\/v2\/users\/4"}],"replies":[{"embeddable":true,"href":"https:\/\/serveiseducatius.xtec.cat\/sarria-santgervasi\/wp-json\/wp\/v2\/comments?post=8392"}],"version-history":[{"count":3,"href":"https:\/\/serveiseducatius.xtec.cat\/sarria-santgervasi\/wp-json\/wp\/v2\/pages\/8392\/revisions"}],"predecessor-version":[{"id":9748,"href":"https:\/\/serveiseducatius.xtec.cat\/sarria-santgervasi\/wp-json\/wp\/v2\/pages\/8392\/revisions\/9748"}],"up":[{"embeddable":true,"href":"https:\/\/serveiseducatius.xtec.cat\/sarria-santgervasi\/wp-json\/wp\/v2\/pages\/8361"}],"wp:attachment":[{"href":"https:\/\/serveiseducatius.xtec.cat\/sarria-santgervasi\/wp-json\/wp\/v2\/media?parent=8392"}],"curies":[{"name":"wp","href":"https:\/\/api.w.org\/{rel}","templated":true}]}}