{"id":8383,"date":"2017-10-25T15:07:59","date_gmt":"2017-10-25T13:07:59","guid":{"rendered":"http:\/\/serveiseducatius.xtec.cat\/sarria-santgervasi\/?page_id=8383"},"modified":"2025-02-12T09:33:17","modified_gmt":"2025-02-12T08:33:17","slug":"jocs-floral-escolars","status":"publish","type":"page","link":"https:\/\/serveiseducatius.xtec.cat\/sarria-santgervasi\/dinamitzacio\/jocs-floral-escolars\/","title":{"rendered":"Jocs Floral Escolars"},"content":{"rendered":"<div style=\"display: inline; float: left; margin: 5px 10px 0px 0px;\"><span style=\"color: #000000; font-family: arial, sans-serif;\"><a href=\"http:\/\/3.bp.blogspot.com\/-pb9oxODonL8\/UCejCXaDYcI\/AAAAAAAABxQ\/nLmNNuwH_TE\/s1600\/3785jocsflorals+1877,+obra+d'Apel%C2%B7les+Mestres.+foto+extreta+llibre+J+Miracle+Guimer%C3%A0,+Aedos+1958.jpg\"><img decoding=\"async\" class=\"alignleft\" src=\"http:\/\/3.bp.blogspot.com\/-pb9oxODonL8\/UCejCXaDYcI\/AAAAAAAABxQ\/nLmNNuwH_TE\/s400\/3785jocsflorals+1877,+obra+d'Apel%C2%B7les+Mestres.+foto+extreta+llibre+J+Miracle+Guimer%C3%A0,+Aedos+1958.jpg\" border=\"0\" \/><\/a><\/span><\/div>\n<p>Els Jocs Florals, \u00e9s un certamen literari amb molta historia. Fou institu\u00eft a Tolosa de Llenguadoc l&#8217;any 1324 per la <em>Sobregaya Companhia dels Set Trobadors<\/em> i va continu\u00e0 fins vers el 1484. Interrompuda la tradici\u00f3, aquesta no torn\u00e0 a ser represa fins a la instauraci\u00f3 dels Jocs Florals de Barcelona (1859). L&#8217;any 1877, es premia <em>L&#8217;Atl\u00e0ntida\u00a0<\/em>de Jacint Verdaguer. Entre 1900 i 1910, amb l&#8217;acceptaci\u00f3 de les noves est\u00e8tiques, s&#8217;incorporen noms importants com Miquel Costa i Llobera, Josep Carner, Joaquim Ruyra. La quarta etapa, 1911-1936, ve marcada pel distanciament dels responsables dels Jocs Florals de les estructures oficials, a causa de l&#8217;intent, no reeixit, de controlar el certamen per part dels noucentistes, fet que es va traduir en el rebuig -fins al 1934- de les normes ortogr\u00e0fiques de l&#8217;Institut d&#8217;Estudis Catalans per part dels Jocs. Interromputs els Jocs per la guerra civil, els Jocs es reprenen de forma clandestina fins que l&#8217;any 1971 l&#8217;Ajuntament de Barcelona en va reprendre la celebraci\u00f3. [Font: <a href=\"http:\/\/lletra.uoc.edu\/ca\/premi\/jocs-florals\">Lletra<\/a>]<\/p>\n<p>Actualment, els Jocs Florals s\u00f3n una festa liter\u00e0ria de Barcelona i Catalunya i que tamb\u00e9 te lloc als centres educatius. Per a participar-hi cal consultar les Bases de cada nou curs.<\/p>\n<p>La participaci\u00f3 pot ser a tres fases:<\/p>\n<ol>\n<li><strong><span style=\"color: #ff6600;\">Fase de districte. Jocs Florals del districte de Sarri\u00e0-Sant Gervasi.<\/span>\u00a0\u00a0<\/strong>Als Jocs Florals Escolars del districte de Sarri\u00e0-Sant Gervasi, hi participen els centres p\u00fablics, \u00a0concertats i d\u2019educaci\u00f3 especials dels cursos i nivells educatius que es publiquen cada curs a les Bases del certamen. Hi pot participar l&#8217;alumnat que hagi estat seleccionat pr\u00e8viament als diferents centres escolars del districte. \u00a0La participaci\u00f3 dels alumnes s&#8217;estructura diferents categories.<\/li>\n<li><strong><span style=\"color: #ff6600;\">Fase de ciutat. Jocs Florals escolars de Barcelona.<\/span>\u00a0<\/strong><span style=\"font-family: inherit; font-size: 1em;\">Els guardonats amb el primer premi en cada categoria,\u00a0participaran als <\/span><strong style=\"font-family: inherit; font-size: 1em;\"><a href=\"http:\/\/www.edubcn.cat\/ca\/suport_educatiu_recursos\/esdeveniments\/jocs_florals\">Jocs Florals Escolars de Barcelona<\/a><\/strong><span style=\"font-family: inherit; font-size: 1em;\"> d\u2019acord amb les bases d\u2019aquest certamen.<\/span><\/li>\n<li><strong style=\"color: #ff6600; font-family: inherit; font-size: 1em;\"><strong><span style=\"color: #ff6600;\">Fase de Catalunya. Jocs Florals escolars de Catalunya.<\/span><\/strong>\u00a0<\/strong><span style=\"color: #000000;\">El Departament d\u2019Ensenyament convoca els <strong><a href=\"https:\/\/xtec.gencat.cat\/ca\/centres\/premis-i-concursos\/jocsflorals\/\">Jocs Florals Escolars de Catalunya<\/a><\/strong>\u00a0amb l\u2019objectiu de potenciar i estimular l\u2019expressi\u00f3 i producci\u00f3 escrita dels nois i les noies i fomentar una tradici\u00f3 cultural pr\u00f2pia i arrelada al pa\u00eds.<\/span><\/li>\n<\/ol>\n<hr \/>\n<p><span lang=\"CA\" style=\"background-image: initial; background-position: initial; background-repeat: initial;\"><span style=\"color: #000000; font-family: arial, sans-serif;\">\u00a0<\/span><\/span><\/p>\n","protected":false},"excerpt":{"rendered":"<p>Els Jocs Florals, \u00e9s un certamen literari amb molta historia. Fou institu\u00eft a Tolosa de Llenguadoc l&#8217;any 1324 per la Sobregaya Companhia dels Set Trobadors i va continu\u00e0 fins vers el 1484. Interrompuda la tradici\u00f3, aquesta no torn\u00e0 a ser represa fins a la instauraci\u00f3 dels Jocs Florals de Barcelona (1859). L&#8217;any 1877, es premia [&hellip;]<\/p>\n","protected":false},"author":4,"featured_media":0,"parent":8361,"menu_order":3,"comment_status":"closed","ping_status":"closed","template":"","meta":{"_bbp_topic_count":0,"_bbp_reply_count":0,"_bbp_total_topic_count":0,"_bbp_total_reply_count":0,"_bbp_voice_count":0,"_bbp_anonymous_reply_count":0,"_bbp_topic_count_hidden":0,"_bbp_reply_count_hidden":0,"_bbp_forum_subforum_count":0,"site-sidebar-layout":"default","site-content-layout":"","ast-site-content-layout":"","site-content-style":"default","site-sidebar-style":"default","ast-global-header-display":"","ast-banner-title-visibility":"","ast-main-header-display":"","ast-hfb-above-header-display":"","ast-hfb-below-header-display":"","ast-hfb-mobile-header-display":"","site-post-title":"","ast-breadcrumbs-content":"","ast-featured-img":"","footer-sml-layout":"","theme-transparent-header-meta":"","adv-header-id-meta":"","stick-header-meta":"","header-above-stick-meta":"","header-main-stick-meta":"","header-below-stick-meta":"","astra-migrate-meta-layouts":"default","ast-page-background-enabled":"default","ast-page-background-meta":{"desktop":{"background-color":"var(--ast-global-color-4)","background-image":"","background-repeat":"repeat","background-position":"center center","background-size":"auto","background-attachment":"scroll","background-type":"","background-media":"","overlay-type":"","overlay-color":"","overlay-opacity":"","overlay-gradient":""},"tablet":{"background-color":"","background-image":"","background-repeat":"repeat","background-position":"center center","background-size":"auto","background-attachment":"scroll","background-type":"","background-media":"","overlay-type":"","overlay-color":"","overlay-opacity":"","overlay-gradient":""},"mobile":{"background-color":"","background-image":"","background-repeat":"repeat","background-position":"center center","background-size":"auto","background-attachment":"scroll","background-type":"","background-media":"","overlay-type":"","overlay-color":"","overlay-opacity":"","overlay-gradient":""}},"ast-content-background-meta":{"desktop":{"background-color":"var(--ast-global-color-5)","background-image":"","background-repeat":"repeat","background-position":"center center","background-size":"auto","background-attachment":"scroll","background-type":"","background-media":"","overlay-type":"","overlay-color":"","overlay-opacity":"","overlay-gradient":""},"tablet":{"background-color":"var(--ast-global-color-5)","background-image":"","background-repeat":"repeat","background-position":"center center","background-size":"auto","background-attachment":"scroll","background-type":"","background-media":"","overlay-type":"","overlay-color":"","overlay-opacity":"","overlay-gradient":""},"mobile":{"background-color":"var(--ast-global-color-5)","background-image":"","background-repeat":"repeat","background-position":"center center","background-size":"auto","background-attachment":"scroll","background-type":"","background-media":"","overlay-type":"","overlay-color":"","overlay-opacity":"","overlay-gradient":""}},"footnotes":""},"class_list":["post-8383","page","type-page","status-publish","hentry"],"post_mailing_queue_ids":[],"_links":{"self":[{"href":"https:\/\/serveiseducatius.xtec.cat\/sarria-santgervasi\/wp-json\/wp\/v2\/pages\/8383","targetHints":{"allow":["GET"]}}],"collection":[{"href":"https:\/\/serveiseducatius.xtec.cat\/sarria-santgervasi\/wp-json\/wp\/v2\/pages"}],"about":[{"href":"https:\/\/serveiseducatius.xtec.cat\/sarria-santgervasi\/wp-json\/wp\/v2\/types\/page"}],"author":[{"embeddable":true,"href":"https:\/\/serveiseducatius.xtec.cat\/sarria-santgervasi\/wp-json\/wp\/v2\/users\/4"}],"replies":[{"embeddable":true,"href":"https:\/\/serveiseducatius.xtec.cat\/sarria-santgervasi\/wp-json\/wp\/v2\/comments?post=8383"}],"version-history":[{"count":6,"href":"https:\/\/serveiseducatius.xtec.cat\/sarria-santgervasi\/wp-json\/wp\/v2\/pages\/8383\/revisions"}],"predecessor-version":[{"id":14727,"href":"https:\/\/serveiseducatius.xtec.cat\/sarria-santgervasi\/wp-json\/wp\/v2\/pages\/8383\/revisions\/14727"}],"up":[{"embeddable":true,"href":"https:\/\/serveiseducatius.xtec.cat\/sarria-santgervasi\/wp-json\/wp\/v2\/pages\/8361"}],"wp:attachment":[{"href":"https:\/\/serveiseducatius.xtec.cat\/sarria-santgervasi\/wp-json\/wp\/v2\/media?parent=8383"}],"curies":[{"name":"wp","href":"https:\/\/api.w.org\/{rel}","templated":true}]}}