{"id":8381,"date":"2017-10-25T15:07:02","date_gmt":"2017-10-25T13:07:02","guid":{"rendered":"http:\/\/serveiseducatius.xtec.cat\/sarria-santgervasi\/?page_id=8381"},"modified":"2019-01-16T13:47:16","modified_gmt":"2019-01-16T12:47:16","slug":"hi-havia-una-vegada","status":"publish","type":"page","link":"https:\/\/serveiseducatius.xtec.cat\/sarria-santgervasi\/dinamitzacio\/hi-havia-una-vegada\/","title":{"rendered":"Hi havia una vegada"},"content":{"rendered":"<h3 style=\"text-align: center;\"><\/h3>\n<div style=\"text-align: left;\">\n<p>\u00a0<a href=\"https:\/\/sites.google.com\/a\/xtec.cat\/crp-sarria-sant-gervasi\/arxiu-d-activitats\/arxiu-2012-13\/hihaviaunavegadaambadacusido\/Hihaviaunavegada%20027-001.JPG?attredirects=0\"><img loading=\"lazy\" decoding=\"async\" class=\"alignleft\" src=\"https:\/\/sites.google.com\/a\/xtec.cat\/crp-sarria-sant-gervasi\/arxiu-d-activitats\/arxiu-2012-13\/hihaviaunavegadaambadacusido\/Hihaviaunavegada%20027-001.JPG?attredirects=0\" width=\"320\" height=\"240\" border=\"0\" \/><\/a><span style=\"font-size: large;\">Hi havia una vegada<\/span><span style=\"font-size: medium; font-weight: normal;\">&#8230; \u00e9s un espectacle de petit format en el qual una narradora explica una hist\u00f2ria acompanyada d&#8217;una s\u00e8rie d&#8217;objectes amb moltes sorpreses que aniran apareixent al llarg de la sessi\u00f3, mitjan\u00e7ant petites hist\u00f2ries que s&#8217;enllacen amb un mateix fil conductor.<\/span><span style=\"font-size: medium; font-weight: normal; text-align: center; line-height: 1.5;\"><br \/>\n<\/span><\/p>\n<p style=\"line-height: 19px; margin-top: 4.1pt;\"><span style=\"font-weight: normal; color: #000000; font-family: 'trebuchet ms', sans-serif; font-size: medium;\">L&#8217;objectiu de l&#8217;activitat \u00e9s\u00a0<span style=\"line-height: normal;\">\u00a0a<\/span>propar els infants al m\u00f3n de la fantasia i la lectura a trav\u00e9s d&#8217;un conte.<\/span><\/p>\n<p style=\"margin-top: 4.1pt;\"><span style=\"font-family: 'trebuchet ms', sans-serif;\"><span style=\"color: #000000; font-size: medium;\"><span style=\"font-weight: normal;\"><span style=\"line-height: 19px;\">l&#8217;<a href=\"http:\/\/www.ducuncucalsac.com\/jo.html\" target=\"_blank\" rel=\"noopener\">Ada Cusid\u00f3<\/a>\u00a0<\/span><\/span><span style=\"background-color: transparent; font-weight: normal; text-align: justify;\">va estudiar art dram\u00e0tic a l\u2019<\/span><span style=\"font-weight: normal;\"><span style=\"background-color: transparent; margin: 0px; padding: 0px; line-height: 0.8em; text-align: justify;\">Institut del Teatre.<\/span><span style=\"background-color: transparent; margin: 0px; padding: 0px; line-height: 0.8em; text-align: justify;\"> \u00a0Tamb\u00e9 en sap de<\/span><span style=\"background-color: transparent; text-align: justify;\">\u00a0<\/span><\/span><span style=\"font-weight: normal; background-color: #ffffff;\">dansa contempor\u00e0nia, cant, esgrima i tant pot tranformar-se en clown com en rondallaire, professora teatre o animaci\u00f3.\u00a0<\/span><\/span><span style=\"color: #4c0c00; font-weight: normal; text-align: justify; background-color: transparent;\"><span style=\"font-size: medium;\">Va comen\u00e7ar a escriure contes curts i a apeda\u00e7ar-los uns amb els altres fins a configurar espectacles \u00fanics. Acompanyada d\u2019objectes senzills, del gest i de la veu, explica hist\u00f2ries inventades per ella mateixa o per alg\u00fa altre mig capgirades, retallades, saccejades i enganxades que expliquen el que no esperem que s\u2019expliqui.<\/span><\/span><\/span><\/p>\n<p style=\"margin-top: 4.1pt;\"><span style=\"color: #000000; font-family: 'trebuchet ms', sans-serif; font-size: medium;\"><span style=\"line-height: 19px; font-weight: normal;\">L&#8217;Ada \u00a0visita l&#8217;alumnat de llars i parvularis (P2 i P3) de Sarri\u00e0-Sant Gervasi fent gaudir els infants amb les seves hist\u00f2ries plenes d&#8217;encant i humor&#8230;<\/span><\/span><\/p>\n<div>\u00a0Veieu la darrera actuaci\u00f3 a\u00a0\u00a0<a href=\"https:\/\/serveiseducatius.xtec.cat\/sarria-santgervasi\/categoria\/dinamitzacio\/\">Actualitat Dinamitzaci\u00f3<\/a><\/div>\n<div>\n<div style=\"display: inline; float: left; margin: 5px 10px 0px 0px;\"><a href=\"https:\/\/bibliotequesdemanresa.files.wordpress.com\/2013\/12\/dinsdelcor02.jpg\"><img loading=\"lazy\" decoding=\"async\" class=\"alignleft\" src=\"https:\/\/bibliotequesdemanresa.files.wordpress.com\/2013\/12\/dinsdelcor02.jpg\" width=\"423\" height=\"317\" border=\"0\" \/><\/a><\/div>\n<p><a href=\"https:\/\/bibliotequesdemanresa.files.wordpress.com\/2015\/01\/ada-cusido.jpg\"><img loading=\"lazy\" decoding=\"async\" class=\"alignright\" src=\"https:\/\/bibliotequesdemanresa.files.wordpress.com\/2015\/01\/ada-cusido.jpg\" width=\"454\" height=\"302\" border=\"0\" \/><\/a><\/p>\n<\/div>\n<div><\/div>\n<div>\n<p>&nbsp;<\/p>\n<div style=\"display: inline; float: left; margin: 5px 10px 0px 0px;\"><\/div>\n<p>&nbsp;<\/p>\n<\/div>\n<div><span style=\"color: #000000; font-family: 'trebuchet ms', sans-serif; font-size: medium;\"><span style=\"line-height: 19px; font-weight: normal;\">\u00a0<\/span><\/span><\/div>\n<div><span style=\"color: #000000; font-family: 'trebuchet ms', sans-serif; font-size: medium;\"><span style=\"line-height: 19px; font-weight: normal;\">\u00a0<\/span><\/span><\/div>\n<div><span style=\"color: #000000; font-family: 'trebuchet ms', sans-serif; font-size: medium;\"><span style=\"line-height: 19px; font-weight: normal;\">\u00a0<\/span><\/span><\/div>\n<div><span style=\"color: #000000; font-family: 'trebuchet ms', sans-serif; font-size: medium;\"><span style=\"line-height: 19px; font-weight: normal;\">\u00a0<\/span><\/span><\/div>\n<div><span style=\"color: #000000; font-family: 'trebuchet ms', sans-serif; font-size: medium;\"><span style=\"line-height: 19px; font-weight: normal;\">\u00a0<\/span><\/span><\/div>\n<div><span style=\"color: #000000; font-family: 'trebuchet ms', sans-serif; font-size: medium;\"><span style=\"line-height: 19px; font-weight: normal;\">\u00a0<\/span><\/span><\/div>\n<div><span style=\"color: #000000; font-family: 'trebuchet ms', sans-serif; font-size: medium;\"><span style=\"line-height: 19px; font-weight: normal;\">\u00a0<\/span><\/span><\/div>\n<div><span style=\"color: #000000; font-family: 'trebuchet ms', sans-serif; font-size: medium;\"><span style=\"line-height: 19px; font-weight: normal;\">\u00a0<\/span><\/span><\/div>\n<div><span style=\"color: #000000; font-family: 'trebuchet ms', sans-serif; font-size: medium;\"><span style=\"line-height: 19px; font-weight: normal;\">\u00a0<\/span><\/span><\/div>\n<div><span style=\"color: #000000; font-family: 'trebuchet ms', sans-serif; font-size: medium;\"><span style=\"line-height: 19px; font-weight: normal;\">\u00a0<\/span><\/span><\/div>\n<div><span style=\"color: #000000; font-family: 'trebuchet ms', sans-serif; font-size: medium;\"><span style=\"line-height: 19px; font-weight: normal;\">\u00a0<\/span><\/span><\/div>\n<div><span style=\"background-color: transparent; color: #000000; font-family: trebuchet ms,sans-serif; font-size: medium; font-weight: normal;\">\u00a0<\/span><\/div>\n<div><span style=\"background-color: transparent; color: #000000; font-family: trebuchet ms,sans-serif; font-size: medium; font-weight: normal;\">\u00a0<\/span><\/div>\n<div>\n<ul>\n<li><span style=\"font-family: 'trebuchet ms', sans-serif;\">Hi trobareu m\u00e9s informaci\u00f3 sobre els seus contes a la seva p\u00e0gina:<strong><i> <a href=\"http:\/\/www.ducuncucalsac.com\/contes.html\" target=\"_blank\" rel=\"noopener\">Duc un cuc al sac<\/a><\/i><\/strong><\/span><\/li>\n<\/ul>\n<div>\n<hr \/>\n<\/div>\n<\/div>\n<\/div>\n","protected":false},"excerpt":{"rendered":"<p>\u00a0Hi havia una vegada&#8230; \u00e9s un espectacle de petit format en el qual una narradora explica una hist\u00f2ria acompanyada d&#8217;una s\u00e8rie d&#8217;objectes amb moltes sorpreses que aniran apareixent al llarg de la sessi\u00f3, mitjan\u00e7ant petites hist\u00f2ries que s&#8217;enllacen amb un mateix fil conductor. L&#8217;objectiu de l&#8217;activitat \u00e9s\u00a0\u00a0apropar els infants al m\u00f3n de la fantasia i [&hellip;]<\/p>\n","protected":false},"author":4,"featured_media":0,"parent":8361,"menu_order":2,"comment_status":"closed","ping_status":"closed","template":"","meta":{"_bbp_topic_count":0,"_bbp_reply_count":0,"_bbp_total_topic_count":0,"_bbp_total_reply_count":0,"_bbp_voice_count":0,"_bbp_anonymous_reply_count":0,"_bbp_topic_count_hidden":0,"_bbp_reply_count_hidden":0,"_bbp_forum_subforum_count":0,"site-sidebar-layout":"default","site-content-layout":"","ast-site-content-layout":"","site-content-style":"default","site-sidebar-style":"default","ast-global-header-display":"","ast-banner-title-visibility":"","ast-main-header-display":"","ast-hfb-above-header-display":"","ast-hfb-below-header-display":"","ast-hfb-mobile-header-display":"","site-post-title":"","ast-breadcrumbs-content":"","ast-featured-img":"","footer-sml-layout":"","theme-transparent-header-meta":"","adv-header-id-meta":"","stick-header-meta":"","header-above-stick-meta":"","header-main-stick-meta":"","header-below-stick-meta":"","astra-migrate-meta-layouts":"default","ast-page-background-enabled":"default","ast-page-background-meta":{"desktop":{"background-color":"var(--ast-global-color-4)","background-image":"","background-repeat":"repeat","background-position":"center center","background-size":"auto","background-attachment":"scroll","background-type":"","background-media":"","overlay-type":"","overlay-color":"","overlay-opacity":"","overlay-gradient":""},"tablet":{"background-color":"","background-image":"","background-repeat":"repeat","background-position":"center center","background-size":"auto","background-attachment":"scroll","background-type":"","background-media":"","overlay-type":"","overlay-color":"","overlay-opacity":"","overlay-gradient":""},"mobile":{"background-color":"","background-image":"","background-repeat":"repeat","background-position":"center center","background-size":"auto","background-attachment":"scroll","background-type":"","background-media":"","overlay-type":"","overlay-color":"","overlay-opacity":"","overlay-gradient":""}},"ast-content-background-meta":{"desktop":{"background-color":"var(--ast-global-color-5)","background-image":"","background-repeat":"repeat","background-position":"center center","background-size":"auto","background-attachment":"scroll","background-type":"","background-media":"","overlay-type":"","overlay-color":"","overlay-opacity":"","overlay-gradient":""},"tablet":{"background-color":"var(--ast-global-color-5)","background-image":"","background-repeat":"repeat","background-position":"center center","background-size":"auto","background-attachment":"scroll","background-type":"","background-media":"","overlay-type":"","overlay-color":"","overlay-opacity":"","overlay-gradient":""},"mobile":{"background-color":"var(--ast-global-color-5)","background-image":"","background-repeat":"repeat","background-position":"center center","background-size":"auto","background-attachment":"scroll","background-type":"","background-media":"","overlay-type":"","overlay-color":"","overlay-opacity":"","overlay-gradient":""}},"footnotes":""},"class_list":["post-8381","page","type-page","status-publish","hentry"],"post_mailing_queue_ids":[],"_links":{"self":[{"href":"https:\/\/serveiseducatius.xtec.cat\/sarria-santgervasi\/wp-json\/wp\/v2\/pages\/8381","targetHints":{"allow":["GET"]}}],"collection":[{"href":"https:\/\/serveiseducatius.xtec.cat\/sarria-santgervasi\/wp-json\/wp\/v2\/pages"}],"about":[{"href":"https:\/\/serveiseducatius.xtec.cat\/sarria-santgervasi\/wp-json\/wp\/v2\/types\/page"}],"author":[{"embeddable":true,"href":"https:\/\/serveiseducatius.xtec.cat\/sarria-santgervasi\/wp-json\/wp\/v2\/users\/4"}],"replies":[{"embeddable":true,"href":"https:\/\/serveiseducatius.xtec.cat\/sarria-santgervasi\/wp-json\/wp\/v2\/comments?post=8381"}],"version-history":[{"count":3,"href":"https:\/\/serveiseducatius.xtec.cat\/sarria-santgervasi\/wp-json\/wp\/v2\/pages\/8381\/revisions"}],"predecessor-version":[{"id":9751,"href":"https:\/\/serveiseducatius.xtec.cat\/sarria-santgervasi\/wp-json\/wp\/v2\/pages\/8381\/revisions\/9751"}],"up":[{"embeddable":true,"href":"https:\/\/serveiseducatius.xtec.cat\/sarria-santgervasi\/wp-json\/wp\/v2\/pages\/8361"}],"wp:attachment":[{"href":"https:\/\/serveiseducatius.xtec.cat\/sarria-santgervasi\/wp-json\/wp\/v2\/media?parent=8381"}],"curies":[{"name":"wp","href":"https:\/\/api.w.org\/{rel}","templated":true}]}}