{"id":8361,"date":"2017-10-25T14:34:44","date_gmt":"2017-10-25T12:34:44","guid":{"rendered":"http:\/\/serveiseducatius.xtec.cat\/sarria-santgervasi\/?page_id=8361"},"modified":"2023-04-19T11:24:03","modified_gmt":"2023-04-19T09:24:03","slug":"dinamitzacio","status":"publish","type":"page","link":"https:\/\/serveiseducatius.xtec.cat\/sarria-santgervasi\/dinamitzacio\/","title":{"rendered":"Dinamitzaci\u00f3"},"content":{"rendered":"<p><a href=\"https:\/\/serveiseducatius.xtec.cat\/sarria-santgervasi\/wp-content\/uploads\/usu1168\/2019\/01\/dinamitzaci\u00f3-centres1.png\"><img loading=\"lazy\" decoding=\"async\" class=\"wp-image-9853 alignleft\" src=\"https:\/\/serveiseducatius.xtec.cat\/sarria-santgervasi\/wp-content\/uploads\/usu1168\/2019\/01\/dinamitzaci\u00f3-centres1.png\" alt=\"\" width=\"199\" height=\"269\" srcset=\"https:\/\/serveiseducatius.xtec.cat\/sarria-santgervasi\/wp-content\/uploads\/usu1168\/2019\/01\/dinamitzaci\u00f3-centres1.png 333w, https:\/\/serveiseducatius.xtec.cat\/sarria-santgervasi\/wp-content\/uploads\/usu1168\/2019\/01\/dinamitzaci\u00f3-centres1-222x300.png 222w\" sizes=\"auto, (max-width: 199px) 100vw, 199px\" \/><\/a><span style=\"color: #000000;\">Una de les quatre\u00a0<a href=\"https:\/\/sites.google.com\/a\/xtec.cat\/crp-sarria-sant-gervasi\/inici\/crp#TOC-L-nies-principals-d-actuaci-del-CRP-de-Sarri--Sant-Gervasi\" target=\"_blank\" rel=\"noopener noreferrer\">l<\/a><a href=\"https:\/\/sites.google.com\/a\/xtec.cat\/crp-sarria-sant-gervasi\/inici\/crp#TOC-L-nies-principals-d-actuaci-del-CRP-de-Sarri--Sant-Gervasi\" target=\"_blank\" rel=\"noopener noreferrer\">\u00ednies principals<\/a>\u00a0d&#8217;actuaci\u00f3 del nostre CRP, \u00e9s la de\u00a0<\/span>donar\u00a0suport\u00a0<span style=\"color: #000000;\">\u00a0a la comunitat de centres docents i els seu alumna<\/span>t,fomentant i\u00a0organitzant activitats\u00a0<span style=\"color: #000000; font-family: Arial, sans-serif;\">de cohesi\u00f3 i\u00a0intercanvi, ja siguin curriculars, l\u00fadiques, culturals o esportives.\u00a0<\/span><\/p>\n<p><span style=\"color: #000000;\">La funci\u00f3 dinamitzadora del CRP es centra en\u00a0<\/span>donar\u00a0suport\u00a0<span style=\"color: #000000;\">\u00a0a la comunitat de<strong>\u00a0centres docents i el seu alumna<\/strong><\/span><strong>t<\/strong>, per tal d&#8217;enfortir la tasca docent competencial.\u00a0 El m\u00e9s caracter\u00edstic d&#8217;aquest eix de treball \u00e9s que el destinatari final \u00e9s l&#8217;alumnat. La majoria d&#8217;aquestes activitats impliquen la participaci\u00f3 activa del docent, la<span style=\"color: #000000; font-family: Arial, sans-serif;\">\u00a0<\/span><span style=\"color: #000000; font-family: Arial, sans-serif;\">conviv\u00e8ncia i cohesi\u00f3 de l&#8217;alumnat aix\u00ed com<\/span><span style=\"font-family: inherit; font-size: 1em;\">\u00a0 l&#8217;intercanvi d&#8217;experi\u00e8ncies entre diferents centes.<\/span><\/p>\n<h5><strong><a href=\"https:\/\/serveiseducatius.xtec.cat\/sarria-santgervasi\/dinamitzacio\/llista-dactivitats\/\">Llista d&#8217;activitats de dinamitzaci\u00f3<\/a><\/strong><\/h5>\n<h5><\/h5>\n<p>Els\u00a0<strong>objectius<\/strong> de les <span style=\"color: #000000;\">activitats de dinamitzaci\u00f3<\/span> educativa\u00a0s\u00f3n els seg\u00fcents:<\/p>\n<ul>\n<li style=\"text-align: justify;\">Promoure la interrelaci\u00f3 i cohesi\u00f3 social\u00a0de la comunitat educativa amb l\u2019entorn.<\/li>\n<li style=\"text-align: justify;\">Fomentar la participaci\u00f3 activa dels centres per afavorir processos i contextos d&#8217;aprenentatge singulars i competencialment enriquits.<\/li>\n<li style=\"text-align: justify;\"><span lang=\"CA\">Potenciar la dimensi\u00f3 social de les persones, afavorint els processos i\u00a0<\/span><span lang=\"CA\">contextos d&#8217;aprenentatge\u00a0<\/span><span lang=\"CA\">inclusius en els quals\u00a0\u00a0s\u2019accepten\u00a0\u00a0les difer\u00e8ncies i es respecten les singularitats, tot posant \u00e8mfasi en les valors i les emocions.<\/span><\/li>\n<\/ul>\n<p>&nbsp;<\/p>\n<p><img loading=\"lazy\" decoding=\"async\" class=\"alignleft\" style=\"color: #6f6f6f; font-size: 14px;\" src=\"https:\/\/sites.google.com\/a\/xtec.cat\/crp-sarria-sant-gervasi\/_\/rsrc\/1466162875438\/arxiu-d-activitats\/arxiu-2015-16\/dinamitzacio-15-16\/LogoDistricte-2013.jpg?height=38&amp;width=200\" width=\"195\" height=\"38\" border=\"0\" \/><\/p>\n<div><\/div>\n<div style=\"font-size: 14px;\">Amb el suport del Districte de Sarri\u00e0-Sant Gervasi<\/div>\n<div><\/div>\n<div><\/div>\n<div>\n<hr \/>\n<\/div>\n","protected":false},"excerpt":{"rendered":"<p>Una de les quatre\u00a0l\u00ednies principals\u00a0d&#8217;actuaci\u00f3 del nostre CRP, \u00e9s la de\u00a0donar\u00a0suport\u00a0\u00a0a la comunitat de centres docents i els seu alumnat,fomentant i\u00a0organitzant activitats\u00a0de cohesi\u00f3 i\u00a0intercanvi, ja siguin curriculars, l\u00fadiques, culturals o esportives.\u00a0 La funci\u00f3 dinamitzadora del CRP es centra en\u00a0donar\u00a0suport\u00a0\u00a0a la comunitat de\u00a0centres docents i el seu alumnat, per tal d&#8217;enfortir la tasca docent competencial.\u00a0 El [&hellip;]<\/p>\n","protected":false},"author":4,"featured_media":0,"parent":0,"menu_order":0,"comment_status":"closed","ping_status":"closed","template":"","meta":{"_bbp_topic_count":0,"_bbp_reply_count":0,"_bbp_total_topic_count":0,"_bbp_total_reply_count":0,"_bbp_voice_count":0,"_bbp_anonymous_reply_count":0,"_bbp_topic_count_hidden":0,"_bbp_reply_count_hidden":0,"_bbp_forum_subforum_count":0,"site-sidebar-layout":"default","site-content-layout":"","ast-site-content-layout":"","site-content-style":"default","site-sidebar-style":"default","ast-global-header-display":"","ast-banner-title-visibility":"","ast-main-header-display":"","ast-hfb-above-header-display":"","ast-hfb-below-header-display":"","ast-hfb-mobile-header-display":"","site-post-title":"","ast-breadcrumbs-content":"","ast-featured-img":"","footer-sml-layout":"","theme-transparent-header-meta":"","adv-header-id-meta":"","stick-header-meta":"","header-above-stick-meta":"","header-main-stick-meta":"","header-below-stick-meta":"","astra-migrate-meta-layouts":"default","ast-page-background-enabled":"default","ast-page-background-meta":{"desktop":{"background-color":"var(--ast-global-color-4)","background-image":"","background-repeat":"repeat","background-position":"center center","background-size":"auto","background-attachment":"scroll","background-type":"","background-media":"","overlay-type":"","overlay-color":"","overlay-opacity":"","overlay-gradient":""},"tablet":{"background-color":"","background-image":"","background-repeat":"repeat","background-position":"center center","background-size":"auto","background-attachment":"scroll","background-type":"","background-media":"","overlay-type":"","overlay-color":"","overlay-opacity":"","overlay-gradient":""},"mobile":{"background-color":"","background-image":"","background-repeat":"repeat","background-position":"center center","background-size":"auto","background-attachment":"scroll","background-type":"","background-media":"","overlay-type":"","overlay-color":"","overlay-opacity":"","overlay-gradient":""}},"ast-content-background-meta":{"desktop":{"background-color":"var(--ast-global-color-5)","background-image":"","background-repeat":"repeat","background-position":"center center","background-size":"auto","background-attachment":"scroll","background-type":"","background-media":"","overlay-type":"","overlay-color":"","overlay-opacity":"","overlay-gradient":""},"tablet":{"background-color":"var(--ast-global-color-5)","background-image":"","background-repeat":"repeat","background-position":"center center","background-size":"auto","background-attachment":"scroll","background-type":"","background-media":"","overlay-type":"","overlay-color":"","overlay-opacity":"","overlay-gradient":""},"mobile":{"background-color":"var(--ast-global-color-5)","background-image":"","background-repeat":"repeat","background-position":"center center","background-size":"auto","background-attachment":"scroll","background-type":"","background-media":"","overlay-type":"","overlay-color":"","overlay-opacity":"","overlay-gradient":""}},"footnotes":""},"class_list":["post-8361","page","type-page","status-publish","hentry"],"post_mailing_queue_ids":[],"_links":{"self":[{"href":"https:\/\/serveiseducatius.xtec.cat\/sarria-santgervasi\/wp-json\/wp\/v2\/pages\/8361","targetHints":{"allow":["GET"]}}],"collection":[{"href":"https:\/\/serveiseducatius.xtec.cat\/sarria-santgervasi\/wp-json\/wp\/v2\/pages"}],"about":[{"href":"https:\/\/serveiseducatius.xtec.cat\/sarria-santgervasi\/wp-json\/wp\/v2\/types\/page"}],"author":[{"embeddable":true,"href":"https:\/\/serveiseducatius.xtec.cat\/sarria-santgervasi\/wp-json\/wp\/v2\/users\/4"}],"replies":[{"embeddable":true,"href":"https:\/\/serveiseducatius.xtec.cat\/sarria-santgervasi\/wp-json\/wp\/v2\/comments?post=8361"}],"version-history":[{"count":5,"href":"https:\/\/serveiseducatius.xtec.cat\/sarria-santgervasi\/wp-json\/wp\/v2\/pages\/8361\/revisions"}],"predecessor-version":[{"id":13798,"href":"https:\/\/serveiseducatius.xtec.cat\/sarria-santgervasi\/wp-json\/wp\/v2\/pages\/8361\/revisions\/13798"}],"wp:attachment":[{"href":"https:\/\/serveiseducatius.xtec.cat\/sarria-santgervasi\/wp-json\/wp\/v2\/media?parent=8361"}],"curies":[{"name":"wp","href":"https:\/\/api.w.org\/{rel}","templated":true}]}}