{"id":608,"date":"2015-11-27T10:04:51","date_gmt":"2015-11-27T09:04:51","guid":{"rendered":"http:\/\/serveiseducatius.xtec.cat\/sarria-santgervasi\/?page_id=608"},"modified":"2025-12-16T13:14:04","modified_gmt":"2025-12-16T12:14:04","slug":"horari-i-calendari","status":"publish","type":"page","link":"https:\/\/serveiseducatius.xtec.cat\/sarria-santgervasi\/el-servei-educatiu\/horari-i-calendari\/","title":{"rendered":"Horari i calendari"},"content":{"rendered":"<p>\ufeff<\/p>\n<h2>Horari d&#8217;atenci\u00f3 al p\u00fablic<\/h2>\n<h3>Equip d\u2019Assessorament Psicopedag\u00f2gic (EAP)<\/h3>\n<ul>\n<li>Atenci\u00f3 telef\u00f2nica de 9 a 17 hores<\/li>\n<li>Atenci\u00f3 presencial amb cita pr\u00e8via.<\/li>\n<\/ul>\n<p><span style=\"font-size: small;\">Correu:\u00a0<a href=\"mailto:a8900405@xtec.cat\">a8900405@xtec.cat<\/a>\u00a0 \u00a0 \u00a0tel. 93 2<\/span><span style=\"font-size: small;\">12 27 55<\/span><\/p>\n<h3>Centre de Recursos Pedag\u00f2gics(CRP)<\/h3>\n<ul>\n<li>De dilluns a dijous: de 9 a 14 hores i de 15 a 18 hores<\/li>\n<li>Divendres mat\u00ed: 9 a 14 hores<\/li>\n<\/ul>\n<p><span style=\"font-size: small;\">Correu:\u00a0<a href=\"mailto:crp-sarria-santgervasi@xtec.cat\">crp-sarria-santgervasi@xtec.cat<\/a> \u00a0 tel. 93 212 27 55<\/span><\/p>\n<p><em>Es recomana cita pr\u00e8via. Per recollir i\/o retornar material al CRP es prega contactar pr\u00e8viament per correu electr\u00f2nic o tel\u00e8fon.<\/em><\/p>\n<h2>Horari intensiu de 9 h a 14 h:<\/h2>\n<ul>\n<li>De l\u20191 de setembre fins al 5 de setembre de 2025<\/li>\n<li>19 de desembre de 2025<\/li>\n<li>Del 1 de juny fins al 15 de juliol de 2025<\/li>\n<\/ul>\n<h2>Calendari Curs 2025-2026<\/h2>\n<p>El nostre servei educatiu romandr\u00e0 tancat al p\u00fablic, a part dels per\u00edodes de<strong> vacances escolars<\/strong>\u00a0i dels dies de <strong>festes laborals oficials<\/strong> a Catalunya, els <strong>dies de festa local<\/strong> i els dies de <strong>lliure disposici\u00f3 <\/strong>acordats pel Consell Escolar Municipal de Barcelona seg\u00fcents:<\/p>\n<ul>\n<li>11\/09\/2025 &#8211; Diada Nacional de Catalunya<\/li>\n<li>24\/09\/2025 &#8211; La Merc\u00e8<\/li>\n<li>10\/10\/2025 &#8211; Dia de lliure disposici\u00f3<\/li>\n<li>12\/10\/2025 &#8211; Festa Nacional d&#8217;Espanya<\/li>\n<li>01\/11\/2026 &#8211; Tot Sants<\/li>\n<li>03\/11\/2025 &#8211; Dia de lliure disposici\u00f3<\/li>\n<li>06\/12\/2025 &#8211; Dia de la Constituci\u00f3<\/li>\n<li>08\/12\/2025 &#8211; La Immaculada<\/li>\n<li>25\/12\/2025 &#8211; Nadal<\/li>\n<li>26\/12\/2025 &#8211; Sant Esteve<\/li>\n<li>01\/01\/2026 &#8211; Any nou<\/li>\n<li>06\/01\/2026 &#8211; Reis<\/li>\n<li>16\/02\/2026 &#8211; Dia de lliure disposici\u00f3<\/li>\n<li>03\/04\/2026 &#8211; Divendres Sant<\/li>\n<li>06\/04\/2026 &#8211; Dilluns de Pasqua Florida<\/li>\n<li>01\/05\/2026 &#8211; Festa del Treball<\/li>\n<li>22\/05\/2026 &#8211; Dia de lliure disposici\u00f3<\/li>\n<li>25\/05\/2026 &#8211; Dilluns de Pasqua Granada (Segona Pasqua)<\/li>\n<li>24\/06\/2026 &#8211; Sant Joan<\/li>\n<\/ul>\n<ul>\n<li><strong>Vacances de Nadal:\u00a0<\/strong>Del 20\/12\/2025 al 7\/01\/2026 (ambd\u00f3s inclosos)<\/li>\n<li><strong>Vacances de Setmana Santa:\u00a0<\/strong>Del\u00a0 30\/03\/2026 al 6\/04\/2026 (ambd\u00f3s inclosos)<\/li>\n<li><strong>Vacances d\u2019estiu:\u00a0<\/strong>Del 16\/07\/2026 fins el 31\/08\/2026 (ambd\u00f3s inclosos)<\/li>\n<\/ul>\n","protected":false},"excerpt":{"rendered":"<p>\ufeff Horari d&#8217;atenci\u00f3 al p\u00fablic Equip d\u2019Assessorament Psicopedag\u00f2gic (EAP) Atenci\u00f3 telef\u00f2nica de 9 a 17 hores Atenci\u00f3 presencial amb cita pr\u00e8via. Correu:\u00a0a8900405@xtec.cat\u00a0 \u00a0 \u00a0tel. 93 212 27 55 Centre de Recursos Pedag\u00f2gics(CRP) De dilluns a dijous: de 9 a 14 hores i de 15 a 18 hores Divendres mat\u00ed: 9 a 14 hores Correu:\u00a0crp-sarria-santgervasi@xtec.cat \u00a0 [&hellip;]<\/p>\n","protected":false},"author":1,"featured_media":0,"parent":806,"menu_order":3,"comment_status":"closed","ping_status":"closed","template":"","meta":{"_bbp_topic_count":0,"_bbp_reply_count":0,"_bbp_total_topic_count":0,"_bbp_total_reply_count":0,"_bbp_voice_count":0,"_bbp_anonymous_reply_count":0,"_bbp_topic_count_hidden":0,"_bbp_reply_count_hidden":0,"_bbp_forum_subforum_count":0,"site-sidebar-layout":"default","site-content-layout":"","ast-site-content-layout":"default","site-content-style":"default","site-sidebar-style":"default","ast-global-header-display":"","ast-banner-title-visibility":"","ast-main-header-display":"","ast-hfb-above-header-display":"","ast-hfb-below-header-display":"","ast-hfb-mobile-header-display":"","site-post-title":"","ast-breadcrumbs-content":"","ast-featured-img":"","footer-sml-layout":"","theme-transparent-header-meta":"default","adv-header-id-meta":"","stick-header-meta":"","header-above-stick-meta":"","header-main-stick-meta":"","header-below-stick-meta":"","astra-migrate-meta-layouts":"set","ast-page-background-enabled":"default","ast-page-background-meta":{"desktop":{"background-color":"var(--ast-global-color-4)","background-image":"","background-repeat":"repeat","background-position":"center center","background-size":"auto","background-attachment":"scroll","background-type":"","background-media":"","overlay-type":"","overlay-color":"","overlay-opacity":"","overlay-gradient":""},"tablet":{"background-color":"","background-image":"","background-repeat":"repeat","background-position":"center center","background-size":"auto","background-attachment":"scroll","background-type":"","background-media":"","overlay-type":"","overlay-color":"","overlay-opacity":"","overlay-gradient":""},"mobile":{"background-color":"","background-image":"","background-repeat":"repeat","background-position":"center center","background-size":"auto","background-attachment":"scroll","background-type":"","background-media":"","overlay-type":"","overlay-color":"","overlay-opacity":"","overlay-gradient":""}},"ast-content-background-meta":{"desktop":{"background-color":"var(--ast-global-color-5)","background-image":"","background-repeat":"repeat","background-position":"center center","background-size":"auto","background-attachment":"scroll","background-type":"","background-media":"","overlay-type":"","overlay-color":"","overlay-opacity":"","overlay-gradient":""},"tablet":{"background-color":"var(--ast-global-color-5)","background-image":"","background-repeat":"repeat","background-position":"center center","background-size":"auto","background-attachment":"scroll","background-type":"","background-media":"","overlay-type":"","overlay-color":"","overlay-opacity":"","overlay-gradient":""},"mobile":{"background-color":"var(--ast-global-color-5)","background-image":"","background-repeat":"repeat","background-position":"center center","background-size":"auto","background-attachment":"scroll","background-type":"","background-media":"","overlay-type":"","overlay-color":"","overlay-opacity":"","overlay-gradient":""}},"footnotes":""},"class_list":["post-608","page","type-page","status-publish","hentry"],"post_mailing_queue_ids":[],"_links":{"self":[{"href":"https:\/\/serveiseducatius.xtec.cat\/sarria-santgervasi\/wp-json\/wp\/v2\/pages\/608","targetHints":{"allow":["GET"]}}],"collection":[{"href":"https:\/\/serveiseducatius.xtec.cat\/sarria-santgervasi\/wp-json\/wp\/v2\/pages"}],"about":[{"href":"https:\/\/serveiseducatius.xtec.cat\/sarria-santgervasi\/wp-json\/wp\/v2\/types\/page"}],"author":[{"embeddable":true,"href":"https:\/\/serveiseducatius.xtec.cat\/sarria-santgervasi\/wp-json\/wp\/v2\/users\/1"}],"replies":[{"embeddable":true,"href":"https:\/\/serveiseducatius.xtec.cat\/sarria-santgervasi\/wp-json\/wp\/v2\/comments?post=608"}],"version-history":[{"count":7,"href":"https:\/\/serveiseducatius.xtec.cat\/sarria-santgervasi\/wp-json\/wp\/v2\/pages\/608\/revisions"}],"predecessor-version":[{"id":15062,"href":"https:\/\/serveiseducatius.xtec.cat\/sarria-santgervasi\/wp-json\/wp\/v2\/pages\/608\/revisions\/15062"}],"up":[{"embeddable":true,"href":"https:\/\/serveiseducatius.xtec.cat\/sarria-santgervasi\/wp-json\/wp\/v2\/pages\/806"}],"wp:attachment":[{"href":"https:\/\/serveiseducatius.xtec.cat\/sarria-santgervasi\/wp-json\/wp\/v2\/media?parent=608"}],"curies":[{"name":"wp","href":"https:\/\/api.w.org\/{rel}","templated":true}]}}