{"id":426,"date":"2025-04-02T00:00:57","date_gmt":"2025-04-01T22:00:57","guid":{"rendered":"http:\/\/serveiseducatius.xtec.cat\/sarria-santgervasi\/?page_id=426"},"modified":"2025-05-07T13:44:08","modified_gmt":"2025-05-07T11:44:08","slug":"deteccio-necessitats","status":"publish","type":"page","link":"https:\/\/serveiseducatius.xtec.cat\/sarria-santgervasi\/formacio\/deteccio-necessitats\/","title":{"rendered":"Sol\u00b7licitud de formacions (formularis)"},"content":{"rendered":"<div>\n<p><strong>La formaci\u00f3 permanent del professorat<\/strong> \u00e9s un recurs del sistema educatiu que contribueix a l\u2019assoliment dels objectius de millora dels centres i del professorat.\u00a0\u00a0Aquesta formaci\u00f3 ha de contribuir a la millora dels resultats i dels processos educatius de l\u2019alumnat mitjan\u00e7ant l\u2019enfortiment de les compet\u00e8ncies professionals del professorat i serveix per confegir el <strong style=\"font-family: inherit; font-size: 1em;\"><a href=\"https:\/\/serveiseducatius.xtec.cat\/sarria-santgervasi\/formacio\/2-2\/\">Pla de Formaci\u00f3 de Zona <\/a><\/strong><\/p>\n<p><span style=\"font-family: inherit; font-size: 1em;\">La demanda d&#8217;activitats de formaci\u00f3 es du a terme al mes de maig mitjan\u00e7ant els\u00a0<strong>formularis<\/strong> de detecci\u00f3. Els formularis per a la detecci\u00f3 pr\u00e8via restaran oberts mentre duri el per\u00edode de <span style=\"color: #a62626;\"><strong>sol\u00b7licitud\u00a0<\/strong>d\u2019activitats formatives per al curs 2025-2026 \u2013<strong> fins al 30 de maig de 2025 (detecci\u00f3 de necessitats).<\/strong><\/span><\/span><\/p>\n<p><span style=\"font-family: inherit; font-size: 1em;\">En aquest\u00a0 mateix per\u00edode es du a terme la demanda de projectes d&#8217;innovaci\u00f3:<\/span><\/p>\n<ul>\n<li><span style=\"font-family: inherit; font-size: 1em;\">Des de la <span style=\"color: #a62626;\"><strong><a style=\"color: #a62626;\" href=\"https:\/\/www.edubcn.cat\/ca\/suport_educatiu_recursos\/convocatoria_programes#!\/cerca\"><em>Convocat\u00f2ria Unificada de Programes (CUP) &#8211; CEB<\/em><\/a> &#8211; Sol\u00b7licituds: del 2 al 22 de maig de 2025<\/strong><\/span><\/span><\/li>\n<li>Des dels <a href=\"https:\/\/xtec.gencat.cat\/ca\/innovacio\/programes_innovacio\/convocatoria-programes-innovacio\/\"><em><span style=\"color: #a62626;\"><strong>Programes d&#8217;innovaci\u00f3 del Departament d&#8217;Educaci\u00f3<\/strong><\/span><\/em><\/a> <span style=\"font-family: inherit; font-size: 1em;\"><span style=\"color: #a62626;\"><strong> &#8211; Sol\u00b7licituds: pendent<\/strong><\/span><\/span><\/li>\n<\/ul>\n<\/div>\n<p>Passat el per\u00edode detecci\u00f3 els formularis restaran oberts per a les demandes que es generin posteriorment<\/p>\n<div>\n<hr \/>\n<\/div>\n<div><\/div>\n<div class=\"entry-content\">\n<p>Abans d\u2019omplir aquests q\u00fcestionaris es recomana tenir preparades totes les respostes i haver consultat el document sobre la formaci\u00f3 permanent del professorat. <em>Criteris, instruccions i orientacions curs 2025-2026<\/em>.<\/p>\n<table style=\"width: 100%; height: 542px;\">\n<tbody>\n<tr style=\"height: 284px;\">\n<td style=\"height: 284px; width: 33.6683%;\">\n<h4><strong>Proposta <\/strong><strong>de FORMACI\u00d3 EN CENTRE<\/strong><\/h4>\n<p><img loading=\"lazy\" decoding=\"async\" class=\"aligncenter wp-image-1822\" src=\"http:\/\/serveiseducatius.xtec.cat\/altpenedes\/wp-content\/uploads\/usu763\/2015\/11\/form_taronja-150x150.jpg\" sizes=\"auto, (max-width: 100px) 100vw, 100px\" srcset=\"https:\/\/serveiseducatius.xtec.cat\/altpenedes\/wp-content\/uploads\/usu763\/2015\/11\/form_taronja-150x150.jpg 150w, https:\/\/serveiseducatius.xtec.cat\/altpenedes\/wp-content\/uploads\/usu763\/2015\/11\/form_taronja-300x298.jpg 300w, https:\/\/serveiseducatius.xtec.cat\/altpenedes\/wp-content\/uploads\/usu763\/2015\/11\/form_taronja.jpg 321w\" alt=\"form_taronja\" width=\"100\" height=\"99\" \/><\/p>\n<p><a href=\"https:\/\/docs.google.com\/forms\/d\/e\/1FAIpQLSeeUMA-jQCUQACsHBrZ9xS4iLAv-jssRWb2qwD2LT7wCgp9bA\/viewform?usp=sharing\"><strong>Acc\u00e9s FORMULARI<\/strong><\/a><\/td>\n<td style=\"height: 284px; width: 32.8643%;\">\n<h4><strong>Participaci\u00f3 a les modalitats <\/strong><strong>de FORMACI\u00d3 PER A CENTRE<\/strong><\/h4>\n<p>&nbsp;<\/p>\n<p><img loading=\"lazy\" decoding=\"async\" class=\"aligncenter wp-image-1823\" src=\"http:\/\/serveiseducatius.xtec.cat\/altpenedes\/wp-content\/uploads\/usu763\/2015\/11\/form_verd-150x150.jpg\" sizes=\"auto, (max-width: 100px) 100vw, 100px\" srcset=\"https:\/\/serveiseducatius.xtec.cat\/altpenedes\/wp-content\/uploads\/usu763\/2015\/11\/form_verd-150x150.jpg 150w, https:\/\/serveiseducatius.xtec.cat\/altpenedes\/wp-content\/uploads\/usu763\/2015\/11\/form_verd-300x298.jpg 300w, https:\/\/serveiseducatius.xtec.cat\/altpenedes\/wp-content\/uploads\/usu763\/2015\/11\/form_verd.jpg 321w\" alt=\"form_verd\" width=\"100\" height=\"99\" \/><a href=\"https:\/\/docs.google.com\/forms\/d\/e\/1FAIpQLSdNdCdOHT9LjWwOOzK5JN3uGw1J2SHRRiLN-YmEo7ocCQbU2w\/viewform?usp=sharing\"><strong>Acc\u00e9s FORMULARI<\/strong><\/a><\/td>\n<td style=\"height: 284px; width: 32.5628%;\">\n<h4><strong>Proposta de FORMACI\u00d3\u00a0<\/strong><strong>INDIVIDUAL<\/strong><\/h4>\n<p>&nbsp;<\/p>\n<h4><strong><img loading=\"lazy\" decoding=\"async\" class=\"aligncenter wp-image-1821\" src=\"https:\/\/serveiseducatius.xtec.cat\/altpenedes\/wp-content\/uploads\/usu763\/2015\/11\/form_groc-300x298.jpg\" sizes=\"auto, (max-width: 108px) 100vw, 108px\" srcset=\"https:\/\/serveiseducatius.xtec.cat\/altpenedes\/wp-content\/uploads\/usu763\/2015\/11\/form_groc-300x298.jpg 300w, https:\/\/serveiseducatius.xtec.cat\/altpenedes\/wp-content\/uploads\/usu763\/2015\/11\/form_groc-150x150.jpg 150w, https:\/\/serveiseducatius.xtec.cat\/altpenedes\/wp-content\/uploads\/usu763\/2015\/11\/form_groc.jpg 321w\" alt=\"\" width=\"108\" height=\"107\" \/><\/strong><\/h4>\n<p><a href=\"https:\/\/docs.google.com\/forms\/d\/e\/1FAIpQLSenSZXjdE6WnwqBiR4wU2h3eYnjSVKXg7-5Me9ukW2w6nKazg\/viewform?usp=sharing\"><strong>Acc\u00e9s FORMULARI<\/strong><\/a><\/td>\n<\/tr>\n<tr style=\"height: 33px;\">\n<td style=\"height: 33px; width: 99.0954%;\" colspan=\"3\">Comproveu les caracter\u00edstiques de cada modalitat formativa a <em><strong style=\"font-family: inherit; font-size: 1em;\"><a href=\"https:\/\/serveiseducatius.xtec.cat\/sarria-santgervasi\/formacio\/2-2\/\">Pla de Formaci\u00f3 de Zona<\/a><\/strong><\/em><\/td>\n<\/tr>\n<tr style=\"height: 33px;\">\n<td style=\"height: 33px; width: 33.6683%;\"><strong>Propostes\u00a0<\/strong><\/td>\n<td style=\"height: 33px; width: 32.8643%;\"><strong>Propostes<\/strong><\/td>\n<td style=\"height: 33px; width: 32.5628%;\"><strong>Propostes<\/strong><\/td>\n<\/tr>\n<tr style=\"height: 192px;\">\n<td style=\"height: 192px; width: 33.6683%;\">\n<ul>\n<li>Assessorament<\/li>\n<li>Formaci\u00f3 interna de centre (<strong>FIC<\/strong>)<\/li>\n<li>Taller a centre<\/li>\n<li>Visita formativa a centre \u2013\u00a0<em>Material per a organitzar i gestionar la proposta formativa de\u00a0<a href=\"http:\/\/ateneu.xtec.cat\/wikiform\/wikiexport\/materials\/vfac\/index\" target=\"_blank\" rel=\"noopener noreferrer\"><span class=\"c32 c27 c44\">Visita a centre<\/span><\/a><\/em><\/li>\n<\/ul>\n<\/td>\n<td style=\"height: 192px; width: 32.8643%;\">\n<ul>\n<li>Seminaris de coordinaci\u00f3<\/li>\n<li>Curs \/ seminari d\u2019equips de centre<\/li>\n<li>Taller d\u2019equips de centre<\/li>\n<\/ul>\n<\/td>\n<td style=\"height: 192px; width: 32.5628%;\">\n<ul>\n<li>Taller<\/li>\n<li>Curs<\/li>\n<li>Seminari<\/li>\n<li>Grup de treball<\/li>\n<li>Confer\u00e8ncia, cicle de confer\u00e8ncies, taula rodona, trobada pedag\u00f2gica, intercanvi d\u2019experi\u00e8ncies, jornades (m\u00ednim 5 hores) i cicles de confer\u00e8ncies<\/li>\n<\/ul>\n<\/td>\n<\/tr>\n<\/tbody>\n<\/table>\n<h3><span style=\"color: #0b619e;\">Consulta:<\/span><\/h3>\n<ul>\n<li>\n<h5><a href=\"https:\/\/serveiseducatius.xtec.cat\/sarria-santgervasi\/categoria\/actual-formacio\/\"><span style=\"color: #5e91c4;\">Actualitat Formaci\u00f3<\/span><\/a><\/h5>\n<\/li>\n<li>\n<h5><a href=\"https:\/\/serveiseducatius.xtec.cat\/sarria-santgervasi\/formacio\/2-2\/\"><span style=\"color: #5e91c4;\">Pla de Formaci\u00f3 de Zona (PFZ)<\/span><\/a><\/h5>\n<\/li>\n<li>\n<h5><a href=\"https:\/\/serveiseducatius.xtec.cat\/sarria-santgervasi\/portada\/oferta-formativa-2024-25\/\"><span style=\"color: #5e91c4;\">Oferta formativa &#8211; Curs 2025-2026<\/span><\/a><\/h5>\n<\/li>\n<\/ul>\n<\/div>\n","protected":false},"excerpt":{"rendered":"<p>La formaci\u00f3 permanent del professorat \u00e9s un recurs del sistema educatiu que contribueix a l\u2019assoliment dels objectius de millora dels centres i del professorat.\u00a0\u00a0Aquesta formaci\u00f3 ha de contribuir a la millora dels resultats i dels processos educatius de l\u2019alumnat mitjan\u00e7ant l\u2019enfortiment de les compet\u00e8ncies professionals del professorat i serveix per confegir el Pla de Formaci\u00f3 [&hellip;]<\/p>\n","protected":false},"author":1,"featured_media":0,"parent":416,"menu_order":3,"comment_status":"closed","ping_status":"closed","template":"","meta":{"_bbp_topic_count":0,"_bbp_reply_count":0,"_bbp_total_topic_count":0,"_bbp_total_reply_count":0,"_bbp_voice_count":0,"_bbp_anonymous_reply_count":0,"_bbp_topic_count_hidden":0,"_bbp_reply_count_hidden":0,"_bbp_forum_subforum_count":0,"site-sidebar-layout":"default","site-content-layout":"","ast-site-content-layout":"","site-content-style":"default","site-sidebar-style":"default","ast-global-header-display":"","ast-banner-title-visibility":"","ast-main-header-display":"","ast-hfb-above-header-display":"","ast-hfb-below-header-display":"","ast-hfb-mobile-header-display":"","site-post-title":"","ast-breadcrumbs-content":"","ast-featured-img":"","footer-sml-layout":"","theme-transparent-header-meta":"","adv-header-id-meta":"","stick-header-meta":"","header-above-stick-meta":"","header-main-stick-meta":"","header-below-stick-meta":"","astra-migrate-meta-layouts":"default","ast-page-background-enabled":"default","ast-page-background-meta":{"desktop":{"background-color":"var(--ast-global-color-4)","background-image":"","background-repeat":"repeat","background-position":"center center","background-size":"auto","background-attachment":"scroll","background-type":"","background-media":"","overlay-type":"","overlay-color":"","overlay-opacity":"","overlay-gradient":""},"tablet":{"background-color":"","background-image":"","background-repeat":"repeat","background-position":"center center","background-size":"auto","background-attachment":"scroll","background-type":"","background-media":"","overlay-type":"","overlay-color":"","overlay-opacity":"","overlay-gradient":""},"mobile":{"background-color":"","background-image":"","background-repeat":"repeat","background-position":"center center","background-size":"auto","background-attachment":"scroll","background-type":"","background-media":"","overlay-type":"","overlay-color":"","overlay-opacity":"","overlay-gradient":""}},"ast-content-background-meta":{"desktop":{"background-color":"var(--ast-global-color-5)","background-image":"","background-repeat":"repeat","background-position":"center center","background-size":"auto","background-attachment":"scroll","background-type":"","background-media":"","overlay-type":"","overlay-color":"","overlay-opacity":"","overlay-gradient":""},"tablet":{"background-color":"var(--ast-global-color-5)","background-image":"","background-repeat":"repeat","background-position":"center center","background-size":"auto","background-attachment":"scroll","background-type":"","background-media":"","overlay-type":"","overlay-color":"","overlay-opacity":"","overlay-gradient":""},"mobile":{"background-color":"var(--ast-global-color-5)","background-image":"","background-repeat":"repeat","background-position":"center center","background-size":"auto","background-attachment":"scroll","background-type":"","background-media":"","overlay-type":"","overlay-color":"","overlay-opacity":"","overlay-gradient":""}},"footnotes":""},"class_list":["post-426","page","type-page","status-publish","hentry"],"post_mailing_queue_ids":[],"_links":{"self":[{"href":"https:\/\/serveiseducatius.xtec.cat\/sarria-santgervasi\/wp-json\/wp\/v2\/pages\/426","targetHints":{"allow":["GET"]}}],"collection":[{"href":"https:\/\/serveiseducatius.xtec.cat\/sarria-santgervasi\/wp-json\/wp\/v2\/pages"}],"about":[{"href":"https:\/\/serveiseducatius.xtec.cat\/sarria-santgervasi\/wp-json\/wp\/v2\/types\/page"}],"author":[{"embeddable":true,"href":"https:\/\/serveiseducatius.xtec.cat\/sarria-santgervasi\/wp-json\/wp\/v2\/users\/1"}],"replies":[{"embeddable":true,"href":"https:\/\/serveiseducatius.xtec.cat\/sarria-santgervasi\/wp-json\/wp\/v2\/comments?post=426"}],"version-history":[{"count":9,"href":"https:\/\/serveiseducatius.xtec.cat\/sarria-santgervasi\/wp-json\/wp\/v2\/pages\/426\/revisions"}],"predecessor-version":[{"id":14851,"href":"https:\/\/serveiseducatius.xtec.cat\/sarria-santgervasi\/wp-json\/wp\/v2\/pages\/426\/revisions\/14851"}],"up":[{"embeddable":true,"href":"https:\/\/serveiseducatius.xtec.cat\/sarria-santgervasi\/wp-json\/wp\/v2\/pages\/416"}],"wp:attachment":[{"href":"https:\/\/serveiseducatius.xtec.cat\/sarria-santgervasi\/wp-json\/wp\/v2\/media?parent=426"}],"curies":[{"name":"wp","href":"https:\/\/api.w.org\/{rel}","templated":true}]}}