{"id":343,"date":"2015-11-24T18:43:38","date_gmt":"2015-11-24T17:43:38","guid":{"rendered":"http:\/\/serveiseducatius.xtec.cat\/sarria-santgervasi\/?page_id=343"},"modified":"2018-12-19T11:33:59","modified_gmt":"2018-12-19T10:33:59","slug":"institucions-i-entitats","status":"publish","type":"page","link":"https:\/\/serveiseducatius.xtec.cat\/sarria-santgervasi\/comunitat\/institucions-i-entitats\/","title":{"rendered":"Institucions i entitats"},"content":{"rendered":"<p>&nbsp;<\/p>\n<div id=\"bcn-sort-map\">\n<h3 class=\"bcn-guia-sort\">\u00a0Biblioteques p\u00fabliques<\/h3>\n<div><\/div>\n<div class=\"bcn-guia-sort\">\n<table style=\"border-collapse: collapse; width: 100%;\" border=\"1\">\n<tbody>\n<tr>\n<td style=\"width: 100%;\"><img loading=\"lazy\" decoding=\"async\" class=\"alignleft\" src=\"https:\/\/asia.bcn.cat\/APPS\/asiw\/ObtenerImagen?vId=2&amp;eId=99329122806\" alt=\"\" width=\"224\" height=\"157\" \/><\/p>\n<h3><a style=\"color: #2795b6;\" href=\"https:\/\/ajuntament.barcelona.cat\/sarria-santgervasi\/ca\/guia-del-districte\/equipaments-temes\/llistat\/biblioteca-clara_99329122806\">Biblioteca Clar\u00e0<\/a><\/h3>\n<div class=\"dades\" style=\"font-size: 16px;\">\n<dl>\n<dd class=\"address\">C Doctor Carulla 22 (Sarri\u00e0-Sant Gervasi)<\/dd>\n<dd class=\"phone\">932801547<\/dd>\n<\/dl>\n<\/div>\n<\/td>\n<\/tr>\n<tr>\n<td style=\"width: 100%;\">\n<h3 style=\"background-color: #ffffff;\"><img decoding=\"async\" class=\"alignleft\" style=\"font-family: inherit; font-size: 0.875em; background-color: #f9f9f9; font-weight: normal;\" src=\"https:\/\/asia.bcn.cat\/APPS\/asiw\/ObtenerImagen?vId=2&amp;eId=99400010089\" alt=\"\" \/><a style=\"color: #2795b6;\" href=\"https:\/\/ajuntament.barcelona.cat\/sarria-santgervasi\/ca\/guia-del-districte\/equipaments-temes\/llistat\/biblioteca-collserola-josep-miracle_99400010089\">Biblioteca Collserola-Josep Miracle<\/a><\/h3>\n<p>C Reis Cat\u00f2lics 16 (Sarri\u00e0-Sant Gervasi)934069111<\/td>\n<\/tr>\n<tr>\n<td style=\"width: 100%;\"><img loading=\"lazy\" decoding=\"async\" class=\"alignleft\" style=\"font-size: 16px;\" src=\"https:\/\/asia.bcn.cat\/APPS\/asiw\/ObtenerImagen?vId=2&amp;eId=99400342694\" alt=\"\" width=\"228\" height=\"152\" \/><\/p>\n<h3><a class=\"bcn-no-focus\" style=\"color: #2795b6;\" href=\"https:\/\/ajuntament.barcelona.cat\/sarria-santgervasi\/ca\/guia-del-districte\/equipaments-temes\/llistat\/biblioteca-sant-gervasi-joan-maragall_99400342694\">Biblioteca Sant Gervasi &#8211; Joan Maragall<\/a><\/h3>\n<div class=\"bcn-social compartir\" style=\"font-size: 16px;\">\n<div><\/div>\n<\/div>\n<div class=\"dades\" style=\"font-size: 16px;\">\n<dl>\n<dd class=\"address\">C Sant Gervasi de Cassoles 85 (Sarri\u00e0-Sant Gervasi)<\/dd>\n<dd class=\"phone\">934178347<\/dd>\n<\/dl>\n<\/div>\n<\/td>\n<\/tr>\n<\/tbody>\n<\/table>\n<\/div>\n<\/div>\n<div class=\"bcn-guia-items\">\n<div class=\"guide-item amb-img\">\n<hr \/>\n<\/div>\n<\/div>\n<hr \/>\n<h3 class=\"bcn-guia-sort\">Centres c\u00edvics<\/h3>\n<hr \/>\n<div>\n<table style=\"border-collapse: collapse; width: 100%; height: 1510px;\" border=\"1\">\n<tbody>\n<tr style=\"height: 192px;\">\n<td style=\"width: 100%; height: 192px;\"><img loading=\"lazy\" decoding=\"async\" class=\"alignright\" style=\"font-size: 16px;\" src=\"https:\/\/asia.bcn.cat\/APPS\/asiw\/ObtenerImagen?vId=2&amp;eId=99400197043\" alt=\"\" width=\"247\" height=\"164\" \/><\/p>\n<h3><a style=\"color: #2795b6;\" href=\"https:\/\/ajuntament.barcelona.cat\/sarria-santgervasi\/ca\/guia-del-districte\/equipaments-temes\/llistat\/centre-civic-can-castello_99400197043\">Centre C\u00edvic Can Castell\u00f3<\/a><\/h3>\n<div class=\"dades\" style=\"font-size: 16px;\">\n<dl>\n<dd class=\"address\">C Castell\u00f3 1 (Sarri\u00e0-Sant Gervasi)<\/dd>\n<dd class=\"phone\">932417874<\/dd>\n<\/dl>\n<\/div>\n<\/td>\n<\/tr>\n<tr style=\"height: 195px;\">\n<td style=\"width: 100%; height: 195px;\"><img loading=\"lazy\" decoding=\"async\" class=\"alignright\" src=\"https:\/\/asia.bcn.cat\/APPS\/asiw\/ObtenerImagen?vId=2&amp;eId=99400180423\" alt=\"\" width=\"247\" height=\"171\" \/><\/p>\n<h3 style=\"background-color: #ffffff;\"><a style=\"color: #2795b6;\" href=\"https:\/\/ajuntament.barcelona.cat\/sarria-santgervasi\/ca\/guia-del-districte\/equipaments-temes\/llistat\/centre-civic-casa-orlandai_99400180423\">Centre C\u00edvic Casa Orlandai<\/a><\/h3>\n<div class=\"dades\" style=\"font-size: 16px; background-color: #ffffff;\">\n<dl>\n<dd class=\"address\">C Jaume Piquet 23 (Sarri\u00e0-Sant Gervasi)<\/dd>\n<dd class=\"phone\">932524262<\/dd>\n<\/dl>\n<\/div>\n<\/td>\n<\/tr>\n<tr style=\"height: 192px;\">\n<td style=\"width: 100%; height: 192px;\"><img loading=\"lazy\" decoding=\"async\" class=\"alignright\" src=\"https:\/\/asia.bcn.cat\/APPS\/asiw\/ObtenerImagen?vId=2&amp;eId=95076132622\" alt=\"\" width=\"245\" height=\"163\" \/><\/p>\n<h3><a href=\"https:\/\/ajuntament.barcelona.cat\/sarria-santgervasi\/ca\/guia-del-districte\/equipaments-temes\/llistat\/centre-civic-l-electric_95076132622\">Centre C\u00edvic l&#8217;El\u00e8ctric<\/a><\/h3>\n<div class=\"bcn-social compartir\" style=\"font-size: 16px;\">\n<div class=\"share-button\"><\/div>\n<\/div>\n<div class=\"image\" style=\"font-size: 16px;\"><span style=\"font-family: inherit; font-size: 1em;\">Ctra Vallvidrera Planes 6 (Sarri\u00e0-Sant Gervasi)<\/span><\/div>\n<div><\/div>\n<div class=\"image\" style=\"font-size: 16px;\"><span style=\"font-family: inherit; font-size: 1em;\">932054009<\/span><\/div>\n<\/td>\n<\/tr>\n<tr style=\"height: 194px;\">\n<td style=\"width: 100%; height: 194px;\"><img loading=\"lazy\" decoding=\"async\" class=\"alignright\" src=\"https:\/\/asia.bcn.cat\/APPS\/asiw\/ObtenerImagen?vId=2&amp;eId=136112242\" alt=\"\" width=\"248\" height=\"165\" \/><\/p>\n<h3 style=\"background-color: #ffffff;\"><a style=\"color: #2795b6;\" href=\"https:\/\/ajuntament.barcelona.cat\/sarria-santgervasi\/ca\/guia-del-districte\/equipaments-temes\/llistat\/centre-civic-pere-pruna_136112242\">Centre C\u00edvic Pere Pruna<\/a><\/h3>\n<div class=\"dades\" style=\"font-size: 16px; background-color: #ffffff;\">\n<dl>\n<dd class=\"address\">C Ganduxer 130 (Sarri\u00e0-Sant Gervasi)<\/dd>\n<dd class=\"phone\">934186537<\/dd>\n<\/dl>\n<\/div>\n<\/td>\n<\/tr>\n<tr style=\"height: 198px;\">\n<td style=\"width: 100%; height: 198px;\"><img loading=\"lazy\" decoding=\"async\" class=\"alignright\" src=\"https:\/\/asia.bcn.cat\/APPS\/asiw\/ObtenerImagen?vId=2&amp;eId=92086002148\" alt=\"\" width=\"253\" height=\"169\" \/><\/p>\n<h3><a style=\"color: #2795b6;\" href=\"https:\/\/ajuntament.barcelona.cat\/sarria-santgervasi\/ca\/guia-del-districte\/equipaments-temes\/llistat\/centre-civic-sarria_92086002148\">Centre C\u00edvic Sarri\u00e0<\/a><\/h3>\n<div class=\"bcn-social compartir\" style=\"font-size: 16px;\">\n<div class=\"share-button\"><\/div>\n<\/div>\n<div class=\"dades\" style=\"font-size: 16px;\">\n<dl>\n<dd class=\"address\">C Eduardo Conde 22 (Sarri\u00e0-Sant Gervasi)<\/dd>\n<dd class=\"phone\">932562720<\/dd>\n<\/dl>\n<\/div>\n<\/td>\n<\/tr>\n<tr style=\"height: 200px;\">\n<td style=\"width: 100%; height: 200px;\"><img loading=\"lazy\" decoding=\"async\" class=\"alignright\" src=\"https:\/\/asia.bcn.cat\/APPS\/asiw\/ObtenerImagen?vId=2&amp;eId=99400010093\" alt=\"\" width=\"257\" height=\"171\" \/><\/p>\n<h3 style=\"background-color: #ffffff;\"><a style=\"color: #2795b6;\" href=\"https:\/\/ajuntament.barcelona.cat\/sarria-santgervasi\/ca\/guia-del-districte\/equipaments-temes\/llistat\/centre-civic-vallvidrera-vazquez-montalban_99400010093\">Centre C\u00edvic Vallvidrera V\u00e1zquez Montalb\u00e1n<\/a><\/h3>\n<div class=\"bcn-social compartir\" style=\"font-size: 16px; background-color: #ffffff;\">\n<div class=\"share-button\"><\/div>\n<\/div>\n<div class=\"dades\" style=\"font-size: 16px; background-color: #ffffff;\">\n<dl>\n<dd class=\"address\">C Reis Cat\u00f2lics 16 (Sarri\u00e0-Sant Gervasi)<\/dd>\n<dd class=\"phone\">934069053<\/dd>\n<\/dl>\n<\/div>\n<\/td>\n<\/tr>\n<tr style=\"height: 198px;\">\n<td style=\"width: 100%; height: 198px;\"><img loading=\"lazy\" decoding=\"async\" class=\"alignright\" src=\"https:\/\/asia.bcn.cat\/APPS\/asiw\/ObtenerImagen?vId=2&amp;eId=99400179909\" alt=\"\" width=\"254\" height=\"170\" \/><\/p>\n<h3><a style=\"color: #2795b6;\" href=\"https:\/\/ajuntament.barcelona.cat\/sarria-santgervasi\/ca\/guia-del-districte\/equipaments-temes\/llistat\/centre-civic-vil-la-florida_99400179909\">Centre C\u00edvic Vil\u00b7la Florida<\/a><\/h3>\n<div class=\"bcn-social compartir\" style=\"font-size: 16px;\">\n<div class=\"share-button\"><\/div>\n<\/div>\n<div class=\"dades\" style=\"font-size: 16px;\">\n<dl>\n<dd class=\"address\">C Muntaner 544 (Sarri\u00e0-Sant Gervasi)<\/dd>\n<dd class=\"phone\">932546265<\/dd>\n<\/dl>\n<\/div>\n<\/td>\n<\/tr>\n<tr style=\"height: 146px;\">\n<td style=\"width: 100%; height: 146px;\"><img loading=\"lazy\" decoding=\"async\" class=\"alignright\" src=\"https:\/\/asia.bcn.cat\/APPS\/asiw\/ObtenerImagen?vId=2&amp;eId=99400179932\" alt=\"\" width=\"259\" height=\"94\" \/><\/p>\n<h3 style=\"background-color: #ffffff;\"><a class=\"bcn-no-focus\" style=\"color: #2795b6;\" href=\"https:\/\/ajuntament.barcelona.cat\/sarria-santgervasi\/ca\/guia-del-districte\/equipaments-temes\/llistat\/centre-civic-vil-la-urania_99400179932\">Centre C\u00edvic Vil\u00b7la Ur\u00e0nia<\/a><\/h3>\n<div class=\"dades\" style=\"font-size: 16px; background-color: #ffffff;\">\n<dl>\n<dd class=\"address\">C Saragossa 29 (Sarri\u00e0-Sant Gervasi)<\/dd>\n<dd class=\"phone\">937061295<\/dd>\n<\/dl>\n<\/div>\n<\/td>\n<\/tr>\n<\/tbody>\n<\/table>\n<hr \/>\n<\/div>\n<div class=\"main-container\" dir=\"ltr\">\n<div class=\"region region-content\">\n<section id=\"block-system-main\" class=\"block block-system clearfix\">\n<div id=\"bcn-guia\" class=\"container\">\n<div class=\"row\">\n<div class=\"bcn-guia-content col-md-9 col-sm-8 col-xs-12\">\n<div class=\"bcn-guia-results\">\n<div class=\"bcn-guia-items-container\">\n<div class=\"bcn-guia-items\">\n<div class=\"guide-item amb-img\">\n<h3><\/h3>\n<h3><\/h3>\n<\/div>\n<\/div>\n<\/div>\n<\/div>\n<\/div>\n<\/div>\n<\/div>\n<\/section>\n<\/div>\n<\/div>\n<hr \/>\n","protected":false},"excerpt":{"rendered":"<p>&nbsp; \u00a0Biblioteques p\u00fabliques Biblioteca Clar\u00e0 C Doctor Carulla 22 (Sarri\u00e0-Sant Gervasi) 932801547 Biblioteca Collserola-Josep Miracle C Reis Cat\u00f2lics 16 (Sarri\u00e0-Sant Gervasi)934069111 Biblioteca Sant Gervasi &#8211; Joan Maragall C Sant Gervasi de Cassoles 85 (Sarri\u00e0-Sant Gervasi) 934178347 Centres c\u00edvics Centre C\u00edvic Can Castell\u00f3 C Castell\u00f3 1 (Sarri\u00e0-Sant Gervasi) 932417874 Centre C\u00edvic Casa Orlandai C Jaume Piquet [&hellip;]<\/p>\n","protected":false},"author":1,"featured_media":0,"parent":341,"menu_order":5,"comment_status":"closed","ping_status":"closed","template":"","meta":{"_bbp_topic_count":0,"_bbp_reply_count":0,"_bbp_total_topic_count":0,"_bbp_total_reply_count":0,"_bbp_voice_count":0,"_bbp_anonymous_reply_count":0,"_bbp_topic_count_hidden":0,"_bbp_reply_count_hidden":0,"_bbp_forum_subforum_count":0,"site-sidebar-layout":"default","site-content-layout":"","ast-site-content-layout":"","site-content-style":"default","site-sidebar-style":"default","ast-global-header-display":"","ast-banner-title-visibility":"","ast-main-header-display":"","ast-hfb-above-header-display":"","ast-hfb-below-header-display":"","ast-hfb-mobile-header-display":"","site-post-title":"","ast-breadcrumbs-content":"","ast-featured-img":"","footer-sml-layout":"","theme-transparent-header-meta":"","adv-header-id-meta":"","stick-header-meta":"","header-above-stick-meta":"","header-main-stick-meta":"","header-below-stick-meta":"","astra-migrate-meta-layouts":"default","ast-page-background-enabled":"default","ast-page-background-meta":{"desktop":{"background-color":"var(--ast-global-color-4)","background-image":"","background-repeat":"repeat","background-position":"center center","background-size":"auto","background-attachment":"scroll","background-type":"","background-media":"","overlay-type":"","overlay-color":"","overlay-opacity":"","overlay-gradient":""},"tablet":{"background-color":"","background-image":"","background-repeat":"repeat","background-position":"center center","background-size":"auto","background-attachment":"scroll","background-type":"","background-media":"","overlay-type":"","overlay-color":"","overlay-opacity":"","overlay-gradient":""},"mobile":{"background-color":"","background-image":"","background-repeat":"repeat","background-position":"center center","background-size":"auto","background-attachment":"scroll","background-type":"","background-media":"","overlay-type":"","overlay-color":"","overlay-opacity":"","overlay-gradient":""}},"ast-content-background-meta":{"desktop":{"background-color":"var(--ast-global-color-5)","background-image":"","background-repeat":"repeat","background-position":"center center","background-size":"auto","background-attachment":"scroll","background-type":"","background-media":"","overlay-type":"","overlay-color":"","overlay-opacity":"","overlay-gradient":""},"tablet":{"background-color":"var(--ast-global-color-5)","background-image":"","background-repeat":"repeat","background-position":"center center","background-size":"auto","background-attachment":"scroll","background-type":"","background-media":"","overlay-type":"","overlay-color":"","overlay-opacity":"","overlay-gradient":""},"mobile":{"background-color":"var(--ast-global-color-5)","background-image":"","background-repeat":"repeat","background-position":"center center","background-size":"auto","background-attachment":"scroll","background-type":"","background-media":"","overlay-type":"","overlay-color":"","overlay-opacity":"","overlay-gradient":""}},"footnotes":""},"class_list":["post-343","page","type-page","status-publish","hentry"],"post_mailing_queue_ids":[],"_links":{"self":[{"href":"https:\/\/serveiseducatius.xtec.cat\/sarria-santgervasi\/wp-json\/wp\/v2\/pages\/343","targetHints":{"allow":["GET"]}}],"collection":[{"href":"https:\/\/serveiseducatius.xtec.cat\/sarria-santgervasi\/wp-json\/wp\/v2\/pages"}],"about":[{"href":"https:\/\/serveiseducatius.xtec.cat\/sarria-santgervasi\/wp-json\/wp\/v2\/types\/page"}],"author":[{"embeddable":true,"href":"https:\/\/serveiseducatius.xtec.cat\/sarria-santgervasi\/wp-json\/wp\/v2\/users\/1"}],"replies":[{"embeddable":true,"href":"https:\/\/serveiseducatius.xtec.cat\/sarria-santgervasi\/wp-json\/wp\/v2\/comments?post=343"}],"version-history":[{"count":3,"href":"https:\/\/serveiseducatius.xtec.cat\/sarria-santgervasi\/wp-json\/wp\/v2\/pages\/343\/revisions"}],"predecessor-version":[{"id":9163,"href":"https:\/\/serveiseducatius.xtec.cat\/sarria-santgervasi\/wp-json\/wp\/v2\/pages\/343\/revisions\/9163"}],"up":[{"embeddable":true,"href":"https:\/\/serveiseducatius.xtec.cat\/sarria-santgervasi\/wp-json\/wp\/v2\/pages\/341"}],"wp:attachment":[{"href":"https:\/\/serveiseducatius.xtec.cat\/sarria-santgervasi\/wp-json\/wp\/v2\/media?parent=343"}],"curies":[{"name":"wp","href":"https:\/\/api.w.org\/{rel}","templated":true}]}}