{"id":338,"date":"2015-11-24T18:40:49","date_gmt":"2015-11-24T17:40:49","guid":{"rendered":"http:\/\/serveiseducatius.xtec.cat\/sarria-santgervasi\/?page_id=338"},"modified":"2018-12-19T11:32:47","modified_gmt":"2018-12-19T10:32:47","slug":"centres-educatius","status":"publish","type":"page","link":"https:\/\/serveiseducatius.xtec.cat\/sarria-santgervasi\/comunitat\/centres-educatius\/","title":{"rendered":"Centres educatius"},"content":{"rendered":"<p>&nbsp;<\/p>\n<table style=\"width: 97.8277%; border-collapse: collapse; height: 500px;\" border=\"1\">\n<tbody>\n<tr style=\"border-color: #ffffff; background-color: #ffffff;\">\n<td style=\"width: 25.0362%;\">\n<table style=\"height: 385px; border-collapse: collapse; border-color: #ffffff; border-style: solid; background-color: #ffffff;\">\n<tbody>\n<tr style=\"height: 48px; border-color: #ffffff; background-color: #ffffff;\">\n<td style=\"width: 44px; text-align: right; height: 48px;\"><a href=\"https:\/\/serveiseducatius.xtec.cat\/sarria-santgervasi\/wp-content\/uploads\/usu1168\/2018\/11\/Centres-del-districte-de-Google-My-Maps4.png\"><img loading=\"lazy\" decoding=\"async\" class=\"alignnone size-full wp-image-8739\" src=\"https:\/\/serveiseducatius.xtec.cat\/sarria-santgervasi\/wp-content\/uploads\/usu1168\/2018\/11\/Centres-del-districte-de-Google-My-Maps4.png\" alt=\"\" width=\"24\" height=\"29\" \/><\/a><\/td>\n<td style=\"width: 284px; height: 48px;\">Escoles Bressol Municipals<\/td>\n<\/tr>\n<tr style=\"height: 44px;\">\n<td style=\"width: 44px; text-align: right; height: 44px;\"><a href=\"https:\/\/serveiseducatius.xtec.cat\/sarria-santgervasi\/wp-content\/uploads\/usu1168\/2018\/11\/Centres-del-districte-de-Google-My-Maps6.png\"><img loading=\"lazy\" decoding=\"async\" class=\"alignnone size-full wp-image-8741\" src=\"https:\/\/serveiseducatius.xtec.cat\/sarria-santgervasi\/wp-content\/uploads\/usu1168\/2018\/11\/Centres-del-districte-de-Google-My-Maps6.png\" alt=\"\" width=\"25\" height=\"25\" \/><\/a><\/td>\n<td style=\"width: 284px; height: 44px;\">Escola P\u00fablica Infantil i Prim\u00e0ria<\/td>\n<\/tr>\n<tr style=\"height: 49px;\">\n<td style=\"width: 44px; text-align: right; height: 49px;\"><a href=\"https:\/\/serveiseducatius.xtec.cat\/sarria-santgervasi\/wp-content\/uploads\/usu1168\/2018\/11\/Centres-del-districte-Google-Maps.png\"><img loading=\"lazy\" decoding=\"async\" class=\"alignnone size-full wp-image-8736\" src=\"https:\/\/serveiseducatius.xtec.cat\/sarria-santgervasi\/wp-content\/uploads\/usu1168\/2018\/11\/Centres-del-districte-Google-Maps.png\" alt=\"\" width=\"31\" height=\"30\" \/><\/a><\/td>\n<td style=\"width: 284px; height: 49px;\">INS P\u00fablics de Secund\u00e0ria<\/td>\n<\/tr>\n<tr style=\"height: 48px;\">\n<td style=\"width: 44px; text-align: right; height: 48px;\"><a href=\"https:\/\/serveiseducatius.xtec.cat\/sarria-santgervasi\/wp-content\/uploads\/usu1168\/2018\/11\/Centres-del-districte-de-Google-My-Maps5.png\"><img loading=\"lazy\" decoding=\"async\" class=\"alignnone wp-image-8740\" src=\"https:\/\/serveiseducatius.xtec.cat\/sarria-santgervasi\/wp-content\/uploads\/usu1168\/2018\/11\/Centres-del-districte-de-Google-My-Maps5.png\" alt=\"\" width=\"35\" height=\"30\" \/><\/a><\/td>\n<td style=\"width: 284px; height: 48px;\">Educaci\u00f3 Infantil<\/td>\n<\/tr>\n<tr style=\"height: 32px;\">\n<td style=\"width: 44px; text-align: right; height: 32px;\"><a href=\"https:\/\/serveiseducatius.xtec.cat\/sarria-santgervasi\/wp-content\/uploads\/usu1168\/2018\/11\/Centres-del-districte-de-Google-My-Maps7.png\"><img loading=\"lazy\" decoding=\"async\" class=\"alignnone size-full wp-image-8742\" src=\"https:\/\/serveiseducatius.xtec.cat\/sarria-santgervasi\/wp-content\/uploads\/usu1168\/2018\/11\/Centres-del-districte-de-Google-My-Maps7.png\" alt=\"\" width=\"28\" height=\"22\" \/><\/a><\/td>\n<td style=\"width: 284px; height: 32px;\">Centres Concertats<\/td>\n<\/tr>\n<tr style=\"height: 42px;\">\n<td style=\"width: 44px; text-align: right; height: 42px;\"><a href=\"https:\/\/serveiseducatius.xtec.cat\/sarria-santgervasi\/wp-content\/uploads\/usu1168\/2018\/11\/Centres-del-districte-de-Google-My-Maps1.png\"><img loading=\"lazy\" decoding=\"async\" class=\"alignnone size-full wp-image-8734\" src=\"https:\/\/serveiseducatius.xtec.cat\/sarria-santgervasi\/wp-content\/uploads\/usu1168\/2018\/11\/Centres-del-districte-de-Google-My-Maps1.png\" alt=\"\" width=\"22\" height=\"23\" \/><\/a><\/td>\n<td style=\"width: 284px; height: 42px;\">Centres d&#8217;Educaci\u00f3 Especial<\/td>\n<\/tr>\n<tr style=\"height: 46px;\">\n<td style=\"width: 44px; text-align: right; height: 46px;\"><a href=\"https:\/\/serveiseducatius.xtec.cat\/sarria-santgervasi\/wp-content\/uploads\/usu1168\/2018\/11\/Centres-del-districte-de-Google-My-Maps2.png\"><img loading=\"lazy\" decoding=\"async\" class=\"alignnone size-full wp-image-8735\" src=\"https:\/\/serveiseducatius.xtec.cat\/sarria-santgervasi\/wp-content\/uploads\/usu1168\/2018\/11\/Centres-del-districte-de-Google-My-Maps2.png\" alt=\"\" width=\"30\" height=\"27\" \/><\/a><\/td>\n<td style=\"width: 284px; height: 46px;\">Centres amb d&#8217;altres sistemes educatius<\/td>\n<\/tr>\n<tr style=\"height: 50px;\">\n<td style=\"width: 44px; text-align: right; height: 50px;\"><a href=\"https:\/\/serveiseducatius.xtec.cat\/sarria-santgervasi\/wp-content\/uploads\/usu1168\/2018\/11\/Centres-del-districte-de-Google-My-Maps3.png\"><img loading=\"lazy\" decoding=\"async\" class=\"alignnone size-full wp-image-8738\" src=\"https:\/\/serveiseducatius.xtec.cat\/sarria-santgervasi\/wp-content\/uploads\/usu1168\/2018\/11\/Centres-del-districte-de-Google-My-Maps3.png\" alt=\"\" width=\"27\" height=\"31\" \/><\/a><\/td>\n<td style=\"width: 284px; height: 50px;\">Ensenyament art\u00edstic<\/td>\n<\/tr>\n<\/tbody>\n<\/table>\n<\/td>\n<td style=\"width: 74.9638%;\"><iframe loading=\"lazy\" src=\"https:\/\/www.google.com\/maps\/d\/u\/0\/embed?mid=1bq9u4R3QuqyPB545mHrpltUYcZ-BXNoS\" width=\"840\" height=\"480\"><\/iframe><\/td>\n<\/tr>\n<\/tbody>\n<\/table>\n<h4 class=\"\">Llistat de centres educatius de Sarri\u00e0- Sant Gervasi<\/h4>\n<div class=\"nav-toc-content\">\n<ul>\n<li class=\"nav-first\">\n<div dir=\"ltr\"><a class=\"sites-navigation-link\" href=\"https:\/\/sites.google.com\/a\/xtec.cat\/crp-sarria-sant-gervasi\/centres-educatius\/centres-concertats\">Centres concertats<\/a><\/div>\n<\/li>\n<li class=\"\">\n<div dir=\"ltr\"><a class=\"sites-navigation-link\" href=\"https:\/\/sites.google.com\/a\/xtec.cat\/crp-sarria-sant-gervasi\/centres-educatius\/centres-d-educacio-especial\">Centres d\u2019educaci\u00f3 especial<\/a><\/div>\n<\/li>\n<li class=\"\">\n<div dir=\"ltr\"><a class=\"sites-navigation-link\" href=\"https:\/\/sites.google.com\/a\/xtec.cat\/crp-sarria-sant-gervasi\/centres-educatius\/centres-privats-i-escoles-estrangeres\">Centres privats i escoles estrangeres<\/a><\/div>\n<\/li>\n<li class=\"\">\n<div dir=\"ltr\"><a class=\"sites-navigation-link\" href=\"https:\/\/sites.google.com\/a\/xtec.cat\/crp-sarria-sant-gervasi\/centres-educatius\/escoles-publiques-d-ensenyament-primari\">Escoles p\u00fabliques d\u2019ensenyament primari<\/a><\/div>\n<\/li>\n<li class=\"\">\n<div dir=\"ltr\"><a class=\"sites-navigation-link\" href=\"https:\/\/sites.google.com\/a\/xtec.cat\/crp-sarria-sant-gervasi\/centres-educatius\/institut-escola-primaria-i-secundaria-publica\">Institut Escola<\/a><\/div>\n<\/li>\n<li class=\"\">\n<div dir=\"ltr\"><a class=\"sites-navigation-link\" href=\"https:\/\/sites.google.com\/a\/xtec.cat\/crp-sarria-sant-gervasi\/centres-educatius\/instituts-d-ensenyament-secundari-1\">Instituts d\u2019ensenyament secundari<\/a><\/div>\n<\/li>\n<li class=\"\">\n<div dir=\"ltr\"><a class=\"sites-navigation-link\" href=\"https:\/\/sites.google.com\/a\/xtec.cat\/crp-sarria-sant-gervasi\/centres-educatius\/llars-d-infants\">Llars d&#8217;infants<\/a><\/div>\n<\/li>\n<\/ul>\n<hr \/>\n<p>&nbsp;<\/p>\n<\/div>\n","protected":false},"excerpt":{"rendered":"<p>&nbsp; Escoles Bressol Municipals Escola P\u00fablica Infantil i Prim\u00e0ria INS P\u00fablics de Secund\u00e0ria Educaci\u00f3 Infantil Centres Concertats Centres d&#8217;Educaci\u00f3 Especial Centres amb d&#8217;altres sistemes educatius Ensenyament art\u00edstic Llistat de centres educatius de Sarri\u00e0- Sant Gervasi Centres concertats Centres d\u2019educaci\u00f3 especial Centres privats i escoles estrangeres Escoles p\u00fabliques d\u2019ensenyament primari Institut Escola Instituts d\u2019ensenyament secundari Llars [&hellip;]<\/p>\n","protected":false},"author":1,"featured_media":0,"parent":341,"menu_order":1,"comment_status":"closed","ping_status":"closed","template":"","meta":{"_bbp_topic_count":0,"_bbp_reply_count":0,"_bbp_total_topic_count":0,"_bbp_total_reply_count":0,"_bbp_voice_count":0,"_bbp_anonymous_reply_count":0,"_bbp_topic_count_hidden":0,"_bbp_reply_count_hidden":0,"_bbp_forum_subforum_count":0,"site-sidebar-layout":"default","site-content-layout":"","ast-site-content-layout":"","site-content-style":"default","site-sidebar-style":"default","ast-global-header-display":"","ast-banner-title-visibility":"","ast-main-header-display":"","ast-hfb-above-header-display":"","ast-hfb-below-header-display":"","ast-hfb-mobile-header-display":"","site-post-title":"","ast-breadcrumbs-content":"","ast-featured-img":"","footer-sml-layout":"","theme-transparent-header-meta":"","adv-header-id-meta":"","stick-header-meta":"","header-above-stick-meta":"","header-main-stick-meta":"","header-below-stick-meta":"","astra-migrate-meta-layouts":"default","ast-page-background-enabled":"default","ast-page-background-meta":{"desktop":{"background-color":"var(--ast-global-color-4)","background-image":"","background-repeat":"repeat","background-position":"center center","background-size":"auto","background-attachment":"scroll","background-type":"","background-media":"","overlay-type":"","overlay-color":"","overlay-opacity":"","overlay-gradient":""},"tablet":{"background-color":"","background-image":"","background-repeat":"repeat","background-position":"center center","background-size":"auto","background-attachment":"scroll","background-type":"","background-media":"","overlay-type":"","overlay-color":"","overlay-opacity":"","overlay-gradient":""},"mobile":{"background-color":"","background-image":"","background-repeat":"repeat","background-position":"center center","background-size":"auto","background-attachment":"scroll","background-type":"","background-media":"","overlay-type":"","overlay-color":"","overlay-opacity":"","overlay-gradient":""}},"ast-content-background-meta":{"desktop":{"background-color":"var(--ast-global-color-5)","background-image":"","background-repeat":"repeat","background-position":"center center","background-size":"auto","background-attachment":"scroll","background-type":"","background-media":"","overlay-type":"","overlay-color":"","overlay-opacity":"","overlay-gradient":""},"tablet":{"background-color":"var(--ast-global-color-5)","background-image":"","background-repeat":"repeat","background-position":"center center","background-size":"auto","background-attachment":"scroll","background-type":"","background-media":"","overlay-type":"","overlay-color":"","overlay-opacity":"","overlay-gradient":""},"mobile":{"background-color":"var(--ast-global-color-5)","background-image":"","background-repeat":"repeat","background-position":"center center","background-size":"auto","background-attachment":"scroll","background-type":"","background-media":"","overlay-type":"","overlay-color":"","overlay-opacity":"","overlay-gradient":""}},"footnotes":""},"class_list":["post-338","page","type-page","status-publish","hentry"],"post_mailing_queue_ids":[],"_links":{"self":[{"href":"https:\/\/serveiseducatius.xtec.cat\/sarria-santgervasi\/wp-json\/wp\/v2\/pages\/338","targetHints":{"allow":["GET"]}}],"collection":[{"href":"https:\/\/serveiseducatius.xtec.cat\/sarria-santgervasi\/wp-json\/wp\/v2\/pages"}],"about":[{"href":"https:\/\/serveiseducatius.xtec.cat\/sarria-santgervasi\/wp-json\/wp\/v2\/types\/page"}],"author":[{"embeddable":true,"href":"https:\/\/serveiseducatius.xtec.cat\/sarria-santgervasi\/wp-json\/wp\/v2\/users\/1"}],"replies":[{"embeddable":true,"href":"https:\/\/serveiseducatius.xtec.cat\/sarria-santgervasi\/wp-json\/wp\/v2\/comments?post=338"}],"version-history":[{"count":4,"href":"https:\/\/serveiseducatius.xtec.cat\/sarria-santgervasi\/wp-json\/wp\/v2\/pages\/338\/revisions"}],"predecessor-version":[{"id":8834,"href":"https:\/\/serveiseducatius.xtec.cat\/sarria-santgervasi\/wp-json\/wp\/v2\/pages\/338\/revisions\/8834"}],"up":[{"embeddable":true,"href":"https:\/\/serveiseducatius.xtec.cat\/sarria-santgervasi\/wp-json\/wp\/v2\/pages\/341"}],"wp:attachment":[{"href":"https:\/\/serveiseducatius.xtec.cat\/sarria-santgervasi\/wp-json\/wp\/v2\/media?parent=338"}],"curies":[{"name":"wp","href":"https:\/\/api.w.org\/{rel}","templated":true}]}}