{"id":318,"date":"2015-11-24T18:18:24","date_gmt":"2015-11-24T17:18:24","guid":{"rendered":"http:\/\/serveiseducatius.xtec.cat\/sarria-santgervasi\/?page_id=318"},"modified":"2025-05-13T13:31:40","modified_gmt":"2025-05-13T11:31:40","slug":"on-som","status":"publish","type":"page","link":"https:\/\/serveiseducatius.xtec.cat\/sarria-santgervasi\/el-servei-educatiu\/on-som\/","title":{"rendered":"On som"},"content":{"rendered":"<p><strong>Servei Sarri\u00e0-Sant Gervasi<br \/>\nCarrer de Bertran, 41<\/strong><br \/>\n08023 Barcelona<\/p>\n<p><b>Contacte:<\/b><br \/>\n<span style=\"color: #ff6600;\"><strong>Equip d&#8217;Assessorament Psicopedag\u00f2gic &#8211; EAP: psicopedagogues, fisioterapeutes i treballadores socials<\/strong><\/span><br \/>\nTel\u00e8fon: 93 212 27 55 &#8211; Correu electr\u00f2nic: a8900405@xtec.cat<\/p>\n<p><strong><span style=\"color: #ff0000;\">Centre de Recursos Pedag\u00f2gics &#8211; CRP<\/span><\/strong><br \/>\nTel\u00e8fon: 93 212 27 55- Correu electr\u00f2nic: crp-sarria-santgervasi@xtec.cat<\/p>\n<p><iframe loading=\"lazy\" style=\"border: 0;\" src=\"https:\/\/www.google.com\/maps\/embed?pb=!1m18!1m12!1m3!1d2992.523645627416!2d2.137603815657106!3d41.406150279262405!2m3!1f0!2f0!3f0!3m2!1i1024!2i768!4f13.1!3m3!1m2!1s0x12a4980c03e39591%3A0x705551e50fa00d3d!2sCarrer+de+Bertran%2C+41%2C+08023+Barcelona!5e0!3m2!1sca!2ses!4v1506524722833\" width=\"600\" height=\"450\" frameborder=\"0\" allowfullscreen=\"allowfullscreen\"><\/iframe><\/p>\n<p><strong>Com arribar-hi:<br \/>\n<\/strong><\/p>\n<ul>\n<li><strong>Ferrocarrils<\/strong>: Putxet<\/li>\n<li><strong>Per bus<\/strong>: L\u00ednies 131, N5, V15<\/li>\n<\/ul>\n","protected":false},"excerpt":{"rendered":"<p>Servei Sarri\u00e0-Sant Gervasi Carrer de Bertran, 41 08023 Barcelona Contacte: Equip d&#8217;Assessorament Psicopedag\u00f2gic &#8211; EAP: psicopedagogues, fisioterapeutes i treballadores socials Tel\u00e8fon: 93 212 27 55 &#8211; Correu electr\u00f2nic: a8900405@xtec.cat Centre de Recursos Pedag\u00f2gics &#8211; CRP Tel\u00e8fon: 93 212 27 55- Correu electr\u00f2nic: crp-sarria-santgervasi@xtec.cat Com arribar-hi: Ferrocarrils: Putxet Per bus: L\u00ednies 131, N5, V15<\/p>\n","protected":false},"author":1,"featured_media":0,"parent":806,"menu_order":4,"comment_status":"closed","ping_status":"closed","template":"page-templates\/side-menu.php","meta":{"_bbp_topic_count":0,"_bbp_reply_count":0,"_bbp_total_topic_count":0,"_bbp_total_reply_count":0,"_bbp_voice_count":0,"_bbp_anonymous_reply_count":0,"_bbp_topic_count_hidden":0,"_bbp_reply_count_hidden":0,"_bbp_forum_subforum_count":0,"site-sidebar-layout":"default","site-content-layout":"","ast-site-content-layout":"","site-content-style":"default","site-sidebar-style":"default","ast-global-header-display":"","ast-banner-title-visibility":"","ast-main-header-display":"","ast-hfb-above-header-display":"","ast-hfb-below-header-display":"","ast-hfb-mobile-header-display":"","site-post-title":"","ast-breadcrumbs-content":"","ast-featured-img":"","footer-sml-layout":"","theme-transparent-header-meta":"","adv-header-id-meta":"","stick-header-meta":"","header-above-stick-meta":"","header-main-stick-meta":"","header-below-stick-meta":"","astra-migrate-meta-layouts":"default","ast-page-background-enabled":"default","ast-page-background-meta":{"desktop":{"background-color":"var(--ast-global-color-4)","background-image":"","background-repeat":"repeat","background-position":"center center","background-size":"auto","background-attachment":"scroll","background-type":"","background-media":"","overlay-type":"","overlay-color":"","overlay-opacity":"","overlay-gradient":""},"tablet":{"background-color":"","background-image":"","background-repeat":"repeat","background-position":"center center","background-size":"auto","background-attachment":"scroll","background-type":"","background-media":"","overlay-type":"","overlay-color":"","overlay-opacity":"","overlay-gradient":""},"mobile":{"background-color":"","background-image":"","background-repeat":"repeat","background-position":"center center","background-size":"auto","background-attachment":"scroll","background-type":"","background-media":"","overlay-type":"","overlay-color":"","overlay-opacity":"","overlay-gradient":""}},"ast-content-background-meta":{"desktop":{"background-color":"var(--ast-global-color-5)","background-image":"","background-repeat":"repeat","background-position":"center center","background-size":"auto","background-attachment":"scroll","background-type":"","background-media":"","overlay-type":"","overlay-color":"","overlay-opacity":"","overlay-gradient":""},"tablet":{"background-color":"var(--ast-global-color-5)","background-image":"","background-repeat":"repeat","background-position":"center center","background-size":"auto","background-attachment":"scroll","background-type":"","background-media":"","overlay-type":"","overlay-color":"","overlay-opacity":"","overlay-gradient":""},"mobile":{"background-color":"var(--ast-global-color-5)","background-image":"","background-repeat":"repeat","background-position":"center center","background-size":"auto","background-attachment":"scroll","background-type":"","background-media":"","overlay-type":"","overlay-color":"","overlay-opacity":"","overlay-gradient":""}},"footnotes":""},"class_list":["post-318","page","type-page","status-publish","hentry"],"post_mailing_queue_ids":[],"_links":{"self":[{"href":"https:\/\/serveiseducatius.xtec.cat\/sarria-santgervasi\/wp-json\/wp\/v2\/pages\/318","targetHints":{"allow":["GET"]}}],"collection":[{"href":"https:\/\/serveiseducatius.xtec.cat\/sarria-santgervasi\/wp-json\/wp\/v2\/pages"}],"about":[{"href":"https:\/\/serveiseducatius.xtec.cat\/sarria-santgervasi\/wp-json\/wp\/v2\/types\/page"}],"author":[{"embeddable":true,"href":"https:\/\/serveiseducatius.xtec.cat\/sarria-santgervasi\/wp-json\/wp\/v2\/users\/1"}],"replies":[{"embeddable":true,"href":"https:\/\/serveiseducatius.xtec.cat\/sarria-santgervasi\/wp-json\/wp\/v2\/comments?post=318"}],"version-history":[{"count":7,"href":"https:\/\/serveiseducatius.xtec.cat\/sarria-santgervasi\/wp-json\/wp\/v2\/pages\/318\/revisions"}],"predecessor-version":[{"id":14868,"href":"https:\/\/serveiseducatius.xtec.cat\/sarria-santgervasi\/wp-json\/wp\/v2\/pages\/318\/revisions\/14868"}],"up":[{"embeddable":true,"href":"https:\/\/serveiseducatius.xtec.cat\/sarria-santgervasi\/wp-json\/wp\/v2\/pages\/806"}],"wp:attachment":[{"href":"https:\/\/serveiseducatius.xtec.cat\/sarria-santgervasi\/wp-json\/wp\/v2\/media?parent=318"}],"curies":[{"name":"wp","href":"https:\/\/api.w.org\/{rel}","templated":true}]}}