{"id":15197,"date":"2026-05-06T11:57:16","date_gmt":"2026-05-06T09:57:16","guid":{"rendered":"https:\/\/serveiseducatius.xtec.cat\/sarria-santgervasi\/?page_id=15197"},"modified":"2026-05-06T12:05:01","modified_gmt":"2026-05-06T10:05:01","slug":"demandes-de-formacio","status":"publish","type":"page","link":"https:\/\/serveiseducatius.xtec.cat\/sarria-santgervasi\/formacio\/demandes-de-formacio\/","title":{"rendered":"Demandes de formaci\u00f3"},"content":{"rendered":"<h1>Demandes de formaci\u00f3 del districte de Sarri\u00e0 &#8211; Sant Gervasi<\/h1>\n<h2>Qu\u00e8 s\u00f3n les demandes de formaci\u00f3?<\/h2>\n<p>Els centres poden fer demandes de formaci\u00f3 per a donar resposta a les necessitats dels centres vinculades a la capacitaci\u00f3 docent.<\/p>\n<p>Aquestes demandes han de ser el resultat d&#8217;una detecci\u00f3 interna del centre. Abans de fer les demandes pot ser \u00fatil consultar el<a href=\"https:\/\/sites.google.com\/xtec.cat\/capacitacio-innovacio-ssg\/inici\"><strong> Mapa d&#8217;oportunitat de Capacitaci\u00f3 docent i innovaci\u00f3 educativa<\/strong><\/a>.<\/p>\n<p>Es poden fer demandes de <strong>Formaci\u00f3<\/strong> <strong>EN<\/strong> centre, <strong>PER A<\/strong> centre (<strong>seminaris<\/strong>,&#8230;) i formacions<strong> INDIVIDUALS<\/strong>. La formalitzaci\u00f3 de les demandes s&#8217;han de fer en els per\u00edodes establerts a partir dels formularis corresponents als que accediu des del <a href=\"https:\/\/sites.google.com\/xtec.cat\/capacitacio-innovacio-ssg\/PFZ\/formacions-de-zona?authuser=0\">web<\/a> de formaci\u00f3 del districte.<\/p>\n<h5>Us recomanem consultar l&#8217;apartat <a href=\"https:\/\/serveiseducatius.xtec.cat\/sarria-santgervasi\/formacio\/deteccio\/\">Detecci\u00f3 de necessitats<\/a> i la<a href=\"https:\/\/docs.google.com\/presentation\/d\/e\/2PACX-1vSY6Z_YXQWxdna2wNK8ZMH5AF6XRuyi68PyA-L0jDHNB1Ehy45TasYX2x1TXZB0LyQEuhQ49yo6hUga\/pubembed?slide=id.g387076595ae_1_35\"><span style=\"color: #031e54;\"> Guia de reflexi\u00f3 per a centres<\/span><\/a> del proc\u00e9s de Detecci\u00f3 de necessitats.<\/h5>\n<p>&nbsp;<\/p>\n<h2>Quan es fan les demandes de formaci\u00f3?<\/h2>\n<p>Les demandes de formaci\u00f3 es fan cada curs en el calendari establert i que podeu consultar des del <a href=\"https:\/\/sites.google.com\/xtec.cat\/capacitacio-innovacio-ssg\/PFZ\/formacions-de-zona?authuser=0\">web<\/a> de formaci\u00f3 del districte.<\/p>\n<h2>On es fan les demandes de formaci\u00f3?<\/h2>\n<p>Les demandes de formaci\u00f3 s&#8217;han de formalitzar responent els formularis corresponents als que accediu des del <a href=\"https:\/\/sites.google.com\/xtec.cat\/capacitacio-innovacio-ssg\/PFZ\/formacions-de-zona?authuser=0\">web<\/a> de formaci\u00f3 del districte.<\/p>\n<p>&nbsp;<\/p>\n","protected":false},"excerpt":{"rendered":"<p>Demandes de formaci\u00f3 del districte de Sarri\u00e0 &#8211; Sant Gervasi Qu\u00e8 s\u00f3n les demandes de formaci\u00f3? Els centres poden fer demandes de formaci\u00f3 per a donar resposta a les necessitats dels centres vinculades a la capacitaci\u00f3 docent. Aquestes demandes han de ser el resultat d&#8217;una detecci\u00f3 interna del centre. Abans de fer les demandes pot [&hellip;]<\/p>\n","protected":false},"author":3,"featured_media":0,"parent":416,"menu_order":0,"comment_status":"closed","ping_status":"closed","template":"","meta":{"_bbp_topic_count":0,"_bbp_reply_count":0,"_bbp_total_topic_count":0,"_bbp_total_reply_count":0,"_bbp_voice_count":0,"_bbp_anonymous_reply_count":0,"_bbp_topic_count_hidden":0,"_bbp_reply_count_hidden":0,"_bbp_forum_subforum_count":0,"site-sidebar-layout":"default","site-content-layout":"","ast-site-content-layout":"default","site-content-style":"default","site-sidebar-style":"default","ast-global-header-display":"","ast-banner-title-visibility":"","ast-main-header-display":"","ast-hfb-above-header-display":"","ast-hfb-below-header-display":"","ast-hfb-mobile-header-display":"","site-post-title":"","ast-breadcrumbs-content":"","ast-featured-img":"","footer-sml-layout":"","theme-transparent-header-meta":"default","adv-header-id-meta":"","stick-header-meta":"","header-above-stick-meta":"","header-main-stick-meta":"","header-below-stick-meta":"","astra-migrate-meta-layouts":"set","ast-page-background-enabled":"default","ast-page-background-meta":{"desktop":{"background-color":"var(--ast-global-color-4)","background-image":"","background-repeat":"repeat","background-position":"center center","background-size":"auto","background-attachment":"scroll","background-type":"","background-media":"","overlay-type":"","overlay-color":"","overlay-opacity":"","overlay-gradient":""},"tablet":{"background-color":"","background-image":"","background-repeat":"repeat","background-position":"center center","background-size":"auto","background-attachment":"scroll","background-type":"","background-media":"","overlay-type":"","overlay-color":"","overlay-opacity":"","overlay-gradient":""},"mobile":{"background-color":"","background-image":"","background-repeat":"repeat","background-position":"center center","background-size":"auto","background-attachment":"scroll","background-type":"","background-media":"","overlay-type":"","overlay-color":"","overlay-opacity":"","overlay-gradient":""}},"ast-content-background-meta":{"desktop":{"background-color":"var(--ast-global-color-5)","background-image":"","background-repeat":"repeat","background-position":"center center","background-size":"auto","background-attachment":"scroll","background-type":"","background-media":"","overlay-type":"","overlay-color":"","overlay-opacity":"","overlay-gradient":""},"tablet":{"background-color":"var(--ast-global-color-5)","background-image":"","background-repeat":"repeat","background-position":"center center","background-size":"auto","background-attachment":"scroll","background-type":"","background-media":"","overlay-type":"","overlay-color":"","overlay-opacity":"","overlay-gradient":""},"mobile":{"background-color":"var(--ast-global-color-5)","background-image":"","background-repeat":"repeat","background-position":"center center","background-size":"auto","background-attachment":"scroll","background-type":"","background-media":"","overlay-type":"","overlay-color":"","overlay-opacity":"","overlay-gradient":""}},"footnotes":""},"class_list":["post-15197","page","type-page","status-publish","hentry"],"post_mailing_queue_ids":[],"_links":{"self":[{"href":"https:\/\/serveiseducatius.xtec.cat\/sarria-santgervasi\/wp-json\/wp\/v2\/pages\/15197","targetHints":{"allow":["GET"]}}],"collection":[{"href":"https:\/\/serveiseducatius.xtec.cat\/sarria-santgervasi\/wp-json\/wp\/v2\/pages"}],"about":[{"href":"https:\/\/serveiseducatius.xtec.cat\/sarria-santgervasi\/wp-json\/wp\/v2\/types\/page"}],"author":[{"embeddable":true,"href":"https:\/\/serveiseducatius.xtec.cat\/sarria-santgervasi\/wp-json\/wp\/v2\/users\/3"}],"replies":[{"embeddable":true,"href":"https:\/\/serveiseducatius.xtec.cat\/sarria-santgervasi\/wp-json\/wp\/v2\/comments?post=15197"}],"version-history":[{"count":1,"href":"https:\/\/serveiseducatius.xtec.cat\/sarria-santgervasi\/wp-json\/wp\/v2\/pages\/15197\/revisions"}],"predecessor-version":[{"id":15198,"href":"https:\/\/serveiseducatius.xtec.cat\/sarria-santgervasi\/wp-json\/wp\/v2\/pages\/15197\/revisions\/15198"}],"up":[{"embeddable":true,"href":"https:\/\/serveiseducatius.xtec.cat\/sarria-santgervasi\/wp-json\/wp\/v2\/pages\/416"}],"wp:attachment":[{"href":"https:\/\/serveiseducatius.xtec.cat\/sarria-santgervasi\/wp-json\/wp\/v2\/media?parent=15197"}],"curies":[{"name":"wp","href":"https:\/\/api.w.org\/{rel}","templated":true}]}}