{"id":15129,"date":"2026-04-27T16:54:24","date_gmt":"2026-04-27T14:54:24","guid":{"rendered":"https:\/\/serveiseducatius.xtec.cat\/sarria-santgervasi\/?page_id=15129"},"modified":"2026-04-27T18:07:50","modified_gmt":"2026-04-27T16:07:50","slug":"deteccio","status":"publish","type":"page","link":"https:\/\/serveiseducatius.xtec.cat\/sarria-santgervasi\/formacio\/deteccio\/","title":{"rendered":"Detecci\u00f3 de necessitats"},"content":{"rendered":"<h1><span style=\"color: #031e54;\"><strong>Qu\u00e8 \u00e9s el proc\u00e9s de detecci\u00f3 de necessitats?<\/strong><\/span><\/h1>\n<p><span style=\"font-weight: 400;\">Un proc\u00e9s de <\/span><b>diagnosi de necessitats<\/b><span style=\"font-weight: 400;\"> socioeducatives i pedag\u00f2giques, <\/span><b>prioritzaci\u00f3<\/b> <span style=\"font-weight: 400;\">d\u2019aquestes i <\/span><b>elaboraci\u00f3 de propostes d\u2019actuaci\u00f3<\/b><span style=\"font-weight: 400;\"> d\u2019un centre educatiu en col\u00b7laboraci\u00f3 amb els Serveis Educatius Integrats.\u00a0<\/span><\/p>\n<p><span style=\"font-weight: 400;\">Des dels Serveis educatius Integrats entenem que les necessitats educatives dels centres requereixen actuacions que es<\/span> <b>planifiquen i executen de manera coordinada <\/b><span style=\"font-weight: 400;\">entre el centre i el SE, sigui un perfil concret o b\u00e9 de manera integrada.\u00a0<\/span><\/p>\n<p><span style=\"font-weight: 400;\">Totes les actuacions han d\u2019estar alineades amb les l\u00ednies estrat\u00e8giques del sistema educatiu, per\u00f2 sobretot, amb aspectes concrets del<\/span> <b>projecte educatiu de centre<\/b><span style=\"font-weight: 400;\"> i han d\u2019estar enfocades a objectius de millora i\/o canvis de les <\/span><b>pr\u00e0ctiques docents o en l\u2019organitzaci\u00f3 i funcionament del centre<\/b><span style=\"font-weight: 400;\">; aspectes que han de <\/span><b>revertir en una millora en els aprenentatges de l\u2019alumnat<\/b><span style=\"font-weight: 400;\">.<\/span><\/p>\n<h1><span style=\"color: #031e54;\"><strong>Com portar a terme el proc\u00e9s de detecci\u00f3?<\/strong><\/span><\/h1>\n<p><a href=\"https:\/\/serveiseducatius.xtec.cat\/sarria-santgervasi\/wp-content\/uploads\/usu1168\/2026\/04\/Proces-deteccio.png\"><img loading=\"lazy\" decoding=\"async\" class=\"aligncenter size-full wp-image-15165\" src=\"https:\/\/serveiseducatius.xtec.cat\/sarria-santgervasi\/wp-content\/uploads\/usu1168\/2026\/04\/Proces-deteccio.png\" alt=\"\" width=\"683\" height=\"497\" srcset=\"https:\/\/serveiseducatius.xtec.cat\/sarria-santgervasi\/wp-content\/uploads\/usu1168\/2026\/04\/Proces-deteccio.png 683w, https:\/\/serveiseducatius.xtec.cat\/sarria-santgervasi\/wp-content\/uploads\/usu1168\/2026\/04\/Proces-deteccio-300x218.png 300w\" sizes=\"auto, (max-width: 683px) 100vw, 683px\" \/><\/a><\/p>\n<h1><span style=\"color: #031e54;\"><strong>Com concretar les actuacions de millora?<\/strong><\/span><\/h1>\n<p><span style=\"color: #031e54;\"><strong>Valorant l&#8217;encaix<\/strong> <\/span>de propostes i opcions a trav\u00e9s del <span style=\"color: #031e54;\"><strong>Mapa d&#8217;oportunitats<\/strong> <\/span>de <span style=\"color: #031e54;\">Capacitaci\u00f3 docent i innovaci\u00f3 educ<\/span><span style=\"color: #031e54;\">ativa<\/span> i prendre decisions:<span style=\"color: #031e54;\"><strong> ens encaixa alguna proposta o necessitem fer una demanda espec\u00edfica i personalitzada<\/strong><\/span>.<\/p>\n<p>A continuaci\u00f3, fent clic a la imatge, podeu consultar el <span style=\"color: #031e54;\"><strong>Mapa <span style=\"color: #031e54;\">d&#8217;oportunitats<\/span><\/strong><\/span> de <span style=\"color: #031e54;\">Capacitaci\u00f3 docent i innovaci\u00f3 educ<\/span><span style=\"color: #031e54;\">ativa<\/span>:<\/p>\n<p><a href=\"https:\/\/sites.google.com\/xtec.cat\/capacitacio-innovacio-ssg\/inici\"><img loading=\"lazy\" decoding=\"async\" class=\" wp-image-15121 alignleft\" src=\"https:\/\/serveiseducatius.xtec.cat\/sarria-santgervasi\/wp-content\/uploads\/usu1168\/2026\/04\/chrome_Cc0fX2kgTT.png\" alt=\"\" width=\"786\" height=\"1008\" srcset=\"https:\/\/serveiseducatius.xtec.cat\/sarria-santgervasi\/wp-content\/uploads\/usu1168\/2026\/04\/chrome_Cc0fX2kgTT.png 620w, https:\/\/serveiseducatius.xtec.cat\/sarria-santgervasi\/wp-content\/uploads\/usu1168\/2026\/04\/chrome_Cc0fX2kgTT-234x300.png 234w\" sizes=\"auto, (max-width: 786px) 100vw, 786px\" \/><\/a><\/p>\n<p>&nbsp;<\/p>\n<p>&nbsp;<\/p>\n<p>&nbsp;<\/p>\n<p>&nbsp;<\/p>\n<p>&nbsp;<\/p>\n<p>&nbsp;<\/p>\n<p>&nbsp;<\/p>\n<p>&nbsp;<\/p>\n<p>&nbsp;<\/p>\n<p>&nbsp;<\/p>\n<p>&nbsp;<\/p>\n<p>&nbsp;<\/p>\n<p>&nbsp;<\/p>\n<p>&nbsp;<\/p>\n<p>&nbsp;<\/p>\n<p>&nbsp;<\/p>\n<p>&nbsp;<\/p>\n<p>&nbsp;<\/p>\n<p>&nbsp;<\/p>\n<p>&nbsp;<\/p>\n<p>&nbsp;<\/p>\n<p>&nbsp;<\/p>\n<p>&nbsp;<\/p>\n<p>Us recomanem consultar la<a href=\"https:\/\/docs.google.com\/presentation\/d\/e\/2PACX-1vSY6Z_YXQWxdna2wNK8ZMH5AF6XRuyi68PyA-L0jDHNB1Ehy45TasYX2x1TXZB0LyQEuhQ49yo6hUga\/pubembed?slide=id.g387076595ae_1_35\"><span style=\"color: #031e54;\"> Guia de reflexi\u00f3 per a centres<\/span><\/a> del proc\u00e9s de Detecci\u00f3 de necessitats.<\/p>\n<p>Torna a l&#8217;apartat <a href=\"https:\/\/serveiseducatius.xtec.cat\/sarria-santgervasi\/formacio\/\"><strong style=\"color: #074c7d; font-size: 20.8px;\">Capacitaci\u00f3 docent: programes i formaci\u00f3<\/strong><\/a><\/p>\n","protected":false},"excerpt":{"rendered":"<p>Qu\u00e8 \u00e9s el proc\u00e9s de detecci\u00f3 de necessitats? Un proc\u00e9s de diagnosi de necessitats socioeducatives i pedag\u00f2giques, prioritzaci\u00f3 d\u2019aquestes i elaboraci\u00f3 de propostes d\u2019actuaci\u00f3 d\u2019un centre educatiu en col\u00b7laboraci\u00f3 amb els Serveis Educatius Integrats.\u00a0 Des dels Serveis educatius Integrats entenem que les necessitats educatives dels centres requereixen actuacions que es planifiquen i executen de manera [&hellip;]<\/p>\n","protected":false},"author":3,"featured_media":0,"parent":416,"menu_order":0,"comment_status":"closed","ping_status":"closed","template":"","meta":{"_bbp_topic_count":0,"_bbp_reply_count":0,"_bbp_total_topic_count":0,"_bbp_total_reply_count":0,"_bbp_voice_count":0,"_bbp_anonymous_reply_count":0,"_bbp_topic_count_hidden":0,"_bbp_reply_count_hidden":0,"_bbp_forum_subforum_count":0,"site-sidebar-layout":"default","site-content-layout":"","ast-site-content-layout":"default","site-content-style":"default","site-sidebar-style":"default","ast-global-header-display":"","ast-banner-title-visibility":"","ast-main-header-display":"","ast-hfb-above-header-display":"","ast-hfb-below-header-display":"","ast-hfb-mobile-header-display":"","site-post-title":"","ast-breadcrumbs-content":"","ast-featured-img":"","footer-sml-layout":"","theme-transparent-header-meta":"default","adv-header-id-meta":"","stick-header-meta":"","header-above-stick-meta":"","header-main-stick-meta":"","header-below-stick-meta":"","astra-migrate-meta-layouts":"set","ast-page-background-enabled":"default","ast-page-background-meta":{"desktop":{"background-color":"var(--ast-global-color-4)","background-image":"","background-repeat":"repeat","background-position":"center center","background-size":"auto","background-attachment":"scroll","background-type":"","background-media":"","overlay-type":"","overlay-color":"","overlay-opacity":"","overlay-gradient":""},"tablet":{"background-color":"","background-image":"","background-repeat":"repeat","background-position":"center center","background-size":"auto","background-attachment":"scroll","background-type":"","background-media":"","overlay-type":"","overlay-color":"","overlay-opacity":"","overlay-gradient":""},"mobile":{"background-color":"","background-image":"","background-repeat":"repeat","background-position":"center center","background-size":"auto","background-attachment":"scroll","background-type":"","background-media":"","overlay-type":"","overlay-color":"","overlay-opacity":"","overlay-gradient":""}},"ast-content-background-meta":{"desktop":{"background-color":"var(--ast-global-color-5)","background-image":"","background-repeat":"repeat","background-position":"center center","background-size":"auto","background-attachment":"scroll","background-type":"","background-media":"","overlay-type":"","overlay-color":"","overlay-opacity":"","overlay-gradient":""},"tablet":{"background-color":"var(--ast-global-color-5)","background-image":"","background-repeat":"repeat","background-position":"center center","background-size":"auto","background-attachment":"scroll","background-type":"","background-media":"","overlay-type":"","overlay-color":"","overlay-opacity":"","overlay-gradient":""},"mobile":{"background-color":"var(--ast-global-color-5)","background-image":"","background-repeat":"repeat","background-position":"center center","background-size":"auto","background-attachment":"scroll","background-type":"","background-media":"","overlay-type":"","overlay-color":"","overlay-opacity":"","overlay-gradient":""}},"footnotes":""},"class_list":["post-15129","page","type-page","status-publish","hentry"],"post_mailing_queue_ids":[],"_links":{"self":[{"href":"https:\/\/serveiseducatius.xtec.cat\/sarria-santgervasi\/wp-json\/wp\/v2\/pages\/15129","targetHints":{"allow":["GET"]}}],"collection":[{"href":"https:\/\/serveiseducatius.xtec.cat\/sarria-santgervasi\/wp-json\/wp\/v2\/pages"}],"about":[{"href":"https:\/\/serveiseducatius.xtec.cat\/sarria-santgervasi\/wp-json\/wp\/v2\/types\/page"}],"author":[{"embeddable":true,"href":"https:\/\/serveiseducatius.xtec.cat\/sarria-santgervasi\/wp-json\/wp\/v2\/users\/3"}],"replies":[{"embeddable":true,"href":"https:\/\/serveiseducatius.xtec.cat\/sarria-santgervasi\/wp-json\/wp\/v2\/comments?post=15129"}],"version-history":[{"count":7,"href":"https:\/\/serveiseducatius.xtec.cat\/sarria-santgervasi\/wp-json\/wp\/v2\/pages\/15129\/revisions"}],"predecessor-version":[{"id":15187,"href":"https:\/\/serveiseducatius.xtec.cat\/sarria-santgervasi\/wp-json\/wp\/v2\/pages\/15129\/revisions\/15187"}],"up":[{"embeddable":true,"href":"https:\/\/serveiseducatius.xtec.cat\/sarria-santgervasi\/wp-json\/wp\/v2\/pages\/416"}],"wp:attachment":[{"href":"https:\/\/serveiseducatius.xtec.cat\/sarria-santgervasi\/wp-json\/wp\/v2\/media?parent=15129"}],"curies":[{"name":"wp","href":"https:\/\/api.w.org\/{rel}","templated":true}]}}