{"id":14265,"date":"2024-02-22T13:05:13","date_gmt":"2024-02-22T12:05:13","guid":{"rendered":"https:\/\/serveiseducatius.xtec.cat\/sarria-santgervasi\/?page_id=14265"},"modified":"2024-02-22T13:36:36","modified_gmt":"2024-02-22T12:36:36","slug":"el-nou-curcciculum","status":"publish","type":"page","link":"https:\/\/serveiseducatius.xtec.cat\/sarria-santgervasi\/innovacio\/el-nou-curcciculum\/","title":{"rendered":"El nou curr\u00edculum"},"content":{"rendered":"<p>Us presentem el recull d&#8217;espais i recursos d&#8217;inter\u00e8s per al nou curr\u00edculum:<\/p>\n<h2>P\u00e0gina web del Departament d&#8217;Educaci\u00f3<\/h2>\n<p>En aquesta p\u00e0gina podreu accedir a aspectes clau i les novetats de <a href=\"https:\/\/projectes.xtec.cat\/nou-curriculum\/\">El nou curr\u00edculum. Una oportunitat per aprendre amb sentit<\/a>.<\/p>\n<p><a href=\"https:\/\/serveiseducatius.xtec.cat\/sarria-santgervasi\/wp-content\/uploads\/usu1168\/2024\/02\/El-nou-curriculum-\u2013-Una-oportunitat-per-aprendre-amb-sentit.png\"><img loading=\"lazy\" decoding=\"async\" class=\"aligncenter size-full wp-image-14266\" src=\"https:\/\/serveiseducatius.xtec.cat\/sarria-santgervasi\/wp-content\/uploads\/usu1168\/2024\/02\/El-nou-curriculum-\u2013-Una-oportunitat-per-aprendre-amb-sentit.png\" alt=\"\" width=\"1247\" height=\"156\" srcset=\"https:\/\/serveiseducatius.xtec.cat\/sarria-santgervasi\/wp-content\/uploads\/usu1168\/2024\/02\/El-nou-curriculum-\u2013-Una-oportunitat-per-aprendre-amb-sentit.png 1247w, https:\/\/serveiseducatius.xtec.cat\/sarria-santgervasi\/wp-content\/uploads\/usu1168\/2024\/02\/El-nou-curriculum-\u2013-Una-oportunitat-per-aprendre-amb-sentit-300x38.png 300w, https:\/\/serveiseducatius.xtec.cat\/sarria-santgervasi\/wp-content\/uploads\/usu1168\/2024\/02\/El-nou-curriculum-\u2013-Una-oportunitat-per-aprendre-amb-sentit-1024x128.png 1024w, https:\/\/serveiseducatius.xtec.cat\/sarria-santgervasi\/wp-content\/uploads\/usu1168\/2024\/02\/El-nou-curriculum-\u2013-Una-oportunitat-per-aprendre-amb-sentit-768x96.png 768w\" sizes=\"auto, (max-width: 1247px) 100vw, 1247px\" \/><\/a><\/p>\n<h2>Xerrades dutes a terme al districte:<\/h2>\n<ul>\n<li>Etapa d&#8217;<a href=\"https:\/\/serveiseducatius.xtec.cat\/sarria-santgervasi\/portada\/certeses-i-dubtes-del-nou-curriculum-infantil-xerrades-per-als-equips-directius-i-professorat\/\">Educaci\u00f3 infantil<\/a><\/li>\n<li>Etapa d&#8217;<a href=\"https:\/\/serveiseducatius.xtec.cat\/sarria-santgervasi\/portada\/certeses-i-dubtes-del-nou-curriculum-xerrades-equips-directius\/\">Educaci\u00f3 prim\u00e0ria<\/a><\/li>\n<li>Etapa d&#8217;<a href=\"https:\/\/serveiseducatius.xtec.cat\/sarria-santgervasi\/portada\/certeses-i-dubtes-del-nou-curriculum-xerrades-equips-directius\/\">Educaci\u00f3 Secund\u00e0ria<\/a><\/li>\n<\/ul>\n<p><a href=\"https:\/\/serveiseducatius.xtec.cat\/sarria-santgervasi\/wp-content\/uploads\/usu1168\/2024\/02\/El-nou-curriculum-PRI-i-SEC-caratula-video.png\"><img loading=\"lazy\" decoding=\"async\" class=\"wp-image-14262 alignleft\" src=\"https:\/\/serveiseducatius.xtec.cat\/sarria-santgervasi\/wp-content\/uploads\/usu1168\/2024\/02\/El-nou-curriculum-PRI-i-SEC-caratula-video.png\" alt=\"\" width=\"390\" height=\"219\" srcset=\"https:\/\/serveiseducatius.xtec.cat\/sarria-santgervasi\/wp-content\/uploads\/usu1168\/2024\/02\/El-nou-curriculum-PRI-i-SEC-caratula-video.png 1280w, https:\/\/serveiseducatius.xtec.cat\/sarria-santgervasi\/wp-content\/uploads\/usu1168\/2024\/02\/El-nou-curriculum-PRI-i-SEC-caratula-video-300x169.png 300w, https:\/\/serveiseducatius.xtec.cat\/sarria-santgervasi\/wp-content\/uploads\/usu1168\/2024\/02\/El-nou-curriculum-PRI-i-SEC-caratula-video-1024x576.png 1024w, https:\/\/serveiseducatius.xtec.cat\/sarria-santgervasi\/wp-content\/uploads\/usu1168\/2024\/02\/El-nou-curriculum-PRI-i-SEC-caratula-video-768x432.png 768w\" sizes=\"auto, (max-width: 390px) 100vw, 390px\" \/><\/a><a href=\"https:\/\/serveiseducatius.xtec.cat\/sarria-santgervasi\/wp-content\/uploads\/usu1168\/2023\/06\/PRIMA\u0300RIA.png\"><img loading=\"lazy\" decoding=\"async\" class=\"wp-image-13862 alignleft\" src=\"https:\/\/serveiseducatius.xtec.cat\/sarria-santgervasi\/wp-content\/uploads\/usu1168\/2023\/06\/PRIMA\u0300RIA.png\" alt=\"\" width=\"395\" height=\"222\" srcset=\"https:\/\/serveiseducatius.xtec.cat\/sarria-santgervasi\/wp-content\/uploads\/usu1168\/2023\/06\/PRIMA\u0300RIA.png 1280w, https:\/\/serveiseducatius.xtec.cat\/sarria-santgervasi\/wp-content\/uploads\/usu1168\/2023\/06\/PRIMA\u0300RIA-300x169.png 300w, https:\/\/serveiseducatius.xtec.cat\/sarria-santgervasi\/wp-content\/uploads\/usu1168\/2023\/06\/PRIMA\u0300RIA-1024x576.png 1024w, https:\/\/serveiseducatius.xtec.cat\/sarria-santgervasi\/wp-content\/uploads\/usu1168\/2023\/06\/PRIMA\u0300RIA-768x432.png 768w\" sizes=\"auto, (max-width: 395px) 100vw, 395px\" \/><\/a><\/p>\n<p><a href=\"https:\/\/serveiseducatius.xtec.cat\/sarria-santgervasi\/wp-content\/uploads\/usu1168\/2023\/06\/PRIMA\u0300RIA-2.png\"><img loading=\"lazy\" decoding=\"async\" class=\" wp-image-13861 alignleft\" src=\"https:\/\/serveiseducatius.xtec.cat\/sarria-santgervasi\/wp-content\/uploads\/usu1168\/2023\/06\/PRIMA\u0300RIA-2.png\" alt=\"\" width=\"397\" height=\"223\" srcset=\"https:\/\/serveiseducatius.xtec.cat\/sarria-santgervasi\/wp-content\/uploads\/usu1168\/2023\/06\/PRIMA\u0300RIA-2.png 1280w, https:\/\/serveiseducatius.xtec.cat\/sarria-santgervasi\/wp-content\/uploads\/usu1168\/2023\/06\/PRIMA\u0300RIA-2-300x169.png 300w, https:\/\/serveiseducatius.xtec.cat\/sarria-santgervasi\/wp-content\/uploads\/usu1168\/2023\/06\/PRIMA\u0300RIA-2-1024x576.png 1024w, https:\/\/serveiseducatius.xtec.cat\/sarria-santgervasi\/wp-content\/uploads\/usu1168\/2023\/06\/PRIMA\u0300RIA-2-768x432.png 768w\" sizes=\"auto, (max-width: 397px) 100vw, 397px\" \/><\/a><\/p>\n","protected":false},"excerpt":{"rendered":"<p>Us presentem el recull d&#8217;espais i recursos d&#8217;inter\u00e8s per al nou curr\u00edculum: P\u00e0gina web del Departament d&#8217;Educaci\u00f3 En aquesta p\u00e0gina podreu accedir a aspectes clau i les novetats de El nou curr\u00edculum. Una oportunitat per aprendre amb sentit. Xerrades dutes a terme al districte: Etapa d&#8217;Educaci\u00f3 infantil Etapa d&#8217;Educaci\u00f3 prim\u00e0ria Etapa d&#8217;Educaci\u00f3 Secund\u00e0ria<\/p>\n","protected":false},"author":3,"featured_media":0,"parent":8819,"menu_order":1,"comment_status":"closed","ping_status":"closed","template":"page-templates\/side-menu.php","meta":{"_bbp_topic_count":0,"_bbp_reply_count":0,"_bbp_total_topic_count":0,"_bbp_total_reply_count":0,"_bbp_voice_count":0,"_bbp_anonymous_reply_count":0,"_bbp_topic_count_hidden":0,"_bbp_reply_count_hidden":0,"_bbp_forum_subforum_count":0,"site-sidebar-layout":"default","site-content-layout":"","ast-site-content-layout":"","site-content-style":"default","site-sidebar-style":"default","ast-global-header-display":"","ast-banner-title-visibility":"","ast-main-header-display":"","ast-hfb-above-header-display":"","ast-hfb-below-header-display":"","ast-hfb-mobile-header-display":"","site-post-title":"","ast-breadcrumbs-content":"","ast-featured-img":"","footer-sml-layout":"","theme-transparent-header-meta":"","adv-header-id-meta":"","stick-header-meta":"","header-above-stick-meta":"","header-main-stick-meta":"","header-below-stick-meta":"","astra-migrate-meta-layouts":"default","ast-page-background-enabled":"default","ast-page-background-meta":{"desktop":{"background-color":"var(--ast-global-color-4)","background-image":"","background-repeat":"repeat","background-position":"center center","background-size":"auto","background-attachment":"scroll","background-type":"","background-media":"","overlay-type":"","overlay-color":"","overlay-opacity":"","overlay-gradient":""},"tablet":{"background-color":"","background-image":"","background-repeat":"repeat","background-position":"center center","background-size":"auto","background-attachment":"scroll","background-type":"","background-media":"","overlay-type":"","overlay-color":"","overlay-opacity":"","overlay-gradient":""},"mobile":{"background-color":"","background-image":"","background-repeat":"repeat","background-position":"center center","background-size":"auto","background-attachment":"scroll","background-type":"","background-media":"","overlay-type":"","overlay-color":"","overlay-opacity":"","overlay-gradient":""}},"ast-content-background-meta":{"desktop":{"background-color":"var(--ast-global-color-5)","background-image":"","background-repeat":"repeat","background-position":"center center","background-size":"auto","background-attachment":"scroll","background-type":"","background-media":"","overlay-type":"","overlay-color":"","overlay-opacity":"","overlay-gradient":""},"tablet":{"background-color":"var(--ast-global-color-5)","background-image":"","background-repeat":"repeat","background-position":"center center","background-size":"auto","background-attachment":"scroll","background-type":"","background-media":"","overlay-type":"","overlay-color":"","overlay-opacity":"","overlay-gradient":""},"mobile":{"background-color":"var(--ast-global-color-5)","background-image":"","background-repeat":"repeat","background-position":"center center","background-size":"auto","background-attachment":"scroll","background-type":"","background-media":"","overlay-type":"","overlay-color":"","overlay-opacity":"","overlay-gradient":""}},"footnotes":""},"class_list":["post-14265","page","type-page","status-publish","hentry"],"post_mailing_queue_ids":[],"_links":{"self":[{"href":"https:\/\/serveiseducatius.xtec.cat\/sarria-santgervasi\/wp-json\/wp\/v2\/pages\/14265","targetHints":{"allow":["GET"]}}],"collection":[{"href":"https:\/\/serveiseducatius.xtec.cat\/sarria-santgervasi\/wp-json\/wp\/v2\/pages"}],"about":[{"href":"https:\/\/serveiseducatius.xtec.cat\/sarria-santgervasi\/wp-json\/wp\/v2\/types\/page"}],"author":[{"embeddable":true,"href":"https:\/\/serveiseducatius.xtec.cat\/sarria-santgervasi\/wp-json\/wp\/v2\/users\/3"}],"replies":[{"embeddable":true,"href":"https:\/\/serveiseducatius.xtec.cat\/sarria-santgervasi\/wp-json\/wp\/v2\/comments?post=14265"}],"version-history":[{"count":6,"href":"https:\/\/serveiseducatius.xtec.cat\/sarria-santgervasi\/wp-json\/wp\/v2\/pages\/14265\/revisions"}],"predecessor-version":[{"id":14291,"href":"https:\/\/serveiseducatius.xtec.cat\/sarria-santgervasi\/wp-json\/wp\/v2\/pages\/14265\/revisions\/14291"}],"up":[{"embeddable":true,"href":"https:\/\/serveiseducatius.xtec.cat\/sarria-santgervasi\/wp-json\/wp\/v2\/pages\/8819"}],"wp:attachment":[{"href":"https:\/\/serveiseducatius.xtec.cat\/sarria-santgervasi\/wp-json\/wp\/v2\/media?parent=14265"}],"curies":[{"name":"wp","href":"https:\/\/api.w.org\/{rel}","templated":true}]}}