{"id":14123,"date":"2024-01-10T13:48:41","date_gmt":"2024-01-10T12:48:41","guid":{"rendered":"https:\/\/serveiseducatius.xtec.cat\/sarria-santgervasi\/?page_id=14123"},"modified":"2025-04-23T09:31:17","modified_gmt":"2025-04-23T07:31:17","slug":"competencies-basiques-6e-primaria-curs-2024-2025","status":"publish","type":"page","link":"https:\/\/serveiseducatius.xtec.cat\/sarria-santgervasi\/innovacio\/competencies-basiques-i-avaluacio\/competencies-basiques-6e-primaria-curs-2024-2025\/","title":{"rendered":"Compet\u00e8ncies B\u00e0siques 6\u00e8 Prim\u00e0ria. Curs 2024-2025"},"content":{"rendered":"<h1 style=\"text-align: center;\"><a href=\"https:\/\/serveiseducatius.xtec.cat\/sarria-santgervasi\/wp-content\/uploads\/usu1168\/2024\/01\/6primaria.jpg\"><img loading=\"lazy\" decoding=\"async\" class=\"aligncenter size-full wp-image-14124\" src=\"https:\/\/serveiseducatius.xtec.cat\/sarria-santgervasi\/wp-content\/uploads\/usu1168\/2024\/01\/6primaria.jpg\" alt=\"\" width=\"400\" height=\"110\" srcset=\"https:\/\/serveiseducatius.xtec.cat\/sarria-santgervasi\/wp-content\/uploads\/usu1168\/2024\/01\/6primaria.jpg 400w, https:\/\/serveiseducatius.xtec.cat\/sarria-santgervasi\/wp-content\/uploads\/usu1168\/2024\/01\/6primaria-300x83.jpg 300w\" sizes=\"auto, (max-width: 400px) 100vw, 400px\" \/><strong><span style=\"color: #008000;\">COMISSI\u00d3 B05<\/span><\/strong><\/a><\/h1>\n<div style=\"text-align: center; position: relative; top: 10; left: 0; width: auto; height: auto; padding: 10px; margin: 10px; line-height: 1.8; border-radius: 5px; cursor: pointer; font-family: sans-serif; font-weight: 600 !important; background-color: #fdf7df; border: 1px solid #FEEC6F; color: #c9971c;\">\n<h3 style=\"text-align: center; position: relative; top: 10; left: 0; width: auto; height: auto; padding: 10px; margin: 10px; font-family: sans-serif; font-weight: 600 !important;\">\u26a0\ufe0fLes proves s&#8217;aplicaran els dies 7, 8 i 9 d&#8217;abril de 2025 \u26a0\ufe0f<\/h3>\n<p>Consulteu el calendari a: <a href=\"http:\/\/csda.gencat.cat\/ca\/arees-actuacio\/avaluacions-consell\/calendari-avaluacions\/\" target=\"_blank\" rel=\"noopener\">http:\/\/csda.gencat.cat\/ca\/arees-actuacio\/avaluacions-consell\/calendari-avaluacions\/<\/a><\/p>\n<\/div>\n<div style=\"position: relative; top: 10; left: 0; width: auto; height: auto; padding: 10px; margin: 10px; line-height: 1.8; border-radius: 5px; cursor: pointer; font-family: sans-serif; font-weight: 400; background-color: #eff; border: 1px solid #DEE; color: #3aa;\">\n<h2 style=\"text-align: center; font-weight: 600 !important; color: #3aa !important;\">Novetats<\/h2>\n<ul>\n<li>Enguany <strong>NO hi haur\u00e0 preguntes obertes <\/strong> en la compet\u00e8ncia de <strong>matem\u00e0tiques <\/strong> ni en la <strong>compet\u00e8ncia de ci\u00e8ncia <\/strong>, <strong>tecnologia i enginyeria <\/strong>. Per tant, no hi haur\u00e0 correcci\u00f3 externa i no cal indicar disponibilitat de correcci\u00f3 ni proposar correctors en aquestes compet\u00e8ncies.<\/li>\n<li>Els <strong>enunciats <\/strong> de les proves s&#8217;hauran de descarregar el mateix dia de la prova en <strong>arxiu PDF des de l&#8217;aplicatiu de les proves<\/strong>.<\/li>\n<li>Hi haur\u00e0 una <strong>mostra <\/strong> de centres que, de forma <strong>volunt\u00e0ria <\/strong>, faran <strong>la prova en format totalment digital en l\u00ednia <\/strong>. M\u00e9s endavant us informarem de la relaci\u00f3 d\u2019aquests centres. El contingut de la prova \u00e9s el mateix que la que faran els centres amb enunciats en PDF i fulls de resposta en paper.<\/li>\n<\/ul>\n<\/div>\n<hr \/>\n<h2 style=\"font-weight: bold !important; color: #355 !important;\">Informacions i documents previs a les proves<\/h2>\n<ul>\n<li><a href=\"https:\/\/drive.google.com\/file\/d\/13ZKsibUbR2qwXJRDHD8rVQmqCyFO-lMl\/view?usp=sharing\" target=\"_blank\" rel=\"noopener\"><strong>Resoluci\u00f3 EDF\/81\/2025<\/strong>, de 15 de gener, per la qual s&#8217;aproven les directrius per a la realitzaci\u00f3 de la prova d&#8217;avaluaci\u00f3 de sis\u00e8 curs de l&#8217;educaci\u00f3 prim\u00e0ria i es convoca la prova per al curs 2024-2025<\/a>.<\/li>\n<li><a href=\"https:\/\/drive.google.com\/file\/d\/1CB4T2rEQpXS9xuIjIr0OQOcIG_H6suhX\/view?usp=sharing\" target=\"_blank\" rel=\"noopener\">Document d&#8217;organitzaci\u00f3 i la gesti\u00f3 dels centres &#8211; Avaluaci\u00f3 de centre i avaluaci\u00f3 docent i directiva<\/a>.<\/li>\n<li><a href=\"http:\/\/csda.gencat.cat\/ca\/arees-actuacio\/avaluacions-consell\/\" target=\"_blank\" rel=\"noopener\">Informacions del Consell Superior d&#8217;avaluaci\u00f3<\/a>.<\/li>\n<li><a href=\"https:\/\/drive.google.com\/file\/d\/1rY09GZyr7w-aleVdB1TrrC1t_z6Yl6-m\/view?usp=sharing\" target=\"_blank\" rel=\"noopener\">Manual d\u2019usuari de l\u2019aplicaci\u00f3 inform\u00e0tica de la prova d\u2019avaluaci\u00f3 de sis\u00e8 curs d\u2019educaci\u00f3 prim\u00e0ria [Centres]<\/a>.<\/li>\n<li><a href=\"https:\/\/drive.google.com\/file\/d\/1cNvecuBt6ZEecjzUSbq8gyqzputy0Es5\/view?usp=sharing\">Manual d\u2019usuari de l\u2019aplicaci\u00f3 inform\u00e0tica de la prova d\u2019avaluaci\u00f3 de sis\u00e8 curs d\u2019educaci\u00f3 prim\u00e0ria (Impressi\u00f3 llistat control, abs\u00e8ncies i codis contingents) [Centres].<\/a><\/li>\n<li><a href=\"https:\/\/drive.google.com\/file\/d\/1hLawccXXSqQ5keCxLWFNO9KgOzP7zRtn\/view?usp=sharing\" target=\"_blank\" rel=\"noopener\">Guia d\u2019aplicaci\u00f3 de la prova i calendari d&#8217;actuacions<\/a>.<\/li>\n<li><a href=\"http:\/\/consaval.cat\/aplicadors\/\">Instruccions per a les persones aplicadores de les proves<\/a>.<\/li>\n<li><a href=\"https:\/\/docs.google.com\/presentation\/d\/e\/2PACX-1vSB9I0a5t1H6LsIg8an_uzAzjU67c16z1Re9PeTlIQurLed-hjZA39srkRE_1C7sLWMJTbo7R3Ze6SR\/pub?start=false&amp;loop=false&amp;delayms=60000\">Lliurament de les proves<\/a> (on, com i quan s&#8217;han de lliurar &#8211;<strong>distribuci\u00f3 hor\u00e0ria<\/strong>-): <strong>Dimecres 9 d&#8217;abril de 2025<\/strong><\/li>\n<li hidden=\"\">Presentaci\u00f3 de la guia d\u2019aplicaci\u00f3 de les proves. <span style=\"border: none; color: white; padding: 4px 4px; background-color: #ff9800; border-radius: 5px; font-size: 0.75em;\">Pendent de publicar<\/span><\/li>\n<li hidden=\"\">Instruccions per als aplicadors i les aplicadores en les avaluacions de final d\u2019etapa. <span style=\"border: none; color: white; padding: 4px 4px; background-color: #ff9800; border-radius: 5px; font-size: 0.75em;\">Pendent de publicar<\/span><\/li>\n<li hidden=\"\">Presentaci\u00f3 de la gesti\u00f3 de les avaluacions de final d\u2019etapa. <span style=\"border: none; color: white; padding: 4px 4px; background-color: #ff9800; border-radius: 5px; font-size: 0.75em;\">Pendent de publicar<\/span><\/li>\n<li hidden=\"\">Annex IV. Acta d\u2019aplicaci\u00f3 de les proves. <span style=\"border: none; color: white; padding: 4px 4px; background-color: #ff9800; border-radius: 5px; font-size: 0.75em;\">Pendent de publicar<\/span><\/li>\n<\/ul>\n<hr \/>\n<h2 style=\"font-weight: bold !important; color: #355 !important;\">Informacions per a la Direcci\u00f3 del centre<\/h2>\n<ul>\n<li><span style=\"color: #000000;\"><a href=\"https:\/\/docs.google.com\/document\/d\/1M6nH-GPDZExZROijQ71dbjC5oiPIliGs\/export?format=docx\">Annex: Acta d&#8217;aplicaci\u00f3<\/a>. <strong>(Descarregueu l&#8217;arxiu per tal de poder-lo editar)<\/strong><\/span><strong>.<\/strong><\/li>\n<\/ul>\n<hr \/>\n<h2 style=\"font-weight: bold !important; color: #355 !important;\">Acc\u00e9s a les proves i als criteris de correcci\u00f3<\/h2>\n<h4><strong>Web del Consell Superior d&#8217;Avaluaci\u00f3 de Catalunya &#8211; Proves Curs 2024-2025<a href=\"http:\/\/csda.gencat.cat\/ca\/arees-actuacio\/avaluacions-consell\/avaluacio-sise-primaria\/prova-2024\/proves\/\">\u00a0<\/a><\/strong><\/h4>\n<ul>\n<li><a href=\"https:\/\/drive.google.com\/drive\/folders\/1C3R6uFzHjxl2Lv6mC_lIA6cHQi9QB0Ec\">Proves: quaderns, \u00e0udios, transcripcions i fulls de resposta<\/a><\/li>\n<li><a href=\"https:\/\/drive.google.com\/drive\/folders\/122LabxMd6D9HDnGrojuGj4MCRVWlrxTc?usp=drive_link\">Els criteris de correcci\u00f3 es descarreguen des de l&#8217;aplicaci\u00f3 A6P a l&#8217;acabament de la prova.<\/a> Web del CSASE<\/li>\n<li>Enlla\u00e7 d&#8217;acc\u00e9s a l&#8217;aplicaci\u00f3 inform\u00e0tica:\u00a0<a href=\"https:\/\/aplicacions.gestioeducativa.gencat.cat\/pls\/apex\/f?p=A6P\" target=\"_blank\" rel=\"noopener\" data-saferedirecturl=\"https:\/\/www.google.com\/url?q=https:\/\/aplicacions.gestioeducativa.gencat.cat\/pls\/apex\/f?p%3DA6P&amp;source=gmail&amp;ust=1742546360992000&amp;usg=AOvVaw3IYCl5c81rHvaOrFznaoku\">https:\/\/aplicacions.<wbr \/>gestioeducativa.gencat.cat\/<wbr \/>pls\/apex\/f?p=A6P<\/a><\/li>\n<\/ul>\n<hr \/>\n<h2 style=\"font-weight: bold !important; color: #355 !important;\">Documents a emprar amb posterioritat a l&#8217;aplicaci\u00f3 de les proves<\/h2>\n<h3 style=\"font-weight: bold !important; color: #355 !important;\">Informaci\u00f3 per als correctors<\/h3>\n<ul>\n<li><a href=\"http:\/\/consaval.cat\/A6P\/2025\/A6P.2025.ManualCorrector.pdf\">Manual d&#8217;usuari de l&#8217;aplicaci\u00f3 inform\u00e0tica: Correctors\/es.<\/a><\/li>\n<li><a href=\"http:\/\/consaval.cat\/correctorsA6P\/\">Instruccions per als correctors\/es de les proves<\/a><\/li>\n<\/ul>\n<h3 style=\"font-weight: bold !important; color: #355 !important;\">Instruccions complement\u00e0ries<\/h3>\n<ul>\n<li><a href=\"https:\/\/drive.google.com\/file\/d\/1-Y52K4stUvB6kptTpkHU1RvZm0BV3Ji-\/view?usp=drive_link\">Instrucci\u00f3 complement\u00e0ria 1. Formaci\u00f3 de correctors<\/a><\/li>\n<li><a href=\"https:\/\/drive.google.com\/file\/d\/1lOkRr_VCFO0KeD_XMYxKV99xq4iiEstf\/view?usp=drive_link\">Instrucci\u00f3 complement\u00e0ria 2. Dieta per al lliurament dels fulls de resposta<\/a><\/li>\n<li>Addenda Instrucci\u00f3 n\u00famero 2<\/li>\n<li><a href=\"https:\/\/drive.google.com\/file\/d\/1KgrI9fjTEPPlDzMV7D0m1ZqeF6wsgZTa\/view?usp=drive_link\">Instrucci\u00f3 complement\u00e0ria 3 &#8211; Pagament correctors<\/a><\/li>\n<li><a href=\"https:\/\/drive.google.com\/file\/d\/1NM3I22ez2SB2U9KjeDEtmUuso245iX-t\/view?usp=drive_link\">Instrucci\u00f3 complement\u00e0ria 4. Alumnat amb discapacitat visual<\/a><\/li>\n<li><a href=\"https:\/\/drive.google.com\/file\/d\/1P2y_JipGpqaPSbgsjAYDrPgiAMgmrOv6\/view?usp=drive_link\">Instrucci\u00f3 complement\u00e0ria 5. Alumnat amb discapacitat auditiva<\/a><\/li>\n<\/ul>\n<h2 style=\"font-weight: bold !important; color: #355 !important;\">Documents informaci\u00f3 fam\u00edlies<\/h2>\n<ul>\n<li><a title=\"Descarregueu el document\" href=\"https:\/\/espai.educacio.gencat.cat\/Alumnes\/Avaluacions-censals\/Avaluacio-Sise-Primaria\/Prova-sise-primaria\/Documents\/A6P2025_Model_informe_correccio_interna.docx\" target=\"_blank\" rel=\"noopener\">Model d\u2019informe per a fam\u00edlies d\u2019alumnes: avaluats amb correcci\u00f3 interna\u200b<\/a><\/li>\n<\/ul>\n","protected":false},"excerpt":{"rendered":"<p>COMISSI\u00d3 B05 \u26a0\ufe0fLes proves s&#8217;aplicaran els dies 7, 8 i 9 d&#8217;abril de 2025 \u26a0\ufe0f Consulteu el calendari a: http:\/\/csda.gencat.cat\/ca\/arees-actuacio\/avaluacions-consell\/calendari-avaluacions\/ Novetats Enguany NO hi haur\u00e0 preguntes obertes en la compet\u00e8ncia de matem\u00e0tiques ni en la compet\u00e8ncia de ci\u00e8ncia , tecnologia i enginyeria . Per tant, no hi haur\u00e0 correcci\u00f3 externa i no cal indicar disponibilitat [&hellip;]<\/p>\n","protected":false},"author":3,"featured_media":0,"parent":9090,"menu_order":0,"comment_status":"closed","ping_status":"closed","template":"","meta":{"_bbp_topic_count":0,"_bbp_reply_count":0,"_bbp_total_topic_count":0,"_bbp_total_reply_count":0,"_bbp_voice_count":0,"_bbp_anonymous_reply_count":0,"_bbp_topic_count_hidden":0,"_bbp_reply_count_hidden":0,"_bbp_forum_subforum_count":0,"site-sidebar-layout":"default","site-content-layout":"","ast-site-content-layout":"","site-content-style":"default","site-sidebar-style":"default","ast-global-header-display":"","ast-banner-title-visibility":"","ast-main-header-display":"","ast-hfb-above-header-display":"","ast-hfb-below-header-display":"","ast-hfb-mobile-header-display":"","site-post-title":"","ast-breadcrumbs-content":"","ast-featured-img":"","footer-sml-layout":"","theme-transparent-header-meta":"","adv-header-id-meta":"","stick-header-meta":"","header-above-stick-meta":"","header-main-stick-meta":"","header-below-stick-meta":"","astra-migrate-meta-layouts":"default","ast-page-background-enabled":"default","ast-page-background-meta":{"desktop":{"background-color":"var(--ast-global-color-4)","background-image":"","background-repeat":"repeat","background-position":"center center","background-size":"auto","background-attachment":"scroll","background-type":"","background-media":"","overlay-type":"","overlay-color":"","overlay-opacity":"","overlay-gradient":""},"tablet":{"background-color":"","background-image":"","background-repeat":"repeat","background-position":"center center","background-size":"auto","background-attachment":"scroll","background-type":"","background-media":"","overlay-type":"","overlay-color":"","overlay-opacity":"","overlay-gradient":""},"mobile":{"background-color":"","background-image":"","background-repeat":"repeat","background-position":"center center","background-size":"auto","background-attachment":"scroll","background-type":"","background-media":"","overlay-type":"","overlay-color":"","overlay-opacity":"","overlay-gradient":""}},"ast-content-background-meta":{"desktop":{"background-color":"var(--ast-global-color-5)","background-image":"","background-repeat":"repeat","background-position":"center center","background-size":"auto","background-attachment":"scroll","background-type":"","background-media":"","overlay-type":"","overlay-color":"","overlay-opacity":"","overlay-gradient":""},"tablet":{"background-color":"var(--ast-global-color-5)","background-image":"","background-repeat":"repeat","background-position":"center center","background-size":"auto","background-attachment":"scroll","background-type":"","background-media":"","overlay-type":"","overlay-color":"","overlay-opacity":"","overlay-gradient":""},"mobile":{"background-color":"var(--ast-global-color-5)","background-image":"","background-repeat":"repeat","background-position":"center center","background-size":"auto","background-attachment":"scroll","background-type":"","background-media":"","overlay-type":"","overlay-color":"","overlay-opacity":"","overlay-gradient":""}},"footnotes":""},"class_list":["post-14123","page","type-page","status-publish","hentry"],"post_mailing_queue_ids":[],"_links":{"self":[{"href":"https:\/\/serveiseducatius.xtec.cat\/sarria-santgervasi\/wp-json\/wp\/v2\/pages\/14123","targetHints":{"allow":["GET"]}}],"collection":[{"href":"https:\/\/serveiseducatius.xtec.cat\/sarria-santgervasi\/wp-json\/wp\/v2\/pages"}],"about":[{"href":"https:\/\/serveiseducatius.xtec.cat\/sarria-santgervasi\/wp-json\/wp\/v2\/types\/page"}],"author":[{"embeddable":true,"href":"https:\/\/serveiseducatius.xtec.cat\/sarria-santgervasi\/wp-json\/wp\/v2\/users\/3"}],"replies":[{"embeddable":true,"href":"https:\/\/serveiseducatius.xtec.cat\/sarria-santgervasi\/wp-json\/wp\/v2\/comments?post=14123"}],"version-history":[{"count":7,"href":"https:\/\/serveiseducatius.xtec.cat\/sarria-santgervasi\/wp-json\/wp\/v2\/pages\/14123\/revisions"}],"predecessor-version":[{"id":14825,"href":"https:\/\/serveiseducatius.xtec.cat\/sarria-santgervasi\/wp-json\/wp\/v2\/pages\/14123\/revisions\/14825"}],"up":[{"embeddable":true,"href":"https:\/\/serveiseducatius.xtec.cat\/sarria-santgervasi\/wp-json\/wp\/v2\/pages\/9090"}],"wp:attachment":[{"href":"https:\/\/serveiseducatius.xtec.cat\/sarria-santgervasi\/wp-json\/wp\/v2\/media?parent=14123"}],"curies":[{"name":"wp","href":"https:\/\/api.w.org\/{rel}","templated":true}]}}